{"id":1729,"date":"2017-10-15T16:45:51","date_gmt":"2017-10-15T14:45:51","guid":{"rendered":"https:\/\/reeltech.sk\/termovizne-meranie\/"},"modified":"2017-10-15T16:45:51","modified_gmt":"2017-10-15T14:45:51","slug":"termovizne-meranie","status":"publish","type":"page","link":"https:\/\/reeltech.sk\/sv\/termovizne-meranie\/","title":{"rendered":"Termov\u00edzne meranie"},"content":{"rendered":"<p><img decoding=\"async\" class=\"alignleft size-full wp-image-1727\" src=\"https:\/\/reeltech.sk\/wp-content\/uploads\/2017\/10\/images_thermal-imaging-camera-flir-ebx-use.jpg\" alt=\"Termov\u00edzne meranie\" width=\"171\" height=\"171\" style=\"float: left; margin: 10px;\" srcset=\"https:\/\/reeltech.sk\/wp-content\/uploads\/2017\/10\/images_thermal-imaging-camera-flir-ebx-use.jpg 250w, https:\/\/reeltech.sk\/wp-content\/uploads\/2017\/10\/images_thermal-imaging-camera-flir-ebx-use-150x150.jpg 150w, https:\/\/reeltech.sk\/wp-content\/uploads\/2017\/10\/images_thermal-imaging-camera-flir-ebx-use-100x100.jpg 100w\" sizes=\"(max-width: 171px) 100vw, 171px\" \/><\/p>\n<h1 class=\"MsoNormal\" style=\"margin-bottom: .0001pt; line-height: normal; mso-layout-grid-align: none; text-autospace: none;\"><span style=\"font-size: 10.0pt; mso-bidi-font-family: TimesNewRomanPSMT; color: #404040; mso-themecolor: text1; mso-themetint: 191;\">Termov\u00edzne meranie technick\u00fdch zariaden\u00ed je spo\u013eahliv\u00fd sp\u00f4sob na zistenie por\u00fach na zariadeniach. Termov\u00edziu je mo\u017en\u00e9 pou\u017ei\u0165 takmer na v\u0161etky druhy technick\u00fdch zariaden\u00ed po\u010das ich prev\u00e1dzky, ako napr\u00edklad elektroin\u0161tal\u00e1cie, rozv\u00e1dza\u010de, to\u010div\u00e9 a neto\u010div\u00e9 stroje, induk\u010dn\u00e9 zariadenia, vzduchotechniku, ohrievaciu a chladiacu techniku.<\/span><\/h1>\n<p>Pomocou termov\u00edznej kamery a termov\u00edzneho sn\u00edmkovania sa n\u00e1m podarilo odhali\u0165 viacero v\u00e1\u017enych nedostatkov, ktor\u00e9 by ohrozili cel\u00fd chod priemyseln\u00fdch zariaden\u00ed a chod verejn\u00e9ho priestoru. Kontrola ne\u017eiad\u00faceho prehrievania a ne\u017eiad\u00facich \u00fanikov je d\u00f4le\u017eit\u00e1 pri v\u0161etk\u00fdch technick\u00fdch zariadenich, a to nielen z h\u013eadiska bezpe\u010dnosti, ale aj celkov\u00e9ho technick\u00e9ho stavu zariadenia a jeho prev\u00e1dzky.<\/p>\n<h6>&nbsp;<\/h6>\n<p>&nbsp;<\/p>\n<h2><strong>Poskytovan\u00e9 slu\u017eby<\/strong> :<\/h2>\n<ul>\n<li>Termov\u00edzia elektroin\u0161tal\u00e1cie a rozv\u00e1dza\u010dov v priemyselnom a dom\u00e1com prostred\u00ed<\/li>\n<li>Termov\u00edzia strojov, motorov, zariaden\u00ed<\/li>\n<li>Termov\u00edzia budov, bytov, bytov\u00fdch domov a rodinn\u00fdch domov<\/li>\n<li>Ostatn\u00e9 slu\u017eby pod\u013ea z\u00e1ujmu<\/li>\n<\/ul>\n<h4><span style=\"font-size: 10.0pt; mso-bidi-font-family: TimesNewRomanPSMT; color: #404040; mso-themecolor: text1; mso-themetint: 191;\"> <\/span><strong>Pre\u010do je termov\u00edzne meranie tak d\u00f4le\u017eit\u00e9?<\/strong><\/h4>\n<ul>\n<li class=\"MsoNormal\" style=\"margin-bottom: .0001pt; text-indent: 35.4pt; line-height: normal; mso-layout-grid-align: none; text-autospace: none;\"><span style=\"font-size: 10.0pt; mso-bidi-font-family: TimesNewRomanPSMT; color: #404040; mso-themecolor: text1; mso-themetint: 191;\">Odhal\u00ed skryt\u00e9 \u00faniky tepla a ne\u017eiad\u00face prehrievanie<\/span><\/li>\n<li class=\"MsoNormal\" style=\"margin-bottom: .0001pt; text-indent: 35.4pt; line-height: normal; mso-layout-grid-align: none; text-autospace: none;\"><span style=\"font-size: 10.0pt; mso-bidi-font-family: TimesNewRomanPSMT; color: #404040; mso-themecolor: text1; mso-themetint: 191;\">Motory a to\u010div\u00e9 stroje je mo\u017en\u00e9 kontrolova\u0165 po\u010das prev\u00e1dzky<\/span><\/li>\n<li class=\"MsoNormal\" style=\"margin-bottom: .0001pt; text-indent: 35.4pt; line-height: normal; mso-layout-grid-align: none; text-autospace: none;\"><span style=\"font-size: 10.0pt; mso-bidi-font-family: TimesNewRomanPSMT; color: #404040; mso-themecolor: text1; mso-themetint: 191;\">Kontrola technick\u00fdch dopravn\u00edkov a ich s\u00fa\u010dast\u00ed.<\/span><\/li>\n<li class=\"MsoNormal\" style=\"margin-bottom: .0001pt; text-indent: 35.4pt; line-height: normal; mso-layout-grid-align: none; text-autospace: none;\"><span style=\"font-size: 10.0pt; mso-bidi-font-family: TimesNewRomanPSMT; color: #404040; mso-themecolor: text1; mso-themetint: 191;\">A \u010fal\u0161ie.<\/span><\/li>\n<\/ul>\n<p class=\"MsoNormal\" style=\"margin-bottom: .0001pt; line-height: normal; mso-layout-grid-align: none; text-autospace: none;\"><span style=\"font-size: 10.0pt; mso-bidi-font-family: TimesNewRomanPSMT; color: #404040; mso-themecolor: text1; mso-themetint: 191;\"> <\/span> Termov\u00edzia rozv\u00e1dza\u010dov a elektroin\u0161tal\u00e1cie dok\u00e1\u017ee v\u010das odhali\u0165 v\u00e1\u017ene poruchy, ktor\u00e9 nie je mo\u017en\u00e9 vidie\u0165 vo\u013en\u00fdm okom a pred\u00eds\u0165 tak v\u00e1\u017enym poruch\u00e1m a po\u017eiaru.<\/p>\n<p class=\"MsoNormal\" style=\"margin-bottom: .0001pt; line-height: normal; mso-layout-grid-align: none; text-autospace: none;\">&nbsp;<\/p>\n<p class=\"MsoNormal\" style=\"margin-bottom: .0001pt; line-height: normal; mso-layout-grid-align: none; text-autospace: none;\">&nbsp;<\/p>\n<p class=\"MsoNormal\" style=\"margin-bottom: .0001pt; line-height: normal; mso-layout-grid-align: none; text-autospace: none;\">&nbsp;<\/p>\n<p class=\"MsoNormal\" style=\"text-align: center;\" align=\"center\"><img decoding=\"async\" class=\"alignleft size-full wp-image-1728\" src=\"https:\/\/reeltech.sk\/wp-content\/uploads\/2017\/10\/images_thermo.jpg\" alt=\"Thermov\u00edzia elektro a budov\" width=\"175\" height=\"137\" align=\"left\" hspace=\"12\" \/><\/p>\n<h1 class=\"MsoNormal\">Termov\u00edzne meranie v praxi<\/h1>\n<p class=\"MsoNormal\">Vyu\u017e\u00edvanie termov\u00edznych kamier je na Slovensku pomerne zriedkav\u00e9. Ve\u013ea sa o nich hovor\u00ed, no len m\u00e1lo firiem a \u013eud\u00ed vyu\u017e\u00edva ich potenci\u00e1l. Dostupn\u00e9 termo kamery (thermov\u00edzia) n\u00e1jdu vyu\u017eitie v mnoh\u00fdch odboroch, od stavebn\u00edctva, cez priemysel, a\u017e po in\u0161tal\u00e1cie. My vyu\u017e\u00edvame termo kamery v elektroin\u0161tal\u00e1ci\u00e1ch, rozv\u00e1dza\u010doch, stavebn\u00edctve a po\u010das kontrol a rev\u00edzi\u00e1ch elektrick\u00fdch zariaden\u00ed, kde dok\u00e1\u017eu identifikova\u0165 chybu, ktor\u00fa vo\u013en\u00fdm okom nevidie\u0165 a inak by nebola zistite\u013en\u00e1. Termov\u00edzia tak efekt\u00edvne zabra\u0148uje v\u00e4\u010d\u0161ej poruche. <a href=\"\/sv\/termovizne-meranie-v-praxi\/\">Viac o termov\u00edznom meran\u00ed v praxi &gt;&gt;&gt;<\/a><\/p>\n<p class=\"MsoNormal\">&nbsp;<\/p>\n<p>&nbsp;<\/p>\n<p>&nbsp;<\/p>\n<h6 class=\"MsoNormal\" style=\"margin-bottom: .0001pt; line-height: normal; mso-layout-grid-align: none; text-autospace: none;\">Na\u0161i z\u00e1kazn\u00edci naj\u010dastej\u0161ie h\u013eadaj\u00fa : <span style=\"line-height: normal;\">termov\u00edzia rozv\u00e1dza\u010dov , <\/span>termov\u00edzia elektro , termov\u00edzia Bansk\u00e1 Bystrica , termov\u00edzia Zvolen , termov\u00edzia Detva , termov\u00edzia , termov\u00edzna kamera , termov\u00edzia domu , termov\u00edzia elektro , Termov\u00edzia Zvolen , Termov\u00edzia Detva ,Termov\u00edzia Bansk\u00e1 Bystrica , Termov\u00edzia Bratislava ,Termov\u00edzia Slovensk\u00e1 Republika<\/h6>\n<p><a href=\"https:\/\/plus.google.com\/+ReeltechSk\" rel=\"publisher noopener\" target=\"_blank\">ReelTech na Google+<\/a><\/p>","protected":false},"excerpt":{"rendered":"Termov\u00edzne meranie technick\u00fdch zariaden\u00ed je spo\u013eahliv\u00fd sp\u00f4sob na zistenie por\u00fach na zariadeniach. Termov\u00edziu je mo\u017en\u00e9 pou\u017ei\u0165 takmer na v\u0161etky druhy technick\u00fdch zariaden\u00ed po\u010das ich prev\u00e1dzky, ako napr\u00edklad elektroin\u0161tal\u00e1cie, rozv\u00e1dza\u010de, to\u010div\u00e9 a neto\u010div\u00e9 stroje, induk\u010dn\u00e9 zariadenia, vzduchotechniku, ohrievaciu a chladiacu techniku. Pomocou termov\u00edznej kamery a termov\u00edzneho sn\u00edmkovania sa n\u00e1m podarilo odhali\u0165 viacero v\u00e1\u017enych nedostatkov, ktor\u00e9 by&#8230;","protected":false},"author":1,"featured_media":1727,"parent":0,"menu_order":6,"comment_status":"closed","ping_status":"closed","template":"","meta":{"footnotes":""},"class_list":["post-1729","page","type-page","status-publish","has-post-thumbnail","hentry"],"_links":{"self":[{"href":"https:\/\/reeltech.sk\/sv\/wp-json\/wp\/v2\/pages\/1729","targetHints":{"allow":["GET"]}}],"collection":[{"href":"https:\/\/reeltech.sk\/sv\/wp-json\/wp\/v2\/pages"}],"about":[{"href":"https:\/\/reeltech.sk\/sv\/wp-json\/wp\/v2\/types\/page"}],"author":[{"embeddable":true,"href":"https:\/\/reeltech.sk\/sv\/wp-json\/wp\/v2\/users\/1"}],"replies":[{"embeddable":true,"href":"https:\/\/reeltech.sk\/sv\/wp-json\/wp\/v2\/comments?post=1729"}],"version-history":[{"count":0,"href":"https:\/\/reeltech.sk\/sv\/wp-json\/wp\/v2\/pages\/1729\/revisions"}],"wp:featuredmedia":[{"embeddable":true,"href":"https:\/\/reeltech.sk\/sv\/wp-json\/wp\/v2\/media\/1727"}],"wp:attachment":[{"href":"https:\/\/reeltech.sk\/sv\/wp-json\/wp\/v2\/media?parent=1729"}],"curies":[{"name":"wp","href":"https:\/\/api.w.org\/{rel}","templated":true}]}}