{"id":1739,"date":"2018-01-15T21:18:37","date_gmt":"2018-01-15T20:18:37","guid":{"rendered":"https:\/\/reeltech.sk\/revizia-verejneho-osvetlenia\/"},"modified":"2023-10-19T17:37:45","modified_gmt":"2023-10-19T15:37:45","slug":"revizia-verejneho-osvetlenia","status":"publish","type":"page","link":"https:\/\/reeltech.sk\/nb\/revizia-verejneho-osvetlenia\/","title":{"rendered":"Rev\u00edzia Verejn\u00e9ho osvetlenia"},"content":{"rendered":"<div data-elementor-type=\"wp-page\" data-elementor-id=\"1739\" class=\"elementor elementor-1739\">\n\t\t\t\t\t\t<section class=\"elementor-section elementor-top-section elementor-element elementor-element-6f4a340 elementor-section-boxed elementor-section-height-default elementor-section-height-default\" data-id=\"6f4a340\" data-element_type=\"section\">\n\t\t\t\t\t\t<div class=\"elementor-container elementor-column-gap-default\">\n\t\t\t\t\t<div class=\"elementor-column elementor-col-100 elementor-top-column elementor-element elementor-element-7b3c2c5\" data-id=\"7b3c2c5\" data-element_type=\"column\">\n\t\t\t<div class=\"elementor-widget-wrap elementor-element-populated\">\n\t\t\t\t\t\t<div class=\"elementor-element elementor-element-d7c13e6 elementor-widget elementor-widget-vt-windfall_section_title\" data-id=\"d7c13e6\" data-element_type=\"widget\" data-widget_type=\"vt-windfall_section_title.default\">\n\t\t\t\t<div class=\"elementor-widget-container\">\n\t\t\t<div class=\"section-title-wrap  wndfal-sectTitleElementor\"><h2 class=\"section-title\">Rev\u00edzia Verejn\u00e9ho Osvetlenia<\/h2><\/div>\t\t<\/div>\n\t\t\t\t<\/div>\n\t\t\t\t<section class=\"elementor-section elementor-inner-section elementor-element elementor-element-1bac209 elementor-section-boxed elementor-section-height-default elementor-section-height-default\" data-id=\"1bac209\" data-element_type=\"section\">\n\t\t\t\t\t\t<div class=\"elementor-container elementor-column-gap-default\">\n\t\t\t\t\t<div class=\"elementor-column elementor-col-50 elementor-inner-column elementor-element elementor-element-b1c32da\" data-id=\"b1c32da\" data-element_type=\"column\">\n\t\t\t<div class=\"elementor-widget-wrap elementor-element-populated\">\n\t\t\t\t\t\t<div class=\"elementor-element elementor-element-52700d5 elementor-widget elementor-widget-image\" data-id=\"52700d5\" data-element_type=\"widget\" data-widget_type=\"image.default\">\n\t\t\t\t<div class=\"elementor-widget-container\">\n\t\t\t\t\t\t\t\t\t\t\t\t\t<img fetchpriority=\"high\" decoding=\"async\" width=\"640\" height=\"480\" src=\"https:\/\/reeltech.sk\/wp-content\/uploads\/2023\/10\/lamp-930196_640.jpg\" class=\"attachment-large size-large wp-image-2486\" alt=\"lamp\" srcset=\"https:\/\/reeltech.sk\/wp-content\/uploads\/2023\/10\/lamp-930196_640.jpg 640w, https:\/\/reeltech.sk\/wp-content\/uploads\/2023\/10\/lamp-930196_640-300x225.jpg 300w, https:\/\/reeltech.sk\/wp-content\/uploads\/2023\/10\/lamp-930196_640-600x450.jpg 600w\" sizes=\"(max-width: 640px) 100vw, 640px\" \/>\t\t\t\t\t\t\t\t\t\t\t\t\t<\/div>\n\t\t\t\t<\/div>\n\t\t\t\t\t<\/div>\n\t\t<\/div>\n\t\t\t\t<div class=\"elementor-column elementor-col-50 elementor-inner-column elementor-element elementor-element-0b98acf\" data-id=\"0b98acf\" data-element_type=\"column\">\n\t\t\t<div class=\"elementor-widget-wrap elementor-element-populated\">\n\t\t\t\t\t\t<div class=\"elementor-element elementor-element-94aa143 elementor-widget elementor-widget-text-editor\" data-id=\"94aa143\" data-element_type=\"widget\" data-widget_type=\"text-editor.default\">\n\t\t\t\t<div class=\"elementor-widget-container\">\n\t\t\t\t\t\t\t<p>Verejn\u00e9 osvetlenie je k\u013e\u00fa\u010dov\u00fdm prvkom ka\u017ed\u00e9ho mesta a komunity. Poskytuje bezpe\u010dnos\u0165, komfort a atmosf\u00e9ru pre ob\u010danov a n\u00e1v\u0161tevn\u00edkov. Av\u0161ak, ak nie je spr\u00e1vne udr\u017eiavan\u00e9 a rev\u00edzovan\u00e9, m\u00f4\u017ee doch\u00e1dza\u0165 k probl\u00e9mom, ako je zv\u00fd\u0161en\u00e1 spotreba energie, vy\u0161\u0161ie n\u00e1klady na \u00fadr\u017ebu a ni\u017e\u0161ia bezpe\u010dnos\u0165 verejn\u00fdch priestranstiev.<\/p><p>Na\u0161a spolo\u010dnos\u0165 je tu, aby v\u00e1m poskytla spo\u013eahliv\u00e9 a profesion\u00e1lne slu\u017eby v oblasti rev\u00edzie verejn\u00e9ho osvetlenia. Sme tu na to, aby sme zabezpe\u010dili, \u017ee va\u0161e verejn\u00e9 osvetlenie je v najlep\u0161om stave a plne funk\u010dn\u00e9.<\/p>\t\t\t\t\t\t<\/div>\n\t\t\t\t<\/div>\n\t\t\t\t\t<\/div>\n\t\t<\/div>\n\t\t\t\t\t<\/div>\n\t\t<\/section>\n\t\t\t\t<div class=\"elementor-element elementor-element-37b54cd elementor-widget elementor-widget-spacer\" data-id=\"37b54cd\" data-element_type=\"widget\" data-widget_type=\"spacer.default\">\n\t\t\t\t<div class=\"elementor-widget-container\">\n\t\t\t\t\t<div class=\"elementor-spacer\">\n\t\t\t<div class=\"elementor-spacer-inner\"><\/div>\n\t\t<\/div>\n\t\t\t\t<\/div>\n\t\t\t\t<\/div>\n\t\t\t\t\t<\/div>\n\t\t<\/div>\n\t\t\t\t\t<\/div>\n\t\t<\/section>\n\t\t\t\t<section class=\"elementor-section elementor-top-section elementor-element elementor-element-d6708a0 elementor-section-boxed elementor-section-height-default elementor-section-height-default\" data-id=\"d6708a0\" data-element_type=\"section\">\n\t\t\t\t\t\t<div class=\"elementor-container elementor-column-gap-default\">\n\t\t\t\t\t<div class=\"elementor-column elementor-col-100 elementor-top-column elementor-element elementor-element-cda44d1\" data-id=\"cda44d1\" data-element_type=\"column\">\n\t\t\t<div class=\"elementor-widget-wrap elementor-element-populated\">\n\t\t\t\t\t\t<div class=\"elementor-element elementor-element-0a6a714 elementor-widget elementor-widget-heading\" data-id=\"0a6a714\" data-element_type=\"widget\" data-widget_type=\"heading.default\">\n\t\t\t\t<div class=\"elementor-widget-container\">\n\t\t\t<h2 class=\"elementor-heading-title elementor-size-default\">Na\u0161e slu\u017eby:<\/h2>\t\t<\/div>\n\t\t\t\t<\/div>\n\t\t\t\t\t<\/div>\n\t\t<\/div>\n\t\t\t\t\t<\/div>\n\t\t<\/section>\n\t\t\t\t<section class=\"elementor-section elementor-top-section elementor-element elementor-element-ab5ca12 elementor-section-boxed elementor-section-height-default elementor-section-height-default\" data-id=\"ab5ca12\" data-element_type=\"section\">\n\t\t\t\t\t\t<div class=\"elementor-container elementor-column-gap-default\">\n\t\t\t\t\t<div class=\"elementor-column elementor-col-50 elementor-top-column elementor-element elementor-element-ea078ad\" data-id=\"ea078ad\" data-element_type=\"column\">\n\t\t\t<div class=\"elementor-widget-wrap elementor-element-populated\">\n\t\t\t\t\t\t<div class=\"elementor-element elementor-element-9e8c7ad elementor-widget elementor-widget-heading\" data-id=\"9e8c7ad\" data-element_type=\"widget\" data-widget_type=\"heading.default\">\n\t\t\t\t<div class=\"elementor-widget-container\">\n\t\t\t<h3 class=\"elementor-heading-title elementor-size-default\">1. Rev\u00edzia A Diagnostika<\/h3>\t\t<\/div>\n\t\t\t\t<\/div>\n\t\t\t\t<div class=\"elementor-element elementor-element-ca5afdb elementor-widget elementor-widget-vt-windfall_list\" data-id=\"ca5afdb\" data-element_type=\"widget\" data-widget_type=\"vt-windfall_list.default\">\n\t\t\t\t<div class=\"elementor-widget-container\">\n\t\t\t<ul class=\"bullet-list\"><li>Profesion\u00e1lna rev\u00edzia verejn\u00e9ho osvetlenia<\/li><li>Identifik\u00e1cia a odstr\u00e1nenie por\u00fach<\/li><li>V\u00fdmenn\u00e9 pl\u00e1ny na \u017eiarivky a LED svietidl\u00e1<\/li><\/ul>\t\t<\/div>\n\t\t\t\t<\/div>\n\t\t\t\t<div class=\"elementor-element elementor-element-6e20958 elementor-widget elementor-widget-heading\" data-id=\"6e20958\" data-element_type=\"widget\" data-widget_type=\"heading.default\">\n\t\t\t\t<div class=\"elementor-widget-container\">\n\t\t\t<h3 class=\"elementor-heading-title elementor-size-default\">2. \u00dadr\u017eba A Opravy<\/h3>\t\t<\/div>\n\t\t\t\t<\/div>\n\t\t\t\t<div class=\"elementor-element elementor-element-3f185a6 elementor-widget elementor-widget-vt-windfall_list\" data-id=\"3f185a6\" data-element_type=\"widget\" data-widget_type=\"vt-windfall_list.default\">\n\t\t\t\t<div class=\"elementor-widget-container\">\n\t\t\t<ul class=\"bullet-list\"><li>Pravideln\u00e1 \u00fadr\u017eba a servis<\/li><li>R\u00fdchle a efekt\u00edvne opravy<\/li><li>N\u00e1hradn\u00e9 diely a svietidl\u00e1<\/li><\/ul>\t\t<\/div>\n\t\t\t\t<\/div>\n\t\t\t\t\t<\/div>\n\t\t<\/div>\n\t\t\t\t<div class=\"elementor-column elementor-col-50 elementor-top-column elementor-element elementor-element-3ffe363\" data-id=\"3ffe363\" data-element_type=\"column\">\n\t\t\t<div class=\"elementor-widget-wrap elementor-element-populated\">\n\t\t\t\t\t\t<div class=\"elementor-element elementor-element-6bb7a44 elementor-widget elementor-widget-heading\" data-id=\"6bb7a44\" data-element_type=\"widget\" data-widget_type=\"heading.default\">\n\t\t\t\t<div class=\"elementor-widget-container\">\n\t\t\t<h3 class=\"elementor-heading-title elementor-size-default\">3. Moderniz\u00e1cia Na LED Osvetlenie<\/h3>\t\t<\/div>\n\t\t\t\t<\/div>\n\t\t\t\t<div class=\"elementor-element elementor-element-17755bf elementor-widget elementor-widget-vt-windfall_list\" data-id=\"17755bf\" data-element_type=\"widget\" data-widget_type=\"vt-windfall_list.default\">\n\t\t\t\t<div class=\"elementor-widget-container\">\n\t\t\t<ul class=\"bullet-list\"><li>Aktualiz\u00e1cia na energeticky \u00faspornej\u0161ie LED svietidl\u00e1<\/li><li>Pomoc s v\u00fdberom optim\u00e1lnych osvet\u013eovac\u00edch rie\u0161en\u00ed<\/li><li>N\u00e1vratnos\u0165 invest\u00edcie v LED osvetlen\u00ed<\/li><\/ul>\t\t<\/div>\n\t\t\t\t<\/div>\n\t\t\t\t<div class=\"elementor-element elementor-element-2ea8cea elementor-widget elementor-widget-heading\" data-id=\"2ea8cea\" data-element_type=\"widget\" data-widget_type=\"heading.default\">\n\t\t\t\t<div class=\"elementor-widget-container\">\n\t\t\t<h3 class=\"elementor-heading-title elementor-size-default\">4. Energetick\u00e1 Efekt\u00edvnos\u0165<\/h3>\t\t<\/div>\n\t\t\t\t<\/div>\n\t\t\t\t<div class=\"elementor-element elementor-element-eb52a93 elementor-widget elementor-widget-vt-windfall_list\" data-id=\"eb52a93\" data-element_type=\"widget\" data-widget_type=\"vt-windfall_list.default\">\n\t\t\t\t<div class=\"elementor-widget-container\">\n\t\t\t<ul class=\"bullet-list\"><li>Pos\u00fadenie a optimaliz\u00e1cia energetick\u00e9ho vyu\u017eitia<\/li><li>Sn\u00ed\u017eenie n\u00e1kladov na elektrick\u00fa energiu<\/li><li>Ekologicky priazniv\u00e9 osvetlenie<\/li><\/ul>\t\t<\/div>\n\t\t\t\t<\/div>\n\t\t\t\t\t<\/div>\n\t\t<\/div>\n\t\t\t\t\t<\/div>\n\t\t<\/section>\n\t\t\t\t<section class=\"elementor-section elementor-top-section elementor-element elementor-element-3166c0d elementor-section-boxed elementor-section-height-default elementor-section-height-default\" data-id=\"3166c0d\" data-element_type=\"section\">\n\t\t\t\t\t\t<div class=\"elementor-container elementor-column-gap-default\">\n\t\t\t\t\t<div class=\"elementor-column elementor-col-100 elementor-top-column elementor-element elementor-element-77a6c52\" data-id=\"77a6c52\" data-element_type=\"column\">\n\t\t\t<div class=\"elementor-widget-wrap elementor-element-populated\">\n\t\t\t\t\t\t<div class=\"elementor-element elementor-element-5def694 elementor-widget elementor-widget-spacer\" data-id=\"5def694\" data-element_type=\"widget\" data-widget_type=\"spacer.default\">\n\t\t\t\t<div class=\"elementor-widget-container\">\n\t\t\t\t\t<div class=\"elementor-spacer\">\n\t\t\t<div class=\"elementor-spacer-inner\"><\/div>\n\t\t<\/div>\n\t\t\t\t<\/div>\n\t\t\t\t<\/div>\n\t\t\t\t<div class=\"elementor-element elementor-element-b4cc3f8 elementor-widget elementor-widget-heading\" data-id=\"b4cc3f8\" data-element_type=\"widget\" data-widget_type=\"heading.default\">\n\t\t\t\t<div class=\"elementor-widget-container\">\n\t\t\t<h2 class=\"elementor-heading-title elementor-size-default\"><span>Pre\u010do Si Vybra\u0165 N\u00e1s?<\/span><\/h2>\t\t<\/div>\n\t\t\t\t<\/div>\n\t\t\t\t<div class=\"elementor-element elementor-element-d5ecc73 elementor-widget elementor-widget-text-editor\" data-id=\"d5ecc73\" data-element_type=\"widget\" data-widget_type=\"text-editor.default\">\n\t\t\t\t<div class=\"elementor-widget-container\">\n\t\t\t\t\t\t\t<ol><li><p><strong>Profesion\u00e1lni Odborn\u00edci<\/strong>: Na\u0161i technici s\u00fa sk\u00fasen\u00ed a \u0161pecializovan\u00ed na rev\u00edziu verejn\u00e9ho osvetlenia.<\/p><\/li><li><p><strong>Modern\u00e9 Technol\u00f3gie<\/strong>: Pou\u017e\u00edvame najnov\u0161ie technol\u00f3gie a n\u00e1stroje na diagnostiku a opravy osvetlenia.<\/p><\/li><li><p><strong>Zameranie na Z\u00e1kazn\u00edka<\/strong>: Va\u0161e potreby s\u00fa pre n\u00e1s na prvom mieste. Sme tu, aby sme v\u00e1m poskytli presne to, \u010do potrebujete.<\/p><\/li><li><p><strong>Energetick\u00e1 \u00daspora<\/strong>: Na\u0161a moderniz\u00e1cia na LED osvetlenie v\u00e1m m\u00f4\u017ee pom\u00f4c\u0165 u\u0161etri\u0165 na n\u00e1kladoch na elektrick\u00fa energiu.<\/p><\/li><\/ol>\t\t\t\t\t\t<\/div>\n\t\t\t\t<\/div>\n\t\t\t\t<div class=\"elementor-element elementor-element-e003338 elementor-widget elementor-widget-spacer\" data-id=\"e003338\" data-element_type=\"widget\" data-widget_type=\"spacer.default\">\n\t\t\t\t<div class=\"elementor-widget-container\">\n\t\t\t\t\t<div class=\"elementor-spacer\">\n\t\t\t<div class=\"elementor-spacer-inner\"><\/div>\n\t\t<\/div>\n\t\t\t\t<\/div>\n\t\t\t\t<\/div>\n\t\t\t\t\t<\/div>\n\t\t<\/div>\n\t\t\t\t\t<\/div>\n\t\t<\/section>\n\t\t\t\t<section class=\"elementor-section elementor-top-section elementor-element elementor-element-3a65a30 elementor-section-boxed elementor-section-height-default elementor-section-height-default\" data-id=\"3a65a30\" data-element_type=\"section\">\n\t\t\t\t\t\t<div class=\"elementor-container elementor-column-gap-default\">\n\t\t\t\t\t<div class=\"elementor-column elementor-col-100 elementor-top-column elementor-element elementor-element-e3de96f\" data-id=\"e3de96f\" data-element_type=\"column\">\n\t\t\t<div class=\"elementor-widget-wrap elementor-element-populated\">\n\t\t\t\t\t\t<div class=\"elementor-element elementor-element-3887838 elementor-widget elementor-widget-text-editor\" data-id=\"3887838\" data-element_type=\"widget\" data-widget_type=\"text-editor.default\">\n\t\t\t\t<div class=\"elementor-widget-container\">\n\t\t\t\t\t\t\t<div class=\"elementor-element elementor-element-4c09c6a elementor-widget elementor-widget-text-editor\" data-id=\"4c09c6a\" data-element_type=\"widget\" data-widget_type=\"text-editor.default\"><div class=\"elementor-widget-container\"><p>V pr\u00edpade ak\u00fdchko\u013evek ot\u00e1zok n\u00e1s m\u00f4\u017eete kontaktova\u0165 prostredn\u00edctvom\u00a0<a href=\"mailto:lukas.cief@gmail.com\">e-mailu<\/a>\u00a0alebo na telef\u00f3nnom \u010d\u00edsle 0901 703 235<\/p><\/div><\/div><div class=\"elementor-element elementor-element-63a2f72 elementor-widget elementor-widget-text-editor\" data-id=\"63a2f72\" data-element_type=\"widget\" data-widget_type=\"text-editor.default\"><div class=\"elementor-widget-container\"><p><a href=\"https:\/\/plus.google.com\/+ReeltechSk\" target=\"_blank\" rel=\"noopener\">ReelTech na Google+<\/a><\/p><\/div><\/div>\t\t\t\t\t\t<\/div>\n\t\t\t\t<\/div>\n\t\t\t\t\t<\/div>\n\t\t<\/div>\n\t\t\t\t\t<\/div>\n\t\t<\/section>\n\t\t\t\t<\/div>","protected":false},"excerpt":{"rendered":"Rev\u00edzia Verejn\u00e9ho Osvetlenia Verejn\u00e9 osvetlenie je k\u013e\u00fa\u010dov\u00fdm prvkom ka\u017ed\u00e9ho mesta a komunity. Poskytuje bezpe\u010dnos\u0165, komfort a atmosf\u00e9ru pre ob\u010danov a n\u00e1v\u0161tevn\u00edkov. Av\u0161ak, ak nie je spr\u00e1vne udr\u017eiavan\u00e9 a rev\u00edzovan\u00e9, m\u00f4\u017ee doch\u00e1dza\u0165 k probl\u00e9mom, ako je zv\u00fd\u0161en\u00e1 spotreba energie, vy\u0161\u0161ie n\u00e1klady na \u00fadr\u017ebu a ni\u017e\u0161ia bezpe\u010dnos\u0165 verejn\u00fdch priestranstiev. Na\u0161a spolo\u010dnos\u0165 je tu, aby v\u00e1m poskytla spo\u013eahliv\u00e9&#8230;","protected":false},"author":9,"featured_media":0,"parent":0,"menu_order":7,"comment_status":"closed","ping_status":"closed","template":"","meta":{"footnotes":""},"class_list":["post-1739","page","type-page","status-publish","hentry"],"_links":{"self":[{"href":"https:\/\/reeltech.sk\/nb\/wp-json\/wp\/v2\/pages\/1739","targetHints":{"allow":["GET"]}}],"collection":[{"href":"https:\/\/reeltech.sk\/nb\/wp-json\/wp\/v2\/pages"}],"about":[{"href":"https:\/\/reeltech.sk\/nb\/wp-json\/wp\/v2\/types\/page"}],"author":[{"embeddable":true,"href":"https:\/\/reeltech.sk\/nb\/wp-json\/wp\/v2\/users\/9"}],"replies":[{"embeddable":true,"href":"https:\/\/reeltech.sk\/nb\/wp-json\/wp\/v2\/comments?post=1739"}],"version-history":[{"count":6,"href":"https:\/\/reeltech.sk\/nb\/wp-json\/wp\/v2\/pages\/1739\/revisions"}],"predecessor-version":[{"id":2498,"href":"https:\/\/reeltech.sk\/nb\/wp-json\/wp\/v2\/pages\/1739\/revisions\/2498"}],"wp:attachment":[{"href":"https:\/\/reeltech.sk\/nb\/wp-json\/wp\/v2\/media?parent=1739"}],"curies":[{"name":"wp","href":"https:\/\/api.w.org\/{rel}","templated":true}]}}