{"id":1736,"date":"2017-10-29T08:35:28","date_gmt":"2017-10-29T07:35:28","guid":{"rendered":"https:\/\/reeltech.sk\/datove-siete-optika-ezs-cctv\/"},"modified":"2023-10-16T12:33:59","modified_gmt":"2023-10-16T10:33:59","slug":"datove-siete-optika-ezs-cctv","status":"publish","type":"page","link":"https:\/\/reeltech.sk\/it\/datove-siete-optika-ezs-cctv\/","title":{"rendered":"D\u00e1tov\u00e9 siete, Optika, EZS, CCTV"},"content":{"rendered":"<div data-elementor-type=\"wp-page\" data-elementor-id=\"1736\" class=\"elementor elementor-1736\">\n\t\t\t\t\t\t<section class=\"elementor-section elementor-top-section elementor-element elementor-element-8eb861c elementor-section-boxed elementor-section-height-default elementor-section-height-default\" data-id=\"8eb861c\" data-element_type=\"section\">\n\t\t\t\t\t\t<div class=\"elementor-container elementor-column-gap-default\">\n\t\t\t\t\t<div class=\"elementor-column elementor-col-100 elementor-top-column elementor-element elementor-element-98faad7\" data-id=\"98faad7\" data-element_type=\"column\">\n\t\t\t<div class=\"elementor-widget-wrap elementor-element-populated\">\n\t\t\t\t\t\t<div class=\"elementor-element elementor-element-7b258cb elementor-widget elementor-widget-text-editor\" data-id=\"7b258cb\" data-element_type=\"widget\" data-widget_type=\"text-editor.default\">\n\t\t\t\t<div class=\"elementor-widget-container\">\n\t\t\t\t\t\t\t<p>Pon\u00fakame V\u00e1m komplexn\u00e9 slu\u017eby v oblasti&nbsp;<span style=\"font-weight: bolder; color: rgb(51, 51, 51); font-size: 17px;\">kamerov\u00fdch a zabezpe\u010dovac\u00edch syst\u00e9mov<\/span>. Navrhujeme a in\u0161talujeme syst\u00e9my, ktor\u00e9 V\u00e1s&nbsp;<span style=\"font-weight: bolder; color: rgb(51, 51, 51); font-size: 17px;\">nepetr\u017eite chr\u00e1nia<\/span>&nbsp;a pod\u00e1vaj\u00fa inform\u00e1cie o naru\u0161en\u00ed bezpe\u010dnosti V\u00e1s a V\u00e1\u0161ho majetku. Porad\u00edme a pom\u00f4\u017eeme V\u00e1m aj v&nbsp;<span style=\"font-weight: bolder; color: rgb(51, 51, 51); font-size: 17px;\">IT oblasti<\/span>. Postar\u00e1me sa o Va\u0161e&nbsp;<span style=\"font-weight: bolder; color: rgb(51, 51, 51); font-size: 17px;\">firmen\u00e9 siete<\/span>&nbsp;a servis IT zariaden\u00ed. Medzi na\u0161e slu\u017eby patr\u00ed aj&nbsp;<span style=\"font-weight: bolder; color: rgb(51, 51, 51); font-size: 17px;\">mont\u00e1\u017e GPS monitoringu do \u00e1ut.<\/span>&nbsp;<br><\/p>\t\t\t\t\t\t<\/div>\n\t\t\t\t<\/div>\n\t\t\t\t\t<\/div>\n\t\t<\/div>\n\t\t\t\t\t<\/div>\n\t\t<\/section>\n\t\t\t\t<section class=\"elementor-section elementor-top-section elementor-element elementor-element-7955932 elementor-section-boxed elementor-section-height-default elementor-section-height-default\" data-id=\"7955932\" data-element_type=\"section\">\n\t\t\t\t\t\t<div class=\"elementor-container elementor-column-gap-default\">\n\t\t\t\t\t<div class=\"elementor-column elementor-col-100 elementor-top-column elementor-element elementor-element-affe25e\" data-id=\"affe25e\" data-element_type=\"column\">\n\t\t\t<div class=\"elementor-widget-wrap elementor-element-populated\">\n\t\t\t\t\t\t<div class=\"elementor-element elementor-element-4c38cb3 elementor-widget elementor-widget-spacer\" data-id=\"4c38cb3\" data-element_type=\"widget\" data-widget_type=\"spacer.default\">\n\t\t\t\t<div class=\"elementor-widget-container\">\n\t\t\t\t\t<div class=\"elementor-spacer\">\n\t\t\t<div class=\"elementor-spacer-inner\"><\/div>\n\t\t<\/div>\n\t\t\t\t<\/div>\n\t\t\t\t<\/div>\n\t\t\t\t\t<\/div>\n\t\t<\/div>\n\t\t\t\t\t<\/div>\n\t\t<\/section>\n\t\t\t\t<section class=\"elementor-section elementor-top-section elementor-element elementor-element-362cfa8 elementor-section-boxed elementor-section-height-default elementor-section-height-default\" data-id=\"362cfa8\" data-element_type=\"section\">\n\t\t\t\t\t\t<div class=\"elementor-container elementor-column-gap-default\">\n\t\t\t\t\t<div class=\"elementor-column elementor-col-100 elementor-top-column elementor-element elementor-element-a90bc3c\" data-id=\"a90bc3c\" data-element_type=\"column\">\n\t\t\t<div class=\"elementor-widget-wrap elementor-element-populated\">\n\t\t\t\t\t\t<div class=\"elementor-element elementor-element-6bf7952 elementor-widget elementor-widget-heading\" data-id=\"6bf7952\" data-element_type=\"widget\" data-widget_type=\"heading.default\">\n\t\t\t\t<div class=\"elementor-widget-container\">\n\t\t\t<h2 class=\"elementor-heading-title elementor-size-default\">Slu\u017eby ktor\u00e9 poskytujeme:<\/h2>\t\t<\/div>\n\t\t\t\t<\/div>\n\t\t\t\t<div class=\"elementor-element elementor-element-faf1c84 elementor-widget elementor-widget-heading\" data-id=\"faf1c84\" data-element_type=\"widget\" data-widget_type=\"heading.default\">\n\t\t\t\t<div class=\"elementor-widget-container\">\n\t\t\t<h3 class=\"elementor-heading-title elementor-size-default\">\u0160trukt\u00farovan\u00e1 Kabel\u00e1\u017e<\/h3>\t\t<\/div>\n\t\t\t\t<\/div>\n\t\t\t\t<div class=\"elementor-element elementor-element-3641f56 elementor-widget elementor-widget-text-editor\" data-id=\"3641f56\" data-element_type=\"widget\" data-widget_type=\"text-editor.default\">\n\t\t\t\t<div class=\"elementor-widget-container\">\n\t\t\t\t\t\t\t<p>\u0160trukt\u00farovan\u00e1<b> <\/b>Kabel\u00e1\u017e<b> <\/b>Je Jedn\u00fdm Zo Z\u00e1kladn\u00fdch Prvkov Elektroin\u0161tal\u00e1ci\u00ed V Novo-Postaven\u00fdch Domoch, Priemyseln\u00fdch Budov\u00e1ch \u010ci Obchodn\u00fdch Centr\u00e1ch. Je Nevyhnutn\u00e1 Pre Fungovanie Firemn\u00fdch Siet\u00ed, Kamerov\u00fdch A Zabezpe\u010dovac\u00edch Syst\u00e9mov.<\/p>\t\t\t\t\t\t<\/div>\n\t\t\t\t<\/div>\n\t\t\t\t<div class=\"elementor-element elementor-element-2aa1395 elementor-widget elementor-widget-heading\" data-id=\"2aa1395\" data-element_type=\"widget\" data-widget_type=\"heading.default\">\n\t\t\t\t<div class=\"elementor-widget-container\">\n\t\t\t<h3 class=\"elementor-heading-title elementor-size-default\">Optick\u00e9 Siete<\/h3>\t\t<\/div>\n\t\t\t\t<\/div>\n\t\t\t\t<div class=\"elementor-element elementor-element-40de38a elementor-widget elementor-widget-text-editor\" data-id=\"40de38a\" data-element_type=\"widget\" data-widget_type=\"text-editor.default\">\n\t\t\t\t<div class=\"elementor-widget-container\">\n\t\t\t\t\t\t\t<p>Vykon\u00e1vame Mont\u00e1\u017e Optick\u00fdch Siet\u00ed Spolu S Dodan\u00edm Materi\u00e1lu A Slu\u017eby Spojen\u00e9 So Zv\u00e1ran\u00edm Optick\u00fdch Vl\u00e1kien Za Priate\u013en\u00fa Cenu. Mont\u00e1\u017e K\u00e1blov Alebo Zv\u00e1ranie Optickej Siete M\u00f4\u017eete U N\u00e1s Kedyko\u013evek Dopytova\u0165.<\/p>\t\t\t\t\t\t<\/div>\n\t\t\t\t<\/div>\n\t\t\t\t<div class=\"elementor-element elementor-element-d0d4de8 elementor-widget elementor-widget-heading\" data-id=\"d0d4de8\" data-element_type=\"widget\" data-widget_type=\"heading.default\">\n\t\t\t\t<div class=\"elementor-widget-container\">\n\t\t\t<h3 class=\"elementor-heading-title elementor-size-default\">D\u00e1tov\u00e9 A Firemn\u00e9 Siete A Servis<\/h3>\t\t<\/div>\n\t\t\t\t<\/div>\n\t\t\t\t<div class=\"elementor-element elementor-element-2b6aa66 elementor-widget elementor-widget-text-editor\" data-id=\"2b6aa66\" data-element_type=\"widget\" data-widget_type=\"text-editor.default\">\n\t\t\t\t<div class=\"elementor-widget-container\">\n\t\t\t\t\t\t\t<p>Pon\u00fakame V\u00e1m Projektovanie A Spr\u00e1vu Va\u0161ej Firemnej Siete. Zabezpe\u010d\u00edme Pre V\u00e1s Spo\u013eahliv\u00fd A Bezporuchov\u00fd IT Syst\u00e9m. Postar\u00e1me Sa, Aby Va\u0161e Po\u010d\u00edta\u010de, Tla\u010diarne A In\u00fd IT Hardware Fungoval V\u017edy Spr\u00e1vne.<\/p>\t\t\t\t\t\t<\/div>\n\t\t\t\t<\/div>\n\t\t\t\t<div class=\"elementor-element elementor-element-acea1c9 elementor-widget elementor-widget-heading\" data-id=\"acea1c9\" data-element_type=\"widget\" data-widget_type=\"heading.default\">\n\t\t\t\t<div class=\"elementor-widget-container\">\n\t\t\t<h3 class=\"elementor-heading-title elementor-size-default\">GPS Monitoring \u00c1ut<\/h3>\t\t<\/div>\n\t\t\t\t<\/div>\n\t\t\t\t<div class=\"elementor-element elementor-element-735039d elementor-widget elementor-widget-text-editor\" data-id=\"735039d\" data-element_type=\"widget\" data-widget_type=\"text-editor.default\">\n\t\t\t\t<div class=\"elementor-widget-container\">\n\t\t\t\t\t\t\t<p>Sledujte Va\u0161e Vozidl\u00e1 Online, Monitorujte Spotrebu, Generujte Elektronick\u00fa Knihu J\u00e1zd, A To V\u0161etko Z Preh\u013eadn\u00e9ho Webov\u00e9ho Rozhrania Dostupn\u00e9ho Kedyko\u013evek A Kdeko\u013evek Na Va\u0161om PC Alebo V Mobile.<\/p>\t\t\t\t\t\t<\/div>\n\t\t\t\t<\/div>\n\t\t\t\t<div class=\"elementor-element elementor-element-76516a8 elementor-widget elementor-widget-heading\" data-id=\"76516a8\" data-element_type=\"widget\" data-widget_type=\"heading.default\">\n\t\t\t\t<div class=\"elementor-widget-container\">\n\t\t\t<h3 class=\"elementor-heading-title elementor-size-default\">Kamerov\u00e9 Syst\u00e9my<\/h3>\t\t<\/div>\n\t\t\t\t<\/div>\n\t\t\t\t<div class=\"elementor-element elementor-element-a3cc6e4 elementor-widget elementor-widget-text-editor\" data-id=\"a3cc6e4\" data-element_type=\"widget\" data-widget_type=\"text-editor.default\">\n\t\t\t\t<div class=\"elementor-widget-container\">\n\t\t\t\t\t\t\t<p>Navrhujeme A In\u0161talujeme Kamerov\u00e9 Syst\u00e9my Tak, Aby Sp\u013a\u0148ali V\u0161etky Po\u017eiadavky Ochrany V\u00e1s A V\u00e1\u0161ho Majetku. Zaru\u010dujeme Profesion\u00e1lne Slu\u017eby A Produkty. Naviac Vlastn\u00edme Lincenciu Na Prev\u00e1dzkovane Technickej Slu\u017eby A Star\u00e1me Sa O Va\u0161u Bezpe\u010dnos\u0165.<\/p>\t\t\t\t\t\t<\/div>\n\t\t\t\t<\/div>\n\t\t\t\t<div class=\"elementor-element elementor-element-dd9a55d elementor-widget elementor-widget-heading\" data-id=\"dd9a55d\" data-element_type=\"widget\" data-widget_type=\"heading.default\">\n\t\t\t\t<div class=\"elementor-widget-container\">\n\t\t\t<h3 class=\"elementor-heading-title elementor-size-default\">Zabezpe\u010dovacie A Kamerov\u00e9 Syst\u00e9my<\/h3>\t\t<\/div>\n\t\t\t\t<\/div>\n\t\t\t\t<div class=\"elementor-element elementor-element-9bfc857 elementor-widget elementor-widget-text-editor\" data-id=\"9bfc857\" data-element_type=\"widget\" data-widget_type=\"text-editor.default\">\n\t\t\t\t<div class=\"elementor-widget-container\">\n\t\t\t\t\t\t\t<p>Elektronick\u00e9 Zabezpe\u010dovacie Syst\u00e9my S\u00fa V Dne\u0161nej Dobe \u0160tandardnou V\u00fdbavou Budov A Priemyseln\u00fdch Are\u00e1lov. Nain\u0161talujeme V\u00e1m Kompletn\u00fd Syst\u00e9m, Ktor\u00fd V\u00e1s Bude V Pr\u00edpade Naru\u0161enia Bezpe\u010dnosti Okam\u017eite Informova\u0165.<\/p>\t\t\t\t\t\t<\/div>\n\t\t\t\t<\/div>\n\t\t\t\t\t<\/div>\n\t\t<\/div>\n\t\t\t\t\t<\/div>\n\t\t<\/section>\n\t\t\t\t<\/div>","protected":false},"excerpt":{"rendered":"Pon\u00fakame V\u00e1m komplexn\u00e9 slu\u017eby v oblasti&nbsp;kamerov\u00fdch a zabezpe\u010dovac\u00edch syst\u00e9mov. Navrhujeme a in\u0161talujeme syst\u00e9my, ktor\u00e9 V\u00e1s&nbsp;nepetr\u017eite chr\u00e1nia&nbsp;a pod\u00e1vaj\u00fa inform\u00e1cie o naru\u0161en\u00ed bezpe\u010dnosti V\u00e1s a V\u00e1\u0161ho majetku. Porad\u00edme a pom\u00f4\u017eeme V\u00e1m aj v&nbsp;IT oblasti. Postar\u00e1me sa o Va\u0161e&nbsp;firmen\u00e9 siete&nbsp;a servis IT zariaden\u00ed. Medzi na\u0161e slu\u017eby patr\u00ed aj&nbsp;mont\u00e1\u017e GPS monitoringu do \u00e1ut.&nbsp; Slu\u017eby ktor\u00e9 poskytujeme: \u0160trukt\u00farovan\u00e1 Kabel\u00e1\u017e \u0160trukt\u00farovan\u00e1&#8230;","protected":false},"author":9,"featured_media":0,"parent":0,"menu_order":10,"comment_status":"closed","ping_status":"closed","template":"","meta":{"footnotes":""},"class_list":["post-1736","page","type-page","status-publish","hentry"],"_links":{"self":[{"href":"https:\/\/reeltech.sk\/it\/wp-json\/wp\/v2\/pages\/1736","targetHints":{"allow":["GET"]}}],"collection":[{"href":"https:\/\/reeltech.sk\/it\/wp-json\/wp\/v2\/pages"}],"about":[{"href":"https:\/\/reeltech.sk\/it\/wp-json\/wp\/v2\/types\/page"}],"author":[{"embeddable":true,"href":"https:\/\/reeltech.sk\/it\/wp-json\/wp\/v2\/users\/9"}],"replies":[{"embeddable":true,"href":"https:\/\/reeltech.sk\/it\/wp-json\/wp\/v2\/comments?post=1736"}],"version-history":[{"count":0,"href":"https:\/\/reeltech.sk\/it\/wp-json\/wp\/v2\/pages\/1736\/revisions"}],"wp:attachment":[{"href":"https:\/\/reeltech.sk\/it\/wp-json\/wp\/v2\/media?parent=1736"}],"curies":[{"name":"wp","href":"https:\/\/api.w.org\/{rel}","templated":true}]}}