{"id":1771,"date":"2022-12-07T11:29:54","date_gmt":"2022-12-07T10:29:54","guid":{"rendered":"https:\/\/reeltech.sk\/servis-fotovoltickych-elektrarni\/"},"modified":"2022-12-07T11:29:54","modified_gmt":"2022-12-07T10:29:54","slug":"servis-fotovoltickych-elektrarni","status":"publish","type":"page","link":"https:\/\/reeltech.sk\/hu\/servis-fotovoltickych-elektrarni\/","title":{"rendered":"Servis, audit a kontrola fotovoltick\u00fdch elektr\u00e1rn\u00ed"},"content":{"rendered":"<p><img fetchpriority=\"high\" decoding=\"async\" class=\"size-full wp-image-1695\" src=\"https:\/\/reeltech.sk\/wp-content\/uploads\/2017\/10\/images_blog_Servis_a_udr%C5%BEba_Fotovoltiky_reeltech.jpg\" alt=\"Servis a udr\u017eba Fotovoltiky reeltech\" width=\"1202\" height=\"513\" title=\"\"><\/p>\n<p>Postavi\u0165 fotovoltaick\u00fa elektr\u00e1re\u0148 je v dne\u0161n\u00fdch \u010dasoch ve\u013emi v\u00fdhodn\u00e9&nbsp; a efekt\u00edvne rozhodnutie, av\u0161ak udr\u017ea\u0165 ju v prev\u00e1dzke pri plnom v\u00fdkone a kvalite je ove\u013ea d\u00f4le\u017eitej\u0161ie. St\u00e1va sa, \u017ee firma \u010di dom\u00e1cnos\u0165 si postav\u00ed elektr\u00e1re\u0148 na z\u00e1klade projektu s mal\u00fdmi zmenami resp. chybami, a tak sa m\u00f4\u017ee sta\u0165, \u017ee elektr\u00e1re\u0148&nbsp;postupne str\u00e1ca na v\u00fdkone alebo ju sprev\u00e1dzaj\u00fa \u010dast\u00e9 poruchy meni\u010dov, poistiek \u010di in\u00fdch komponentov.<\/p>\n<p>Na\u0161ou hlavnou n\u00e1pl\u0148ou je nielen fotovoltick\u00fa elektr\u00e1re\u0148 navrhn\u00fa\u0165 (naprojektova\u0165), ale po v\u00fdstavbe sa V\u00e1m o \u0148u aj radi postar\u00e1me.&nbsp;<\/p>\n<p>V r\u00e1mci prev\u00e1dzky a servisu V\u00e1m vieme pon\u00faknu\u0165 nasledovn\u00e9 slu\u017eby:<\/p>\n<ul>\n<li>\n<p>online monitorovanie chodu fotovoltaickej aplik\u00e1cie a mesa\u010dn\u00e9 vyhodnocovanie v\u00fdroby a v\u00fdkonnosti;<\/p>\n<\/li>\n<li>\n<p>spr\u00edstupnenie monitorovacieho softv\u00e9ru pre kone\u010dn\u00e9ho u\u017e\u00edvate\u013ea a jeho za\u0161kolenie;<\/p>\n<\/li>\n<li>\n<p>energetick\u00fa administrat\u00edvu:<\/p>\n<\/li>\n<li>\n<p>kompletn\u00e9 prevzatie v\u0161etk\u00fdch \u010dinnost\u00ed ako je periodick\u00e1 pr\u00edprava podkladov, pod\u00e1vanie \u017eiadost\u00ed a v\u00fdkazov pre v\u0161etky subjekty ako s\u00fa \u00daRSO, OKTE, Distribu\u010dn\u00e9 spolo\u010dnosti a subjekty obchoduj\u00face s elektrickou energiou;<\/p>\n<\/li>\n<li>\n<p>registr\u00e1ciu fotovoltaickej aplik\u00e1cie a kone\u010dn\u00e9ho u\u017e\u00edvate\u013ea v OKTE a pravideln\u00e9 zasielanie v\u00fdkazov do syst\u00e9mu;<\/p>\n<\/li>\n<li>\n<p>zastupovanie kone\u010dn\u00e9ho u\u017e\u00edvate\u013ea vo\u010di \u0161t\u00e1tnym in\u0161tit\u00faci\u00e1m ako je stavebn\u00fd \u00farad, coln\u00fd \u00farad at\u010f;<\/p>\n<\/li>\n<li>\n<p>hotline pohotovostn\u00fd servis 24\/7 s n\u00e1stupom odstra\u0148ovania por\u00fach do 24 hod\u00edn;<\/p>\n<\/li>\n<li>\n<p>z\u00e1ru\u010dn\u00fd servis: bezodplatne do 24 mesiacov v r\u00e1mci z\u00e1ru\u010dnej doby na cel\u00e9 dielo aj s v\u00fdmenou vadn\u00fdch zariaden\u00ed;<\/p>\n<\/li>\n<li>\n<p>prevent\u00edvnu \u00fadr\u017ebu a profylaktiku zariaden\u00ed v r\u00e1mci z\u00e1ru\u010dnej doby:<\/p>\n<\/li>\n<li>\n<p>12 mesa\u010dn\u00fa perodick\u00fa kontrolu stability podporn\u00fdch kon\u0161trukci\u00ed a uchytenia fotovoltaick\u00fdch modulov;<\/p>\n<\/li>\n<li>\n<p>12 mesa\u010dn\u00fa periodick\u00fa diagnostiku stavu fotovoltaick\u00fdch strieda\u010dov, u\u0165ahovanie spojov a svorkovn\u00edc a v\u00fdmenu vzduchov\u00fdch filtrov;<\/p>\n<\/li>\n<li>\n<p>online periodick\u00e9 sledovanie a diagnostiku stavu a chybov\u00fdch hl\u00e1sen\u00ed fotovoltaick\u00fdch strieda\u010dov.<\/p>\n<\/li>\n<li>Technick\u00fd audit u\u017e existuj\u00facich fotovoltick\u00fdch elektr\u00e1rn\u00ed, zhodnotenie technick\u00e9ho stavu, sp\u00edsanie nedostatkov, a n\u00e1vrh rie\u0161en\u00ed.&nbsp;<\/li>\n<li>Kontrola , zhodnotenie stavu a anal\u00fdza v\u00fdroby, technick\u00e9ho stavu, dodr\u017eanie bezpe\u010dnosti zariadenia.<\/li>\n<\/ul>\n<p>Mnohokr\u00e1t sa v\u0161ak stret\u00e1vame s \u013eu\u010fmi, ktor\u00ed pova\u017euj\u00fa monitoring za zbyto\u010dn\u00fd. Opak je v\u0161ak pravdou. Spr\u00e1vny typ monitoringu dok\u00e1\u017ee chybu na zariaden\u00ed identifikova\u0165 takmer okam\u017eite, \u010do umo\u017en\u00ed r\u00fdchle vyhodnotenie poruchy a n\u00e1sledn\u00fa reakciu v podobe opravy danej poruchy. Odch\u00fdlky v\u00fdkonu jednotliv\u00fdch invertorov sa \u010dasto nedaj\u00fa vyhodnoti\u0165 hne\u010f, ale v priebehu p\u00e1r dn\u00ed je technik informovan\u00fd o funk\u010dnosti jednotliv\u00fdch invertorov, pr\u00edpadne sekci\u00ed fotovoltaickej elektr\u00e1rne. Po sledovan\u00ed monitoringu a zisten\u00ed poruchy sa n\u00e1sledne m\u00f4\u017ee vykona\u0165 n\u00e1prava spr\u00e1vnym nastaven\u00edm a opravou v\u0161etk\u00fdch nedostatkov a priebeh v\u00fdkonu sa stane op\u00e4\u0165 line\u00e1rnym, bez ak\u00fdchko\u013evek v\u00fdpadkov a str\u00e1t na v\u00fdkone, Berte teda na vedomie, \u017ee odovzdan\u00edm fotovoltaickej elektr\u00e1rne sa na\u0161a spolupr\u00e1ca nemus\u00ed kon\u010di\u0165, radi v\u00e1m poskytneme \u010fal\u0161ie alternat\u00edvy ako efekt\u00edvne vyu\u017e\u00edva\u0165 nielen sol\u00e1rnu energiu, ale taktie\u017e ako pomocou in\u00fdch rie\u0161en\u00ed zni\u017eova\u0165 svoje v\u00fddavky za energie. Po in\u0161tal\u00e1cii sme v\u00e1m k dispoz\u00edcii v pr\u00edpade ak\u00fdchko\u013evek ot\u00e1zok oh\u013eadne fungovania elektr\u00e1rne. V pr\u00edpade ak\u00e9hoko\u013evek vzniknut\u00e9ho probl\u00e9mu n\u00e1s m\u00f4\u017eete kontaktova\u0165 prostredn\u00edctvom mailu <a href=\"mailto:reeltech@reeltech.sk\">reeltech@reeltech.sk<\/a>&nbsp;alebo telefonicky 0901 703 235.&nbsp;<\/p>\n<p>&nbsp;<\/p>","protected":false},"excerpt":{"rendered":"<p><img decoding=\"async\" class=\"size-full wp-image-1695\" src=\"https:\/\/reeltech.sk\/wp-content\/uploads\/2017\/10\/images_blog_Servis_a_udr%C5%BEba_Fotovoltiky_reeltech.jpg\" alt=\"Servis a udr\u017eba Fotovoltiky reeltech\" width=\"1202\" height=\"513\" \/><\/p> <p>Postavi\u0165 fotovoltaick\u00fa elektr\u00e1re\u0148 je v dne\u0161n\u00fdch \u010dasoch ve\u013emi v\u00fdhodn\u00e9&nbsp; a efekt\u00edvne rozhodnutie, av\u0161ak udr\u017ea\u0165 ju v prev\u00e1dzke pri plnom v\u00fdkone a kvalite je ove\u013ea d\u00f4le\u017eitej\u0161ie. St\u00e1va sa, \u017ee firma \u010di dom\u00e1cnos\u0165 si postav\u00ed elektr\u00e1re\u0148 na z\u00e1klade projektu s mal\u00fdmi zmenami resp. chybami, a tak sa m\u00f4\u017ee sta\u0165, \u017ee elektr\u00e1re\u0148&nbsp;postupne str\u00e1ca na v\u00fdkone alebo ju sprev\u00e1dzaj\u00fa \u010dast\u00e9 poruchy meni\u010dov, poistiek \u010di in\u00fdch komponentov.<\/p>","protected":false},"author":9,"featured_media":1695,"parent":0,"menu_order":0,"comment_status":"closed","ping_status":"closed","template":"","meta":{"footnotes":""},"class_list":["post-1771","page","type-page","status-publish","has-post-thumbnail","hentry"],"_links":{"self":[{"href":"https:\/\/reeltech.sk\/hu\/wp-json\/wp\/v2\/pages\/1771","targetHints":{"allow":["GET"]}}],"collection":[{"href":"https:\/\/reeltech.sk\/hu\/wp-json\/wp\/v2\/pages"}],"about":[{"href":"https:\/\/reeltech.sk\/hu\/wp-json\/wp\/v2\/types\/page"}],"author":[{"embeddable":true,"href":"https:\/\/reeltech.sk\/hu\/wp-json\/wp\/v2\/users\/9"}],"replies":[{"embeddable":true,"href":"https:\/\/reeltech.sk\/hu\/wp-json\/wp\/v2\/comments?post=1771"}],"version-history":[{"count":0,"href":"https:\/\/reeltech.sk\/hu\/wp-json\/wp\/v2\/pages\/1771\/revisions"}],"wp:featuredmedia":[{"embeddable":true,"href":"https:\/\/reeltech.sk\/hu\/wp-json\/wp\/v2\/media\/1695"}],"wp:attachment":[{"href":"https:\/\/reeltech.sk\/hu\/wp-json\/wp\/v2\/media?parent=1771"}],"curies":[{"name":"wp","href":"https:\/\/api.w.org\/{rel}","templated":true}]}}