{"id":1758,"date":"2022-11-24T19:11:33","date_gmt":"2022-11-24T18:11:33","guid":{"rendered":"https:\/\/reeltech.sk\/fotovoltaika-pre-rodinne-domy\/"},"modified":"2022-11-24T19:11:33","modified_gmt":"2022-11-24T18:11:33","slug":"fotovoltaika-pre-rodinne-domy","status":"publish","type":"page","link":"https:\/\/reeltech.sk\/hu\/fotovoltaika-pre-rodinne-domy\/","title":{"rendered":"Fotovoltaika pre rodinn\u00e9 domy"},"content":{"rendered":"<p><img fetchpriority=\"high\" decoding=\"async\" class=\"size-full wp-image-1757\" src=\"https:\/\/reeltech.sk\/wp-content\/uploads\/2022\/11\/images_blog_blog-solar-rodinne-domy.jpg\" alt=\"blog 011 medium\" width=\"770\" height=\"400\" title=\"\" srcset=\"https:\/\/reeltech.sk\/wp-content\/uploads\/2022\/11\/images_blog_blog-solar-rodinne-domy.jpg 770w, https:\/\/reeltech.sk\/wp-content\/uploads\/2022\/11\/images_blog_blog-solar-rodinne-domy-300x156.jpg 300w, https:\/\/reeltech.sk\/wp-content\/uploads\/2022\/11\/images_blog_blog-solar-rodinne-domy-768x399.jpg 768w, https:\/\/reeltech.sk\/wp-content\/uploads\/2022\/11\/images_blog_blog-solar-rodinne-domy-600x312.jpg 600w\" sizes=\"(max-width: 770px) 100vw, 770px\" \/><\/p>\n<p><strong>Fotovoltaika pre dom\u00e1cnosti a&nbsp; va\u0161u firmu<\/strong><\/p>\n<p style=\"text-align: left;\">Zd\u00e1 sa v\u00e1m, \u017ee plat\u00edte pr\u00edli\u0161 ve\u013ea za elektrick\u00fa energiu? Ceny energi\u00ed dlhodobo st\u00fapaj\u00fa a odborn\u00edci predpokladaj\u00fa, \u017ee sadzby sa bud\u00fa aj na\u010falej zvy\u0161ova\u0165. Zn\u00ed\u017ete svoje n\u00e1klady na dom\u00e1cnos\u0165 prostredn\u00edctvom sol\u00e1rnych panelov. \u00daspora energie v\u010faka sol\u00e1rnemu syst\u00e9mu bude a\u017e tak\u00e1 v\u00fdrazn\u00e1, \u017ee dok\u00e1\u017ee zn\u00ed\u017ei\u0165 \u00fa\u010det za elektrinu na minimum. M\u00f4\u017eete tak u\u0161etri\u0165 nieko\u013eko desiatok \u010di stoviek eur mesa\u010dne.&nbsp;<\/p>\n<p>Je \u010das na in\u0161tal\u00e1ciu vlastnej sol\u00e1rnej elektr\u00e1rne na va\u0161u strechu. Vyr\u00e1bajte si elektrinu pomocou sol\u00e1rnych panelov \u010do najsk\u00f4r!<\/p>\n<p><strong>Ako funguj\u00fa sol\u00e1rne elektr\u00e1rne?<\/strong><\/p>\n<p><strong>Fotovoltick\u00e1 (fotovoltaick\u00e1) elektr\u00e1re\u0148<\/strong>&nbsp;pomocou modernej technol\u00f3gie zabezpe\u010duje premenu slne\u010dnej energie na elektrick\u00fa. Jej z\u00e1kladn\u00fdm \u010dl\u00e1nkom je sol\u00e1rny (fotovoltaick\u00fd) panel, v ktorom sa vyu\u017e\u00edva na premenu energie polovodi\u010d, naj\u010dastej\u0161ie krem\u00edk.&nbsp;<strong>Sol\u00e1rne zostavy<\/strong>&nbsp;montujeme na strechy domov alebo strechy v\u00fdrobn\u00fdch h\u00e1l.<\/p>\n<p>Ak sveteln\u00fd fot\u00f3n dopadne na polovodi\u010d, pr\u00edde k uvo\u013eneniu ve\u013ek\u00e9ho mno\u017estva vo\u013en\u00fdch elektr\u00f3nov, ktor\u00e9 m\u00f4\u017eu preteka\u0165 elektr\u00f3dami. Dve elektr\u00f3dy \u2013 to je z\u00e1kladn\u00fd primit\u00edvny fotovoltick\u00fd \u010dl\u00e1nok.&nbsp;\u010cl\u00e1nky, ktor\u00e9 s\u00fa ulo\u017een\u00e9 v rade, prepojen\u00e9 a chr\u00e1nen\u00e9 tvoria fotovoltick\u00fd panel, ktor\u00fd dobre pozn\u00e1me zo striech dom\u00e1cnost\u00ed, firiem, v\u00fdrobn\u00fdch h\u00e1l a podobne. Panely pozn\u00e1me&nbsp;monokri\u0161talick\u00e9, polykri\u0161talick\u00e9<strong>&nbsp;<\/strong>alebo<strong>&nbsp;<\/strong>tenkovrstvov\u00e9. Ka\u017ed\u00e1 dom\u00e1cnos\u0165 sa m\u00f4\u017ee zmeni\u0165 na mal\u00fa fotovoltick\u00fa elektr\u00e1ren, ktor\u00e1 bude dokonca schopn\u00e1 dod\u00e1va\u0165 prebyto\u010dn\u00fa energiu do siete. Sta\u010dia v\u00e1m be\u017en\u00e9 a skladn\u00e9 s\u00fa\u010diastky ako s\u00fa rozvody, bat\u00e9ria, isti\u010dov\u00e1 skri\u0148a, elektromer.<\/p>\n<p>\u010c\u00edm v\u00e4\u010d\u0161\u00ed fotovoltick\u00fd panel, t\u00fdm v\u00e4\u010d\u0161\u00ed v\u00fdkon je schopn\u00fd poskytn\u00fa\u0165. Ako v\u0161etci vieme,na \u0161pi\u010dkov\u00fd v\u00fdkon m\u00e1 vplyv denn\u00e1 hodina a po\u010dasie. <strong>&nbsp;<\/strong><\/p>\n<p>Zabezpe\u010d\u00edme V\u00e1m v\u0161etko, \u010do je potrebn\u00e9 pre vlastn\u00fa v\u00fdrobu elektrickej energie &#8211; od bezplatn\u00e9ho poradenstva cez n\u00e1vrh&nbsp;a\u017e po dodanie a profesion\u00e1lnu mont\u00e1\u017e sol\u00e1rnej elektr\u00e1rne. Z\u00e1kazn\u00edkom odpor\u00fa\u010dame len osved\u010den\u00e9 rie\u0161enia s najkvalitnej\u0161\u00edmi komponentami, s<strong>&nbsp;<\/strong>dlhodobo stabiln\u00fdmi parametrami a priazniv\u00fdm pomerom v\u00fdkonu.<\/p>\n<p><strong>7 d\u00f4vodov, pre\u010do si vybra\u0165 sol\u00e1rny syst\u00e9m:<\/strong><\/p>\n<p>Z\u00edskate nielen obnovite\u013en\u00fa, nevy\u010derpate\u013en\u00fa, ale dokonca aj \u010dist\u00fa energiu.<\/p>\n<p>Vytv\u00e1rate zelen\u00fa energiu, ktor\u00e1 nem\u00e1 \u017eiadny negat\u00edvny vplyv na \u017eivotn\u00e9 prostredie.<\/p>\n<p>Geografick\u00e9 podmienky strednej Eur\u00f3py umo\u017e\u0148uj\u00fa vyu\u017e\u00edva\u0165 slne\u010dn\u00fa energiu ve\u013emi efekt\u00edvne.<\/p>\n<p>Prev\u00e1dzka fotovoltick\u00fdch elekr\u00e1rn\u00ed je takmer bez n\u00e1kladov.<\/p>\n<p>\u017divotnos\u0165 kvalitn\u00fdch sol\u00e1rnych \u010dl\u00e1nkov je 25 rokov.<\/p>\n<p>N\u00e1vratnos\u0165 invest\u00edcie sa pohybuje od 5 do 8 rokov&nbsp;<\/p>\n<p>Navy\u0161e, rodinn\u00e9 a bytov\u00e9 domy sa m\u00f4\u017eu uch\u00e1dza\u0165 o podporu formou pouk\u00e1\u017eky na in\u0161tal\u00e1ciu mal\u00fdch zariaden\u00ed na vyu\u017e\u00edvanie obnovite\u013en\u00fdch zdrojov energie (OZE) v\u010faka n\u00e1rodn\u00e9mu projektu Slovenskej inova\u010dnej a energetickej agent\u00fary (SIEA) s n\u00e1zvom Zelen\u00e1 dom\u00e1cnostiam.<\/p>\n<p>N\u00e1rodn\u00fd projekt SIEA je financovan\u00fd z Opera\u010dn\u00e9ho programu Kvalita \u017eivotn\u00e9ho prostredia, ktor\u00fd riadi Ministerstvo \u017eivotn\u00e9ho prostredia SR. Viac inform\u00e1ci\u00ed&nbsp;o \u0161t\u00e1tnych dot\u00e1ci\u00e1ch n\u00e1jdete na str\u00e1nke:&nbsp;<a href=\"https:\/\/zelenadomacnostiam.sk\/sk\/\" target=\"_blank\" rel=\"noopener\">https:\/\/zelenadomacnostiam.sk\/sk\/<\/a><a href=\"http:\/\/zelenadomacnostiam.sk\" target=\"_blank\" rel=\"noopener\"><\/a><\/p>\n<p>Zn\u00ed\u017ete si n\u00e1klady na dom\u00e1cnos\u0165. Pre vypracovanie nez\u00e1v\u00e4znej cenovej ponuky n\u00e1s m\u00f4\u017eete kontaktova\u0165 na mail <a href=\"mailto:reeltech@reeltech.sk\"><\/a><a href=\"mailto:reeltech@reeltech&lt;strong\">reeltech@reeltech<\/a>.sk&nbsp;<strong>alebo telefonicky +421&nbsp;901&nbsp;703&nbsp;235.<\/strong><\/p>\n<p>Viac n\u00e1jdete aj na na\u0161ej str\u00e1nke: <a href=\"sk\/instalacie\/fotovoltatika\/projektova-dokumentacia-a-realizacia-fotovoltaickych-elektrarni-2\">https:\/\/reeltech.sk\/sk\/instalacie\/fotovoltatika\/projektova-dokumentacia-a-realizacia-fotovoltaickych-elektrarni-2<\/a><\/p>","protected":false},"excerpt":{"rendered":"<p><img decoding=\"async\" class=\"size-full wp-image-1757\" src=\"https:\/\/reeltech.sk\/wp-content\/uploads\/2022\/11\/images_blog_blog-solar-rodinne-domy.jpg\" alt=\"blog 011 medium\" width=\"770\" height=\"400\" srcset=\"https:\/\/reeltech.sk\/wp-content\/uploads\/2022\/11\/images_blog_blog-solar-rodinne-domy.jpg 770w, https:\/\/reeltech.sk\/wp-content\/uploads\/2022\/11\/images_blog_blog-solar-rodinne-domy-300x156.jpg 300w, https:\/\/reeltech.sk\/wp-content\/uploads\/2022\/11\/images_blog_blog-solar-rodinne-domy-768x399.jpg 768w, https:\/\/reeltech.sk\/wp-content\/uploads\/2022\/11\/images_blog_blog-solar-rodinne-domy-600x312.jpg 600w\" sizes=\"(max-width: 770px) 100vw, 770px\" \/><\/p> <p><strong>Fotovoltaika pre dom\u00e1cnosti a&nbsp; va\u0161u firmu<\/strong><\/p> <p style=\"text-align: left;\">Zd\u00e1 sa v\u00e1m, \u017ee plat\u00edte pr\u00edli\u0161 ve\u013ea za elektrick\u00fa energiu? Ceny energi\u00ed dlhodobo st\u00fapaj\u00fa a odborn\u00edci predpokladaj\u00fa, \u017ee sadzby sa bud\u00fa aj na\u010falej zvy\u0161ova\u0165. Zn\u00ed\u017ete svoje n\u00e1klady na dom\u00e1cnos\u0165 prostredn\u00edctvom sol\u00e1rnych panelov. \u00daspora energie v\u010faka sol\u00e1rnemu syst\u00e9mu bude a\u017e tak\u00e1 v\u00fdrazn\u00e1, \u017ee dok\u00e1\u017ee zn\u00ed\u017ei\u0165 \u00fa\u010det za elektrinu na minimum. M\u00f4\u017eete tak u\u0161etri\u0165 nieko\u013eko desiatok \u010di stoviek eur mesa\u010dne.&nbsp;<\/p>","protected":false},"author":9,"featured_media":1756,"parent":0,"menu_order":3,"comment_status":"closed","ping_status":"closed","template":"","meta":{"footnotes":""},"class_list":["post-1758","page","type-page","status-publish","has-post-thumbnail","hentry"],"_links":{"self":[{"href":"https:\/\/reeltech.sk\/hu\/wp-json\/wp\/v2\/pages\/1758","targetHints":{"allow":["GET"]}}],"collection":[{"href":"https:\/\/reeltech.sk\/hu\/wp-json\/wp\/v2\/pages"}],"about":[{"href":"https:\/\/reeltech.sk\/hu\/wp-json\/wp\/v2\/types\/page"}],"author":[{"embeddable":true,"href":"https:\/\/reeltech.sk\/hu\/wp-json\/wp\/v2\/users\/9"}],"replies":[{"embeddable":true,"href":"https:\/\/reeltech.sk\/hu\/wp-json\/wp\/v2\/comments?post=1758"}],"version-history":[{"count":0,"href":"https:\/\/reeltech.sk\/hu\/wp-json\/wp\/v2\/pages\/1758\/revisions"}],"wp:featuredmedia":[{"embeddable":true,"href":"https:\/\/reeltech.sk\/hu\/wp-json\/wp\/v2\/media\/1756"}],"wp:attachment":[{"href":"https:\/\/reeltech.sk\/hu\/wp-json\/wp\/v2\/media?parent=1758"}],"curies":[{"name":"wp","href":"https:\/\/api.w.org\/{rel}","templated":true}]}}