{"id":1640,"date":"2017-10-15T16:29:42","date_gmt":"2017-10-15T14:29:42","guid":{"rendered":"https:\/\/reeltech.sk\/revizia-vn-a-b\/"},"modified":"2023-12-30T22:28:57","modified_gmt":"2023-12-30T21:28:57","slug":"revizia-vn-a-b","status":"publish","type":"page","link":"https:\/\/reeltech.sk\/hu\/revizia-vn-a-b\/","title":{"rendered":"Rev\u00edzia VN , vysok\u00e1 nap\u00e4tie a trafostanice"},"content":{"rendered":"<div data-elementor-type=\"wp-page\" data-elementor-id=\"1640\" class=\"elementor elementor-1640\">\n\t\t\t\t\t\t<section class=\"elementor-section elementor-top-section elementor-element elementor-element-3771463 elementor-section-boxed elementor-section-height-default elementor-section-height-default\" data-id=\"3771463\" data-element_type=\"section\">\n\t\t\t\t\t\t<div class=\"elementor-container elementor-column-gap-default\">\n\t\t\t\t\t<div class=\"elementor-column elementor-col-100 elementor-top-column elementor-element elementor-element-a037194\" data-id=\"a037194\" data-element_type=\"column\">\n\t\t\t<div class=\"elementor-widget-wrap elementor-element-populated\">\n\t\t\t\t\t\t<div class=\"elementor-element elementor-element-c1f9fa2 elementor--h-position-center elementor--v-position-middle elementor-arrows-position-inside elementor-pagination-position-inside elementor-widget elementor-widget-slides\" data-id=\"c1f9fa2\" data-element_type=\"widget\" data-settings=\"{&quot;navigation&quot;:&quot;both&quot;,&quot;autoplay&quot;:&quot;yes&quot;,&quot;pause_on_hover&quot;:&quot;yes&quot;,&quot;pause_on_interaction&quot;:&quot;yes&quot;,&quot;autoplay_speed&quot;:5000,&quot;infinite&quot;:&quot;yes&quot;,&quot;transition&quot;:&quot;slide&quot;,&quot;transition_speed&quot;:500}\" data-widget_type=\"slides.default\">\n\t\t\t\t<div class=\"elementor-widget-container\">\n\t\t\t\t\t<div class=\"elementor-swiper\">\n\t\t\t<div class=\"elementor-slides-wrapper elementor-main-swiper swiper\" dir=\"ltr\" data-animation=\"fadeInUp\">\n\t\t\t\t<div class=\"swiper-wrapper elementor-slides\">\n\t\t\t\t\t\t\t\t\t\t<div class=\"elementor-repeater-item-ed90e48 swiper-slide\"><div class=\"swiper-slide-bg elementor-ken-burns elementor-ken-burns--in\" role=\"img\"><\/div><div class=\"elementor-background-overlay\"><\/div><div class=\"swiper-slide-inner\" ><div class=\"swiper-slide-contents\"><div class=\"elementor-slide-heading\">Rev\u00edzia vysok\u00e9ho nap\u00e4tia <\/div><div class=\"elementor-slide-description\">Trafostanice, transform\u00e1tory, rozvodne a ostatn\u00e9 zariadenia nad 1kV- profesion\u00e1lne, kvalitne a pod\u013ea platn\u00fdch noriem a predpisov<\/div><div  class=\"elementor-button elementor-slide-button elementor-size-sm\">reeltech@reeltech.sk<\/div><\/div><\/div><\/div>\t\t\t\t<\/div>\n\t\t\t\t\t\t\t<\/div>\n\t\t<\/div>\n\t\t\t\t<\/div>\n\t\t\t\t<\/div>\n\t\t\t\t<div class=\"elementor-element elementor-element-12aa706 elementor-widget elementor-widget-vt-windfall_section_title\" data-id=\"12aa706\" data-element_type=\"widget\" data-widget_type=\"vt-windfall_section_title.default\">\n\t\t\t\t<div class=\"elementor-widget-container\">\n\t\t\t<div class=\"section-title-wrap  wndfal-sectTitleElementor\"><h2 class=\"section-title\">Rev\u00edzia vysok\u00e9ho nap\u00e4tia a v\u00fdbu\u0161n\u00e9ho prostredia<\/h2><p>Disponujeme pracovn\u00edkmi vy\u0161kolen\u00fdmi na rev\u00edzie vysok\u00e9ho nap\u00e4tia a v\u00fdbu\u0161n\u00e9ho prostredia ATEX).\n\n<\/p><\/div>\t\t<\/div>\n\t\t\t\t<\/div>\n\t\t\t\t\t<\/div>\n\t\t<\/div>\n\t\t\t\t\t<\/div>\n\t\t<\/section>\n\t\t\t\t<section class=\"elementor-section elementor-top-section elementor-element elementor-element-1f355b5 elementor-section-boxed elementor-section-height-default elementor-section-height-default\" data-id=\"1f355b5\" data-element_type=\"section\">\n\t\t\t\t\t\t<div class=\"elementor-container elementor-column-gap-default\">\n\t\t\t\t\t<div class=\"elementor-column elementor-col-50 elementor-top-column elementor-element elementor-element-c5dcfe6\" data-id=\"c5dcfe6\" data-element_type=\"column\">\n\t\t\t<div class=\"elementor-widget-wrap elementor-element-populated\">\n\t\t\t\t\t\t<div class=\"elementor-element elementor-element-ea8e4fa elementor-widget elementor-widget-text-editor\" data-id=\"ea8e4fa\" data-element_type=\"widget\" data-widget_type=\"text-editor.default\">\n\t\t\t\t<div class=\"elementor-widget-container\">\n\t\t\t\t\t\t\t<p>Odborn\u00e1 prehliadka a Odborn\u00e1 sk\u00fa\u0161ka VN pr\u00edpojok, trafostan\u00edc a VN veden\u00ed nie je pre n\u00e1s \u017eiadny probl\u00e9m. Na\u0161i pracovn\u00edci maj\u00fa dlhoro\u010dn\u00e9 sk\u00fasenosti pr\u00e1ve s t\u00fdmito typmi zariaden\u00ed.<\/p><p>Medzi na\u0161e be\u017en\u00e9 \u010dinnosti patr\u00ed Odborn\u00e1 prehliadka a Odborn\u00e1 sk\u00fa\u0161ka &#8211; rev\u00edzia pr\u00edpojky vysok\u00e9ho nap\u00e4tia, rev\u00edzia trafostanice 22kV a rev\u00edzia vedenia vysok\u00e9ho nap\u00e4tia.<\/p><p>Vykon\u00e1vame aj komplexn\u00fa udr\u017ebu trafostanice, meranie transform\u00e1tora a meranie pr\u00edpojok vysok\u00e9ho nap\u00e4tia. Probl\u00e9m n\u00e1m nerobia ani sto\u017eiarov\u00e9 a kioskov\u00e9 trafostanice.<\/p><p>\u00dadr\u017eba trafostanice je ve\u013emi d\u00f4le\u017eit\u00e1 pre v\u00e1\u0161 podnik, nako\u013eko dod\u00e1va energiu do v\u0161etk\u00fdch priestorov podniku. Men\u00ed \u0161tandardn\u00e9 nap\u00e4tie 22kV na 400V, jej s\u00fa\u010das\u0165ou je VN rozvod\u0148a, transform\u00e1tor a ochrana siete.<\/p><p>Rev\u00edzia a \u00fadr\u017eba zariaden\u00ed s vysok\u00fdm nap\u00e4t\u00edm (VN) s\u00fa nevyhnutn\u00e9 z d\u00f4vodu zabezpe\u010denia bezpe\u010dnosti, spo\u013eahlivosti a efekt\u00edvneho fungovania elektrickej siete. Tu s\u00fa niektor\u00e9 d\u00f4vody, pre\u010do je d\u00f4le\u017eit\u00e9 vykon\u00e1va\u0165 pravideln\u00fa rev\u00edziu a \u00fadr\u017ebu VN zariaden\u00ed:<\/p>\t\t\t\t\t\t<\/div>\n\t\t\t\t<\/div>\n\t\t\t\t\t<\/div>\n\t\t<\/div>\n\t\t\t\t<div class=\"elementor-column elementor-col-50 elementor-top-column elementor-element elementor-element-b8d6efd\" data-id=\"b8d6efd\" data-element_type=\"column\">\n\t\t\t<div class=\"elementor-widget-wrap elementor-element-populated\">\n\t\t\t\t\t\t<div class=\"elementor-element elementor-element-34c34b0 elementor-widget__width-initial elementor-widget elementor-widget-image\" data-id=\"34c34b0\" data-element_type=\"widget\" data-widget_type=\"image.default\">\n\t\t\t\t<div class=\"elementor-widget-container\">\n\t\t\t\t\t\t\t\t\t\t\t\t\t<img fetchpriority=\"high\" decoding=\"async\" width=\"1024\" height=\"1022\" src=\"https:\/\/reeltech.sk\/wp-content\/uploads\/2023\/06\/Trafostanice_reeltech_servis.png\" class=\"attachment-large size-large wp-image-2030\" alt=\"Servis \u00fadr\u017eba a rev\u00edzie trafostan\u00edc, rozvodn\u00ed\" srcset=\"https:\/\/reeltech.sk\/wp-content\/uploads\/2023\/06\/Trafostanice_reeltech_servis.png 1024w, https:\/\/reeltech.sk\/wp-content\/uploads\/2023\/06\/Trafostanice_reeltech_servis-300x299.png 300w, https:\/\/reeltech.sk\/wp-content\/uploads\/2023\/06\/Trafostanice_reeltech_servis-150x150.png 150w, https:\/\/reeltech.sk\/wp-content\/uploads\/2023\/06\/Trafostanice_reeltech_servis-768x767.png 768w, https:\/\/reeltech.sk\/wp-content\/uploads\/2023\/06\/Trafostanice_reeltech_servis-600x599.png 600w, https:\/\/reeltech.sk\/wp-content\/uploads\/2023\/06\/Trafostanice_reeltech_servis-100x100.png 100w\" sizes=\"(max-width: 1024px) 100vw, 1024px\" \/>\t\t\t\t\t\t\t\t\t\t\t\t\t<\/div>\n\t\t\t\t<\/div>\n\t\t\t\t\t<\/div>\n\t\t<\/div>\n\t\t\t\t\t<\/div>\n\t\t<\/section>\n\t\t\t\t<section class=\"elementor-section elementor-top-section elementor-element elementor-element-d2e401b elementor-section-boxed elementor-section-height-default elementor-section-height-default\" data-id=\"d2e401b\" data-element_type=\"section\">\n\t\t\t\t\t\t<div class=\"elementor-container elementor-column-gap-default\">\n\t\t\t\t\t<div class=\"elementor-column elementor-col-100 elementor-top-column elementor-element elementor-element-4bdac8e\" data-id=\"4bdac8e\" data-element_type=\"column\">\n\t\t\t<div class=\"elementor-widget-wrap elementor-element-populated\">\n\t\t\t\t\t\t<div class=\"elementor-element elementor-element-59bd326 elementor-widget elementor-widget-text-editor\" data-id=\"59bd326\" data-element_type=\"widget\" data-widget_type=\"text-editor.default\">\n\t\t\t\t<div class=\"elementor-widget-container\">\n\t\t\t\t\t\t\t<ol><li>Bezpe\u010dnos\u0165: Bezpe\u010dnos\u0165 je prioritou pri pr\u00e1ci s VN zariadeniami. Rev\u00edzia a \u00fadr\u017eba umo\u017e\u0148uj\u00fa odha\u013eovanie a odstra\u0148ovanie potenci\u00e1lnych bezpe\u010dnostn\u00fdch hrozieb, ako s\u00fa poruchov\u00e9 stavy, nedostato\u010dn\u00e1 izol\u00e1cia, nespr\u00e1vne uzemnenie a in\u00e9 rizik\u00e1. T\u00fdm sa minimalizuje riziko \u00farazov pr\u00fadom, v\u00fdbuchov alebo po\u017eiarov.<\/li><li>Spo\u013eahlivos\u0165: Rev\u00edzia a \u00fadr\u017eba zaru\u010duj\u00fa spo\u013eahliv\u00fa prev\u00e1dzku VN zariaden\u00ed. Pravideln\u00e1 kontrola a testovanie zariaden\u00ed umo\u017e\u0148uj\u00fa odha\u013eova\u0165 a opravova\u0165 mo\u017en\u00e9 poruchy, \u010d\u00edm sa minimalizuje riziko v\u00fdpadkov elektrickej energie. To je obzvl\u00e1\u0161\u0165 d\u00f4le\u017eit\u00e9 pre prev\u00e1dzku k\u013e\u00fa\u010dov\u00fdch zariaden\u00ed a infra\u0161trukt\u00fary, ako s\u00fa nemocnice, priemyseln\u00e9 z\u00e1vody alebo verejn\u00e9 siete.<\/li><li>Pred\u013a\u017eenie \u017eivotnosti zariaden\u00ed: Pravideln\u00e1 \u00fadr\u017eba VN zariaden\u00ed prispieva k ich dlh\u0161ej \u017eivotnosti. \u00dadr\u017ebou sa minimalizuje opotrebenie, kor\u00f3zia a vplyv prostredia na zariadenia. Spr\u00e1vne nastavenie, \u010distenie a n\u00e1hrada opotrebovan\u00fdch \u010dast\u00ed zais\u0165uj\u00fa optim\u00e1lnu funk\u010dnos\u0165 zariaden\u00ed a predch\u00e1dzaj\u00fa ich skor\u00e9mu zlyhaniu.<\/li><li>Efekt\u00edvnos\u0165: Rev\u00edzia a \u00fadr\u017eba VN zariaden\u00ed tie\u017e prispievaj\u00fa k zv\u00fd\u0161eniu energetickej efekt\u00edvnosti. Kontrola a optimaliz\u00e1cia parametrov zariaden\u00ed, ako s\u00fa nap\u00e4tie, pr\u00fad a strata energie, umo\u017e\u0148uj\u00fa \u00fasporu energie a finan\u010dn\u00fdch prostriedkov. Pravideln\u00e1 \u00fadr\u017eba tie\u017e minimalizuje potrebu n\u00e1kladn\u00fdch opr\u00e1v a v\u00fdmenn\u00fdch \u010dast\u00ed.<\/li><li>Dodr\u017eiavanie predpisov a noriem: Rev\u00edzia a \u00fadr\u017eba VN zariaden\u00ed s\u00fa nevyhnutn\u00e9 na splnenie predpisov a noriem v oblasti elektrickej bezpe\u010dnosti. Distribu\u010dn\u00e9 spolo\u010dnosti a Pravidl\u00e1 SR maj\u00fa presn\u00e9 smernice a pravidl\u00e1, ktor\u00e9 vy\u017eaduj\u00fa pravideln\u00fa rev\u00edziu a \u00fadr\u017ebu VN zariaden\u00ed. Ich dodr\u017eiavanie je d\u00f4le\u017eit\u00e9 pre pr\u00e1vnu a bezpe\u010dnostn\u00fa s\u00faladnos\u0165.<\/li><\/ol>\t\t\t\t\t\t<\/div>\n\t\t\t\t<\/div>\n\t\t\t\t\t<\/div>\n\t\t<\/div>\n\t\t\t\t\t<\/div>\n\t\t<\/section>\n\t\t\t\t<section class=\"elementor-section elementor-top-section elementor-element elementor-element-bfed7fe elementor-section-boxed elementor-section-height-default elementor-section-height-default\" data-id=\"bfed7fe\" data-element_type=\"section\">\n\t\t\t\t\t\t<div class=\"elementor-container elementor-column-gap-default\">\n\t\t\t\t\t<div class=\"elementor-column elementor-col-100 elementor-top-column elementor-element elementor-element-f7a2f84\" data-id=\"f7a2f84\" data-element_type=\"column\">\n\t\t\t<div class=\"elementor-widget-wrap elementor-element-populated\">\n\t\t\t\t\t\t<div class=\"elementor-element elementor-element-7056c89 elementor-widget elementor-widget-text-editor\" data-id=\"7056c89\" data-element_type=\"widget\" data-widget_type=\"text-editor.default\">\n\t\t\t\t<div class=\"elementor-widget-container\">\n\t\t\t\t\t\t\t<p>Zhrnut\u00edm, rev\u00edzia a \u00fadr\u017eba VN zariaden\u00ed s\u00fa k\u013e\u00fa\u010dov\u00e9 pre bezpe\u010dn\u00fa a spo\u013eahliv\u00fa prev\u00e1dzku elektrickej siete. Zabezpe\u010duj\u00fa bezpe\u010dnos\u0165 pracovn\u00edkov, minimalizuj\u00fa v\u00fdpadky, pred\u013a\u017euj\u00fa \u017eivotnos\u0165 zariaden\u00ed, zvy\u0161uj\u00fa efekt\u00edvnos\u0165 a zodpovedaj\u00fa predpisom a norm\u00e1m.<\/p><p>Vykon\u00e1vame nasledovn\u00e9 slu\u017eby:<\/p>\t\t\t\t\t\t<\/div>\n\t\t\t\t<\/div>\n\t\t\t\t\t<\/div>\n\t\t<\/div>\n\t\t\t\t\t<\/div>\n\t\t<\/section>\n\t\t\t\t<section class=\"elementor-section elementor-top-section elementor-element elementor-element-968f6ba elementor-section-boxed elementor-section-height-default elementor-section-height-default\" data-id=\"968f6ba\" data-element_type=\"section\">\n\t\t\t\t\t\t<div class=\"elementor-container elementor-column-gap-default\">\n\t\t\t\t\t<div class=\"elementor-column elementor-col-100 elementor-top-column elementor-element elementor-element-d361146\" data-id=\"d361146\" data-element_type=\"column\">\n\t\t\t<div class=\"elementor-widget-wrap elementor-element-populated\">\n\t\t\t\t\t\t<div class=\"elementor-element elementor-element-74e5255 elementor-widget elementor-widget-vt-windfall_list\" data-id=\"74e5255\" data-element_type=\"widget\" data-widget_type=\"vt-windfall_list.default\">\n\t\t\t\t<div class=\"elementor-widget-container\">\n\t\t\t<ul class=\"bullet-list\"><li>Meranie transform\u00e1tora VN<\/li><li>Kontrola a \u00fadr\u017eba VN zariaden\u00ed \/ rozv\u00e1dza\u010da, pr\u00edpojn\u00edc<\/li><li>Kontrola a \u00fadr\u017eba NN zariaden\u00ed<\/li><li>Rev\u00edzia uzemnenia a bleskozvodu<\/li><li>Test vysokonap\u00e4\u0165ov\u00fdch ochr\u00e1n<\/li><li>Test izola\u010dn\u00fdch vlastnost\u00ed izola\u010dn\u00e9ho oleja transform\u00e1tora<\/li><li>Kontrola vybavenia a celistvosti trafostanice<\/li><li>\u00dadr\u017eba trafostanice, kobky , kiosk , kioskov\u00e1 trafostanica<\/li><li>Termov\u00edzia<\/li><li>Kontrola a rev\u00edzia pr\u00edpojky vysok\u00e9ho nap\u00e4tia VN<\/li><\/ul>\t\t<\/div>\n\t\t\t\t<\/div>\n\t\t\t\t\t<\/div>\n\t\t<\/div>\n\t\t\t\t\t<\/div>\n\t\t<\/section>\n\t\t\t\t<section class=\"elementor-section elementor-top-section elementor-element elementor-element-b2684e6 elementor-section-boxed elementor-section-height-default elementor-section-height-default\" data-id=\"b2684e6\" data-element_type=\"section\">\n\t\t\t\t\t\t<div class=\"elementor-container elementor-column-gap-default\">\n\t\t\t\t\t<div class=\"elementor-column elementor-col-100 elementor-top-column elementor-element elementor-element-1b24d98\" data-id=\"1b24d98\" data-element_type=\"column\">\n\t\t\t<div class=\"elementor-widget-wrap elementor-element-populated\">\n\t\t\t\t\t\t<div class=\"elementor-element elementor-element-b4affeb elementor-widget elementor-widget-heading\" data-id=\"b4affeb\" data-element_type=\"widget\" data-widget_type=\"heading.default\">\n\t\t\t\t<div class=\"elementor-widget-container\">\n\t\t\t<h2 class=\"elementor-heading-title elementor-size-default\">Pod rev\u00edziu vysok\u00e9ho nap\u00e4tia spadaj\u00fa v\u0161etky elektrick\u00e9 zariadenia a syst\u00e9my, ktor\u00e9 pracuj\u00fa s nap\u00e4t\u00edm nad 1 kV. Medzi naj\u010dastej\u0161ie zariadenia, ktor\u00e9 podliehaj\u00fa rev\u00edzii vysok\u00e9ho nap\u00e4tia, patria<\/h2>\t\t<\/div>\n\t\t\t\t<\/div>\n\t\t\t\t<div class=\"elementor-element elementor-element-05f2ab4 elementor-widget-divider--view-line elementor-widget elementor-widget-divider\" data-id=\"05f2ab4\" data-element_type=\"widget\" data-widget_type=\"divider.default\">\n\t\t\t\t<div class=\"elementor-widget-container\">\n\t\t\t\t\t<div class=\"elementor-divider\">\n\t\t\t<span class=\"elementor-divider-separator\">\n\t\t\t\t\t\t<\/span>\n\t\t<\/div>\n\t\t\t\t<\/div>\n\t\t\t\t<\/div>\n\t\t\t\t\t<\/div>\n\t\t<\/div>\n\t\t\t\t\t<\/div>\n\t\t<\/section>\n\t\t\t\t<section class=\"elementor-section elementor-top-section elementor-element elementor-element-54813e2 elementor-section-boxed elementor-section-height-default elementor-section-height-default\" data-id=\"54813e2\" data-element_type=\"section\">\n\t\t\t\t\t\t<div class=\"elementor-container elementor-column-gap-default\">\n\t\t\t\t\t<div class=\"elementor-column elementor-col-20 elementor-top-column elementor-element elementor-element-4b835f5\" data-id=\"4b835f5\" data-element_type=\"column\">\n\t\t\t<div class=\"elementor-widget-wrap elementor-element-populated\">\n\t\t\t\t\t\t<div class=\"elementor-element elementor-element-4d24827 elementor-widget elementor-widget-text-editor\" data-id=\"4d24827\" data-element_type=\"widget\" data-widget_type=\"text-editor.default\">\n\t\t\t\t<div class=\"elementor-widget-container\">\n\t\t\t\t\t\t\t<p><strong>Transform\u00e1tory<\/strong> s\u00fa zariadenia, ktor\u00e9 menia elektrick\u00e9 nap\u00e4tie z jednej \u00farovne na in\u00fa naj\u010dastej\u0161ie 22kV na 0,4kV<\/p>\t\t\t\t\t\t<\/div>\n\t\t\t\t<\/div>\n\t\t\t\t\t<\/div>\n\t\t<\/div>\n\t\t\t\t<div class=\"elementor-column elementor-col-20 elementor-top-column elementor-element elementor-element-c0d84ef\" data-id=\"c0d84ef\" data-element_type=\"column\">\n\t\t\t<div class=\"elementor-widget-wrap elementor-element-populated\">\n\t\t\t\t\t\t<div class=\"elementor-element elementor-element-bd030d9 elementor-widget elementor-widget-text-editor\" data-id=\"bd030d9\" data-element_type=\"widget\" data-widget_type=\"text-editor.default\">\n\t\t\t\t<div class=\"elementor-widget-container\">\n\t\t\t\t\t\t\t<p><strong>Vedenia s vysok\u00fdm nap\u00e4t\u00edm:<\/strong> Vedenia s vysok\u00fdm nap\u00e4t\u00edm na prenos elektrickej energie pri vysokom nap\u00e4t\u00ed.<\/p>\t\t\t\t\t\t<\/div>\n\t\t\t\t<\/div>\n\t\t\t\t\t<\/div>\n\t\t<\/div>\n\t\t\t\t<div class=\"elementor-column elementor-col-20 elementor-top-column elementor-element elementor-element-a1bac5f\" data-id=\"a1bac5f\" data-element_type=\"column\">\n\t\t\t<div class=\"elementor-widget-wrap elementor-element-populated\">\n\t\t\t\t\t\t<div class=\"elementor-element elementor-element-0f6ac50 elementor-widget elementor-widget-text-editor\" data-id=\"0f6ac50\" data-element_type=\"widget\" data-widget_type=\"text-editor.default\">\n\t\t\t\t<div class=\"elementor-widget-container\">\n\t\t\t\t\t\t\t<p><strong>Sp\u00edna\u010de s vysok\u00fdm nap\u00e4t\u00edm:<\/strong> Sp\u00edna\u010de s vysok\u00fdm nap\u00e4t\u00edm , ktor\u00e9 sa pou\u017e\u00edvaj\u00fa na zap\u00ednanie a vyp\u00ednanie elektrickej energie.<\/p>\t\t\t\t\t\t<\/div>\n\t\t\t\t<\/div>\n\t\t\t\t\t<\/div>\n\t\t<\/div>\n\t\t\t\t<div class=\"elementor-column elementor-col-20 elementor-top-column elementor-element elementor-element-02f3401\" data-id=\"02f3401\" data-element_type=\"column\">\n\t\t\t<div class=\"elementor-widget-wrap elementor-element-populated\">\n\t\t\t\t\t\t<div class=\"elementor-element elementor-element-3e0ede3 elementor-widget elementor-widget-text-editor\" data-id=\"3e0ede3\" data-element_type=\"widget\" data-widget_type=\"text-editor.default\">\n\t\t\t\t<div class=\"elementor-widget-container\">\n\t\t\t\t\t\t\t<p><strong>Ochrann\u00e9 zariadenia:<\/strong> Ochrann\u00e9 zariadenia maj\u00fa za \u00falohu chr\u00e1ni\u0165 elektrick\u00e9 zariadenia a syst\u00e9my pred ak\u00fdmiko\u013evek formami po\u0161kodenia.<\/p>\t\t\t\t\t\t<\/div>\n\t\t\t\t<\/div>\n\t\t\t\t\t<\/div>\n\t\t<\/div>\n\t\t\t\t<div class=\"elementor-column elementor-col-20 elementor-top-column elementor-element elementor-element-1dbbe68\" data-id=\"1dbbe68\" data-element_type=\"column\">\n\t\t\t<div class=\"elementor-widget-wrap elementor-element-populated\">\n\t\t\t\t\t\t<div class=\"elementor-element elementor-element-7a1c5af elementor-widget elementor-widget-text-editor\" data-id=\"7a1c5af\" data-element_type=\"widget\" data-widget_type=\"text-editor.default\">\n\t\t\t\t<div class=\"elementor-widget-container\">\n\t\t\t\t\t\t\t<p><strong>Medzi \u010fal\u0161ie zariadenia,<\/strong> ktor\u00e9 sa \u010dasto kontroluj\u00fa pri vysokom nap\u00e4t\u00ed, patria tie\u017e komponenty ako kondenz\u00e1tory, poistky a elektrick\u00e9 z\u00e1suvky.<\/p>\t\t\t\t\t\t<\/div>\n\t\t\t\t<\/div>\n\t\t\t\t\t<\/div>\n\t\t<\/div>\n\t\t\t\t\t<\/div>\n\t\t<\/section>\n\t\t\t\t<section class=\"elementor-section elementor-top-section elementor-element elementor-element-f7c3738 elementor-section-boxed elementor-section-height-default elementor-section-height-default\" data-id=\"f7c3738\" data-element_type=\"section\">\n\t\t\t\t\t\t<div class=\"elementor-container elementor-column-gap-default\">\n\t\t\t\t\t<div class=\"elementor-column elementor-col-100 elementor-top-column elementor-element elementor-element-db490a1\" data-id=\"db490a1\" data-element_type=\"column\">\n\t\t\t<div class=\"elementor-widget-wrap elementor-element-populated\">\n\t\t\t\t\t\t<div class=\"elementor-element elementor-element-d016de5 elementor-widget-divider--view-line elementor-widget elementor-widget-divider\" data-id=\"d016de5\" data-element_type=\"widget\" data-widget_type=\"divider.default\">\n\t\t\t\t<div class=\"elementor-widget-container\">\n\t\t\t\t\t<div class=\"elementor-divider\">\n\t\t\t<span class=\"elementor-divider-separator\">\n\t\t\t\t\t\t<\/span>\n\t\t<\/div>\n\t\t\t\t<\/div>\n\t\t\t\t<\/div>\n\t\t\t\t\t<\/div>\n\t\t<\/div>\n\t\t\t\t\t<\/div>\n\t\t<\/section>\n\t\t\t\t<\/div>","protected":false},"excerpt":{"rendered":"Rev\u00edzia vysok\u00e9ho nap\u00e4tia Trafostanice, transform\u00e1tory, rozvodne a ostatn\u00e9 zariadenia nad 1kV- profesion\u00e1lne, kvalitne a pod\u013ea platn\u00fdch noriem a predpisovreeltech@reeltech.sk Rev\u00edzia vysok\u00e9ho nap\u00e4tia a v\u00fdbu\u0161n\u00e9ho prostredia Disponujeme pracovn\u00edkmi vy\u0161kolen\u00fdmi na rev\u00edzie vysok\u00e9ho nap\u00e4tia a v\u00fdbu\u0161n\u00e9ho prostredia ATEX). Odborn\u00e1 prehliadka a Odborn\u00e1 sk\u00fa\u0161ka VN pr\u00edpojok, trafostan\u00edc a VN veden\u00ed nie je pre n\u00e1s \u017eiadny probl\u00e9m. Na\u0161i pracovn\u00edci&#8230;","protected":false},"author":1,"featured_media":1639,"parent":0,"menu_order":31,"comment_status":"closed","ping_status":"closed","template":"","meta":{"footnotes":""},"class_list":["post-1640","page","type-page","status-publish","has-post-thumbnail","hentry"],"_links":{"self":[{"href":"https:\/\/reeltech.sk\/hu\/wp-json\/wp\/v2\/pages\/1640","targetHints":{"allow":["GET"]}}],"collection":[{"href":"https:\/\/reeltech.sk\/hu\/wp-json\/wp\/v2\/pages"}],"about":[{"href":"https:\/\/reeltech.sk\/hu\/wp-json\/wp\/v2\/types\/page"}],"author":[{"embeddable":true,"href":"https:\/\/reeltech.sk\/hu\/wp-json\/wp\/v2\/users\/1"}],"replies":[{"embeddable":true,"href":"https:\/\/reeltech.sk\/hu\/wp-json\/wp\/v2\/comments?post=1640"}],"version-history":[{"count":27,"href":"https:\/\/reeltech.sk\/hu\/wp-json\/wp\/v2\/pages\/1640\/revisions"}],"predecessor-version":[{"id":2670,"href":"https:\/\/reeltech.sk\/hu\/wp-json\/wp\/v2\/pages\/1640\/revisions\/2670"}],"wp:featuredmedia":[{"embeddable":true,"href":"https:\/\/reeltech.sk\/hu\/wp-json\/wp\/v2\/media\/1639"}],"wp:attachment":[{"href":"https:\/\/reeltech.sk\/hu\/wp-json\/wp\/v2\/media?parent=1640"}],"curies":[{"name":"wp","href":"https:\/\/api.w.org\/{rel}","templated":true}]}}