{"id":1072,"date":"2019-05-01T09:26:31","date_gmt":"2019-05-01T09:26:31","guid":{"rendered":"https:\/\/victorthemes.com\/themes\/windfall\/?page_id=1072"},"modified":"2025-02-06T18:39:14","modified_gmt":"2025-02-06T17:39:14","slug":"formular-cenova-ponuka","status":"publish","type":"page","link":"https:\/\/reeltech.sk\/hu\/formular-cenova-ponuka\/","title":{"rendered":"Formul\u00e1r cenov\u00e1 ponuka"},"content":{"rendered":"<div data-elementor-type=\"wp-post\" data-elementor-id=\"1072\" class=\"elementor elementor-1072\">\n\t\t\t\t\t\t<section class=\"elementor-section elementor-top-section elementor-element elementor-element-ef708e6 elementor-section-boxed elementor-section-height-default elementor-section-height-default\" data-id=\"ef708e6\" data-element_type=\"section\">\n\t\t\t\t\t\t<div class=\"elementor-container elementor-column-gap-default\">\n\t\t\t\t\t<div class=\"elementor-column elementor-col-100 elementor-top-column elementor-element elementor-element-bb092e7\" data-id=\"bb092e7\" data-element_type=\"column\">\n\t\t\t<div class=\"elementor-widget-wrap elementor-element-populated\">\n\t\t\t\t\t\t<div class=\"elementor-element elementor-element-6848927 elementor-widget elementor-widget-vt-windfall_add_shortcode\" data-id=\"6848927\" data-element_type=\"widget\" data-widget_type=\"vt-windfall_add_shortcode.default\">\n\t\t\t\t<div class=\"elementor-widget-container\">\n\t\t\t<div class=\"windfall-shortcode\"><p><div id=\"multi-step-form\" class=\"fw-wizard\" data-stepcount=\"2\" data-wizardid=\"2\">\n    <div class=\"fw-wizard-step-header-container\">\n        <div class=\"fw-container\" data-redirect=\"\">\n                <div class=\"fw-wizard-step-header\" data-stepid=\"0\">\n            <span class=\"msf-h2\"><\/span>\n            <p class=\"fw-copytext\">vyberte o ak\u00fd typ projektovej dokument\u00e1cie m\u00e1te z\u00e1ujem<\/p>\n        <\/div>\n                <div class=\"fw-wizard-step-header\" data-stepid=\"1\">\n            <span class=\"msf-h2\"><\/span>\n            <p class=\"fw-copytext\"><\/p>\n        <\/div>\n                <\/div>\n    <\/div>\n    <div class=\"fw-progress-bar-container\">\n        <div class=\"fw-container\">\n    <div class=\"fw-progress-wrap\">\n    <ul class=\"fw-progress-bar\"\n        data-activecolor=\"#1d7071\"\n        data-donecolor=\"#43a047\"\n        data-nextcolor=\"#aaa\"\n        data-buttoncolor=\"#1d7071\">\n                <li class=\"fw-progress-step\"\n            data-id=\"0\">\n            <span class=\"fw-progress-bar-bar\"><\/span>\n            <span class=\"fw-txt-ellipsis\" data-title=\"O \u010do m\u00e1te z\u00e1ujem?\">O \u010do m\u00e1te z\u00e1ujem?<\/span>\n                    <\/li>\n                    <li class=\"fw-progress-step\"\n            data-id=\"1\">\n            <span class=\"fw-progress-bar-bar\"><\/span>\n            <span class=\"fw-txt-ellipsis\" data-title=\"Va\u0161e kontaktn\u00e9 \u00fadaje\">Va\u0161e kontaktn\u00e9 \u00fadaje<\/span>\n                    <\/li>\n                <\/ul>\n<\/div>\n        <\/div>\n    <\/div>\n    <div class=\"fw-wizard-step-container\">\n        <div class=\"fw-container\">\n                    <div class=\"fw-wizard-step\" data-stepid=\"0\">\n                <div class=\"fw-step-part  fw-plain-layout\" data-partid=\"0\">\n\t<span class=\"fw-step-part-title\">\n\t\t\tSzolg\u00e1ltat\u00e1sok\t<\/span>\n\t<div class=\"fw-clearfix\"><\/div>\n\t<div class=\"fw-step-part-body\">\n\t\t\t\t\t\t\t\t\t<div class=\"fw-step-block\" data-blockid=\"2\" data-type=\"fw-radio\" data-required=\"true\">\n\t\t\t\t\t\t\t\t<span class=\"msf-h3\">Vyberte si z pon\u00fakan\u00fdch slu\u017eieb<\/span>\n\t\t\t\t\t<br>\n\t\t\t\t\t\t\t\t\t\t<div class=\"fw-choice fw-input-container\" data-type=\"fw-checkbox\">\n\t\t\t\t\t\t<input id=\"fw-2-0-0-0-1\" type=\"checkbox\" class=\"fw-checkbox\" name=\"fw-2-0-0-0\" data-id=\"1\">\n\t\t\t\t\t\t<label for=\"fw-2-0-0-0-1\" data-labelid=\"1\">Projekt elektrickej pr\u00edpojky<\/label>\n\t\t\t\t\t<\/div>\n\t\t\t\t\t\t\t\t\t\t<div class=\"fw-choice fw-input-container\" data-type=\"fw-checkbox\">\n\t\t\t\t\t\t<input id=\"fw-2-0-0-0-2\" type=\"checkbox\" class=\"fw-checkbox\" name=\"fw-2-0-0-0\" data-id=\"2\">\n\t\t\t\t\t\t<label for=\"fw-2-0-0-0-2\" data-labelid=\"2\">Projekt elektrickej in\u0161tal\u00e1cie<\/label>\n\t\t\t\t\t<\/div>\n\t\t\t\t\t\t\t\t\t\t<div class=\"fw-choice fw-input-container\" data-type=\"fw-checkbox\">\n\t\t\t\t\t\t<input id=\"fw-2-0-0-0-3\" type=\"checkbox\" class=\"fw-checkbox\" name=\"fw-2-0-0-0\" data-id=\"3\">\n\t\t\t\t\t\t<label for=\"fw-2-0-0-0-3\" data-labelid=\"3\">Projek bleskozvodu<\/label>\n\t\t\t\t\t<\/div>\n\t\t\t\t\t\t\t\t\t\t<div class=\"fw-choice fw-input-container\" data-type=\"fw-checkbox\">\n\t\t\t\t\t\t<input id=\"fw-2-0-0-0-4\" type=\"checkbox\" class=\"fw-checkbox\" name=\"fw-2-0-0-0\" data-id=\"4\">\n\t\t\t\t\t\t<label for=\"fw-2-0-0-0-4\" data-labelid=\"4\">Projekt Fotovoltickej elektr\u00e1rne<\/label>\n\t\t\t\t\t<\/div>\n\t\t\t\t\t\t\t\t\t\t<div class=\"fw-choice fw-input-container\" data-type=\"fw-checkbox\">\n\t\t\t\t\t\t<input id=\"fw-2-0-0-0-5\" type=\"checkbox\" class=\"fw-checkbox\" name=\"fw-2-0-0-0\" data-id=\"5\">\n\t\t\t\t\t\t<label for=\"fw-2-0-0-0-5\" data-labelid=\"5\">Projekt Trafostanice vysok\u00e9ho nap\u00e4tia ( VN)<\/label>\n\t\t\t\t\t<\/div>\n\t\t\t\t\t\t\t<\/div>\n\t\t\t\t\t\t\t\t\t\t\t<div class=\"fw-step-block\" data-blockid=\"2\" data-type=\"fw-textarea\" data-required=\"true\">\n\t\t\t<div class=\"fw-input-container\">\n\t\t\t\t<label for=\"msf-textarea-stru\u010dn\u00fd-popis-po\u017eiadavky\"><span class=\"msf-h3\">Stru\u010dn\u00fd popis po\u017eiadavky<\/span><\/label>\n\t\t\t\t<textarea \n\t\t\t\t\tclass=\"fw-textarea\"\n\t\t\t\t\tid=\"msf-textarea-stru\u010dn\u00fd-popis-po\u017eiadavky\"\n\t\t\t\t\tdata-id=\"textarea\"><\/textarea>\n\t\t\t\t<span class=\"fa fa-pencil t-area form-control-feedback\" aria-hidden=\"true\"><\/span>\n\t\t\t<\/div>\n\t\t\t<div class=\"fw-clearfix\"><\/div>\n\t\t<\/div>\n\t\t\t\t\t\t\t\t\t\t\t<div class=\"fw-step-block\" data-blockid=\"2\" data-type=\"fw-text\" data-required=\"true\">\n\t\t\t<div class=\"fw-input-container\">\n\t\t\t\t<label for=\"msf-text-katastr\u00e1lne-\u00fazemie\"><span class=\"msf-h3\">Katastr\u00e1lne \u00fazemie<\/span><\/label>\n\t\t\t\t<input \n\t\t\t\t\ttype=\"text\" \n\t\t\t\t\tclass=\"fw-text-input\" \n\t\t\t\t\tid=\"msf-text-katastr\u00e1lne-\u00fazemie\"\n\t\t\t\t\tdata-id=\"text\">\n\t\t\t\t<span class=\"fa fa-pencil form-control-feedback\" aria-hidden=\"true\"><\/span>\n\t\t\t<\/div>\n\t\t\t<div class=\"fw-clearfix\"><\/div>\n\t\t<\/div>\n\t\t\t\t\t\t\t\t\t\t\t<div class=\"fw-step-block\" data-blockid=\"2\" data-type=\"fw-text\" data-required=\"true\">\n\t\t\t<div class=\"fw-input-container\">\n\t\t\t\t<label for=\"msf-text-parceln\u00e9-\u010d\u00edslo:\"><span class=\"msf-h3\">parceln\u00e9 \u010d\u00edslo:<\/span><\/label>\n\t\t\t\t<input \n\t\t\t\t\ttype=\"text\" \n\t\t\t\t\tclass=\"fw-text-input\" \n\t\t\t\t\tid=\"msf-text-parceln\u00e9-\u010d\u00edslo:\"\n\t\t\t\t\tdata-id=\"text\">\n\t\t\t\t<span class=\"fa fa-pencil form-control-feedback\" aria-hidden=\"true\"><\/span>\n\t\t\t<\/div>\n\t\t\t<div class=\"fw-clearfix\"><\/div>\n\t\t<\/div>\n\t\t\t\t\t\t\t\t\t\t\t<div class=\"fw-step-block\" data-blockid=\"2\" data-type=\"fw-text\" data-required=\"false\">\n\t\t\t<div class=\"fw-input-container\">\n\t\t\t\t<label for=\"msf-text-ulica-a-popisn\u00e9-\u010dislo\"><span class=\"msf-h3\">Ulica a popisn\u00e9 \u010dislo<\/span><\/label>\n\t\t\t\t<input \n\t\t\t\t\ttype=\"text\" \n\t\t\t\t\tclass=\"fw-text-input\" \n\t\t\t\t\tid=\"msf-text-ulica-a-popisn\u00e9-\u010dislo\"\n\t\t\t\t\tdata-id=\"text\">\n\t\t\t\t<span class=\"fa fa-pencil form-control-feedback\" aria-hidden=\"true\"><\/span>\n\t\t\t<\/div>\n\t\t\t<div class=\"fw-clearfix\"><\/div>\n\t\t<\/div>\n\t\t\t\t\t\t\t\t\t\t\t<div class=\"fw-step-block\" data-blockid=\"2\" data-type=\"fw-textarea\" data-required=\"true\">\n\t\t\t<div class=\"fw-input-container\">\n\t\t\t\t<label for=\"msf-textarea-investor-:-meno,-priezvisko,-adresa,-kontakt\"><span class=\"msf-h3\">Investor : Meno, Priezvisko, Adresa, kontakt<\/span><\/label>\n\t\t\t\t<textarea \n\t\t\t\t\tclass=\"fw-textarea\"\n\t\t\t\t\tid=\"msf-textarea-investor-:-meno,-priezvisko,-adresa,-kontakt\"\n\t\t\t\t\tdata-id=\"textarea\"><\/textarea>\n\t\t\t\t<span class=\"fa fa-pencil t-area form-control-feedback\" aria-hidden=\"true\"><\/span>\n\t\t\t<\/div>\n\t\t\t<div class=\"fw-clearfix\"><\/div>\n\t\t<\/div>\n\t\t\t\t\t\t\t\t\t\t\t<div class=\"fw-step-block\" data-blockid=\"2\" data-type=\"fw-radio\" data-required=\"true\">\n\t\t\t\t\t\t\t\t<span class=\"msf-h3\">Pripojovacia Distribu\u010dn\u00e1 spolo\u010dnos\u0165 ( Spolo\u010dnos\u0165 do ktorej ste pripojen\u00fd)<\/span>\n\t\t\t\t\t<br>\n\t\t\t\t\t\t\t\t\t\t<span class=\"fw-choice fw-radio-row\">\n\t\t\t\t\t\t<input id=\"fw-2-0-0-6-1\" type=\"radio\" name=\"fw-2-0-0-6\" class=\"fw-radio\" data-id=\"1\">\n\t\t\t\t\t\t<label for=\"fw-2-0-0-6-1\" data-labelid=\"1\">ZSD<\/label>\n\t\t\t\t\t<\/span>\n\t\t\t\t\t\t\t\t\t\t<span class=\"fw-choice fw-radio-row\">\n\t\t\t\t\t\t<input id=\"fw-2-0-0-6-2\" type=\"radio\" name=\"fw-2-0-0-6\" class=\"fw-radio\" data-id=\"2\">\n\t\t\t\t\t\t<label for=\"fw-2-0-0-6-2\" data-labelid=\"2\">SSD<\/label>\n\t\t\t\t\t<\/span>\n\t\t\t\t\t\t\t\t\t\t<span class=\"fw-choice fw-radio-row\">\n\t\t\t\t\t\t<input id=\"fw-2-0-0-6-3\" type=\"radio\" name=\"fw-2-0-0-6\" class=\"fw-radio\" data-id=\"3\">\n\t\t\t\t\t\t<label for=\"fw-2-0-0-6-3\" data-labelid=\"3\">VSD<\/label>\n\t\t\t\t\t<\/span>\n\t\t\t\t\t\t\t<\/div>\n\t\t\t\t\t\t\t\t\t\t\t<div class=\"fw-step-block\" data-blockid=\"2\" data-type=\"fw-radio\" data-required=\"true\">\n\t\t\t\t\t\t\t\t<span class=\"msf-h3\">Hodnota hlavn\u00e9ho isti\u010da stavby (uveden\u00e9ho v \u017eiadosti alebo ak\u00fd po\u017eadujete)<\/span>\n\t\t\t\t\t<br>\n\t\t\t\t\t\t\t\t\t\t<span class=\"fw-choice fw-radio-row\">\n\t\t\t\t\t\t<input id=\"fw-2-0-0-7-1\" type=\"radio\" name=\"fw-2-0-0-7\" class=\"fw-radio\" data-id=\"1\">\n\t\t\t\t\t\t<label for=\"fw-2-0-0-7-1\" data-labelid=\"1\">B16<\/label>\n\t\t\t\t\t<\/span>\n\t\t\t\t\t\t\t\t\t\t<span class=\"fw-choice fw-radio-row\">\n\t\t\t\t\t\t<input id=\"fw-2-0-0-7-2\" type=\"radio\" name=\"fw-2-0-0-7\" class=\"fw-radio\" data-id=\"2\">\n\t\t\t\t\t\t<label for=\"fw-2-0-0-7-2\" data-labelid=\"2\">B25<\/label>\n\t\t\t\t\t<\/span>\n\t\t\t\t\t\t\t\t\t\t<span class=\"fw-choice fw-radio-row\">\n\t\t\t\t\t\t<input id=\"fw-2-0-0-7-3\" type=\"radio\" name=\"fw-2-0-0-7\" class=\"fw-radio\" data-id=\"3\">\n\t\t\t\t\t\t<label for=\"fw-2-0-0-7-3\" data-labelid=\"3\">B32<\/label>\n\t\t\t\t\t<\/span>\n\t\t\t\t\t\t\t\t\t\t<span class=\"fw-choice fw-radio-row\">\n\t\t\t\t\t\t<input id=\"fw-2-0-0-7-4\" type=\"radio\" name=\"fw-2-0-0-7\" class=\"fw-radio\" data-id=\"4\">\n\t\t\t\t\t\t<label for=\"fw-2-0-0-7-4\" data-labelid=\"4\">B40<\/label>\n\t\t\t\t\t<\/span>\n\t\t\t\t\t\t\t\t\t\t<span class=\"fw-choice fw-radio-row\">\n\t\t\t\t\t\t<input id=\"fw-2-0-0-7-5\" type=\"radio\" name=\"fw-2-0-0-7\" class=\"fw-radio\" data-id=\"5\">\n\t\t\t\t\t\t<label for=\"fw-2-0-0-7-5\" data-labelid=\"5\">in\u00e9<\/label>\n\t\t\t\t\t<\/span>\n\t\t\t\t\t\t\t<\/div>\n\t\t\t\t\t\t\t\t\t\t\t<div class=\"fw-step-block\" data-blockid=\"2\" data-type=\"fw-file\" data-required=\"false\">\n\t\t\t<div class=\"fw-input-container\">\n\t\t\t\t<span class=\"msf-h3\">Na\u010d\u00edtaj s\u00fabory (vyjadrenia, fotky, p\u00f4dorys stavby - v\u0161etko \u010do uzn\u00e1te za vhodn\u00e9 )<\/span>\n\t\t\t\t<input type=\"file\" name=\"fw-2-0-0-8\" id=\"fw-2-0-0-8\" class=\"fw-file-upload-input\" >\n\t\t\t\t<label class=\"fw-btn fw-button-fileupload\" for=\"fw-2-0-0-8\"><i class=\"fa fa-upload fw-file-upload-status\" aria-hidden=\"true\"><\/i><span>Choose a file<\/span><\/label>\n\t\t\t\t<p>Max. size: 256,0 MB<\/p>\n\t\t\t<\/div>\n\t\t\t<div class=\"fw-clearfix\"><\/div>\n\t\t<\/div>\n\t  \t\t\t\t\t\t\t\t\t<div class=\"fw-step-block\" data-blockid=\"2\" data-type=\"fw-file\" data-required=\"false\">\n\t\t\t<div class=\"fw-input-container\">\n\t\t\t\t<span class=\"msf-h3\">Na\u010d\u00edtaj s\u00fabory<\/span>\n\t\t\t\t<input type=\"file\" name=\"fw-2-0-0-9\" id=\"fw-2-0-0-9\" class=\"fw-file-upload-input\" >\n\t\t\t\t<label class=\"fw-btn fw-button-fileupload\" for=\"fw-2-0-0-9\"><i class=\"fa fa-upload fw-file-upload-status\" aria-hidden=\"true\"><\/i><span>Choose a file<\/span><\/label>\n\t\t\t\t<p>Max. size: 256,0 MB<\/p>\n\t\t\t<\/div>\n\t\t\t<div class=\"fw-clearfix\"><\/div>\n\t\t<\/div>\n\t  \t\t\t\t\t\t\t\t\t<div class=\"fw-step-block\" data-blockid=\"2\" data-type=\"fw-file\" data-required=\"false\">\n\t\t\t<div class=\"fw-input-container\">\n\t\t\t\t<span class=\"msf-h3\">Na\u010d\u00edtaj s\u00fabory<\/span>\n\t\t\t\t<input type=\"file\" name=\"fw-2-0-0-10\" id=\"fw-2-0-0-10\" class=\"fw-file-upload-input\" >\n\t\t\t\t<label class=\"fw-btn fw-button-fileupload\" for=\"fw-2-0-0-10\"><i class=\"fa fa-upload fw-file-upload-status\" aria-hidden=\"true\"><\/i><span>Choose a file<\/span><\/label>\n\t\t\t\t<p>Max. size: 256,0 MB<\/p>\n\t\t\t<\/div>\n\t\t\t<div class=\"fw-clearfix\"><\/div>\n\t\t<\/div>\n\t  \t\t\t\t\t\t\t\t\t<div class=\"fw-step-block\" data-blockid=\"2\" data-type=\"fw-file\" data-required=\"false\">\n\t\t\t<div class=\"fw-input-container\">\n\t\t\t\t<span class=\"msf-h3\">Na\u010d\u00edtaj s\u00fabory<\/span>\n\t\t\t\t<input type=\"file\" name=\"fw-2-0-0-11\" id=\"fw-2-0-0-11\" class=\"fw-file-upload-input\" >\n\t\t\t\t<label class=\"fw-btn fw-button-fileupload\" for=\"fw-2-0-0-11\"><i class=\"fa fa-upload fw-file-upload-status\" aria-hidden=\"true\"><\/i><span>Choose a file<\/span><\/label>\n\t\t\t\t<p>Max. size: 256,0 MB<\/p>\n\t\t\t<\/div>\n\t\t\t<div class=\"fw-clearfix\"><\/div>\n\t\t<\/div>\n\t  \t\t\t\t\t\t\t\t\t<div class=\"fw-step-block\" data-blockid=\"2\" data-type=\"fw-file\" data-required=\"false\">\n\t\t\t<div class=\"fw-input-container\">\n\t\t\t\t<span class=\"msf-h3\">Na\u010d\u00edtaj s\u00fabory<\/span>\n\t\t\t\t<input type=\"file\" name=\"fw-2-0-0-12\" id=\"fw-2-0-0-12\" class=\"fw-file-upload-input\" >\n\t\t\t\t<label class=\"fw-btn fw-button-fileupload\" for=\"fw-2-0-0-12\"><i class=\"fa fa-upload fw-file-upload-status\" aria-hidden=\"true\"><\/i><span>Choose a file<\/span><\/label>\n\t\t\t\t<p>Max. size: 256,0 MB<\/p>\n\t\t\t<\/div>\n\t\t\t<div class=\"fw-clearfix\"><\/div>\n\t\t<\/div>\n\t  \t\t\t\t<\/div>\n<\/div>\n\t\t\t                <div class=\"fw-clearfix\"><\/div>\n            <\/div>\n                        <div class=\"fw-wizard-step\" data-stepid=\"1\">\n                <div class=\"fw-step-part  fw-plain-layout\" data-partid=\"0\">\n\t<span class=\"fw-step-part-title\">\n\t\t\tKontaktne \u00fadaje\t<\/span>\n\t<div class=\"fw-clearfix\"><\/div>\n\t<div class=\"fw-step-part-body\">\n\t\t\t\t\t\t\t\t\t<div class=\"fw-step-block\" data-blockid=\"2\" data-type=\"fw-email\" data-required=\"true\">\n\t\t\t<div class=\"fw-input-container\">\n\t\t\t\t<label for=\"msf-mail-email\"><span class=\"msf-h3\">Email<\/span><\/label>\n\t\t\t\t<input type=\"text\" id=\"msf-mail-email\"  class=\"fw-text-input one\" data-id=\"email\">\n\t\t\t\t<span class=\"fa fa-envelope form-control-feedback\" aria-hidden=\"true\"><\/span>\n\t\t\t<\/div>\n\t\t\t\t\t\t<div class=\"fw-clearfix\"><\/div>\n\t\t<\/div>\n\t  \t\t\t\t\t\t\t\t\t<div class=\"fw-step-block\" data-blockid=\"2\" data-type=\"fw-text\" data-required=\"false\">\n\t\t\t<div class=\"fw-input-container\">\n\t\t\t\t<label for=\"msf-text-telefon\"><span class=\"msf-h3\">Telefon<\/span><\/label>\n\t\t\t\t<input \n\t\t\t\t\ttype=\"text\" \n\t\t\t\t\tclass=\"fw-text-input\" \n\t\t\t\t\tid=\"msf-text-telefon\"\n\t\t\t\t\tdata-id=\"text\">\n\t\t\t\t<span class=\"fa fa-pencil form-control-feedback\" aria-hidden=\"true\"><\/span>\n\t\t\t<\/div>\n\t\t\t<div class=\"fw-clearfix\"><\/div>\n\t\t<\/div>\n\t\t\t\t\t\t<\/div>\n<\/div>\n\t\t\t                        <div class=\"fw-summary-container\">\n                            <button type=\"button\" class=\"fw-toggle-summary\">SHOW SUMMARY<\/button>\n                            <div id=\"wizard-summary\" class=\"fw-wizard-summary\" style=\"display:none;\" data-showsummary=\"on\">\n                            <div class=\"fw-summary-alert\">Some required Fields are empty<br>Please check the highlighted fields.<\/div>\n                            <\/div>\n                        <\/div>\n                                                <input \n                            type=\"hidden\"\n                            class=\"msf-recaptcha-token\"\n                            data-sitekey=\"6Leof-IqAAAAAGcsqUUQx_LII90a3xP5EkuLlMfs\"\n                            data-invisible=\"true\"\n                        >\n                        <br\/><br\/>\n                        <div \n                            class=\"msf-recaptcha-element\"\n                            data-size=\"invisible\"                        ><\/div>\n                        <br\/>\n                                            <button type=\"button\" class=\"fw-btn-submit\">Submit<\/button>\n                                <div class=\"fw-clearfix\"><\/div>\n            <\/div>\n                    <\/div>\n    <\/div>\n        <div class=\"fw-wizard-button-container\">\n        <div class=\"fw-container\">\n            <div class=\"fw-wizard-buttons\">\n                <button class=\"fw-button-previous\"><i class=\"fa fa-arrow-circle-left\" aria-hidden=\"true\"><\/i> &nbsp;Previous Step<\/button>\n                <button class=\"fw-button-next\">Next Step &nbsp;<i class=\"fa fa-arrow-circle-right\" aria-hidden=\"true\"><\/i><\/button>\n            <\/div>\n        <\/div>\n    <\/div>\n        <div class=\"fw-alert-user\" style=\"display:none;\"><\/div>\n<\/div>\n<\/p><\/div>\t\t<\/div>\n\t\t\t\t<\/div>\n\t\t\t\t\t<\/div>\n\t\t<\/div>\n\t\t\t\t\t<\/div>\n\t\t<\/section>\n\t\t\t\t<\/div>","protected":false},"excerpt":{"rendered":"vyberte o ak\u00fd typ projektovej dokument\u00e1cie m\u00e1te z\u00e1ujem O \u010do m\u00e1te z\u00e1ujem? Va\u0161e kontaktn\u00e9 \u00fadaje Slu\u017eby Vyberte si z pon\u00fakan\u00fdch slu\u017eieb Projekt elektrickej pr\u00edpojky Projekt elektrickej in\u0161tal\u00e1cie Projek bleskozvodu Projekt Fotovoltickej elektr\u00e1rne Projekt Trafostanice vysok\u00e9ho nap\u00e4tia ( VN) Stru\u010dn\u00fd popis po\u017eiadavky Katastr\u00e1lne \u00fazemie parceln\u00e9 \u010d\u00edslo: Ulica a popisn\u00e9 \u010dislo Investor : Meno, Priezvisko, Adresa, kontakt&#8230;","protected":false},"author":1,"featured_media":0,"parent":0,"menu_order":0,"comment_status":"closed","ping_status":"closed","template":"","meta":{"footnotes":""},"class_list":["post-1072","page","type-page","status-publish","hentry"],"_links":{"self":[{"href":"https:\/\/reeltech.sk\/hu\/wp-json\/wp\/v2\/pages\/1072","targetHints":{"allow":["GET"]}}],"collection":[{"href":"https:\/\/reeltech.sk\/hu\/wp-json\/wp\/v2\/pages"}],"about":[{"href":"https:\/\/reeltech.sk\/hu\/wp-json\/wp\/v2\/types\/page"}],"author":[{"embeddable":true,"href":"https:\/\/reeltech.sk\/hu\/wp-json\/wp\/v2\/users\/1"}],"replies":[{"embeddable":true,"href":"https:\/\/reeltech.sk\/hu\/wp-json\/wp\/v2\/comments?post=1072"}],"version-history":[{"count":0,"href":"https:\/\/reeltech.sk\/hu\/wp-json\/wp\/v2\/pages\/1072\/revisions"}],"wp:attachment":[{"href":"https:\/\/reeltech.sk\/hu\/wp-json\/wp\/v2\/media?parent=1072"}],"curies":[{"name":"wp","href":"https:\/\/api.w.org\/{rel}","templated":true}]}}