{"id":1777,"date":"2023-05-19T10:41:31","date_gmt":"2023-05-19T08:41:31","guid":{"rendered":"https:\/\/reeltech.sk\/ostatne-elektroenergeticke-zariadenia\/"},"modified":"2026-04-30T06:47:12","modified_gmt":"2026-04-30T04:47:12","slug":"ostatne-elektroenergeticke-zariadenia","status":"publish","type":"page","link":"https:\/\/reeltech.sk\/es\/ostatne-elektroenergeticke-zariadenia\/","title":{"rendered":"Ostatn\u00e9 elektroenergetick\u00e9 zariadenia"},"content":{"rendered":"<div data-elementor-type=\"wp-page\" data-elementor-id=\"1777\" class=\"elementor elementor-1777\">\n\t\t\t\t\t\t<section class=\"elementor-section elementor-top-section elementor-element elementor-element-49db1f0 elementor-section-boxed elementor-section-height-default elementor-section-height-default\" data-id=\"49db1f0\" data-element_type=\"section\">\n\t\t\t\t\t\t<div class=\"elementor-container elementor-column-gap-default\">\n\t\t\t\t\t<div class=\"elementor-column elementor-col-100 elementor-top-column elementor-element elementor-element-\" data-id=\"\" data-element_type=\"column\">\n\t\t\t<div class=\"elementor-widget-wrap elementor-element-populated\">\n\t\t\t\t\t\t<div class=\"elementor-element elementor-element- elementor-widget elementor-widget-text-editor\" data-id=\"\" data-element_type=\"widget\" data-widget_type=\"text-editor.default\">\n\t\t\t\t<div class=\"elementor-widget-container\">\n\t\t\t\t\t\t\t<h2>Rev\u00edzie ostatn\u00fdch elektroenergetick\u00fdch zariaden\u00ed<\/h2>\n<p>Vykon\u00e1vame odborn\u00e9 kontroly, merania a rev\u00edzie elektroenergetick\u00fdch zariaden\u00ed, ktor\u00e9 nespadaj\u00fa do be\u017en\u00fdch kateg\u00f3ri\u00ed elektroin\u0161tal\u00e1ci\u00ed, spotrebi\u010dov alebo bleskozvodov. Ide najm\u00e4 o technick\u00e9 zariadenia v prev\u00e1dzkach, are\u00e1loch, rozvodniach, v\u00fdrobn\u00fdch objektoch a energetick\u00fdch syst\u00e9moch, kde je d\u00f4le\u017eit\u00e1 bezpe\u010dnos\u0165, spo\u013eahlivos\u0165 a spr\u00e1vna dokument\u00e1cia.<\/p>\n<p>Pri rev\u00edzii posudzujeme stav elektrickej \u010dasti zariadenia, ochrann\u00e9 prvky, istenie, uzemnenie, posp\u00e1janie, ozna\u010denie okruhov, prev\u00e1dzkov\u00e9 podmienky a dostupn\u00fa technick\u00fa dokument\u00e1ciu. V\u00fdsledkom je rev\u00edzna spr\u00e1va a praktick\u00e9 odpor\u00fa\u010dania pre odstr\u00e1nenie zisten\u00fdch nedostatkov.<\/p>\n<h2>Ak\u00e9 zariadenia vieme skontrolova\u0165<\/h2>\n<ul>\n<li>elektroenergetick\u00e9 zariadenia v priemyseln\u00fdch a v\u00fdrobn\u00fdch prev\u00e1dzkach,<\/li>\n<li>technologick\u00e9 rozv\u00e1dza\u010de, nap\u00e1jacie okruhy a pomocn\u00e9 elektro syst\u00e9my,<\/li>\n<li>zariadenia v energetick\u00fdch are\u00e1loch, rozvodniach a technick\u00fdch miestnostiach,<\/li>\n<li>elektrick\u00e9 \u010dasti technologick\u00fdch liniek a strojov,<\/li>\n<li>uzemnenie, posp\u00e1janie, ochrann\u00e9 prvky a prep\u00e4\u0165ov\u00e9 ochrany,<\/li>\n<li>ne\u0161tandardn\u00e9 alebo \u0161pecifick\u00e9 zariadenia pod\u013ea po\u017eiadaviek prev\u00e1dzkovate\u013ea.<\/li>\n<\/ul>\n<h2>Kedy je rev\u00edzia potrebn\u00e1<\/h2>\n<p>Rev\u00edzia je vhodn\u00e1 pri uveden\u00ed zariadenia do prev\u00e1dzky, po rekon\u0161trukcii, po z\u00e1sahu do elektrickej \u010dasti, pri zmene prev\u00e1dzkov\u00fdch podmienok, po poruche alebo v pravideln\u00fdch intervaloch pod\u013ea typu zariadenia a po\u017eiadaviek prev\u00e1dzky. Pri firemn\u00fdch a priemyseln\u00fdch objektoch pom\u00e1ha udr\u017ea\u0165 technick\u00e9 zariadenia v bezpe\u010dnom a preuk\u00e1zate\u013ene kontrolovanom stave.<\/p>\n<h2>SEO a GEO odpovede pre z\u00e1kazn\u00edkov<\/h2>\n<p><strong>\u010co znamenaj\u00fa ostatn\u00e9 elektroenergetick\u00e9 zariadenia?<\/strong><br>Ide o \u0161ir\u0161iu skupinu elektrick\u00fdch a energetick\u00fdch zariaden\u00ed, ktor\u00e9 vy\u017eaduj\u00fa odborn\u00fa kontrolu, ale nemusia patri\u0165 medzi be\u017en\u00e9 domov\u00e9 elektroin\u0161tal\u00e1cie alebo spotrebi\u010de.<\/p>\n<p><strong>Viete ur\u010di\u0165 rozsah rev\u00edzie aj pri \u0161pecifickom zariaden\u00ed?<\/strong><br>\u00c1no. Pri ne\u0161tandardn\u00fdch zariadeniach najsk\u00f4r pos\u00fadime dokument\u00e1ciu, \u00fa\u010del zariadenia, prev\u00e1dzkov\u00e9 podmienky a pod\u013ea toho navrhneme rozsah kontroly.<\/p>\n<p><strong>Kde rev\u00edzie vykon\u00e1vate?<\/strong><br>P\u00f4sob\u00edme najm\u00e4 v regi\u00f3noch Zvolen, Detva, Bansk\u00e1 Bystrica a v \u0161ir\u0161om okol\u00ed stredn\u00e9ho Slovenska. Pri v\u00e4\u010d\u0161\u00edch technol\u00f3gi\u00e1ch a energetick\u00fdch zariadeniach vieme rie\u0161i\u0165 z\u00e1kazky aj v \u010fal\u0161\u00edch lokalit\u00e1ch.<\/p>\t\t\t\t\t\t<\/div>\n\t\t\t\t<\/div>\n\t\t\t\t\t<\/div>\n\t\t<\/div>\n\t\t\t\t\t<\/div>\n\t\t<\/section>\n\t\t\t\t<\/div>","protected":false},"excerpt":{"rendered":"Rev\u00edzie ostatn\u00fdch elektroenergetick\u00fdch zariaden\u00ed Vykon\u00e1vame odborn\u00e9 kontroly, merania a rev\u00edzie elektroenergetick\u00fdch zariaden\u00ed, ktor\u00e9 nespadaj\u00fa do be\u017en\u00fdch kateg\u00f3ri\u00ed elektroin\u0161tal\u00e1ci\u00ed, spotrebi\u010dov alebo bleskozvodov. Ide najm\u00e4 o technick\u00e9 zariadenia v prev\u00e1dzkach, are\u00e1loch, rozvodniach, v\u00fdrobn\u00fdch objektoch a energetick\u00fdch syst\u00e9moch, kde je d\u00f4le\u017eit\u00e1 bezpe\u010dnos\u0165, spo\u013eahlivos\u0165 a spr\u00e1vna dokument\u00e1cia. Pri rev\u00edzii posudzujeme stav elektrickej \u010dasti zariadenia, ochrann\u00e9 prvky, istenie, uzemnenie, posp\u00e1janie,&#8230;","protected":false},"author":9,"featured_media":0,"parent":0,"menu_order":0,"comment_status":"closed","ping_status":"closed","template":"","meta":{"footnotes":""},"class_list":["post-1777","page","type-page","status-publish","hentry"],"_links":{"self":[{"href":"https:\/\/reeltech.sk\/es\/wp-json\/wp\/v2\/pages\/1777","targetHints":{"allow":["GET"]}}],"collection":[{"href":"https:\/\/reeltech.sk\/es\/wp-json\/wp\/v2\/pages"}],"about":[{"href":"https:\/\/reeltech.sk\/es\/wp-json\/wp\/v2\/types\/page"}],"author":[{"embeddable":true,"href":"https:\/\/reeltech.sk\/es\/wp-json\/wp\/v2\/users\/9"}],"replies":[{"embeddable":true,"href":"https:\/\/reeltech.sk\/es\/wp-json\/wp\/v2\/comments?post=1777"}],"version-history":[{"count":5,"href":"https:\/\/reeltech.sk\/es\/wp-json\/wp\/v2\/pages\/1777\/revisions"}],"predecessor-version":[{"id":3343,"href":"https:\/\/reeltech.sk\/es\/wp-json\/wp\/v2\/pages\/1777\/revisions\/3343"}],"wp:attachment":[{"href":"https:\/\/reeltech.sk\/es\/wp-json\/wp\/v2\/media?parent=1777"}],"curies":[{"name":"wp","href":"https:\/\/api.w.org\/{rel}","templated":true}]}}