{"id":1635,"date":"2017-10-15T16:28:13","date_gmt":"2017-10-15T14:28:13","guid":{"rendered":"https:\/\/reeltech.sk\/inspektion-von-elektrischen-anlagen-und-blitz\/"},"modified":"2017-10-15T16:28:13","modified_gmt":"2017-10-15T14:28:13","slug":"inspektion-von-elektrischen-anlagen-und-blitz","status":"publish","type":"page","link":"https:\/\/reeltech.sk\/es\/inspektion-von-elektrischen-anlagen-und-blitz\/","title":{"rendered":"Inspektion von elektrischen Anlagen und Blitz"},"content":{"rendered":"<h1><img decoding=\"async\" class=\"alignleft size-full wp-image-1634\" src=\"https:\/\/reeltech.sk\/wp-content\/uploads\/2017\/10\/images_revizie-elektrickych-zariadeni.jpg\" alt=\"Rev\u00edzie elektrick\u00fdch zariaden\u00ed\" width=\"292\" height=\"140\" style=\"float: left; margin: 10px;\" title=\"\" srcset=\"https:\/\/reeltech.sk\/wp-content\/uploads\/2017\/10\/images_revizie-elektrickych-zariadeni.jpg 363w, https:\/\/reeltech.sk\/wp-content\/uploads\/2017\/10\/images_revizie-elektrickych-zariadeni-300x144.jpg 300w\" sizes=\"(max-width: 292px) 100vw, 292px\" \/><\/h1>\n<h1>Wir f\u00fchren fachliche Untersuchungen und Fachpr\u00fcfungen elektrischer Anlagen&nbsp;\/&nbsp;sicherheitsgerichtete Pr\u00fcfungen der&nbsp;Elektroinstallation&nbsp;und&nbsp;der&nbsp;Blitzableiter in&nbsp;der&nbsp;Slowakei durch.<\/h1>\n<p>Unser Fokus liegt auf der korrekten Bewertung des technischen Zustands der einzelnen Anlagen und auf der genauen Zustandsbestimmung und Betrieb des Anlages gem\u00e4\u00df der g\u00fcltigen Gesetzgebung in der Slowakei. Die korrekte Bewertung des technischen Zustands der gepr\u00fcften Anlage ist ein wichtiger Bestandteil des Berichtes \u00fcber die fachliche Untersuchung und&nbsp;Fachpr\u00fcfungen.<\/p>\n<h2>T\u00e4tigkeiten vor der Inbetriebnahme der Anlage:<\/h2>\n<p>Wir f\u00fchren die Ausgangspr\u00fcfungen und die T\u00e4tigkeiten vor der ersten Inbetriebnahme und Pr\u00fcfung der Anlage durch. Bei der Industrieanlagen bieten wir alles von der Pr\u00fcfung, \u00fcber die technische Anleitung bis hin zur fachlichen Untersuchung und ofiziellen Pr\u00fcfung vor Inbetriebnahme an.<\/p>\n<h2>Periodische Untersuchungen und Pr\u00fcfungen:<\/h2>\n<p>Nach Durchf\u00fchrung der Besichtigung folgt der Vorschlag zur Verbesserung &nbsp;der Sicherheit. Unsere Erfahrungen in der Elektroindustrie reichen von der Pr\u00fcfung der Hausverkabelung \u00fcber&nbsp;die&nbsp;elektrischen Verteiler in den Industriebetrieben bis hin zu erneuerbaren Energiequellen (z.&nbsp;B.&nbsp;Photovoltaik-Kraftwerken).<\/p>\n<p>Zu unseren T\u00e4tigkeiten geh\u00f6ren:<\/p>\n<ul>\n<li><strong>Fachliche Untersuchungen und Fachpr\u00fcfungen&nbsp;\/&nbsp;Installations\u00fcberpr\u00fcfung<\/strong>\n<ul>\n<li>der elektrischen Ger\u00e4te und der Elektroinstallation<\/li>\n<li>der industriellen Objekten und der Industrieger\u00e4te<\/li>\n<li>der Blitzableiter \u2013 passiv und aktiv<\/li>\n<\/ul>\n<\/li>\n<\/ul>\n<ul>\n<li>Revisionen der Arbeitsger\u00e4te<\/li>\n<\/ul>\n<ul>\n<ul>\n<li>Fertigungsmaschinen<\/li>\n<li>Montagelinien und ihre Komponenten<\/li>\n<li>Maschinen in&nbsp;Industry 4.0<\/li>\n<li>\u00dcbersetzung und Erstellung von der zur Maschine geh\u00f6rende Betriebsanleitungen<\/li>\n<li>Anfertigung der Gutachten f\u00fcr die Maschine vor ihrer Inbetriebnahme<\/li>\n<li>fachliche Beurteilung<\/li>\n<\/ul>\n<li>Pr\u00fcfung elektrischer Anlagen<\/li>\n<li>Pr\u00fcfung elektrischer Handwerkzeug<\/li>\n<li>Pr\u00fcfung der Photovoltaik-Kraftwerke<\/li>\n<li>Pr\u00fcfung der Biogas-Kraftwerke<\/li>\n<li>Pr\u00fcfung der Blockheizkraftwerke und Kraftwerke<\/li>\n<li>Behebung der identifizierten M\u00e4ngel nach der Pr\u00fcfung<\/li>\n<li>Kontrollmessung der Lichtintensit\u00e4t in Lux<\/li>\n<\/ul>\n<h5>Na\u0161e p\u00f4sobenie je <strong>vo v\u0161etk\u00fdch regi\u00f3noch<\/strong> Slovenskej Republiky. Pri\u010dom v mest\u00e1ch Zvolen, Detva, Bansk\u00e1 Bystrica <strong>nezapo\u010d\u00edtav\u00e1me dopravn\u00e9 n\u00e1klady<\/strong>. Pre zahrani\u010dn\u00fdch klientov zabezpe\u010dujeme preklad do vybran\u00e9ho jazyku.<\/h5>\n<p><a href=\"https:\/\/plus.google.com\/+ReeltechSk\" rel=\"publisher noopener\" target=\"_blank\">ReelTech na Google+<\/a><\/p>","protected":false},"excerpt":{"rendered":"Wir f\u00fchren fachliche Untersuchungen und Fachpr\u00fcfungen elektrischer Anlagen&nbsp;\/&nbsp;sicherheitsgerichtete Pr\u00fcfungen der&nbsp;Elektroinstallation&nbsp;und&nbsp;der&nbsp;Blitzableiter in&nbsp;der&nbsp;Slowakei durch. Unser Fokus liegt auf der korrekten Bewertung des technischen Zustands der einzelnen Anlagen und auf der genauen Zustandsbestimmung und Betrieb des Anlages gem\u00e4\u00df der g\u00fcltigen Gesetzgebung in der Slowakei. Die korrekte Bewertung des technischen Zustands der gepr\u00fcften Anlage ist ein wichtiger Bestandteil des&#8230;","protected":false},"author":1,"featured_media":1634,"parent":0,"menu_order":33,"comment_status":"closed","ping_status":"closed","template":"","meta":{"footnotes":""},"class_list":["post-1635","page","type-page","status-publish","has-post-thumbnail","hentry"],"_links":{"self":[{"href":"https:\/\/reeltech.sk\/es\/wp-json\/wp\/v2\/pages\/1635","targetHints":{"allow":["GET"]}}],"collection":[{"href":"https:\/\/reeltech.sk\/es\/wp-json\/wp\/v2\/pages"}],"about":[{"href":"https:\/\/reeltech.sk\/es\/wp-json\/wp\/v2\/types\/page"}],"author":[{"embeddable":true,"href":"https:\/\/reeltech.sk\/es\/wp-json\/wp\/v2\/users\/1"}],"replies":[{"embeddable":true,"href":"https:\/\/reeltech.sk\/es\/wp-json\/wp\/v2\/comments?post=1635"}],"version-history":[{"count":0,"href":"https:\/\/reeltech.sk\/es\/wp-json\/wp\/v2\/pages\/1635\/revisions"}],"wp:featuredmedia":[{"embeddable":true,"href":"https:\/\/reeltech.sk\/es\/wp-json\/wp\/v2\/media\/1634"}],"wp:attachment":[{"href":"https:\/\/reeltech.sk\/es\/wp-json\/wp\/v2\/media?parent=1635"}],"curies":[{"name":"wp","href":"https:\/\/api.w.org\/{rel}","templated":true}]}}