{"id":3045,"date":"2024-11-13T23:13:44","date_gmt":"2024-11-13T22:13:44","guid":{"rendered":"https:\/\/reeltech.sk\/?page_id=3045"},"modified":"2024-12-08T19:31:18","modified_gmt":"2024-12-08T18:31:18","slug":"projection-of-photovoltaic-power-plants-3","status":"publish","type":"page","link":"https:\/\/reeltech.sk\/en\/projection-of-photovoltaic-power-plants-3\/","title":{"rendered":"EPS projection, and Evacuation radio"},"content":{"rendered":"<div data-elementor-type=\"wp-page\" data-elementor-id=\"3045\" class=\"elementor elementor-3045\">\n\t\t\t\t\t\t<section class=\"elementor-section elementor-top-section elementor-element elementor-element-d217eaf elementor-section-boxed elementor-section-height-default elementor-section-height-default\" data-id=\"d217eaf\" data-element_type=\"section\">\n\t\t\t\t\t\t<div class=\"elementor-container elementor-column-gap-default\">\n\t\t\t\t\t<div class=\"elementor-column elementor-col-100 elementor-top-column elementor-element elementor-element-0527d2f\" data-id=\"0527d2f\" data-element_type=\"column\">\n\t\t\t<div class=\"elementor-widget-wrap elementor-element-populated\">\n\t\t\t\t\t\t<div class=\"elementor-element elementor-element-2385e75 elementor-widget elementor-widget-vt-windfall_section_title\" data-id=\"2385e75\" data-element_type=\"widget\" data-widget_type=\"vt-windfall_section_title.default\">\n\t\t\t\t<div class=\"elementor-widget-container\">\n\t\t\t<div class=\"section-title-wrap  wndfal-sectTitleElementor\"><h2 class=\"section-title\">Projekt EPS , po\u017eiarneho rozhlasu a signaliz\u00e1cie<\/h2><\/div>\t\t<\/div>\n\t\t\t\t<\/div>\n\t\t\t\t<div class=\"elementor-element elementor-element-f342ce5 elementor-widget elementor-widget-heading\" data-id=\"f342ce5\" data-element_type=\"widget\" data-widget_type=\"heading.default\">\n\t\t\t\t<div class=\"elementor-widget-container\">\n\t\t\t<h2 class=\"elementor-heading-title elementor-size-default\">Projekcia EPS intern\u00fdm projektantom<\/h2>\t\t<\/div>\n\t\t\t\t<\/div>\n\t\t\t\t<div class=\"elementor-element elementor-element-dad4fc6 elementor-widget elementor-widget-text-editor\" data-id=\"dad4fc6\" data-element_type=\"widget\" data-widget_type=\"text-editor.default\">\n\t\t\t\t<div class=\"elementor-widget-container\">\n\t\t\t\t\t\t\t<p data-pm-slice=\"1 1 []\">Projekcia a n\u00e1vrh elektrickej po\u017eiarnej signaliz\u00e1cie (EPS) je proces navrhovania a implement\u00e1cie syst\u00e9mu, ktor\u00fd dok\u00e1\u017ee detekova\u0165 vznik po\u017eiaru a okam\u017eite upozorni\u0165 na t\u00fato skuto\u010dnos\u0165. Spr\u00e1vne navrhnut\u00fd EPS projektantom pom\u00e1ha minimalizova\u0165 rizik\u00e1 pre osoby, majetok a umo\u017e\u0148uje v\u010dasn\u00fa reakciu na vzniknut\u00fa nebezpe\u010dn\u00fa situ\u00e1ciu.<\/p><p>Hlavn\u00e9 kroky pri projektovan\u00ed EPS zah\u0155\u0148aj\u00fa:<\/p><p>1. <strong>Anal\u00fdza objektu a po\u017eiadaviek<\/strong>:<\/p><p>&#8211; Pos\u00fadenie typu objektu (budova, priemyseln\u00e1 hala, sklad) a jeho vyu\u017eitia.<\/p><p>&#8211; Identifik\u00e1cia miest so zv\u00fd\u0161en\u00fdm rizikom po\u017eiaru (kuchyne, dielne, laborat\u00f3ri\u00e1, sklady hor\u013eav\u00fdch l\u00e1tok).<\/p><p>&#8211; V s\u00falade s predpismi a legislat\u00edvou treba stanovi\u0165 po\u017eiadavky na citlivos\u0165 a dosah detektorov.<\/p><p>2. <strong>V\u00fdber vhodn\u00fdch detektorov<\/strong>:<\/p><p>&#8211; Pou\u017e\u00edvaj\u00fa sa r\u00f4zne druhy detektorov, ako s\u00fa dymov\u00e9, teplotn\u00e9, plynov\u00e9 a optick\u00e9 detektory, v z\u00e1vislosti od prostredia.<\/p><p>&#8211; V miestnostiach s vysokou pra\u0161nos\u0165ou alebo vlhkos\u0165ou sa uprednost\u0148uj\u00fa teplotn\u00e9 detektory, zatia\u013e \u010do v be\u017en\u00fdch priestoroch sa pou\u017e\u00edvaj\u00fa dymov\u00e9 detektory.<\/p><p>3. <strong>N\u00e1vrh rozmiestnenia detektorov<\/strong>:<\/p><p>&#8211; Detektory by mali by\u0165 rovnomerne rozmiestnen\u00e9, aby zabezpe\u010dili \u00fapln\u00e9 pokrytie sledovanej plochy.<\/p><p>&#8211; Vysok\u00e9 stropy, prek\u00e1\u017eky a vzduchotechnika m\u00f4\u017eu ovplyvni\u0165 efekt\u00edvnos\u0165 detekcie, a preto ich treba bra\u0165 do \u00favahy pri rozmiest\u0148ovan\u00ed.<\/p><p>4. <strong>Vo\u013eba poplachov\u00fdch zariaden\u00ed<\/strong>:<\/p><p>&#8211; Zvukov\u00e9 a vizu\u00e1lne poplachov\u00e9 zariadenia (sireny, sveteln\u00e9 maj\u00e1ky) umo\u017e\u0148uj\u00fa r\u00fdchlu evaku\u00e1ciu.<\/p><p>&#8211; Signaliz\u00e1cia m\u00f4\u017ee by\u0165 napojen\u00e1 aj na bezpe\u010dnostn\u00fa slu\u017ebu alebo hasi\u010dsk\u00fd zbor pre r\u00fdchlu reakciu.<\/p><p>5. <strong>K\u00e1blov\u00e9 a nap\u00e1jacie rozvody<\/strong>:<\/p><p>&#8211; Rozvody EPS musia by\u0165 veden\u00e9 tak, aby boli odoln\u00e9 vo\u010di po\u017eiaru, pri\u010dom sa zoh\u013ead\u0148uje aj z\u00e1lo\u017en\u00e9 nap\u00e1janie pre pr\u00edpad v\u00fdpadku elektrick\u00e9ho pr\u00fadu.<\/p><p>6. <strong>Testovanie a rev\u00edzie<\/strong>:<\/p><p>&#8211; Pred uveden\u00edm do prev\u00e1dzky je nutn\u00e9 EPS syst\u00e9m podrobi\u0165 testovaniu a rev\u00edzii.<\/p><p>&#8211; Pravideln\u00e9 kontroly a \u00fadr\u017eba syst\u00e9mu zabezpe\u010duj\u00fa jeho spr\u00e1vnu funk\u010dnos\u0165 po\u010das celej doby \u017eivotnosti.<\/p>\t\t\t\t\t\t<\/div>\n\t\t\t\t<\/div>\n\t\t\t\t<div class=\"elementor-element elementor-element-b44c943 elementor-widget elementor-widget-vt-windfall_list\" data-id=\"b44c943\" data-element_type=\"widget\" data-widget_type=\"vt-windfall_list.default\">\n\t\t\t\t<div class=\"elementor-widget-container\">\n\t\t\t<ul class=\"check-list\"><li>N\u00e1vrh ustredne EPS<\/li><li>N\u00e1vrh rozlo\u017eenia sn\u00edma\u010dov<\/li><li>N\u00e1vrh kabel\u00e1\u017ee<\/li><li>komunik\u00e1cia a dispe\u010ding<\/li><\/ul>\t\t<\/div>\n\t\t\t\t<\/div>\n\t\t\t\t\t<\/div>\n\t\t<\/div>\n\t\t\t\t\t<\/div>\n\t\t<\/section>\n\t\t\t\t<section class=\"elementor-section elementor-top-section elementor-element elementor-element-d802ac5 elementor-section-boxed elementor-section-height-default elementor-section-height-default\" data-id=\"d802ac5\" data-element_type=\"section\">\n\t\t\t\t\t\t<div class=\"elementor-container elementor-column-gap-default\">\n\t\t\t\t\t<div class=\"elementor-column elementor-col-50 elementor-top-column elementor-element elementor-element-cc60c31\" data-id=\"cc60c31\" data-element_type=\"column\">\n\t\t\t<div class=\"elementor-widget-wrap elementor-element-populated\">\n\t\t\t\t\t\t<div class=\"elementor-element elementor-element-717862e elementor-widget elementor-widget-image\" data-id=\"717862e\" data-element_type=\"widget\" data-widget_type=\"image.default\">\n\t\t\t\t<div class=\"elementor-widget-container\">\n\t\t\t\t\t\t\t\t\t\t\t\t\t<img fetchpriority=\"high\" decoding=\"async\" width=\"499\" height=\"448\" src=\"https:\/\/reeltech.sk\/wp-content\/uploads\/2024\/11\/EPS2.jpg\" class=\"attachment-large size-large wp-image-3047\" alt=\"\" srcset=\"https:\/\/reeltech.sk\/wp-content\/uploads\/2024\/11\/EPS2.jpg 499w, https:\/\/reeltech.sk\/wp-content\/uploads\/2024\/11\/EPS2-300x269.jpg 300w, https:\/\/reeltech.sk\/wp-content\/uploads\/2024\/11\/EPS2-13x12.jpg 13w\" sizes=\"(max-width: 499px) 100vw, 499px\">\t\t\t\t\t\t\t\t\t\t\t\t\t<\/div>\n\t\t\t\t<\/div>\n\t\t\t\t\t<\/div>\n\t\t<\/div>\n\t\t\t\t<div class=\"elementor-column elementor-col-50 elementor-top-column elementor-element elementor-element-d4e4ed6\" data-id=\"d4e4ed6\" data-element_type=\"column\">\n\t\t\t<div class=\"elementor-widget-wrap elementor-element-populated\">\n\t\t\t\t\t\t<div class=\"elementor-element elementor-element-254a24f elementor-widget elementor-widget-image\" data-id=\"254a24f\" data-element_type=\"widget\" data-widget_type=\"image.default\">\n\t\t\t\t<div class=\"elementor-widget-container\">\n\t\t\t\t\t\t\t\t\t\t\t\t\t<img decoding=\"async\" width=\"719\" height=\"474\" src=\"https:\/\/reeltech.sk\/wp-content\/uploads\/2024\/11\/EPS3.jpg\" class=\"attachment-large size-large wp-image-3048\" alt=\"\" srcset=\"https:\/\/reeltech.sk\/wp-content\/uploads\/2024\/11\/EPS3.jpg 719w, https:\/\/reeltech.sk\/wp-content\/uploads\/2024\/11\/EPS3-300x198.jpg 300w, https:\/\/reeltech.sk\/wp-content\/uploads\/2024\/11\/EPS3-18x12.jpg 18w\" sizes=\"(max-width: 719px) 100vw, 719px\">\t\t\t\t\t\t\t\t\t\t\t\t\t<\/div>\n\t\t\t\t<\/div>\n\t\t\t\t\t<\/div>\n\t\t<\/div>\n\t\t\t\t\t<\/div>\n\t\t<\/section>\n\t\t\t\t<section class=\"elementor-section elementor-top-section elementor-element elementor-element-ac36b4a elementor-section-boxed elementor-section-height-default elementor-section-height-default\" data-id=\"ac36b4a\" data-element_type=\"section\">\n\t\t\t\t\t\t<div class=\"elementor-container elementor-column-gap-default\">\n\t\t\t\t\t<div class=\"elementor-column elementor-col-100 elementor-top-column elementor-element elementor-element-51d699e\" data-id=\"51d699e\" data-element_type=\"column\">\n\t\t\t<div class=\"elementor-widget-wrap elementor-element-populated\">\n\t\t\t\t\t\t<div class=\"elementor-element elementor-element-7886239 elementor-widget elementor-widget-spacer\" data-id=\"7886239\" data-element_type=\"widget\" data-widget_type=\"spacer.default\">\n\t\t\t\t<div class=\"elementor-widget-container\">\n\t\t\t\t\t<div class=\"elementor-spacer\">\n\t\t\t<div class=\"elementor-spacer-inner\"><\/div>\n\t\t<\/div>\n\t\t\t\t<\/div>\n\t\t\t\t<\/div>\n\t\t\t\t<div class=\"elementor-element elementor-element-03cb356 elementor-widget elementor-widget-heading\" data-id=\"03cb356\" data-element_type=\"widget\" data-widget_type=\"heading.default\">\n\t\t\t\t<div class=\"elementor-widget-container\">\n\t\t\t<h2 class=\"elementor-heading-title elementor-size-default\">Projekt po\u017eiarneho rozhlasu<\/h2>\t\t<\/div>\n\t\t\t\t<\/div>\n\t\t\t\t<div class=\"elementor-element elementor-element-2619136 elementor-widget elementor-widget-text-editor\" data-id=\"2619136\" data-element_type=\"widget\" data-widget_type=\"text-editor.default\">\n\t\t\t\t<div class=\"elementor-widget-container\">\n\t\t\t\t\t\t\t<p>Projektovanie po\u017eiarneho rozhlasu (PR) je d\u00f4le\u017eitou s\u00fa\u010das\u0165ou protipo\u017eiarneho zabezpe\u010denia, najm\u00e4 v roz\u013eahlej\u0161\u00edch budov\u00e1ch a objektoch s vysokou hustotou os\u00f4b, ako s\u00fa n\u00e1kupn\u00e9 centr\u00e1, administrat\u00edvne budovy, hotely, nemocnice \u010di priemyseln\u00e9 are\u00e1ly. Po\u017eiarny rozhlas umo\u017e\u0148uje r\u00fdchle a efekt\u00edvne informovanie os\u00f4b o evaku\u00e1cii alebo in\u00fdch pokynoch v pr\u00edpade vzniku po\u017eiaru alebo inej n\u00fadzovej situ\u00e1cie.<\/p><p>Hlavn\u00e9 aspekty projektovania po\u017eiarneho rozhlasu:<\/p><p>1. **Anal\u00fdza objektu a pokrytie priestoru**:<br \/>&#8211; Ur\u010denie rozmerov budovy, po\u010dtu poschod\u00ed a rozmiestnenie miestnost\u00ed.<br \/>&#8211; Po\u017eiarny rozhlas mus\u00ed zabezpe\u010di\u0165 rovnomern\u00e9 pokrytie v\u0161etk\u00fdch \u010dast\u00ed objektu, vr\u00e1tane spolo\u010dn\u00fdch priestorov, chodieb, schod\u00edsk a in\u00fdch \u00fanikov\u00fdch ciest.<br \/>&#8211; Na z\u00e1klade anal\u00fdzy riz\u00edk sa ur\u010d\u00ed, ktor\u00e9 z\u00f3ny s\u00fa prioritn\u00e9 a potrebuj\u00fa intenz\u00edvnej\u0161ie ozvu\u010denie.<\/p><p>2. **V\u00fdber vhodn\u00fdch komponentov**:<br \/>&#8211; **Reproduktory**: V\u00fdber reproduktorov z\u00e1vis\u00ed od ve\u013ekosti priestorov a ich akustick\u00fdch vlastnost\u00ed. Pou\u017e\u00edvaj\u00fa sa stropn\u00e9 reproduktory, n\u00e1stenn\u00e9 reproduktory alebo reproduktory s vy\u0161\u0161\u00edm v\u00fdkonom pre ve\u013ek\u00e9 priestory.<br \/>&#8211; **Mikrof\u00f3ny a ovl\u00e1dacie panely**: Ovl\u00e1dac\u00ed panel mus\u00ed by\u0165 umiestnen\u00fd na bezpe\u010dnom mieste, aby mohla opr\u00e1vnen\u00e1 osoba vysiela\u0165 hl\u00e1senia.<br \/>&#8211; **Z\u00e1lo\u017en\u00e9 nap\u00e1janie**: Po\u017eiarny rozhlas mus\u00ed by\u0165 z\u00e1lohovan\u00fd pre pr\u00edpad v\u00fdpadku elektrick\u00e9ho pr\u00fadu, zvy\u010dajne prostredn\u00edctvom z\u00e1lo\u017en\u00fdch bat\u00e9ri\u00ed alebo nap\u00e1jac\u00edch zdrojov UPS.<\/p><p>3. **Rozdelenie na z\u00f3ny a riadenie hl\u00e1sen\u00ed**:<br \/>&#8211; Po\u017eiarny rozhlas je rozdelen\u00fd na z\u00f3ny, \u010do umo\u017e\u0148uje adresn\u00e9 hl\u00e1senia do konkr\u00e9tnych \u010dast\u00ed objektu. Napr\u00edklad v pr\u00edpade men\u0161ieho po\u017eiaru v jednej \u010dasti budovy je mo\u017en\u00e9 vysla\u0165 evakua\u010dn\u00e9 pokyny len pre dan\u00fa z\u00f3nu, zatia\u013e \u010do ostatn\u00e9 \u010dasti m\u00f4\u017eu osta\u0165 v pohotovosti.<br \/>&#8211; Z\u00f3ny s\u00fa riaden\u00e9 ovl\u00e1dac\u00edm syst\u00e9mom, ktor\u00fd umo\u017e\u0148uje r\u00fdchle nastavenie a spustenie hl\u00e1sen\u00ed pod\u013ea potreby.<\/p><p>4. **Hlasitos\u0165 a zrozumite\u013enos\u0165 hl\u00e1sen\u00ed**:<br \/>&#8211; Po\u017eiarny rozhlas mus\u00ed zabezpe\u010di\u0165 jasn\u00fa a dostato\u010dne hlasn\u00fa komunik\u00e1ciu aj v hlu\u010dnom prostred\u00ed.<br \/>&#8211; Pri projektovan\u00ed sa ber\u00fa do \u00favahy faktory, ako s\u00fa odraz zvuku, dozvuk v priestore a mo\u017en\u00e9 ru\u0161iv\u00e9 vplyvy. Testy zrozumite\u013enosti s\u00fa k\u013e\u00fa\u010dov\u00e9, aby bol rozhlas v pr\u00edpade potreby efekt\u00edvny.<\/p><p>5. **K\u00e1blov\u00e9 rozvody**:<br \/>&#8211; Podobne ako pri EPS, aj rozvody po\u017eiarneho rozhlasu musia by\u0165 veden\u00e9 tak, aby boli odoln\u00e9 vo\u010di po\u017eiaru.<br \/>&#8211; Pou\u017e\u00edvaj\u00fa sa k\u00e1ble s po\u017eiarnou odolnos\u0165ou a vhodn\u00e1 kabel\u00e1\u017e, ktor\u00e1 umo\u017e\u0148uje funk\u010dnos\u0165 syst\u00e9mu aj po\u010das po\u017eiaru.<\/p><p>6. **Integr\u00e1cia s \u010fal\u0161\u00edmi syst\u00e9mami**:<br \/>&#8211; Po\u017eiarny rozhlas je \u010dasto prepojen\u00fd s EPS, tak\u017ee v pr\u00edpade detekcie po\u017eiaru automaticky spust\u00ed prednastaven\u00e9 hl\u00e1senia a evakua\u010dn\u00e9 pokyny.<br \/>&#8211; V pr\u00edpade \u0161pecifick\u00fdch scen\u00e1rov je mo\u017en\u00e9 naprogramova\u0165 r\u00f4zne hl\u00e1senia pod\u013ea typu ohrozenia a rozsahu evaku\u00e1cie.<\/p><p>7. **Pravideln\u00e9 testovanie a \u00fadr\u017eba**:<br \/>&#8211; Testovanie hlasitosti, funk\u010dnosti reproduktorov a z\u00e1lo\u017en\u00e9ho nap\u00e1jania sa mus\u00ed vykon\u00e1va\u0165 pravidelne, aby bola zabezpe\u010den\u00e1 pln\u00e1 pripravenos\u0165 syst\u00e9mu v pr\u00edpade n\u00fadze.<\/p>\t\t\t\t\t\t<\/div>\n\t\t\t\t<\/div>\n\t\t\t\t<div class=\"elementor-element elementor-element-d016900 elementor-widget elementor-widget-heading\" data-id=\"d016900\" data-element_type=\"widget\" data-widget_type=\"heading.default\">\n\t\t\t\t<div class=\"elementor-widget-container\">\n\t\t\t<h2 class=\"elementor-heading-title elementor-size-default\">Normy a legislat\u00edva<\/h2>\t\t<\/div>\n\t\t\t\t<\/div>\n\t\t\t\t<div class=\"elementor-element elementor-element-94665bb elementor-widget elementor-widget-vt-windfall_list\" data-id=\"94665bb\" data-element_type=\"widget\" data-widget_type=\"vt-windfall_list.default\">\n\t\t\t\t<div class=\"elementor-widget-container\">\n\t\t\t<ul class=\"check-list\"><li>STN EN 60849, ktor\u00e9 sa zameriavaj\u00fa na bezpe\u010dnostn\u00e9 zvukov\u00e9 syst\u00e9my<\/li><li>STN EN 54-1 - Po\u017eiarny poplachov\u00fd syst\u00e9m. \u00davodn\u00e1 \u010das\u0165 a preh\u013ead<\/li><li>STN EN 54-2 - Po\u017eiarny poplachov\u00fd syst\u00e9m. Riadiace a signaliza\u010dn\u00e9 zariadenie<\/li><li>STN EN 54-3 - Po\u017eiarny poplachov\u00fd syst\u00e9m. Zvukov\u00e9 signaliza\u010dn\u00e9 zariadenia<\/li><li>STN EN 54-3 - Po\u017eiarny poplachov\u00fd syst\u00e9m. Zvukov\u00e9 signaliza\u010dn\u00e9 zariadenia<\/li><li>STN EN 54-4 - Po\u017eiarny poplachov\u00fd syst\u00e9m. Nap\u00e1jacie zariadenia<\/li><li>STN EN 54-7 - Po\u017eiarny poplachov\u00fd syst\u00e9m. Dymov\u00e9 detektory \u2013 Bodov\u00e9 detektory s rozpt\u00fdlen\u00fdm svetlom, priamym svetlom alebo i\u00f3niz\u00e1ciou<\/li><li>STN EN 54-14 - Po\u017eiarny poplachov\u00fd syst\u00e9m. Pokyny na pl\u00e1novanie, n\u00e1vrh, in\u0161tal\u00e1ciu, uvedenie do prev\u00e1dzky, prev\u00e1dzku a \u00fadr\u017ebu<\/li><li>STN EN 54-16 - Po\u017eiarny poplachov\u00fd syst\u00e9m. Zariadenie na riadenie zvukov\u00fdch syst\u00e9mov na hlasov\u00fa signaliz\u00e1ciu po\u017eiaru<\/li><li>STN EN 54-24 - Po\u017eiarny poplachov\u00fd syst\u00e9m. Komponenty hlasovej signaliz\u00e1cie<\/li><li>Z\u00e1kon \u010d. 314\/2001 Z. z. o ochrane pred po\u017eiarmi\nTento z\u00e1kon upravuje z\u00e1kladn\u00e9 po\u017eiadavky na ochranu pred po\u017eiarmi na Slovensku. Definuje povinnosti pr\u00e1vnick\u00fdch a fyzick\u00fdch os\u00f4b, ako aj povinnosti zamestn\u00e1vate\u013eov v oblasti po\u017eiarnej ochrany. EPS je s\u00fa\u010das\u0165ou technick\u00fdch zariaden\u00ed po\u017eiarnej ochrany v r\u00e1mci tohto z\u00e1kona.<\/li><li>Vyhl\u00e1\u0161ka MV SR \u010d. 121\/2002 Z. z. o po\u017eiarnej prevencii\nT\u00e1to vyhl\u00e1\u0161ka Ministerstva vn\u00fatra SR stanovuje podrobn\u00e9 pravidl\u00e1 po\u017eiarnej prevencie, vr\u00e1tane po\u017eiadaviek na technick\u00e9 zariadenia po\u017eiarnej ochrany, medzi ktor\u00e9 patr\u00ed aj EPS. Vyhl\u00e1\u0161ka sa zameriava na prev\u00e1dzkov\u00e9 a organiza\u010dn\u00e9 opatrenia, ktor\u00e9 maj\u00fa zabr\u00e1ni\u0165 vzniku po\u017eiarov.<\/li><li>Vyhl\u00e1\u0161ka MV SR \u010d. 94\/2004 Z. z. o po\u017eiadavk\u00e1ch na hasi\u010dsk\u00e9 jednotky a z\u00e1chrann\u00e9 zlo\u017eky\nObsahuje podmienky pre prev\u00e1dzku a pou\u017eitie technick\u00fdch prostriedkov po\u017eiarnej ochrany, ako aj \u0161pecifik\u00e1cie pre jednotliv\u00e9 druhy po\u017eiarno-technick\u00fdch zariaden\u00ed.<\/li><li>Vyhl\u00e1\u0161ka MV SR \u010d. 726\/2002 Z. z. o projektovej dokument\u00e1cii stavieb\nStanovuje povinnos\u0165 zahrn\u00fa\u0165 EPS do projektovej dokument\u00e1cie budov a objektov, ktor\u00e9 si vy\u017eaduj\u00fa po\u017eiarnu ochranu. Pri projektovan\u00ed EPS je potrebn\u00e9 zoh\u013eadni\u0165 po\u017eiadavky na rozmiestnenie detektorov a signaliza\u010dn\u00fdch zariaden\u00ed, ako aj na ich typy a funk\u010dnos\u0165.<\/li><li>Vyhl\u00e1\u0161ka MV SR \u010d. 478\/2008 Z. z. o kontrole a \u00fadr\u017ebe protipo\u017eiarnych zariaden\u00ed\nVyhl\u00e1\u0161ka definuje pravidl\u00e1 a intervaly kontroly, \u00fadr\u017eby a rev\u00edzie EPS a \u010fal\u0161\u00edch protipo\u017eiarnych zariaden\u00ed. Zah\u0155\u0148a aj povinnos\u0165 vies\u0165 dokument\u00e1ciu o vykonan\u00fdch kontrol\u00e1ch a testoch funk\u010dnosti EPS<\/li><li>Vyhl\u00e1\u0161ka MV SR \u010d. 478\/2008 Z. z. o kontrole a \u00fadr\u017ebe protipo\u017eiarnych zariaden\u00ed\nVyhl\u00e1\u0161ka definuje pravidl\u00e1 a intervaly kontroly, \u00fadr\u017eby a rev\u00edzie EPS a \u010fal\u0161\u00edch protipo\u017eiarnych zariaden\u00ed. Zah\u0155\u0148a aj povinnos\u0165 vies\u0165 dokument\u00e1ciu o vykonan\u00fdch kontrol\u00e1ch a testoch funk\u010dnosti EPS<\/li><li>Vyhl\u00e1\u0161ka MV SR \u010d. 401\/2007 Z. z. o technick\u00fdch podmienkach a po\u017eiadavk\u00e1ch na po\u017eiarne zariadenia\nT\u00e1to vyhl\u00e1\u0161ka upravuje technick\u00e9 podmienky pre in\u0161tal\u00e1ciu, prev\u00e1dzku a \u00fadr\u017ebu EPS syst\u00e9mov, vr\u00e1tane po\u017eiadaviek na mont\u00e1\u017e a overovanie funk\u010dnosti jednotliv\u00fdch komponentov syst\u00e9mu.<\/li><\/ul>\t\t<\/div>\n\t\t\t\t<\/div>\n\t\t\t\t<div class=\"elementor-element elementor-element-2bc22fb elementor-widget elementor-widget-text-editor\" data-id=\"2bc22fb\" data-element_type=\"widget\" data-widget_type=\"text-editor.default\">\n\t\t\t\t<div class=\"elementor-widget-container\">\n\t\t\t\t\t\t\t<p><span style=\"text-align: left;\">Contact us for a photovoltaic project today!<\/span><\/p>\t\t\t\t\t\t<\/div>\n\t\t\t\t<\/div>\n\t\t\t\t\t<\/div>\n\t\t<\/div>\n\t\t\t\t\t<\/div>\n\t\t<\/section>\n\t\t\t\t<section class=\"elementor-section elementor-top-section elementor-element elementor-element-b2bd0e4 elementor-section-boxed elementor-section-height-default elementor-section-height-default\" data-id=\"b2bd0e4\" data-element_type=\"section\">\n\t\t\t\t\t\t<div class=\"elementor-container elementor-column-gap-default\">\n\t\t\t\t\t<div class=\"elementor-column elementor-col-100 elementor-top-column elementor-element elementor-element-099861b\" data-id=\"099861b\" data-element_type=\"column\">\n\t\t\t<div class=\"elementor-widget-wrap elementor-element-populated\">\n\t\t\t\t\t\t<div class=\"elementor-element elementor-element-234cf3a elementor-widget elementor-widget-video\" data-id=\"234cf3a\" data-element_type=\"widget\" data-settings=\"{&quot;youtube_url&quot;:&quot;https:\\\/\\\/www.youtube.com\\\/watch?time_continue=27&amp;v=hoFktI23G-w&amp;embeds_widget_referrer=https%3A%2F%2Fnew.reeltech.sk%2Fwp-admin%2Fpost.php%3Fpost%3D4163%26action%3Delementor&amp;embeds_referring_euri=https%3A%2F%2Fnew.reeltech.sk%2F&amp;embeds_referring_origin=https%3A%2F%2Fnew.reeltech.sk&quot;,&quot;video_type&quot;:&quot;youtube&quot;,&quot;controls&quot;:&quot;yes&quot;}\" data-widget_type=\"video.default\">\n\t\t\t\t<div class=\"elementor-widget-container\">\n\t\t\t\t\t<div class=\"elementor-wrapper elementor-open-inline\">\n\t\t\t<div class=\"elementor-video\"><\/div>\t\t<\/div>\n\t\t\t\t<\/div>\n\t\t\t\t<\/div>\n\t\t\t\t\t<\/div>\n\t\t<\/div>\n\t\t\t\t\t<\/div>\n\t\t<\/section>\n\t\t\t\t<\/div>","protected":false},"excerpt":{"rendered":"Projekt EPS , po\u017eiarneho rozhlasu a signaliz\u00e1cie Projekcia EPS intern\u00fdm projektantom Projekcia a n\u00e1vrh elektrickej po\u017eiarnej signaliz\u00e1cie (EPS) je proces navrhovania a implement\u00e1cie syst\u00e9mu, ktor\u00fd dok\u00e1\u017ee detekova\u0165 vznik po\u017eiaru a okam\u017eite upozorni\u0165 na t\u00fato skuto\u010dnos\u0165. Spr\u00e1vne navrhnut\u00fd EPS projektantom pom\u00e1ha minimalizova\u0165 rizik\u00e1 pre osoby, majetok a umo\u017e\u0148uje v\u010dasn\u00fa reakciu na vzniknut\u00fa nebezpe\u010dn\u00fa situ\u00e1ciu. Hlavn\u00e9 kroky&#8230;","protected":false},"author":9,"featured_media":2029,"parent":0,"menu_order":3,"comment_status":"closed","ping_status":"closed","template":"","meta":{"footnotes":""},"class_list":["post-3045","page","type-page","status-publish","has-post-thumbnail","hentry"],"_links":{"self":[{"href":"https:\/\/reeltech.sk\/en\/wp-json\/wp\/v2\/pages\/3045","targetHints":{"allow":["GET"]}}],"collection":[{"href":"https:\/\/reeltech.sk\/en\/wp-json\/wp\/v2\/pages"}],"about":[{"href":"https:\/\/reeltech.sk\/en\/wp-json\/wp\/v2\/types\/page"}],"author":[{"embeddable":true,"href":"https:\/\/reeltech.sk\/en\/wp-json\/wp\/v2\/users\/9"}],"replies":[{"embeddable":true,"href":"https:\/\/reeltech.sk\/en\/wp-json\/wp\/v2\/comments?post=3045"}],"version-history":[{"count":5,"href":"https:\/\/reeltech.sk\/en\/wp-json\/wp\/v2\/pages\/3045\/revisions"}],"predecessor-version":[{"id":3055,"href":"https:\/\/reeltech.sk\/en\/wp-json\/wp\/v2\/pages\/3045\/revisions\/3055"}],"wp:featuredmedia":[{"embeddable":true,"href":"https:\/\/reeltech.sk\/en\/wp-json\/wp\/v2\/media\/2029"}],"wp:attachment":[{"href":"https:\/\/reeltech.sk\/en\/wp-json\/wp\/v2\/media?parent=3045"}],"curies":[{"name":"wp","href":"https:\/\/api.w.org\/{rel}","templated":true}]}}