{"id":2302,"date":"2023-07-01T20:11:23","date_gmt":"2023-07-01T18:11:23","guid":{"rendered":"https:\/\/reeltech.sk\/?page_id=2302"},"modified":"2023-07-01T20:35:43","modified_gmt":"2023-07-01T18:35:43","slug":"dopv-2","status":"publish","type":"page","link":"https:\/\/reeltech.sk\/en\/dopv-2\/","title":{"rendered":"Explosion risk assessment and written explosion protection document"},"content":{"rendered":"<div data-elementor-type=\"wp-page\" data-elementor-id=\"2302\" class=\"elementor elementor-2302\">\n\t\t\t\t\t\t<section class=\"elementor-section elementor-top-section elementor-element elementor-element-20e33d5 elementor-section-boxed elementor-section-height-default elementor-section-height-default\" data-id=\"20e33d5\" data-element_type=\"section\">\n\t\t\t\t\t\t<div class=\"elementor-container elementor-column-gap-default\">\n\t\t\t\t\t<div class=\"elementor-column elementor-col-100 elementor-top-column elementor-element elementor-element-9dd648d\" data-id=\"9dd648d\" data-element_type=\"column\">\n\t\t\t<div class=\"elementor-widget-wrap elementor-element-populated\">\n\t\t\t\t\t\t<div class=\"elementor-element elementor-element-af85c6e elementor-widget elementor-widget-vt-windfall_section_title\" data-id=\"af85c6e\" data-element_type=\"widget\" data-widget_type=\"vt-windfall_section_title.default\">\n\t\t\t\t<div class=\"elementor-widget-container\">\n\t\t\t<div class=\"section-title-wrap  wndfal-sectTitleElementor\"><h2 class=\"section-title\">What is the DOPV?<\/h2><p>DOPV stands for \"Explosion Protection Document\". It is a document that is part of the safety system in environments where there is a risk of explosion. The DOPV is mandatory in all facilities where flammable or explosive substances are handled, such as chemical plants, refineries, ports or industrial factories.\n\nThe main objective of DOPV is to minimize the risk of explosion and to ensure the safety of workers and the environment. The DOPV contains a precise description of the safety precautions that must be followed, including instructions for working with hazardous substances, proper handling, storage and waste management.\n\nThe DOPV is based on a thorough risk assessment of the plant and contains information on possible sources of explosions, their causes and measures to prevent them. The document also includes an explosion plan that sets out procedures for evacuation, rescue and firefighting in the event of an explosion.\n\nCompliance with the DOPV is mandatory by law and subject to regular inspections. Operators must ensure that all personnel who come into contact with hazardous substances or environments are properly trained and familiar with the contents of the DOPV.\n\nThe DOPV is therefore a key document for explosion protection and is a comprehensive plan of safety measures to minimise risks and provide a safe environment for workers and operations.<\/p><\/div>\t\t<\/div>\n\t\t\t\t<\/div>\n\t\t\t\t\t<\/div>\n\t\t<\/div>\n\t\t\t\t\t<\/div>\n\t\t<\/section>\n\t\t\t\t<section class=\"elementor-section elementor-top-section elementor-element elementor-element-151baf7 elementor-section-boxed elementor-section-height-default elementor-section-height-default\" data-id=\"151baf7\" data-element_type=\"section\">\n\t\t\t\t\t\t<div class=\"elementor-container elementor-column-gap-default\">\n\t\t\t\t\t<div class=\"elementor-column elementor-col-100 elementor-top-column elementor-element elementor-element-5c4d13a\" data-id=\"5c4d13a\" data-element_type=\"column\">\n\t\t\t<div class=\"elementor-widget-wrap\">\n\t\t\t\t\t\t\t<\/div>\n\t\t<\/div>\n\t\t\t\t\t<\/div>\n\t\t<\/section>\n\t\t\t\t<section class=\"elementor-section elementor-top-section elementor-element elementor-element-c9ccb91 elementor-section-boxed elementor-section-height-default elementor-section-height-default\" data-id=\"c9ccb91\" data-element_type=\"section\">\n\t\t\t\t\t\t<div class=\"elementor-container elementor-column-gap-default\">\n\t\t\t\t\t<div class=\"elementor-column elementor-col-100 elementor-top-column elementor-element elementor-element-8a78233\" data-id=\"8a78233\" data-element_type=\"column\">\n\t\t\t<div class=\"elementor-widget-wrap elementor-element-populated\">\n\t\t\t\t\t\t<div class=\"elementor-element elementor-element-a9d6132 elementor-widget elementor-widget-vt-windfall_list\" data-id=\"a9d6132\" data-element_type=\"widget\" data-widget_type=\"vt-windfall_list.default\">\n\t\t\t\t<div class=\"elementor-widget-container\">\n\t\t\t<ul class=\"check-list\"><li>Elaboration of the Explosion Protection Document in accordance with the Slovak Republic Regulation No.393\/2006 Coll. (Directive 1999\/92\/EC - ATEX 137).\n\n<\/li><li><a href=\"https:\/\/www.epi.sk\/zz\/2006-393\" rel=\"nofollow noopener\" target=\"_blank\">Government Regulation No. 393\/2006 Coll.\nGovernment Regulation of the Slovak Republic on minimum requirements for ensuring health and safety at work in explosive atmospheres<\/a><\/li><li>Directive 1999\/92\/EC concerning the minimum requirements for improving the safety and health protection of workers in potentially explosive atmospheres (15th individual Directive within the meaning of Article 16(1) of Directive 89\/391\/EEC).<\/li><\/ul>\t\t<\/div>\n\t\t\t\t<\/div>\n\t\t\t\t<div class=\"elementor-element elementor-element-dc31bcb elementor-widget elementor-widget-vt-windfall_parallax_content\" data-id=\"dc31bcb\" data-element_type=\"widget\" data-widget_type=\"vt-windfall_parallax_content.default\">\n\t\t\t\t<div class=\"elementor-widget-container\">\n\t\t\t<div class=\"wndfal-reliable wndfal-parallax wndfal-overlay\">\r\n\t\t\t\t\t\t\t\t  <div class=\"container\">\r\n\t\t\t\t\t\t\t\t    \r\n\t\t\t\t\t\t\t\t    <div class=\"wndfal-btns-group\"><span class=\"wndfal-btn btn-one\"><span class=\"btn-text-wrap\"><span class=\"btn-text\">For elaboration=<\/span><\/span><\/span><span class=\"wndfal-btn  wndfal-white-btn btn-two\"><span class=\"btn-text-wrap\"><span class=\"btn-text\">Contact us<\/span><\/span><\/span><\/div>\r\n\t\t\t\t\t\t\t\t  <\/div>\r\n\t\t\t\t\t\t\t\t<\/div>\t\t<\/div>\n\t\t\t\t<\/div>\n\t\t\t\t<div class=\"elementor-element elementor-element-68f142b elementor-widget elementor-widget-heading\" data-id=\"68f142b\" data-element_type=\"widget\" data-widget_type=\"heading.default\">\n\t\t\t\t<div class=\"elementor-widget-container\">\n\t\t\t<h2 class=\"elementor-heading-title elementor-size-default\">Where is the explosion protection document required? <\/h2>\t\t<\/div>\n\t\t\t\t<\/div>\n\t\t\t\t<div class=\"elementor-element elementor-element-c001984 elementor-widget elementor-widget-vt-windfall_list\" data-id=\"c001984\" data-element_type=\"widget\" data-widget_type=\"vt-windfall_list.default\">\n\t\t\t\t<div class=\"elementor-widget-container\">\n\t\t\t<ul class=\"check-list\"><li>A DOPV must be prepared wherever required by law and where equipment classified as explosion hazardous is present<\/li><\/ul>\t\t<\/div>\n\t\t\t\t<\/div>\n\t\t\t\t<div class=\"elementor-element elementor-element-fd5a0f3 elementor-widget elementor-widget-vt-windfall_intro\" data-id=\"fd5a0f3\" data-element_type=\"widget\" data-widget_type=\"vt-windfall_intro.default\">\n\t\t\t\t<div class=\"elementor-widget-container\">\n\t\t\t<div class=\"wndfal-intro\"><div class=\"container\"><div class=\"row align-items-center\"><div class=\"col-lg-4\"><div class=\"intro-item\"><span class=\"wndfal-icon\"><i class=\"icon-arrows-check\" aria-hidden=\"true\"><\/i><\/span><span class=\"intro-title\">Conveyors and conveyors for substances such as : flour, malt, dust and other substances<\/span><\/div><\/div><div class=\"col-lg-4\"><div class=\"intro-item\"><span class=\"wndfal-icon\"><i class=\"icon-arrows-check\" aria-hidden=\"true\"><\/i><\/span><span class=\"intro-title\">powder coating booths or booths with organic solvents <\/span><\/div><\/div><div class=\"col-lg-4\"><div class=\"intro-item\"><span class=\"wndfal-icon\"><i class=\"icon-arrows-check\" aria-hidden=\"true\"><\/i><\/span><span class=\"intro-title\">extraction and filtration equipment<\/span><\/div><\/div><div class=\"col-lg-4\"><div class=\"intro-item\"><span class=\"wndfal-icon\"><i class=\"icon-arrows-check\" aria-hidden=\"true\"><\/i><\/span><span class=\"intro-title\">bulk storage facilities (silos, bunkers) <\/span><\/div><\/div><div class=\"col-lg-4\"><div class=\"intro-item\"><span class=\"wndfal-icon\"><i class=\"icon-arrows-check\" aria-hidden=\"true\"><\/i><\/span><span class=\"intro-title\">drying rooms<\/span><\/div><\/div><div class=\"col-lg-4\"><div class=\"intro-item\"><span class=\"wndfal-icon\"><i class=\"icon-arrows-check\" aria-hidden=\"true\"><\/i><\/span><span class=\"intro-title\">mills of cereals, organic dyes, coal, etc.<\/span><\/div><\/div><div class=\"col-lg-4\"><div class=\"intro-item\"><span class=\"wndfal-icon\"><i class=\"icon-arrows-check\" aria-hidden=\"true\"><\/i><\/span><span class=\"intro-title\">chemical and pharmaceutical industry<\/span><\/div><\/div><div class=\"col-lg-4\"><div class=\"intro-item\"><span class=\"wndfal-icon\"><i class=\"icon-arrows-check\" aria-hidden=\"true\"><\/i><\/span><span class=\"intro-title\">Gas regulating stations<\/span><\/div><\/div><div class=\"col-lg-4\"><div class=\"intro-item\"><span class=\"wndfal-icon\"><i class=\"icon-arrows-check\" aria-hidden=\"true\"><\/i><\/span><span class=\"intro-title\">Biogas power plants, and gas regulating stations<\/span><\/div><\/div><\/div><\/div><\/div>\t\t<\/div>\n\t\t\t\t<\/div>\n\t\t\t\t\t<\/div>\n\t\t<\/div>\n\t\t\t\t\t<\/div>\n\t\t<\/section>\n\t\t\t\t<section class=\"elementor-section elementor-top-section elementor-element elementor-element-57eb0f3 elementor-section-boxed elementor-section-height-default elementor-section-height-default\" data-id=\"57eb0f3\" data-element_type=\"section\">\n\t\t\t\t\t\t<div class=\"elementor-container elementor-column-gap-default\">\n\t\t\t\t\t<div class=\"elementor-column elementor-col-50 elementor-top-column elementor-element elementor-element-a35d95a\" data-id=\"a35d95a\" data-element_type=\"column\">\n\t\t\t<div class=\"elementor-widget-wrap elementor-element-populated\">\n\t\t\t\t\t\t<div class=\"elementor-element elementor-element-6ac9e89 elementor-widget elementor-widget-heading\" data-id=\"6ac9e89\" data-element_type=\"widget\" data-widget_type=\"heading.default\">\n\t\t\t\t<div class=\"elementor-widget-container\">\n\t\t\t<h2 class=\"elementor-heading-title elementor-size-default\">What is needed to draw up a DOPV?<\/h2>\t\t<\/div>\n\t\t\t\t<\/div>\n\t\t\t\t<div class=\"elementor-element elementor-element-c10aab5 elementor-widget elementor-widget-text-editor\" data-id=\"c10aab5\" data-element_type=\"widget\" data-widget_type=\"text-editor.default\">\n\t\t\t\t<div class=\"elementor-widget-container\">\n\t\t\t\t\t\t\t<p>Several important factors are necessary for the creation of a DOPV, i.e. an Explosion Protection Document. Here are a few basic elements to consider:<\/p><p>1. Risk assessment: all possible risks associated with an explosion in the plant must be thoroughly assessed. This includes identifying the sources of explosions as well as their causes and potential consequences.<\/p><p>2. List of hazardous zones: based on the risk assessment, all areas in the plant where an explosion hazard is present must be identified and marked. These areas are called hazardous zones and are divided according to the degree of risk.<\/p><p>3. Measures and procedures: the DOPV should contain precise measures and procedures to minimise the risk of explosion in each hazardous area. These measures may include proper storage and handling of hazardous substances, use of safety equipment and devices, regular maintenance and inspections, and the like.<\/p><p>4. Explosion plan: the DOPV should also include a plan of action in the event of an explosion. This plan should include procedures for evacuation from hazardous areas, rescue of injured persons, as well as procedures for extinguishing and containing the explosion.<\/p><p>5. Training and awareness: all workers who are in contact with hazardous substances or work in hazardous areas should be properly trained and informed about the contents of the HACCP. They should have knowledge of safe procedures, use of protective equipment and response in the event of an explosion.<\/p><p>DOPV is required to ensure the safety of workers and operations in environments with a high risk of explosion. Its development and compliance is required by law and is subject to regular inspections to minimize the risk of explosion and protect the environment from hazardous situations.<\/p>\t\t\t\t\t\t<\/div>\n\t\t\t\t<\/div>\n\t\t\t\t\t<\/div>\n\t\t<\/div>\n\t\t\t\t<div class=\"elementor-column elementor-col-50 elementor-top-column elementor-element elementor-element-6a519ad\" data-id=\"6a519ad\" data-element_type=\"column\">\n\t\t\t<div class=\"elementor-widget-wrap elementor-element-populated\">\n\t\t\t\t\t\t<div class=\"elementor-element elementor-element-0633f9b elementor-widget elementor-widget-image\" data-id=\"0633f9b\" data-element_type=\"widget\" data-widget_type=\"image.default\">\n\t\t\t\t<div class=\"elementor-widget-container\">\n\t\t\t\t\t\t\t\t\t\t\t\t\t<img fetchpriority=\"high\" decoding=\"async\" width=\"1024\" height=\"896\" src=\"https:\/\/reeltech.sk\/wp-content\/uploads\/2023\/07\/ATEX-revizia-reeltech-1024x896.png\" class=\"attachment-large size-large wp-image-2305\" alt=\"ATEX revizia reeltech\" srcset=\"https:\/\/reeltech.sk\/wp-content\/uploads\/2023\/07\/ATEX-revizia-reeltech-1024x896.png 1024w, https:\/\/reeltech.sk\/wp-content\/uploads\/2023\/07\/ATEX-revizia-reeltech-300x263.png 300w, https:\/\/reeltech.sk\/wp-content\/uploads\/2023\/07\/ATEX-revizia-reeltech-768x672.png 768w, https:\/\/reeltech.sk\/wp-content\/uploads\/2023\/07\/ATEX-revizia-reeltech-600x525.png 600w, https:\/\/reeltech.sk\/wp-content\/uploads\/2023\/07\/ATEX-revizia-reeltech.png 1170w\" sizes=\"(max-width: 1024px) 100vw, 1024px\" title=\"\">\t\t\t\t\t\t\t\t\t\t\t\t\t<\/div>\n\t\t\t\t<\/div>\n\t\t\t\t<section class=\"elementor-section elementor-inner-section elementor-element elementor-element-162316e elementor-section-boxed elementor-section-height-default elementor-section-height-default\" data-id=\"162316e\" data-element_type=\"section\">\n\t\t\t\t\t\t<div class=\"elementor-container elementor-column-gap-default\">\n\t\t\t\t\t<div class=\"elementor-column elementor-col-50 elementor-inner-column elementor-element elementor-element-668ff39\" data-id=\"668ff39\" data-element_type=\"column\">\n\t\t\t<div class=\"elementor-widget-wrap\">\n\t\t\t\t\t\t\t<\/div>\n\t\t<\/div>\n\t\t\t\t<div class=\"elementor-column elementor-col-50 elementor-inner-column elementor-element elementor-element-a027d1a\" data-id=\"a027d1a\" data-element_type=\"column\">\n\t\t\t<div class=\"elementor-widget-wrap\">\n\t\t\t\t\t\t\t<\/div>\n\t\t<\/div>\n\t\t\t\t\t<\/div>\n\t\t<\/section>\n\t\t\t\t\t<\/div>\n\t\t<\/div>\n\t\t\t\t\t<\/div>\n\t\t<\/section>\n\t\t\t\t<section class=\"elementor-section elementor-top-section elementor-element elementor-element-f39d5ba elementor-section-boxed elementor-section-height-default elementor-section-height-default\" data-id=\"f39d5ba\" data-element_type=\"section\">\n\t\t\t\t\t\t<div class=\"elementor-container elementor-column-gap-default\">\n\t\t\t\t\t<div class=\"elementor-column elementor-col-100 elementor-top-column elementor-element elementor-element-8493b9c\" data-id=\"8493b9c\" data-element_type=\"column\">\n\t\t\t<div class=\"elementor-widget-wrap\">\n\t\t\t\t\t\t\t<\/div>\n\t\t<\/div>\n\t\t\t\t\t<\/div>\n\t\t<\/section>\n\t\t\t\t<section class=\"elementor-section elementor-top-section elementor-element elementor-element-5ffa43d elementor-section-boxed elementor-section-height-default elementor-section-height-default\" data-id=\"5ffa43d\" data-element_type=\"section\">\n\t\t\t\t\t\t<div class=\"elementor-container elementor-column-gap-default\">\n\t\t\t\t\t<div class=\"elementor-column elementor-col-100 elementor-top-column elementor-element elementor-element-57a94ed\" data-id=\"57a94ed\" data-element_type=\"column\">\n\t\t\t<div class=\"elementor-widget-wrap\">\n\t\t\t\t\t\t\t<\/div>\n\t\t<\/div>\n\t\t\t\t\t<\/div>\n\t\t<\/section>\n\t\t\t\t<section class=\"elementor-section elementor-top-section elementor-element elementor-element-6f078fe elementor-section-boxed elementor-section-height-default elementor-section-height-default\" data-id=\"6f078fe\" data-element_type=\"section\">\n\t\t\t\t\t\t<div class=\"elementor-container elementor-column-gap-default\">\n\t\t\t\t\t<div class=\"elementor-column elementor-col-100 elementor-top-column elementor-element elementor-element-424efda\" data-id=\"424efda\" data-element_type=\"column\">\n\t\t\t<div class=\"elementor-widget-wrap elementor-element-populated\">\n\t\t\t\t\t\t<div class=\"elementor-element elementor-element-09363c0 elementor-shape-circle elementor-grid-0 e-grid-align-center elementor-widget elementor-widget-social-icons\" data-id=\"09363c0\" data-element_type=\"widget\" data-widget_type=\"social-icons.default\">\n\t\t\t\t<div class=\"elementor-widget-container\">\n\t\t\t\t\t<div class=\"elementor-social-icons-wrapper elementor-grid\">\n\t\t\t\t\t\t\t<span class=\"elementor-grid-item\">\n\t\t\t\t\t<a class=\"elementor-icon elementor-social-icon elementor-social-icon-facebook elementor-repeater-item-88e492c\" target=\"_blank\">\n\t\t\t\t\t\t<span class=\"elementor-screen-only\">Facebook<\/span>\n\t\t\t\t\t\t<svg class=\"e-font-icon-svg e-fab-facebook\" viewbox=\"0 0 512 512\" xmlns=\"http:\/\/www.w3.org\/2000\/svg\"><path d=\"M504 256C504 119 393 8 256 8S8 119 8 256c0 123.78 90.69 226.38 209.25 245V327.69h-63V256h63v-54.64c0-62.15 37-96.48 93.67-96.48 27.14 0 55.52 4.84 55.52 4.84v61h-31.28c-30.8 0-40.41 19.12-40.41 38.73V256h68.78l-11 71.69h-57.78V501C413.31 482.38 504 379.78 504 256z\"><\/path><\/svg>\t\t\t\t\t<\/a>\n\t\t\t\t<\/span>\n\t\t\t\t\t\t\t<span class=\"elementor-grid-item\">\n\t\t\t\t\t<a class=\"elementor-icon elementor-social-icon elementor-social-icon-linkedin elementor-repeater-item-e064e52\" href=\"https:\/\/www.linkedin.com\/company\/reeltech-sk\/?miniCompanyUrn=urn%3Ali%3Afs_miniCompany%3A93283227&#038;lipi=urn%3Ali%3Apage%3Ad_flagship3_company_admin%3B5KM3uGpBR3CSqhQFxDD91w%3D%3D\" target=\"_blank\" rel=\"noopener\">\n\t\t\t\t\t\t<span class=\"elementor-screen-only\">Linkedin<\/span>\n\t\t\t\t\t\t<svg class=\"e-font-icon-svg e-fab-linkedin\" viewbox=\"0 0 448 512\" xmlns=\"http:\/\/www.w3.org\/2000\/svg\"><path d=\"M416 32H31.9C14.3 32 0 46.5 0 64.3v383.4C0 465.5 14.3 480 31.9 480H416c17.6 0 32-14.5 32-32.3V64.3c0-17.8-14.4-32.3-32-32.3zM135.4 416H69V202.2h66.5V416zm-33.2-243c-21.3 0-38.5-17.3-38.5-38.5S80.9 96 102.2 96c21.2 0 38.5 17.3 38.5 38.5 0 21.3-17.2 38.5-38.5 38.5zm282.1 243h-66.4V312c0-24.8-.5-56.7-34.5-56.7-34.6 0-39.9 27-39.9 54.9V416h-66.4V202.2h63.7v29.2h.9c8.9-16.8 30.6-34.5 62.9-34.5 67.2 0 79.7 44.3 79.7 101.9V416z\"><\/path><\/svg>\t\t\t\t\t<\/a>\n\t\t\t\t<\/span>\n\t\t\t\t\t\t\t<span class=\"elementor-grid-item\">\n\t\t\t\t\t<a class=\"elementor-icon elementor-social-icon elementor-social-icon-instagram elementor-repeater-item-664872d\" target=\"_blank\">\n\t\t\t\t\t\t<span class=\"elementor-screen-only\">Instagram<\/span>\n\t\t\t\t\t\t<svg class=\"e-font-icon-svg e-fab-instagram\" viewbox=\"0 0 448 512\" xmlns=\"http:\/\/www.w3.org\/2000\/svg\"><path d=\"M224.1 141c-63.6 0-114.9 51.3-114.9 114.9s51.3 114.9 114.9 114.9S339 319.5 339 255.9 287.7 141 224.1 141zm0 189.6c-41.1 0-74.7-33.5-74.7-74.7s33.5-74.7 74.7-74.7 74.7 33.5 74.7 74.7-33.6 74.7-74.7 74.7zm146.4-194.3c0 14.9-12 26.8-26.8 26.8-14.9 0-26.8-12-26.8-26.8s12-26.8 26.8-26.8 26.8 12 26.8 26.8zm76.1 27.2c-1.7-35.9-9.9-67.7-36.2-93.9-26.2-26.2-58-34.4-93.9-36.2-37-2.1-147.9-2.1-184.9 0-35.8 1.7-67.6 9.9-93.9 36.1s-34.4 58-36.2 93.9c-2.1 37-2.1 147.9 0 184.9 1.7 35.9 9.9 67.7 36.2 93.9s58 34.4 93.9 36.2c37 2.1 147.9 2.1 184.9 0 35.9-1.7 67.7-9.9 93.9-36.2 26.2-26.2 34.4-58 36.2-93.9 2.1-37 2.1-147.8 0-184.8zM398.8 388c-7.8 19.6-22.9 34.7-42.6 42.6-29.5 11.7-99.5 9-132.1 9s-102.7 2.6-132.1-9c-19.6-7.8-34.7-22.9-42.6-42.6-11.7-29.5-9-99.5-9-132.1s-2.6-102.7 9-132.1c7.8-19.6 22.9-34.7 42.6-42.6 29.5-11.7 99.5-9 132.1-9s102.7-2.6 132.1 9c19.6 7.8 34.7 22.9 42.6 42.6 11.7 29.5 9 99.5 9 132.1s2.7 102.7-9 132.1z\"><\/path><\/svg>\t\t\t\t\t<\/a>\n\t\t\t\t<\/span>\n\t\t\t\t\t<\/div>\n\t\t\t\t<\/div>\n\t\t\t\t<\/div>\n\t\t\t\t\t<\/div>\n\t\t<\/div>\n\t\t\t\t\t<\/div>\n\t\t<\/section>\n\t\t\t\t<\/div>","protected":false},"excerpt":{"rendered":"\u010co je DOPV? DOPV je skratka pre &#8222;Dokument o ochrane pred v\u00fdbuchom&#8220;. Ide o dokument, ktor\u00fd je s\u00fa\u010das\u0165ou bezpe\u010dnostn\u00e9ho syst\u00e9mu v prostrediach, kde hroz\u00ed nebezpe\u010denstvo v\u00fdbuchu. DOPV je povinn\u00fd vo v\u0161etk\u00fdch prev\u00e1dzkach, kde sa manipuluje s hor\u013eav\u00fdmi alebo v\u00fdbu\u0161n\u00fdmi l\u00e1tkami, ako napr\u00edklad chemick\u00e9 z\u00e1vody, rafin\u00e9rie, pr\u00edstavy alebo priemyseln\u00e9 tov\u00e1rne. Hlavn\u00fdm cie\u013eom DOPV je minimalizova\u0165 riziko&#8230;","protected":false},"author":1,"featured_media":1667,"parent":0,"menu_order":9,"comment_status":"closed","ping_status":"closed","template":"","meta":{"footnotes":""},"class_list":["post-2302","page","type-page","status-publish","has-post-thumbnail","hentry"],"_links":{"self":[{"href":"https:\/\/reeltech.sk\/en\/wp-json\/wp\/v2\/pages\/2302","targetHints":{"allow":["GET"]}}],"collection":[{"href":"https:\/\/reeltech.sk\/en\/wp-json\/wp\/v2\/pages"}],"about":[{"href":"https:\/\/reeltech.sk\/en\/wp-json\/wp\/v2\/types\/page"}],"author":[{"embeddable":true,"href":"https:\/\/reeltech.sk\/en\/wp-json\/wp\/v2\/users\/1"}],"replies":[{"embeddable":true,"href":"https:\/\/reeltech.sk\/en\/wp-json\/wp\/v2\/comments?post=2302"}],"version-history":[{"count":0,"href":"https:\/\/reeltech.sk\/en\/wp-json\/wp\/v2\/pages\/2302\/revisions"}],"wp:featuredmedia":[{"embeddable":true,"href":"https:\/\/reeltech.sk\/en\/wp-json\/wp\/v2\/media\/1667"}],"wp:attachment":[{"href":"https:\/\/reeltech.sk\/en\/wp-json\/wp\/v2\/media?parent=2302"}],"curies":[{"name":"wp","href":"https:\/\/api.w.org\/{rel}","templated":true}]}}