{"id":1776,"date":"2023-05-19T10:37:18","date_gmt":"2023-05-19T08:37:18","guid":{"rendered":"https:\/\/reeltech.sk\/elektricka-pripojka\/"},"modified":"2026-04-30T06:48:42","modified_gmt":"2026-04-30T04:48:42","slug":"electrical-connection","status":"publish","type":"page","link":"https:\/\/reeltech.sk\/en\/electrical-connection\/","title":{"rendered":"Electrical connection"},"content":{"rendered":"<div data-elementor-type=\"wp-page\" data-elementor-id=\"1776\" class=\"elementor elementor-1776\">\n\t\t\t\t\t\t<section class=\"elementor-section elementor-top-section elementor-element elementor-element-f7c15dc elementor-section-boxed elementor-section-height-default elementor-section-height-default\" data-id=\"f7c15dc\" data-element_type=\"section\">\n\t\t\t\t\t\t<div class=\"elementor-container elementor-column-gap-default\">\n\t\t\t\t\t<div class=\"elementor-column elementor-col-100 elementor-top-column elementor-element elementor-element-\" data-id=\"\" data-element_type=\"column\">\n\t\t\t<div class=\"elementor-widget-wrap elementor-element-populated\">\n\t\t\t\t\t\t<div class=\"elementor-element elementor-element- elementor-widget elementor-widget-text-editor\" data-id=\"\" data-element_type=\"widget\" data-widget_type=\"text-editor.default\">\n\t\t\t\t<div class=\"elementor-widget-container\">\n\t\t\t\t\t\t\t<h2>Elektrick\u00e1 pr\u00edpojka pre dom, firmu alebo prev\u00e1dzku<\/h2>\n<p><strong>Electrical connection<\/strong> je technick\u00e9 rie\u0161enie, ktor\u00fdm sa objekt prip\u00e1ja k distribu\u010dnej s\u00fastave. Spr\u00e1vne navrhnut\u00e1 pr\u00edpojka mus\u00ed zoh\u013eadni\u0165 po\u017eadovan\u00fd pr\u00edkon, bud\u00face vyu\u017eitie objektu, umiestnenie elektromerov\u00e9ho rozv\u00e1dza\u010da, sp\u00f4sob vedenia k\u00e1bla, istenie a po\u017eiadavky distribu\u010dnej spolo\u010dnosti.<\/p>\n<p>V ReelTech pom\u00e1hame s n\u00e1vrhom, projektovou dokument\u00e1ciou a technick\u00fdmi podkladmi pre elektrick\u00e9 pr\u00edpojky rodinn\u00fdch domov, firemn\u00fdch objektov, prev\u00e1dzok, v\u00fdrobn\u00fdch h\u00e1l aj technologick\u00fdch zariaden\u00ed. Pri n\u00e1vrhu mysl\u00edme na bezpe\u010dnos\u0165, preh\u013eadnos\u0165 a bud\u00facu roz\u0161\u00edrite\u013enos\u0165 elektroin\u0161tal\u00e1cie.<\/p>\n<h2>\u010co zah\u0155\u0148a rie\u0161enie elektrickej pr\u00edpojky<\/h2>\n<ul>\n<li>pos\u00fadenie po\u017eadovan\u00e9ho pr\u00edkonu a potrieb objektu,<\/li>\n<li>n\u00e1vrh trasy pr\u00edpojky a umiestnenia elektromerov\u00e9ho rozv\u00e1dza\u010da,<\/li>\n<li>projektov\u00fa dokument\u00e1ciu a technick\u00fa spr\u00e1vu,<\/li>\n<li>rie\u0161enie istenia, k\u00e1blov\u00e9ho vedenia a ochrann\u00fdch prvkov,<\/li>\n<li>koordin\u00e1ciu s nadv\u00e4zuj\u00facou elektroin\u0161tal\u00e1ciou objektu,<\/li>\n<li>pr\u00edpravu podkladov pre rev\u00edziu a bezpe\u010dn\u00e9 uvedenie do prev\u00e1dzky.<\/li>\n<\/ul>\n<h2>Elektrick\u00e1 pr\u00edpojka a rev\u00edzna spr\u00e1va<\/h2>\n<p>Po realiz\u00e1cii elektrickej pr\u00edpojky je d\u00f4le\u017eit\u00e9 ma\u0165 v poriadku technick\u00e9 podklady a rev\u00edznu spr\u00e1vu. Rev\u00edzia potvrdzuje, \u017ee elektrick\u00e1 \u010das\u0165 je skontrolovan\u00e1 z poh\u013eadu bezpe\u010dnosti, ochrany pred \u00farazom elektrick\u00fdm pr\u00fadom a spr\u00e1vneho zapojenia. V\u010faka sk\u00fasenostiam s projektovan\u00edm aj rev\u00edziami vieme z\u00e1kazn\u00edkovi pom\u00f4c\u0165 u\u017e od pr\u00edpravy rie\u0161enia.<\/p>\n<h2>Pre koho slu\u017ebu zabezpe\u010dujeme<\/h2>\n<p>Elektrick\u00e9 pr\u00edpojky rie\u0161ime pre novostavby, rekon\u0161trukcie, roz\u0161\u00edrenie odberu, nov\u00e9 prev\u00e1dzky, priemyseln\u00e9 objekty aj technol\u00f3gie, ktor\u00e9 potrebuj\u00fa samostatn\u00e9 alebo posilnen\u00e9 nap\u00e1janie. P\u00f4sob\u00edme najm\u00e4 v regi\u00f3noch <strong>Zvolen<\/strong>, <strong>Detva<\/strong>, <strong>Bansk\u00e1 Bystrica<\/strong> a v \u0161ir\u0161om okol\u00ed stredn\u00e9ho Slovenska.<\/p>\n<h2>Naj\u010dastej\u0161ie ot\u00e1zky k elektrickej pr\u00edpojke<\/h2>\n<p><strong>Kedy potrebujem projekt elektrickej pr\u00edpojky?<\/strong><br>Projekt je potrebn\u00fd pri novej pr\u00edpojke, zmene pripojenia, nav\u00fd\u0161en\u00ed pr\u00edkonu alebo pri \u00faprav\u00e1ch, ktor\u00e9 vy\u017eaduj\u00fa technick\u00e9 pos\u00fadenie a podklady pre distribu\u010dn\u00fa spolo\u010dnos\u0165.<\/p>\n<p><strong>\u010co je d\u00f4le\u017eit\u00e9 pri n\u00e1vrhu pr\u00edpojky?<\/strong><br>D\u00f4le\u017eit\u00fd je po\u017eadovan\u00fd pr\u00edkon, typ objektu, trasa vedenia, umiestnenie elektromerov\u00e9ho rozv\u00e1dza\u010da, istenie a nadv\u00e4znos\u0165 na vn\u00fatorn\u00fa elektroin\u0161tal\u00e1ciu.<\/p>\n<p><strong>Viete rie\u0161i\u0165 aj pr\u00edpojku pre firmu alebo v\u00fdrobn\u00fa halu?<\/strong><br>\u00c1no. Okrem rodinn\u00fdch domov rie\u0161ime aj elektrick\u00e9 pr\u00edpojky a nap\u00e1janie pre firmy, prev\u00e1dzky, sklady a priemyseln\u00e9 objekty.<\/p>\t\t\t\t\t\t<\/div>\n\t\t\t\t<\/div>\n\t\t\t\t\t<\/div>\n\t\t<\/div>\n\t\t\t\t\t<\/div>\n\t\t<\/section>\n\t\t\t\t<\/div>","protected":false},"excerpt":{"rendered":"Elektrick\u00e1 pr\u00edpojka pre dom, firmu alebo prev\u00e1dzku Elektrick\u00e1 pr\u00edpojka je technick\u00e9 rie\u0161enie, ktor\u00fdm sa objekt prip\u00e1ja k distribu\u010dnej s\u00fastave. Spr\u00e1vne navrhnut\u00e1 pr\u00edpojka mus\u00ed zoh\u013eadni\u0165 po\u017eadovan\u00fd pr\u00edkon, bud\u00face vyu\u017eitie objektu, umiestnenie elektromerov\u00e9ho rozv\u00e1dza\u010da, sp\u00f4sob vedenia k\u00e1bla, istenie a po\u017eiadavky distribu\u010dnej spolo\u010dnosti. V ReelTech pom\u00e1hame s n\u00e1vrhom, projektovou dokument\u00e1ciou a technick\u00fdmi podkladmi pre elektrick\u00e9 pr\u00edpojky rodinn\u00fdch domov,&#8230;","protected":false},"author":9,"featured_media":0,"parent":0,"menu_order":1,"comment_status":"closed","ping_status":"closed","template":"","meta":{"footnotes":""},"class_list":["post-1776","page","type-page","status-publish","hentry"],"_links":{"self":[{"href":"https:\/\/reeltech.sk\/en\/wp-json\/wp\/v2\/pages\/1776","targetHints":{"allow":["GET"]}}],"collection":[{"href":"https:\/\/reeltech.sk\/en\/wp-json\/wp\/v2\/pages"}],"about":[{"href":"https:\/\/reeltech.sk\/en\/wp-json\/wp\/v2\/types\/page"}],"author":[{"embeddable":true,"href":"https:\/\/reeltech.sk\/en\/wp-json\/wp\/v2\/users\/9"}],"replies":[{"embeddable":true,"href":"https:\/\/reeltech.sk\/en\/wp-json\/wp\/v2\/comments?post=1776"}],"version-history":[{"count":5,"href":"https:\/\/reeltech.sk\/en\/wp-json\/wp\/v2\/pages\/1776\/revisions"}],"predecessor-version":[{"id":3347,"href":"https:\/\/reeltech.sk\/en\/wp-json\/wp\/v2\/pages\/1776\/revisions\/3347"}],"wp:attachment":[{"href":"https:\/\/reeltech.sk\/en\/wp-json\/wp\/v2\/media?parent=1776"}],"curies":[{"name":"wp","href":"https:\/\/api.w.org\/{rel}","templated":true}]}}