{"id":1742,"date":"2018-01-27T20:06:53","date_gmt":"2018-01-27T19:06:53","guid":{"rendered":"https:\/\/reeltech.sk\/priemysel-a-vyrobne-skladovacie-haly\/"},"modified":"2023-10-16T22:46:28","modified_gmt":"2023-10-16T20:46:28","slug":"industrial-and-manufacturing-storage-halls","status":"publish","type":"page","link":"https:\/\/reeltech.sk\/en\/industrial-and-manufacturing-storage-halls\/","title":{"rendered":"Industry and manufacturing, storage Halls"},"content":{"rendered":"<div data-elementor-type=\"wp-page\" data-elementor-id=\"1742\" class=\"elementor elementor-1742\">\n\t\t\t\t\t\t<section class=\"elementor-section elementor-top-section elementor-element elementor-element-b42cb52 elementor-section-boxed elementor-section-height-default elementor-section-height-default\" data-id=\"b42cb52\" data-element_type=\"section\">\n\t\t\t\t\t\t<div class=\"elementor-container elementor-column-gap-default\">\n\t\t\t\t\t<div class=\"elementor-column elementor-col-100 elementor-top-column elementor-element elementor-element-ae4795c\" data-id=\"ae4795c\" data-element_type=\"column\">\n\t\t\t<div class=\"elementor-widget-wrap elementor-element-populated\">\n\t\t\t\t\t\t<div class=\"elementor-element elementor-element-825232e elementor-widget elementor-widget-vt-windfall_section_title\" data-id=\"825232e\" data-element_type=\"widget\" data-widget_type=\"vt-windfall_section_title.default\">\n\t\t\t\t<div class=\"elementor-widget-container\">\n\t\t\t<div class=\"section-title-wrap  wndfal-sectTitleElementor\"><h2 class=\"section-title\">Electrical Installations of Production Halls and Complexes<\/h2><\/div>\t\t<\/div>\n\t\t\t\t<\/div>\n\t\t\t\t\t<\/div>\n\t\t<\/div>\n\t\t\t\t\t<\/div>\n\t\t<\/section>\n\t\t\t\t<section class=\"elementor-section elementor-top-section elementor-element elementor-element-dc9545c elementor-section-boxed elementor-section-height-default elementor-section-height-default\" data-id=\"dc9545c\" data-element_type=\"section\">\n\t\t\t\t\t\t<div class=\"elementor-container elementor-column-gap-default\">\n\t\t\t\t\t<div class=\"elementor-column elementor-col-100 elementor-top-column elementor-element elementor-element-4efbc62\" data-id=\"4efbc62\" data-element_type=\"column\">\n\t\t\t<div class=\"elementor-widget-wrap elementor-element-populated\">\n\t\t\t\t\t\t<div class=\"elementor-element elementor-element-8f1058d elementor-widget elementor-widget-text-editor\" data-id=\"8f1058d\" data-element_type=\"widget\" data-widget_type=\"text-editor.default\">\n\t\t\t\t<div class=\"elementor-widget-container\">\n\t\t\t\t\t\t\t<p><em>We focus on manufacturing plants, industrial halls, warehouses and other areas where we perform:<\/em><br><\/p>\t\t\t\t\t\t<\/div>\n\t\t\t\t<\/div>\n\t\t\t\t<div class=\"elementor-element elementor-element-8571894 elementor-widget elementor-widget-vt-windfall_list\" data-id=\"8571894\" data-element_type=\"widget\" data-widget_type=\"vt-windfall_list.default\">\n\t\t\t\t<div class=\"elementor-widget-container\">\n\t\t\t<ul class=\"bullet-list\"><li>Electrical installation revisions<\/li><li>Revisions of the lightning conductor (also active)<\/li><li>Revisions of electrical appliances and electric hand tools<\/li><li>Revision of machinery and machinery equipment<\/li><li>Revisions of transformer stations, distribution equipment<\/li><li>Thermovision required for the audit<\/li><li>Revisions of explosive parts - paint shops, spray booths<\/li><li>Revisions of accumulators<\/li><li>Revisions of robots and robotic equipment<\/li><li>Gas boiler rooms<\/li><li>Outdoor lighting<\/li><\/ul>\t\t<\/div>\n\t\t\t\t<\/div>\n\t\t\t\t<div class=\"elementor-element elementor-element-f590db9 elementor-widget elementor-widget-spacer\" data-id=\"f590db9\" data-element_type=\"widget\" data-widget_type=\"spacer.default\">\n\t\t\t\t<div class=\"elementor-widget-container\">\n\t\t\t\t\t<div class=\"elementor-spacer\">\n\t\t\t<div class=\"elementor-spacer-inner\"><\/div>\n\t\t<\/div>\n\t\t\t\t<\/div>\n\t\t\t\t<\/div>\n\t\t\t\t<div class=\"elementor-element elementor-element-606b59d elementor-widget elementor-widget-text-editor\" data-id=\"606b59d\" data-element_type=\"widget\" data-widget_type=\"text-editor.default\">\n\t\t\t\t<div class=\"elementor-widget-container\">\n\t\t\t\t\t\t\t<p><em>As we know that in manufacturing, the production activity is paramount, we adapt the performance of our services to the customer's wishes so that the entire production process is affected as little as possible. We can participate in official tests and periodic inspections. We adapt our activities in the halls to work safety and plant operation. Our\u00a0<\/em><em>a high voltage inspection technician can completely inspect the substation and all equipment components and draw up a local operating regulation. We also have no problem reviewing ESD antistatic floors and insulation resistance of floors and walls. We also carry out electrical installation revision for medical premises.<\/em><\/p><p><em>During the inspection of the working machine we also check the completeness of the project documentation and the correctness of the machine manual, if you wish we can prepare it for you.<\/em><\/p><p><em>We also carry out inspections of photovoltaic power plants, cogeneration units, explosive equipment and high voltage throughout Slovakia.<\/em><\/p><p><em>We regularly provide our services in Bratislava, Nitra, Trnava, \u017diar nad Hronom, Zvolen, Krupina, Bansk\u00e1 Bystrica, Brezno, Detva, Rimavsk\u00e1 Sobota, Ve\u013ek\u00fd Krt\u00ed\u0161, Liptovsk\u00fd Mikul\u00e1\u0161, \u017dilina, Ru\u017eomberok, Levo\u010da, Levice, Kom\u00e1rno and Lu\u010denec.\u00a0<\/em><\/p>\t\t\t\t\t\t<\/div>\n\t\t\t\t<\/div>\n\t\t\t\t\t<\/div>\n\t\t<\/div>\n\t\t\t\t\t<\/div>\n\t\t<\/section>\n\t\t\t\t<\/div>","protected":false},"excerpt":{"rendered":"Electrical Installations of Production Halls and Complexes We focus on manufacturing companies, industrial halls, warehouses and other spaces, where we perform: Revisions of electrical installation Revisions of lightning rods (also active) Revisions of electrical appliances and electric hand tools Revisions of machines and machinery Revisions of substations, distribution devices Thermal imaging required for the audit Revisions of explosive parts - paint shops, spray booths Revisions of battery rooms Revisions...","protected":false},"author":9,"featured_media":0,"parent":0,"menu_order":4,"comment_status":"closed","ping_status":"closed","template":"","meta":{"footnotes":""},"class_list":["post-1742","page","type-page","status-publish","hentry"],"_links":{"self":[{"href":"https:\/\/reeltech.sk\/en\/wp-json\/wp\/v2\/pages\/1742","targetHints":{"allow":["GET"]}}],"collection":[{"href":"https:\/\/reeltech.sk\/en\/wp-json\/wp\/v2\/pages"}],"about":[{"href":"https:\/\/reeltech.sk\/en\/wp-json\/wp\/v2\/types\/page"}],"author":[{"embeddable":true,"href":"https:\/\/reeltech.sk\/en\/wp-json\/wp\/v2\/users\/9"}],"replies":[{"embeddable":true,"href":"https:\/\/reeltech.sk\/en\/wp-json\/wp\/v2\/comments?post=1742"}],"version-history":[{"count":3,"href":"https:\/\/reeltech.sk\/en\/wp-json\/wp\/v2\/pages\/1742\/revisions"}],"predecessor-version":[{"id":2443,"href":"https:\/\/reeltech.sk\/en\/wp-json\/wp\/v2\/pages\/1742\/revisions\/2443"}],"wp:attachment":[{"href":"https:\/\/reeltech.sk\/en\/wp-json\/wp\/v2\/media?parent=1742"}],"curies":[{"name":"wp","href":"https:\/\/api.w.org\/{rel}","templated":true}]}}