{"id":1729,"date":"2017-10-15T16:45:51","date_gmt":"2017-10-15T14:45:51","guid":{"rendered":"https:\/\/reeltech.sk\/termovizne-meranie\/"},"modified":"2017-10-15T16:45:51","modified_gmt":"2017-10-15T14:45:51","slug":"thermal-imaging-measurement","status":"publish","type":"page","link":"https:\/\/reeltech.sk\/en\/thermal-imaging-measurement\/","title":{"rendered":"Thermal imaging measurement"},"content":{"rendered":"<p><img decoding=\"async\" class=\"alignleft size-full wp-image-1727\" src=\"https:\/\/reeltech.sk\/wp-content\/uploads\/2017\/10\/images_thermal-imaging-camera-flir-ebx-use.jpg\" alt=\"Thermal imaging measurement\" width=\"171\" height=\"171\" style=\"float: left; margin: 10px;\" srcset=\"https:\/\/reeltech.sk\/wp-content\/uploads\/2017\/10\/images_thermal-imaging-camera-flir-ebx-use.jpg 250w, https:\/\/reeltech.sk\/wp-content\/uploads\/2017\/10\/images_thermal-imaging-camera-flir-ebx-use-150x150.jpg 150w, https:\/\/reeltech.sk\/wp-content\/uploads\/2017\/10\/images_thermal-imaging-camera-flir-ebx-use-100x100.jpg 100w\" sizes=\"(max-width: 171px) 100vw, 171px\" \/><\/p>\n<h1 class=\"MsoNormal\" style=\"margin-bottom: .0001pt; line-height: normal; mso-layout-grid-align: none; text-autospace: none;\"><span style=\"font-size: 10.0pt; mso-bidi-font-family: TimesNewRomanPSMT; color: #404040; mso-themecolor: text1; mso-themetint: 191;\">Thermal imaging of technical equipment is a reliable way to detect faults in equipment. Thermal imaging can be used on almost all types of technical equipment during operation, such as electrical installations, switchgear, rotating and non-rotating machines, induction equipment, air handling, heating and cooling equipment.<\/span><\/h1>\n<p>Using thermal imaging and thermal imaging cameras, we were able to detect a number of serious deficiencies that would have jeopardized the entire operation of industrial facilities and the operation of the public space. The control of unwanted overheating and unwanted leaks is important for all technical equipment, not only in terms of safety, but also in terms of the overall technical condition of the equipment and its operation.<\/p>\n<h6>&nbsp;<\/h6>\n<p>&nbsp;<\/p>\n<h2><strong>Services provided<\/strong> :<\/h2>\n<ul>\n<li>Thermal imaging of wiring and switchgear in industrial and domestic environments<\/li>\n<li>Thermal imaging of machines, engines, equipment<\/li>\n<li>Thermal imaging of buildings, flats, apartment buildings and family houses<\/li>\n<li>Other services as required<\/li>\n<\/ul>\n<h4><span style=\"font-size: 10.0pt; mso-bidi-font-family: TimesNewRomanPSMT; color: #404040; mso-themecolor: text1; mso-themetint: 191;\"> <\/span><strong>Why is thermal imaging so important?<\/strong><\/h4>\n<ul>\n<li class=\"MsoNormal\" style=\"margin-bottom: .0001pt; text-indent: 35.4pt; line-height: normal; mso-layout-grid-align: none; text-autospace: none;\"><span style=\"font-size: 10.0pt; mso-bidi-font-family: TimesNewRomanPSMT; color: #404040; mso-themecolor: text1; mso-themetint: 191;\">Reveals hidden heat leaks and unwanted overheating<\/span><\/li>\n<li class=\"MsoNormal\" style=\"margin-bottom: .0001pt; text-indent: 35.4pt; line-height: normal; mso-layout-grid-align: none; text-autospace: none;\"><span style=\"font-size: 10.0pt; mso-bidi-font-family: TimesNewRomanPSMT; color: #404040; mso-themecolor: text1; mso-themetint: 191;\">Motors and rotating machines can be checked during operation<\/span><\/li>\n<li class=\"MsoNormal\" style=\"margin-bottom: .0001pt; text-indent: 35.4pt; line-height: normal; mso-layout-grid-align: none; text-autospace: none;\"><span style=\"font-size: 10.0pt; mso-bidi-font-family: TimesNewRomanPSMT; color: #404040; mso-themecolor: text1; mso-themetint: 191;\">Inspection of technical conveyors and their components.<\/span><\/li>\n<li class=\"MsoNormal\" style=\"margin-bottom: .0001pt; text-indent: 35.4pt; line-height: normal; mso-layout-grid-align: none; text-autospace: none;\"><span style=\"font-size: 10.0pt; mso-bidi-font-family: TimesNewRomanPSMT; color: #404040; mso-themecolor: text1; mso-themetint: 191;\">And more.<\/span><\/li>\n<\/ul>\n<p class=\"MsoNormal\" style=\"margin-bottom: .0001pt; line-height: normal; mso-layout-grid-align: none; text-autospace: none;\"><span style=\"font-size: 10.0pt; mso-bidi-font-family: TimesNewRomanPSMT; color: #404040; mso-themecolor: text1; mso-themetint: 191;\"> <\/span> Thermal imaging of switchgear and wiring can detect serious faults in time that cannot be seen with the naked eye and prevent serious breakdowns and fire.<\/p>\n<p class=\"MsoNormal\" style=\"margin-bottom: .0001pt; line-height: normal; mso-layout-grid-align: none; text-autospace: none;\">&nbsp;<\/p>\n<p class=\"MsoNormal\" style=\"margin-bottom: .0001pt; line-height: normal; mso-layout-grid-align: none; text-autospace: none;\">&nbsp;<\/p>\n<p class=\"MsoNormal\" style=\"margin-bottom: .0001pt; line-height: normal; mso-layout-grid-align: none; text-autospace: none;\">&nbsp;<\/p>\n<p class=\"MsoNormal\" style=\"text-align: center;\" align=\"center\"><img decoding=\"async\" class=\"alignleft size-full wp-image-1728\" src=\"https:\/\/reeltech.sk\/wp-content\/uploads\/2017\/10\/images_thermo.jpg\" alt=\"Thermovision of electricity and buildings\" width=\"175\" height=\"137\" align=\"left\" hspace=\"12\" \/><\/p>\n<h1 class=\"MsoNormal\">Thermal imaging measurement in practice<\/h1>\n<p class=\"MsoNormal\">The use of thermal imaging cameras is relatively rare in Slovakia. There is a lot of talk about them, but few companies and people use their potential. Available thermal imaging cameras (thermovision) find use in many fields, from construction, through industry, to installations. We use thermal imaging cameras in wiring, switchgear, construction and during inspections and revisions of electrical equipment, where they can identify faults that are not visible to the naked eye and would otherwise be undetectable. Thermal imaging thus effectively prevents a major fault. <a href=\"\/en\/termovizne-meranie-v-praxi\/\">More about thermal imaging in practice &gt;&gt;&gt;&gt;<\/a><\/p>\n<p class=\"MsoNormal\">&nbsp;<\/p>\n<p>&nbsp;<\/p>\n<p>&nbsp;<\/p>\n<h6 class=\"MsoNormal\" style=\"margin-bottom: .0001pt; line-height: normal; mso-layout-grid-align: none; text-autospace: none;\">Our customers are most often looking for : <span style=\"line-height: normal;\">thermal imaging of switchgear , <\/span>thermovision electro , thermovision Bansk\u00e1 Bystrica , thermovision Zvolen , thermovision Detva , thermovision , thermovision camera , thermovision house , thermovision electro , thermovision Zvolen , thermovision Detva , thermovision Bansk\u00e1 Bystrica , thermovision Bratislava , thermovision Slovak Republic<\/h6>\n<p><a href=\"https:\/\/plus.google.com\/+ReeltechSk\" rel=\"publisher noopener\" target=\"_blank\">ReelTech on Google+<\/a><\/p>","protected":false},"excerpt":{"rendered":"Termov\u00edzne meranie technick\u00fdch zariaden\u00ed je spo\u013eahliv\u00fd sp\u00f4sob na zistenie por\u00fach na zariadeniach. Termov\u00edziu je mo\u017en\u00e9 pou\u017ei\u0165 takmer na v\u0161etky druhy technick\u00fdch zariaden\u00ed po\u010das ich prev\u00e1dzky, ako napr\u00edklad elektroin\u0161tal\u00e1cie, rozv\u00e1dza\u010de, to\u010div\u00e9 a neto\u010div\u00e9 stroje, induk\u010dn\u00e9 zariadenia, vzduchotechniku, ohrievaciu a chladiacu techniku. Pomocou termov\u00edznej kamery a termov\u00edzneho sn\u00edmkovania sa n\u00e1m podarilo odhali\u0165 viacero v\u00e1\u017enych nedostatkov, ktor\u00e9 by&#8230;","protected":false},"author":1,"featured_media":1727,"parent":0,"menu_order":6,"comment_status":"closed","ping_status":"closed","template":"","meta":{"footnotes":""},"class_list":["post-1729","page","type-page","status-publish","has-post-thumbnail","hentry"],"_links":{"self":[{"href":"https:\/\/reeltech.sk\/en\/wp-json\/wp\/v2\/pages\/1729","targetHints":{"allow":["GET"]}}],"collection":[{"href":"https:\/\/reeltech.sk\/en\/wp-json\/wp\/v2\/pages"}],"about":[{"href":"https:\/\/reeltech.sk\/en\/wp-json\/wp\/v2\/types\/page"}],"author":[{"embeddable":true,"href":"https:\/\/reeltech.sk\/en\/wp-json\/wp\/v2\/users\/1"}],"replies":[{"embeddable":true,"href":"https:\/\/reeltech.sk\/en\/wp-json\/wp\/v2\/comments?post=1729"}],"version-history":[{"count":0,"href":"https:\/\/reeltech.sk\/en\/wp-json\/wp\/v2\/pages\/1729\/revisions"}],"wp:featuredmedia":[{"embeddable":true,"href":"https:\/\/reeltech.sk\/en\/wp-json\/wp\/v2\/media\/1727"}],"wp:attachment":[{"href":"https:\/\/reeltech.sk\/en\/wp-json\/wp\/v2\/media?parent=1729"}],"curies":[{"name":"wp","href":"https:\/\/api.w.org\/{rel}","templated":true}]}}