{"id":1718,"date":"2017-10-15T16:44:42","date_gmt":"2017-10-15T14:44:42","guid":{"rendered":"https:\/\/reeltech.sk\/en-electrical-installations\/"},"modified":"2026-04-29T12:40:10","modified_gmt":"2026-04-29T10:40:10","slug":"en-electrical-installations","status":"publish","type":"page","link":"https:\/\/reeltech.sk\/en\/en-electrical-installations\/","title":{"rendered":"Electrical installations"},"content":{"rendered":"<p>Carry out wiring work all ranges.<\/p>\n<p>- Production of<\/p>\n<p>- House installations and intelligent houses! ! !<\/p>\n<p>- lightning<\/p>\n<p>- Data Network (Network)<\/p>\n<p>- lighting<\/p>\n<p>- sound<\/p>\n<\/p>\n<p>ReelTech s.r.o technological solutions, Professional inspections and professional tests of electrical equipment (revisions, professional inspections and professional tests, thermal imaging measurements, wiring, data networks )security and camera systems. EZS &amp; CCTV, Sensing of objects during construction. ReelTech Ltd. technological solutions, special inspections and testing of electrical equipment ( revisions, Verification, Prufungen, revisoin and testings electrical installations, verification, thermovision testing, Revisionen und Kontrollen ) testing Photovoltaic power plant, Electroinstalations, lightning, ...<\/p>\n<\/p><\/p>","protected":false},"excerpt":{"rendered":"Carry out wiring work all ranges. &#8211; Production of &#8211; House installations and intelligent houses! ! ! &#8211; lightning &#8211; Data Network (Network) &#8211; lighting &#8211; sound ReelTech s.r.o technologick\u00e9 rie\u0161enia, Odborn\u00e9 prehliadky a odborn\u00e9 sk\u00fa\u0161ky elektrick\u00fdch zariaden\u00ed (rev\u00edzie, odborn\u00e9 prehliadky a odborn\u00e9 sk\u00fa\u0161ky, termov\u00edzne meranie, elektroin\u0161tal\u00e1cie, d\u00e1tov\u00e9 siete )zabezpe\u010dovacie a kamerov\u00e9 syst\u00e9my. EZS &amp;&#8230;","protected":false},"author":1,"featured_media":0,"parent":0,"menu_order":5,"comment_status":"closed","ping_status":"closed","template":"","meta":{"footnotes":""},"class_list":["post-1718","page","type-page","status-publish","hentry"],"_links":{"self":[{"href":"https:\/\/reeltech.sk\/en\/wp-json\/wp\/v2\/pages\/1718","targetHints":{"allow":["GET"]}}],"collection":[{"href":"https:\/\/reeltech.sk\/en\/wp-json\/wp\/v2\/pages"}],"about":[{"href":"https:\/\/reeltech.sk\/en\/wp-json\/wp\/v2\/types\/page"}],"author":[{"embeddable":true,"href":"https:\/\/reeltech.sk\/en\/wp-json\/wp\/v2\/users\/1"}],"replies":[{"embeddable":true,"href":"https:\/\/reeltech.sk\/en\/wp-json\/wp\/v2\/comments?post=1718"}],"version-history":[{"count":1,"href":"https:\/\/reeltech.sk\/en\/wp-json\/wp\/v2\/pages\/1718\/revisions"}],"predecessor-version":[{"id":3190,"href":"https:\/\/reeltech.sk\/en\/wp-json\/wp\/v2\/pages\/1718\/revisions\/3190"}],"wp:attachment":[{"href":"https:\/\/reeltech.sk\/en\/wp-json\/wp\/v2\/media?parent=1718"}],"curies":[{"name":"wp","href":"https:\/\/api.w.org\/{rel}","templated":true}]}}