{"id":1683,"date":"2023-10-16T12:36:26","date_gmt":"2023-10-16T10:36:26","guid":{"rendered":"https:\/\/reeltech.sk\/?page_id=1683"},"modified":"2023-10-16T12:47:53","modified_gmt":"2023-10-16T10:47:53","slug":"electromobility-charging-stations-for-electric-cars","status":"publish","type":"page","link":"https:\/\/reeltech.sk\/en\/electromobility-charging-stations-for-electric-cars\/","title":{"rendered":"electromobility - charging stations for electric cars"},"content":{"rendered":"<div data-elementor-type=\"wp-page\" data-elementor-id=\"1683\" class=\"elementor elementor-1683\">\n\t\t\t\t\t\t<section class=\"elementor-section elementor-top-section elementor-element elementor-element-5eedbb7 elementor-section-boxed elementor-section-height-default elementor-section-height-default\" data-id=\"5eedbb7\" data-element_type=\"section\">\n\t\t\t\t\t\t<div class=\"elementor-container elementor-column-gap-default\">\n\t\t\t\t\t<div class=\"elementor-column elementor-col-100 elementor-top-column elementor-element elementor-element-a4843bd\" data-id=\"a4843bd\" data-element_type=\"column\">\n\t\t\t<div class=\"elementor-widget-wrap elementor-element-populated\">\n\t\t\t\t\t\t<div class=\"elementor-element elementor-element-fe3eb43 elementor-widget elementor-widget-vt-windfall_section_title\" data-id=\"fe3eb43\" data-element_type=\"widget\" data-widget_type=\"vt-windfall_section_title.default\">\n\t\t\t\t<div class=\"elementor-widget-container\">\n\t\t\t<div class=\"section-title-wrap  wndfal-sectTitleElementor\"><h2 class=\"section-title\">Electromobility<\/h2><\/div>\t\t<\/div>\n\t\t\t\t<\/div>\n\t\t\t\t<div class=\"elementor-element elementor-element-62d884f elementor-widget elementor-widget-text-editor\" data-id=\"62d884f\" data-element_type=\"widget\" data-widget_type=\"text-editor.default\">\n\t\t\t\t<div class=\"elementor-widget-container\">\n\t\t\t\t\t\t\t<p><strong>It has become a big phenomenon in recent years, so we want to play our part in its development. We have thus decided to provide our customers with extensive services in the field of Electric Vehicles.<\/strong><\/p>\t\t\t\t\t\t<\/div>\n\t\t\t\t<\/div>\n\t\t\t\t<div class=\"elementor-element elementor-element-3c998a7 elementor-widget elementor-widget-text-editor\" data-id=\"3c998a7\" data-element_type=\"widget\" data-widget_type=\"text-editor.default\">\n\t\t\t\t<div class=\"elementor-widget-container\">\n\t\t\t\t\t\t\t<p><span style=\"font-family: Tahoma, sans-serif; font-size: 12px;\">And not only for business customers, but also for end customers in houses and other establishments.<\/span><\/p>\t\t\t\t\t\t<\/div>\n\t\t\t\t<\/div>\n\t\t\t\t\t<\/div>\n\t\t<\/div>\n\t\t\t\t\t<\/div>\n\t\t<\/section>\n\t\t\t\t<section class=\"elementor-section elementor-top-section elementor-element elementor-element-0cc3657 elementor-section-boxed elementor-section-height-default elementor-section-height-default\" data-id=\"0cc3657\" data-element_type=\"section\">\n\t\t\t\t\t\t<div class=\"elementor-container elementor-column-gap-default\">\n\t\t\t\t\t<div class=\"elementor-column elementor-col-50 elementor-top-column elementor-element elementor-element-b0c41f1\" data-id=\"b0c41f1\" data-element_type=\"column\">\n\t\t\t<div class=\"elementor-widget-wrap elementor-element-populated\">\n\t\t\t\t\t\t<div class=\"elementor-element elementor-element-0d3ecfd elementor-widget elementor-widget-image\" data-id=\"0d3ecfd\" data-element_type=\"widget\" data-widget_type=\"image.default\">\n\t\t\t\t<div class=\"elementor-widget-container\">\n\t\t\t\t\t\t\t\t\t\t\t\t\t<img fetchpriority=\"high\" decoding=\"async\" width=\"485\" height=\"326\" src=\"https:\/\/reeltech.sk\/wp-content\/uploads\/2017\/10\/images_elektromobilita_elektromobilita.jpg\" class=\"attachment-large size-large wp-image-1678\" alt=\"electromobility\" srcset=\"https:\/\/reeltech.sk\/wp-content\/uploads\/2017\/10\/images_elektromobilita_elektromobilita.jpg 485w, https:\/\/reeltech.sk\/wp-content\/uploads\/2017\/10\/images_elektromobilita_elektromobilita-300x202.jpg 300w\" sizes=\"(max-width: 485px) 100vw, 485px\" title=\"\">\t\t\t\t\t\t\t\t\t\t\t\t\t<\/div>\n\t\t\t\t<\/div>\n\t\t\t\t\t<\/div>\n\t\t<\/div>\n\t\t\t\t<div class=\"elementor-column elementor-col-50 elementor-top-column elementor-element elementor-element-0ce9fc0\" data-id=\"0ce9fc0\" data-element_type=\"column\">\n\t\t\t<div class=\"elementor-widget-wrap elementor-element-populated\">\n\t\t\t\t\t\t<div class=\"elementor-element elementor-element-d809517 elementor-widget elementor-widget-heading\" data-id=\"d809517\" data-element_type=\"widget\" data-widget_type=\"heading.default\">\n\t\t\t\t<div class=\"elementor-widget-container\">\n\t\t\t<h2 class=\"elementor-heading-title elementor-size-default\">We perform:<\/h2>\t\t<\/div>\n\t\t\t\t<\/div>\n\t\t\t\t<div class=\"elementor-element elementor-element-dbfbe56 elementor-widget elementor-widget-vt-windfall_list\" data-id=\"dbfbe56\" data-element_type=\"widget\" data-widget_type=\"vt-windfall_list.default\">\n\t\t\t\t<div class=\"elementor-widget-container\">\n\t\t\t<ul class=\"bullet-list\"><li>Installation of charging stations for electric vehicles (VoltBox) for public use<\/li><li>Installation of electric vehicle charging stations for family homes and personal use (residental)<\/li><li>Installation of electric vehicle charging stations at petrol stations<\/li><li>Service and maintenance<\/li><\/ul>\t\t<\/div>\n\t\t\t\t<\/div>\n\t\t\t\t\t<\/div>\n\t\t<\/div>\n\t\t\t\t\t<\/div>\n\t\t<\/section>\n\t\t\t\t<section class=\"elementor-section elementor-top-section elementor-element elementor-element-9da13a0 elementor-section-boxed elementor-section-height-default elementor-section-height-default\" data-id=\"9da13a0\" data-element_type=\"section\">\n\t\t\t\t\t\t<div class=\"elementor-container elementor-column-gap-default\">\n\t\t\t\t\t<div class=\"elementor-column elementor-col-100 elementor-top-column elementor-element elementor-element-0914252\" data-id=\"0914252\" data-element_type=\"column\">\n\t\t\t<div class=\"elementor-widget-wrap elementor-element-populated\">\n\t\t\t\t\t\t<div class=\"elementor-element elementor-element-cc346d5 elementor-widget elementor-widget-spacer\" data-id=\"cc346d5\" data-element_type=\"widget\" data-widget_type=\"spacer.default\">\n\t\t\t\t<div class=\"elementor-widget-container\">\n\t\t\t\t\t<div class=\"elementor-spacer\">\n\t\t\t<div class=\"elementor-spacer-inner\"><\/div>\n\t\t<\/div>\n\t\t\t\t<\/div>\n\t\t\t\t<\/div>\n\t\t\t\t\t<\/div>\n\t\t<\/div>\n\t\t\t\t\t<\/div>\n\t\t<\/section>\n\t\t\t\t<section class=\"elementor-section elementor-top-section elementor-element elementor-element-03b9e4d elementor-section-boxed elementor-section-height-default elementor-section-height-default\" data-id=\"03b9e4d\" data-element_type=\"section\">\n\t\t\t\t\t\t<div class=\"elementor-container elementor-column-gap-default\">\n\t\t\t\t\t<div class=\"elementor-column elementor-col-100 elementor-top-column elementor-element elementor-element-93f588b\" data-id=\"93f588b\" data-element_type=\"column\">\n\t\t\t<div class=\"elementor-widget-wrap elementor-element-populated\">\n\t\t\t\t\t\t<div class=\"elementor-element elementor-element-c4b4154 elementor-widget elementor-widget-heading\" data-id=\"c4b4154\" data-element_type=\"widget\" data-widget_type=\"heading.default\">\n\t\t\t\t<div class=\"elementor-widget-container\">\n\t\t\t<h2 class=\"elementor-heading-title elementor-size-default\">What Types of Charging Stations Do We Use?<\/h2>\t\t<\/div>\n\t\t\t\t<\/div>\n\t\t\t\t\t<\/div>\n\t\t<\/div>\n\t\t\t\t\t<\/div>\n\t\t<\/section>\n\t\t\t\t<section class=\"elementor-section elementor-top-section elementor-element elementor-element-47911aa elementor-section-boxed elementor-section-height-default elementor-section-height-default\" data-id=\"47911aa\" data-element_type=\"section\">\n\t\t\t\t\t\t<div class=\"elementor-container elementor-column-gap-default\">\n\t\t\t\t\t<div class=\"elementor-column elementor-col-100 elementor-top-column elementor-element elementor-element-f2b076c\" data-id=\"f2b076c\" data-element_type=\"column\">\n\t\t\t<div class=\"elementor-widget-wrap\">\n\t\t\t\t\t\t\t<\/div>\n\t\t<\/div>\n\t\t\t\t\t<\/div>\n\t\t<\/section>\n\t\t\t\t<section class=\"elementor-section elementor-top-section elementor-element elementor-element-1455b50 elementor-section-boxed elementor-section-height-default elementor-section-height-default\" data-id=\"1455b50\" data-element_type=\"section\">\n\t\t\t\t\t\t<div class=\"elementor-container elementor-column-gap-default\">\n\t\t\t\t\t<div class=\"elementor-column elementor-col-50 elementor-top-column elementor-element elementor-element-d39f780\" data-id=\"d39f780\" data-element_type=\"column\">\n\t\t\t<div class=\"elementor-widget-wrap elementor-element-populated\">\n\t\t\t\t\t\t<div class=\"elementor-element elementor-element-2b2e64c elementor-widget elementor-widget-text-editor\" data-id=\"2b2e64c\" data-element_type=\"widget\" data-widget_type=\"text-editor.default\">\n\t\t\t\t<div class=\"elementor-widget-container\">\n\t\t\t\t\t\t\t<p class=\"MsoNormal\"><span style=\"background-image: initial; background-position: initial; background-size: initial; background-repeat: initial; background-attachment: initial; background-origin: initial; background-clip: initial;\">For family houses and <strong>private <\/strong><strong>sector<\/strong> we offer small, high quality and fast charging stations for your electric car. They are placed either on a wall in your garage or in a space of your choice.<\/span><\/p>\t\t\t\t\t\t<\/div>\n\t\t\t\t<\/div>\n\t\t\t\t<div class=\"elementor-element elementor-element-4615f25 elementor-widget elementor-widget-image\" data-id=\"4615f25\" data-element_type=\"widget\" data-widget_type=\"image.default\">\n\t\t\t\t<div class=\"elementor-widget-container\">\n\t\t\t\t\t\t\t\t\t\t\t\t\t<img decoding=\"async\" width=\"300\" height=\"200\" src=\"https:\/\/reeltech.sk\/wp-content\/uploads\/2017\/10\/images_elektromobilita_domova nabijacia stanica-300x200.jpg\" class=\"attachment-medium size-medium wp-image-1679\" alt=\"electric car in the home\" srcset=\"https:\/\/reeltech.sk\/wp-content\/uploads\/2017\/10\/images_elektromobilita_domova%20nabijacia%20stanica-300x200.jpg 300w, https:\/\/reeltech.sk\/wp-content\/uploads\/2017\/10\/images_elektromobilita_domova%20nabijacia%20stanica.jpg 594w\" sizes=\"(max-width: 300px) 100vw, 300px\" title=\"\">\t\t\t\t\t\t\t\t\t\t\t\t\t<\/div>\n\t\t\t\t<\/div>\n\t\t\t\t\t<\/div>\n\t\t<\/div>\n\t\t\t\t<div class=\"elementor-column elementor-col-50 elementor-top-column elementor-element elementor-element-94251e5\" data-id=\"94251e5\" data-element_type=\"column\">\n\t\t\t<div class=\"elementor-widget-wrap elementor-element-populated\">\n\t\t\t\t\t\t<div class=\"elementor-element elementor-element-454bb9c elementor-widget elementor-widget-text-editor\" data-id=\"454bb9c\" data-element_type=\"widget\" data-widget_type=\"text-editor.default\">\n\t\t\t\t<div class=\"elementor-widget-container\">\n\t\t\t\t\t\t\t<p class=\"MsoNormal\"><span style=\"background-image: initial; background-position: initial; background-size: initial; background-repeat: initial; background-attachment: initial; background-origin: initial; background-clip: initial;\">For <strong>public sector<\/strong> - Hotels, office buildings and department stores, we offer stations with almost all types of connectors (CHAdeMO , Combo,... ), and we are happy to advise customers on which type would suit them best.<\/span><\/p>\t\t\t\t\t\t<\/div>\n\t\t\t\t<\/div>\n\t\t\t\t<div class=\"elementor-element elementor-element-f1ca5ad elementor-widget elementor-widget-image\" data-id=\"f1ca5ad\" data-element_type=\"widget\" data-widget_type=\"image.default\">\n\t\t\t\t<div class=\"elementor-widget-container\">\n\t\t\t\t\t\t\t\t\t\t\t\t\t<img decoding=\"async\" width=\"300\" height=\"196\" src=\"https:\/\/reeltech.sk\/wp-content\/uploads\/2017\/10\/images_elektromobilita_Nabijanie elektromobilu-300x196.jpg\" class=\"attachment-medium size-medium wp-image-1680\" alt=\"charging your electric car\" srcset=\"https:\/\/reeltech.sk\/wp-content\/uploads\/2017\/10\/images_elektromobilita_Nabijanie%20elektromobilu-300x196.jpg 300w, https:\/\/reeltech.sk\/wp-content\/uploads\/2017\/10\/images_elektromobilita_Nabijanie%20elektromobilu-1024x669.jpg 1024w, https:\/\/reeltech.sk\/wp-content\/uploads\/2017\/10\/images_elektromobilita_Nabijanie%20elektromobilu-768x502.jpg 768w, https:\/\/reeltech.sk\/wp-content\/uploads\/2017\/10\/images_elektromobilita_Nabijanie%20elektromobilu-1536x1004.jpg 1536w, https:\/\/reeltech.sk\/wp-content\/uploads\/2017\/10\/images_elektromobilita_Nabijanie%20elektromobilu-600x392.jpg 600w, https:\/\/reeltech.sk\/wp-content\/uploads\/2017\/10\/images_elektromobilita_Nabijanie%20elektromobilu.jpg 2048w\" sizes=\"(max-width: 300px) 100vw, 300px\" title=\"\">\t\t\t\t\t\t\t\t\t\t\t\t\t<\/div>\n\t\t\t\t<\/div>\n\t\t\t\t\t<\/div>\n\t\t<\/div>\n\t\t\t\t\t<\/div>\n\t\t<\/section>\n\t\t\t\t<section class=\"elementor-section elementor-top-section elementor-element elementor-element-bfb7529 elementor-section-boxed elementor-section-height-default elementor-section-height-default\" data-id=\"bfb7529\" data-element_type=\"section\">\n\t\t\t\t\t\t<div class=\"elementor-container elementor-column-gap-default\">\n\t\t\t\t\t<div class=\"elementor-column elementor-col-100 elementor-top-column elementor-element elementor-element-8325227\" data-id=\"8325227\" data-element_type=\"column\">\n\t\t\t<div class=\"elementor-widget-wrap elementor-element-populated\">\n\t\t\t\t\t\t<div class=\"elementor-element elementor-element-4dbb5ff elementor-widget elementor-widget-spacer\" data-id=\"4dbb5ff\" data-element_type=\"widget\" data-widget_type=\"spacer.default\">\n\t\t\t\t<div class=\"elementor-widget-container\">\n\t\t\t\t\t<div class=\"elementor-spacer\">\n\t\t\t<div class=\"elementor-spacer-inner\"><\/div>\n\t\t<\/div>\n\t\t\t\t<\/div>\n\t\t\t\t<\/div>\n\t\t\t\t\t<\/div>\n\t\t<\/div>\n\t\t\t\t\t<\/div>\n\t\t<\/section>\n\t\t\t\t<section class=\"elementor-section elementor-top-section elementor-element elementor-element-095561b elementor-section-boxed elementor-section-height-default elementor-section-height-default\" data-id=\"095561b\" data-element_type=\"section\">\n\t\t\t\t\t\t<div class=\"elementor-container elementor-column-gap-default\">\n\t\t\t\t\t<div class=\"elementor-column elementor-col-100 elementor-top-column elementor-element elementor-element-b70f97e\" data-id=\"b70f97e\" data-element_type=\"column\">\n\t\t\t<div class=\"elementor-widget-wrap elementor-element-populated\">\n\t\t\t\t\t\t<div class=\"elementor-element elementor-element-517765e elementor-widget elementor-widget-text-editor\" data-id=\"517765e\" data-element_type=\"widget\" data-widget_type=\"text-editor.default\">\n\t\t\t\t<div class=\"elementor-widget-container\">\n\t\t\t\t\t\t\t<p class=\"MsoNormal\"><span style=\"background-image: initial; background-position: initial; background-size: initial; background-repeat: initial; background-attachment: initial; background-origin: initial; background-clip: initial;\">Charging stations at\nelectric vehicles<\/span><strong><span style=\"font-size: 10.5pt; line-height: 115%; font-family: Tahoma, &quot;sans-serif&quot;; background-image: initial; background-position: initial; background-size: initial; background-repeat: initial; background-attachment: initial; background-origin: initial; background-clip: initial;\">&nbsp;suitable for\nindividual car brands<\/span><\/strong><span style=\"background-image: initial; background-position: initial; background-size: initial; background-repeat: initial; background-attachment: initial; background-origin: initial; background-clip: initial;\">: Audi, BMW, Daimler, Ford, GM, Porsche, Volkswagen, Nissan,\nCitroen, Kia, Mitsubishi, Toyota, Tesla and more.&nbsp;<\/span><\/p>\t\t\t\t\t\t<\/div>\n\t\t\t\t<\/div>\n\t\t\t\t<div class=\"elementor-element elementor-element-e085d61 elementor-widget elementor-widget-image\" data-id=\"e085d61\" data-element_type=\"widget\" data-widget_type=\"image.default\">\n\t\t\t\t<div class=\"elementor-widget-container\">\n\t\t\t\t\t\t\t\t\t\t\t\t\t<img loading=\"lazy\" decoding=\"async\" width=\"755\" height=\"545\" src=\"https:\/\/reeltech.sk\/wp-content\/uploads\/2017\/10\/images_elektromobilita_auta komplatibilne s nabijackami.jpg\" class=\"attachment-large size-large wp-image-1681\" alt=\"distribution of car charging stations\" srcset=\"https:\/\/reeltech.sk\/wp-content\/uploads\/2017\/10\/images_elektromobilita_auta%20komplatibilne%20s%20nabijackami.jpg 755w, https:\/\/reeltech.sk\/wp-content\/uploads\/2017\/10\/images_elektromobilita_auta%20komplatibilne%20s%20nabijackami-300x217.jpg 300w, https:\/\/reeltech.sk\/wp-content\/uploads\/2017\/10\/images_elektromobilita_auta%20komplatibilne%20s%20nabijackami-600x433.jpg 600w\" sizes=\"(max-width: 755px) 100vw, 755px\" title=\"\">\t\t\t\t\t\t\t\t\t\t\t\t\t<\/div>\n\t\t\t\t<\/div>\n\t\t\t\t\t<\/div>\n\t\t<\/div>\n\t\t\t\t\t<\/div>\n\t\t<\/section>\n\t\t\t\t<section class=\"elementor-section elementor-top-section elementor-element elementor-element-f8e498e elementor-section-boxed elementor-section-height-default elementor-section-height-default\" data-id=\"f8e498e\" data-element_type=\"section\">\n\t\t\t\t\t\t<div class=\"elementor-container elementor-column-gap-default\">\n\t\t\t\t\t<div class=\"elementor-column elementor-col-100 elementor-top-column elementor-element elementor-element-d59308a\" data-id=\"d59308a\" data-element_type=\"column\">\n\t\t\t<div class=\"elementor-widget-wrap elementor-element-populated\">\n\t\t\t\t\t\t<div class=\"elementor-element elementor-element-c5be26a elementor-widget elementor-widget-spacer\" data-id=\"c5be26a\" data-element_type=\"widget\" data-widget_type=\"spacer.default\">\n\t\t\t\t<div class=\"elementor-widget-container\">\n\t\t\t\t\t<div class=\"elementor-spacer\">\n\t\t\t<div class=\"elementor-spacer-inner\"><\/div>\n\t\t<\/div>\n\t\t\t\t<\/div>\n\t\t\t\t<\/div>\n\t\t\t\t\t<\/div>\n\t\t<\/div>\n\t\t\t\t\t<\/div>\n\t\t<\/section>\n\t\t\t\t<section class=\"elementor-section elementor-top-section elementor-element elementor-element-066af9b elementor-section-boxed elementor-section-height-default elementor-section-height-default\" data-id=\"066af9b\" data-element_type=\"section\">\n\t\t\t\t\t\t<div class=\"elementor-container elementor-column-gap-default\">\n\t\t\t\t\t<div class=\"elementor-column elementor-col-100 elementor-top-column elementor-element elementor-element-a1338ec\" data-id=\"a1338ec\" data-element_type=\"column\">\n\t\t\t<div class=\"elementor-widget-wrap elementor-element-populated\">\n\t\t\t\t\t\t<div class=\"elementor-element elementor-element-baa1df5 elementor-widget elementor-widget-text-editor\" data-id=\"baa1df5\" data-element_type=\"widget\" data-widget_type=\"text-editor.default\">\n\t\t\t\t<div class=\"elementor-widget-container\">\n\t\t\t\t\t\t\t<p class=\"MsoNormal\"><strong><span style=\"background-image: initial; background-position: initial; background-size: initial; background-repeat: initial; background-attachment: initial; background-origin: initial; background-clip: initial;\">Close-up view of the \"reloading pistols\"<\/span><\/strong><\/p>\t\t\t\t\t\t<\/div>\n\t\t\t\t<\/div>\n\t\t\t\t<div class=\"elementor-element elementor-element-8fa4d09 elementor-widget elementor-widget-image\" data-id=\"8fa4d09\" data-element_type=\"widget\" data-widget_type=\"image.default\">\n\t\t\t\t<div class=\"elementor-widget-container\">\n\t\t\t\t\t\t\t\t\t\t\t\t\t<img loading=\"lazy\" decoding=\"async\" width=\"300\" height=\"235\" src=\"https:\/\/reeltech.sk\/wp-content\/uploads\/2017\/10\/images_elektromobilita_elektromobili nabijacie stanice konektory-300x235.jpg\" class=\"attachment-medium size-medium wp-image-1682\" alt=\"electric charger detail\" srcset=\"https:\/\/reeltech.sk\/wp-content\/uploads\/2017\/10\/images_elektromobilita_elektromobili%20nabijacie%20stanice%20konektory-300x235.jpg 300w, https:\/\/reeltech.sk\/wp-content\/uploads\/2017\/10\/images_elektromobilita_elektromobili%20nabijacie%20stanice%20konektory-600x470.jpg 600w, https:\/\/reeltech.sk\/wp-content\/uploads\/2017\/10\/images_elektromobilita_elektromobili%20nabijacie%20stanice%20konektory.jpg 620w\" sizes=\"(max-width: 300px) 100vw, 300px\" title=\"\">\t\t\t\t\t\t\t\t\t\t\t\t\t<\/div>\n\t\t\t\t<\/div>\n\t\t\t\t\t<\/div>\n\t\t<\/div>\n\t\t\t\t\t<\/div>\n\t\t<\/section>\n\t\t\t\t<\/div>","protected":false},"excerpt":{"rendered":"Elektromobilita Sa v posledn\u00fdch rokoch stala ve\u013ek\u00fdm fenom\u00e9nom, preto sa na rozvoji chceme podie\u013ea\u0165 aj my. Na\u0161im z\u00e1kazn\u00edkom sme sa tak rozhodli poskytova\u0165 rozsiahle slu\u017eby v oblasti Elektromobilov. A to nielen pre firemn\u00fdch z\u00e1kazn\u00edkov, ale aj pre koncov\u00fdch z\u00e1kazn\u00edkov v rodinn\u00fdch domoch a in\u00fdch zariadeniach. Vykon\u00e1vame: In\u0161tal\u00e1cie nab\u00edjac\u00edch stan\u00edc pre elektromobily (VoltBox) na verejn\u00e9 pou\u017eitie&#8230;","protected":false},"author":1,"featured_media":1678,"parent":0,"menu_order":17,"comment_status":"closed","ping_status":"closed","template":"","meta":{"footnotes":""},"class_list":["post-1683","page","type-page","status-publish","has-post-thumbnail","hentry"],"_links":{"self":[{"href":"https:\/\/reeltech.sk\/en\/wp-json\/wp\/v2\/pages\/1683","targetHints":{"allow":["GET"]}}],"collection":[{"href":"https:\/\/reeltech.sk\/en\/wp-json\/wp\/v2\/pages"}],"about":[{"href":"https:\/\/reeltech.sk\/en\/wp-json\/wp\/v2\/types\/page"}],"author":[{"embeddable":true,"href":"https:\/\/reeltech.sk\/en\/wp-json\/wp\/v2\/users\/1"}],"replies":[{"embeddable":true,"href":"https:\/\/reeltech.sk\/en\/wp-json\/wp\/v2\/comments?post=1683"}],"version-history":[{"count":0,"href":"https:\/\/reeltech.sk\/en\/wp-json\/wp\/v2\/pages\/1683\/revisions"}],"wp:featuredmedia":[{"embeddable":true,"href":"https:\/\/reeltech.sk\/en\/wp-json\/wp\/v2\/media\/1678"}],"wp:attachment":[{"href":"https:\/\/reeltech.sk\/en\/wp-json\/wp\/v2\/media?parent=1683"}],"curies":[{"name":"wp","href":"https:\/\/api.w.org\/{rel}","templated":true}]}}