{"id":1640,"date":"2017-10-15T16:29:42","date_gmt":"2017-10-15T14:29:42","guid":{"rendered":"https:\/\/reeltech.sk\/revizia-vn-a-b\/"},"modified":"2026-05-09T22:40:20","modified_gmt":"2026-05-09T20:40:20","slug":"revision-vn-a-b","status":"publish","type":"page","link":"https:\/\/reeltech.sk\/en\/revision-vn-a-b\/","title":{"rendered":"Rev\u00edzia VN, vysok\u00e9 nap\u00e4tie a trafostanice"},"content":{"rendered":"<div data-elementor-type=\"wp-page\" data-elementor-id=\"1640\" class=\"elementor elementor-1640\">\n\t\t\t\t\t\t<section class=\"elementor-section elementor-top-section elementor-element elementor-element-3771463 elementor-section-boxed elementor-section-height-default elementor-section-height-default\" data-id=\"3771463\" data-element_type=\"section\">\n\t\t\t\t\t\t<div class=\"elementor-container elementor-column-gap-default\">\n\t\t\t\t\t<div class=\"elementor-column elementor-col-100 elementor-top-column elementor-element elementor-element-a037194\" data-id=\"a037194\" data-element_type=\"column\">\n\t\t\t<div class=\"elementor-widget-wrap elementor-element-populated\">\n\t\t\t\t\t\t<div class=\"elementor-element elementor-element-c1f9fa2 elementor--h-position-center elementor--v-position-middle elementor-arrows-position-inside elementor-pagination-position-inside elementor-widget elementor-widget-slides\" data-id=\"c1f9fa2\" data-element_type=\"widget\" data-settings=\"{&quot;navigation&quot;:&quot;both&quot;,&quot;autoplay&quot;:&quot;yes&quot;,&quot;pause_on_hover&quot;:&quot;yes&quot;,&quot;pause_on_interaction&quot;:&quot;yes&quot;,&quot;autoplay_speed&quot;:5000,&quot;infinite&quot;:&quot;yes&quot;,&quot;transition&quot;:&quot;slide&quot;,&quot;transition_speed&quot;:500}\" data-widget_type=\"slides.default\">\n\t\t\t\t<div class=\"elementor-widget-container\">\n\t\t\t\t\t<div class=\"elementor-swiper\">\n\t\t\t<div class=\"elementor-slides-wrapper elementor-main-swiper swiper\" dir=\"ltr\" data-animation=\"fadeInUp\">\n\t\t\t\t<div class=\"swiper-wrapper elementor-slides\">\n\t\t\t\t\t\t\t\t\t\t<div class=\"elementor-repeater-item-ed90e48 swiper-slide\"><div class=\"swiper-slide-bg elementor-ken-burns elementor-ken-burns--in\" role=\"img\"><\/div><div class=\"elementor-background-overlay\"><\/div><div class=\"swiper-slide-inner\" ><div class=\"swiper-slide-contents\"><div class=\"elementor-slide-heading\">High Voltage Revision<\/div><div class=\"elementor-slide-description\">Transformers, substations and other equipment above 1kV - professionally, qualitatively and according to the applicable standards and regulations<\/div><div  class=\"elementor-button elementor-slide-button elementor-size-sm\">reeltech@reeltech.sk<\/div><\/div><\/div><\/div>\t\t\t\t<\/div>\n\t\t\t\t\t\t\t<\/div>\n\t\t<\/div>\n\t\t\t\t<\/div>\n\t\t\t\t<\/div>\n\t\t\t\t<div class=\"elementor-element elementor-element-12aa706 elementor-widget elementor-widget-vt-windfall_section_title\" data-id=\"12aa706\" data-element_type=\"widget\" data-widget_type=\"vt-windfall_section_title.default\">\n\t\t\t\t<div class=\"elementor-widget-container\">\n\t\t\t<div class=\"section-title-wrap  wndfal-sectTitleElementor\"><h2 class=\"section-title\">Rev\u00edzia vysok\u00e9ho nap\u00e4tia a zariaden\u00ed v prostred\u00ed s nebezpe\u010denstvom v\u00fdbuchu<\/h2><p>Disponujeme pracovn\u00edkmi vy\u0161kolen\u00fdmi na rev\u00edzie vysok\u00e9ho nap\u00e4tia a zariaden\u00ed v prostred\u00ed s nebezpe\u010denstvom v\u00fdbuchu (ATEX).<\/p><\/div>\t\t<\/div>\n\t\t\t\t<\/div>\n\t\t\t\t\t<\/div>\n\t\t<\/div>\n\t\t\t\t\t<\/div>\n\t\t<\/section>\n\t\t\t\t<section class=\"elementor-section elementor-top-section elementor-element elementor-element-1f355b5 elementor-section-boxed elementor-section-height-default elementor-section-height-default\" data-id=\"1f355b5\" data-element_type=\"section\">\n\t\t\t\t\t\t<div class=\"elementor-container elementor-column-gap-default\">\n\t\t\t\t\t<div class=\"elementor-column elementor-col-50 elementor-top-column elementor-element elementor-element-c5dcfe6\" data-id=\"c5dcfe6\" data-element_type=\"column\">\n\t\t\t<div class=\"elementor-widget-wrap elementor-element-populated\">\n\t\t\t\t\t\t<div class=\"elementor-element elementor-element-ea8e4fa elementor-widget elementor-widget-text-editor\" data-id=\"ea8e4fa\" data-element_type=\"widget\" data-widget_type=\"text-editor.default\">\n\t\t\t\t<div class=\"elementor-widget-container\">\n\t\t\t\t\t\t\t<p>Professional inspection and professional test of HV connections, substations and HV lines is no problem for us. Our staff has many years of experience with these types of equipment.<\/p>\n<p>Our routine activities include Professional Inspection and Professional Test - revision of high voltage connection, revision of 22kV transformer station and revision of high voltage lines.<\/p>\n<p>Vykon\u00e1vame aj komplexn\u00fa \u00fadr\u017ebu trafostanice, meranie transform\u00e1tora a meranie pr\u00edpojok vysok\u00e9ho nap\u00e4tia. Probl\u00e9mom nie s\u00fa ani sto\u017eiarov\u00e9 a kioskov\u00e9 trafostanice.<\/p>\n<p>\u00dadr\u017eba trafostanice je pre podnik ve\u013emi d\u00f4le\u017eit\u00e1, preto\u017ee zabezpe\u010duje dod\u00e1vku energie do v\u0161etk\u00fdch priestorov prev\u00e1dzky. Trafostanica men\u00ed nap\u00e4tie 22 kV na 400 V a jej s\u00fa\u010das\u0165ou je VN rozvod\u0148a, transform\u00e1tor a ochrana siete.<\/p>\n<p>Rev\u00edzia a \u00fadr\u017eba zariaden\u00ed s vysok\u00fdm nap\u00e4t\u00edm (VN) s\u00fa nevyhnutn\u00e9 pre bezpe\u010dnos\u0165, spo\u013eahlivos\u0165 a efekt\u00edvne fungovanie elektrickej siete. Medzi hlavn\u00e9 d\u00f4vody pravidelnej rev\u00edzie a \u00fadr\u017eby VN zariaden\u00ed patria:<\/p>\t\t\t\t\t\t<\/div>\n\t\t\t\t<\/div>\n\t\t\t\t\t<\/div>\n\t\t<\/div>\n\t\t\t\t<div class=\"elementor-column elementor-col-50 elementor-top-column elementor-element elementor-element-b8d6efd\" data-id=\"b8d6efd\" data-element_type=\"column\">\n\t\t\t<div class=\"elementor-widget-wrap elementor-element-populated\">\n\t\t\t\t\t\t<div class=\"elementor-element elementor-element-34c34b0 elementor-widget__width-initial elementor-widget elementor-widget-image\" data-id=\"34c34b0\" data-element_type=\"widget\" data-widget_type=\"image.default\">\n\t\t\t\t<div class=\"elementor-widget-container\">\n\t\t\t\t\t\t\t\t\t\t\t\t\t<img fetchpriority=\"high\" decoding=\"async\" width=\"1024\" height=\"1022\" src=\"https:\/\/reeltech.sk\/wp-content\/uploads\/2023\/06\/Trafostanice_reeltech_servis.png\" class=\"attachment-large size-large wp-image-2030\" alt=\"Service maintenance and revision of transformer stations, substations\" srcset=\"https:\/\/reeltech.sk\/wp-content\/uploads\/2023\/06\/Trafostanice_reeltech_servis.png 1024w, https:\/\/reeltech.sk\/wp-content\/uploads\/2023\/06\/Trafostanice_reeltech_servis-300x299.png 300w, https:\/\/reeltech.sk\/wp-content\/uploads\/2023\/06\/Trafostanice_reeltech_servis-150x150.png 150w, https:\/\/reeltech.sk\/wp-content\/uploads\/2023\/06\/Trafostanice_reeltech_servis-768x767.png 768w, https:\/\/reeltech.sk\/wp-content\/uploads\/2023\/06\/Trafostanice_reeltech_servis-600x599.png 600w, https:\/\/reeltech.sk\/wp-content\/uploads\/2023\/06\/Trafostanice_reeltech_servis-100x100.png 100w\" sizes=\"(max-width: 1024px) 100vw, 1024px\" title=\"\">\t\t\t\t\t\t\t\t\t\t\t\t\t<\/div>\n\t\t\t\t<\/div>\n\t\t\t\t\t<\/div>\n\t\t<\/div>\n\t\t\t\t\t<\/div>\n\t\t<\/section>\n\t\t\t\t<section class=\"elementor-section elementor-top-section elementor-element elementor-element-d2e401b elementor-section-boxed elementor-section-height-default elementor-section-height-default\" data-id=\"d2e401b\" data-element_type=\"section\">\n\t\t\t\t\t\t<div class=\"elementor-container elementor-column-gap-default\">\n\t\t\t\t\t<div class=\"elementor-column elementor-col-100 elementor-top-column elementor-element elementor-element-4bdac8e\" data-id=\"4bdac8e\" data-element_type=\"column\">\n\t\t\t<div class=\"elementor-widget-wrap elementor-element-populated\">\n\t\t\t\t\t\t<div class=\"elementor-element elementor-element-59bd326 elementor-widget elementor-widget-text-editor\" data-id=\"59bd326\" data-element_type=\"widget\" data-widget_type=\"text-editor.default\">\n\t\t\t\t<div class=\"elementor-widget-container\">\n\t\t\t\t\t\t\t<ol>\n<li><strong>Bezpe\u010dnos\u0165:<\/strong> Pri pr\u00e1ci s VN zariadeniami je bezpe\u010dnos\u0165 prioritou. Rev\u00edzia a \u00fadr\u017eba pom\u00e1haj\u00fa odha\u013eova\u0165 a odstra\u0148ova\u0165 potenci\u00e1lne rizik\u00e1, ako s\u00fa poruchov\u00e9 stavy, nedostato\u010dn\u00e1 izol\u00e1cia, nespr\u00e1vne uzemnenie alebo in\u00e9 nebezpe\u010dn\u00e9 stavy. T\u00fdm sa minimalizuje riziko \u00farazu elektrick\u00fdm pr\u00fadom, v\u00fdbuchu alebo po\u017eiaru.<\/li>\n<li><strong>Spo\u013eahlivos\u0165:<\/strong> Pravideln\u00e1 kontrola a testovanie VN zariaden\u00ed pom\u00e1haj\u00fa odha\u013eova\u0165 mo\u017en\u00e9 poruchy a zni\u017eova\u0165 riziko v\u00fdpadkov elektrickej energie. Je to d\u00f4le\u017eit\u00e9 najm\u00e4 pre nemocnice, priemyseln\u00e9 z\u00e1vody, technologick\u00e9 prev\u00e1dzky a verejn\u00fa infra\u0161trukt\u00faru.<\/li>\n<li><strong>Pred\u013a\u017eenie \u017eivotnosti zariaden\u00ed:<\/strong> Pravideln\u00e1 \u00fadr\u017eba zni\u017euje opotrebenie, kor\u00f3ziu a negat\u00edvny vplyv prostredia na zariadenia. Spr\u00e1vne nastavenie, \u010distenie a v\u00fdmena opotrebovan\u00fdch \u010dast\u00ed pom\u00e1haj\u00fa predch\u00e1dza\u0165 pred\u010dasn\u00e9mu zlyhaniu.<\/li>\n<li><strong>Efekt\u00edvnos\u0165:<\/strong> Kontrola a optimaliz\u00e1cia parametrov zariaden\u00ed, ako s\u00fa nap\u00e4tie, pr\u00fad a straty energie, prispievaj\u00fa k \u00faspore energie a zni\u017eovaniu n\u00e1kladov. Pravideln\u00e1 \u00fadr\u017eba z\u00e1rove\u0148 obmedzuje potrebu n\u00e1kladn\u00fdch opr\u00e1v.<\/li>\n<li><strong>Dodr\u017eiavanie predpisov a noriem:<\/strong> Rev\u00edzia a \u00fadr\u017eba VN zariaden\u00ed s\u00fa potrebn\u00e9 na splnenie po\u017eiadaviek platn\u00fdch pr\u00e1vnych predpisov, technick\u00fdch noriem a prev\u00e1dzkov\u00fdch pravidiel distribu\u010dn\u00fdch spolo\u010dnost\u00ed. Ich dodr\u017eiavanie je d\u00f4le\u017eit\u00e9 z h\u013eadiska bezpe\u010dnosti aj pr\u00e1vnej zodpovednosti.<\/li>\n<\/ol>\n\n<p><strong>H\u013eadan\u00e9 v\u00fdrazy a alternat\u00edvy:<\/strong> rev\u00edzia trafostanice, \u00fadr\u017eba trafostanice, rev\u00edzia VN, rev\u00edzia vysok\u00e9ho nap\u00e4tia, VN pr\u00edpojka, rev\u00edzia rozvodne, kontrola transform\u00e1tora, meranie transform\u00e1tora, rev\u00edzia uzemnenia trafostanice, kioskov\u00e1 trafostanica, sto\u017eiarov\u00e1 trafostanica, VN rozv\u00e1dza\u010d, NN rozv\u00e1dza\u010d a rev\u00edzia zariaden\u00ed nad 1 kV.<\/p>\t\t\t\t\t\t<\/div>\n\t\t\t\t<\/div>\n\t\t\t\t\t<\/div>\n\t\t<\/div>\n\t\t\t\t\t<\/div>\n\t\t<\/section>\n\t\t\t\t<section class=\"elementor-section elementor-top-section elementor-element elementor-element-bfed7fe elementor-section-boxed elementor-section-height-default elementor-section-height-default\" data-id=\"bfed7fe\" data-element_type=\"section\">\n\t\t\t\t\t\t<div class=\"elementor-container elementor-column-gap-default\">\n\t\t\t\t\t<div class=\"elementor-column elementor-col-100 elementor-top-column elementor-element elementor-element-f7a2f84\" data-id=\"f7a2f84\" data-element_type=\"column\">\n\t\t\t<div class=\"elementor-widget-wrap elementor-element-populated\">\n\t\t\t\t\t\t<div class=\"elementor-element elementor-element-7056c89 elementor-widget elementor-widget-text-editor\" data-id=\"7056c89\" data-element_type=\"widget\" data-widget_type=\"text-editor.default\">\n\t\t\t\t<div class=\"elementor-widget-container\">\n\t\t\t\t\t\t\t<p>Rev\u00edzia a \u00fadr\u017eba VN zariaden\u00ed s\u00fa k\u013e\u00fa\u010dov\u00e9 pre bezpe\u010dn\u00fa a spo\u013eahliv\u00fa prev\u00e1dzku elektrickej siete. Pom\u00e1haj\u00fa chr\u00e1ni\u0165 pracovn\u00edkov, minimalizova\u0165 v\u00fdpadky, predl\u017eova\u0165 \u017eivotnos\u0165 zariaden\u00ed, zvy\u0161ova\u0165 efekt\u00edvnos\u0165 prev\u00e1dzky a plni\u0165 po\u017eiadavky platn\u00fdch predpisov a noriem.<\/p><p>Vykon\u00e1vame najm\u00e4 tieto slu\u017eby:<\/p>\t\t\t\t\t\t<\/div>\n\t\t\t\t<\/div>\n\t\t\t\t\t<\/div>\n\t\t<\/div>\n\t\t\t\t\t<\/div>\n\t\t<\/section>\n\t\t\t\t<section class=\"elementor-section elementor-top-section elementor-element elementor-element-968f6ba elementor-section-boxed elementor-section-height-default elementor-section-height-default\" data-id=\"968f6ba\" data-element_type=\"section\">\n\t\t\t\t\t\t<div class=\"elementor-container elementor-column-gap-default\">\n\t\t\t\t\t<div class=\"elementor-column elementor-col-100 elementor-top-column elementor-element elementor-element-d361146\" data-id=\"d361146\" data-element_type=\"column\">\n\t\t\t<div class=\"elementor-widget-wrap elementor-element-populated\">\n\t\t\t\t\t\t<div class=\"elementor-element elementor-element-74e5255 elementor-widget elementor-widget-vt-windfall_list\" data-id=\"74e5255\" data-element_type=\"widget\" data-widget_type=\"vt-windfall_list.default\">\n\t\t\t\t<div class=\"elementor-widget-container\">\n\t\t\t<ul class=\"bullet-list\"><li>HV transformer measurement<\/li><li>Kontrola a \u00fadr\u017eba VN zariaden\u00ed, rozv\u00e1dza\u010dov a pr\u00edpojn\u00edc<\/li><li>Inspection and maintenance of LV equipment<\/li><li>Revision of earthing and lightning conductor<\/li><li>High Voltage Protection Test<\/li><li>Transformer insulating oil insulation property test<\/li><li>Inspection of the equipment and integrity of the substation<\/li><li>\u00dadr\u017eba trafostanice, kobky, kiosku a kioskov\u00fdch trafostan\u00edc<\/li><li>Thermal imaging measurement<\/li><li>Kontrola a rev\u00edzia pr\u00edpojky vysok\u00e9ho nap\u00e4tia (VN)<\/li><\/ul>\t\t<\/div>\n\t\t\t\t<\/div>\n\t\t\t\t\t<\/div>\n\t\t<\/div>\n\t\t\t\t\t<\/div>\n\t\t<\/section>\n\t\t\t\t<section class=\"elementor-section elementor-top-section elementor-element elementor-element-b2684e6 elementor-section-boxed elementor-section-height-default elementor-section-height-default\" data-id=\"b2684e6\" data-element_type=\"section\">\n\t\t\t\t\t\t<div class=\"elementor-container elementor-column-gap-default\">\n\t\t\t\t\t<div class=\"elementor-column elementor-col-100 elementor-top-column elementor-element elementor-element-1b24d98\" data-id=\"1b24d98\" data-element_type=\"column\">\n\t\t\t<div class=\"elementor-widget-wrap elementor-element-populated\">\n\t\t\t\t\t\t<div class=\"elementor-element elementor-element-b4affeb elementor-widget elementor-widget-heading\" data-id=\"b4affeb\" data-element_type=\"widget\" data-widget_type=\"heading.default\">\n\t\t\t\t<div class=\"elementor-widget-container\">\n\t\t\t<h2 class=\"elementor-heading-title elementor-size-default\">Pod rev\u00edziu vysok\u00e9ho nap\u00e4tia spadaj\u00fa elektrick\u00e9 zariadenia a syst\u00e9my, ktor\u00e9 pracuj\u00fa s nap\u00e4t\u00edm nad 1 kV. Medzi naj\u010dastej\u0161ie zariadenia patria:<\/h2>\t\t<\/div>\n\t\t\t\t<\/div>\n\t\t\t\t<div class=\"elementor-element elementor-element-05f2ab4 elementor-widget-divider--view-line elementor-widget elementor-widget-divider\" data-id=\"05f2ab4\" data-element_type=\"widget\" data-widget_type=\"divider.default\">\n\t\t\t\t<div class=\"elementor-widget-container\">\n\t\t\t\t\t<div class=\"elementor-divider\">\n\t\t\t<span class=\"elementor-divider-separator\">\n\t\t\t\t\t\t<\/span>\n\t\t<\/div>\n\t\t\t\t<\/div>\n\t\t\t\t<\/div>\n\t\t\t\t\t<\/div>\n\t\t<\/div>\n\t\t\t\t\t<\/div>\n\t\t<\/section>\n\t\t\t\t<section class=\"elementor-section elementor-top-section elementor-element elementor-element-54813e2 elementor-section-boxed elementor-section-height-default elementor-section-height-default\" data-id=\"54813e2\" data-element_type=\"section\">\n\t\t\t\t\t\t<div class=\"elementor-container elementor-column-gap-default\">\n\t\t\t\t\t<div class=\"elementor-column elementor-col-20 elementor-top-column elementor-element elementor-element-4b835f5\" data-id=\"4b835f5\" data-element_type=\"column\">\n\t\t\t<div class=\"elementor-widget-wrap elementor-element-populated\">\n\t\t\t\t\t\t<div class=\"elementor-element elementor-element-4d24827 elementor-widget elementor-widget-text-editor\" data-id=\"4d24827\" data-element_type=\"widget\" data-widget_type=\"text-editor.default\">\n\t\t\t\t<div class=\"elementor-widget-container\">\n\t\t\t\t\t\t\t<p><strong>Transformers<\/strong> are devices that change the electrical voltage from one level to another, most commonly 22kV to 0.4kV<\/p>\t\t\t\t\t\t<\/div>\n\t\t\t\t<\/div>\n\t\t\t\t\t<\/div>\n\t\t<\/div>\n\t\t\t\t<div class=\"elementor-column elementor-col-20 elementor-top-column elementor-element elementor-element-c0d84ef\" data-id=\"c0d84ef\" data-element_type=\"column\">\n\t\t\t<div class=\"elementor-widget-wrap elementor-element-populated\">\n\t\t\t\t\t\t<div class=\"elementor-element elementor-element-bd030d9 elementor-widget elementor-widget-text-editor\" data-id=\"bd030d9\" data-element_type=\"widget\" data-widget_type=\"text-editor.default\">\n\t\t\t\t<div class=\"elementor-widget-container\">\n\t\t\t\t\t\t\t<p><strong>Vedenia vysok\u00e9ho nap\u00e4tia:<\/strong> Sl\u00fa\u017eia na prenos elektrickej energie pri vysokom nap\u00e4t\u00ed.<\/p>\t\t\t\t\t\t<\/div>\n\t\t\t\t<\/div>\n\t\t\t\t\t<\/div>\n\t\t<\/div>\n\t\t\t\t<div class=\"elementor-column elementor-col-20 elementor-top-column elementor-element elementor-element-a1bac5f\" data-id=\"a1bac5f\" data-element_type=\"column\">\n\t\t\t<div class=\"elementor-widget-wrap elementor-element-populated\">\n\t\t\t\t\t\t<div class=\"elementor-element elementor-element-0f6ac50 elementor-widget elementor-widget-text-editor\" data-id=\"0f6ac50\" data-element_type=\"widget\" data-widget_type=\"text-editor.default\">\n\t\t\t\t<div class=\"elementor-widget-container\">\n\t\t\t\t\t\t\t<p><strong>Sp\u00edna\u010de vysok\u00e9ho nap\u00e4tia:<\/strong> Pou\u017e\u00edvaj\u00fa sa na zap\u00ednanie, vyp\u00ednanie a bezpe\u010dn\u00e9 ovl\u00e1danie elektrickej energie vo VN s\u00fastav\u00e1ch.<\/p>\t\t\t\t\t\t<\/div>\n\t\t\t\t<\/div>\n\t\t\t\t\t<\/div>\n\t\t<\/div>\n\t\t\t\t<div class=\"elementor-column elementor-col-20 elementor-top-column elementor-element elementor-element-02f3401\" data-id=\"02f3401\" data-element_type=\"column\">\n\t\t\t<div class=\"elementor-widget-wrap elementor-element-populated\">\n\t\t\t\t\t\t<div class=\"elementor-element elementor-element-3e0ede3 elementor-widget elementor-widget-text-editor\" data-id=\"3e0ede3\" data-element_type=\"widget\" data-widget_type=\"text-editor.default\">\n\t\t\t\t<div class=\"elementor-widget-container\">\n\t\t\t\t\t\t\t<p><strong>Protective devices:<\/strong> Chr\u00e1nia elektrick\u00e9 zariadenia a syst\u00e9my pred poruchami, pre\u0165a\u017een\u00edm a \u010fal\u0161\u00edmi formami po\u0161kodenia.<\/p>\t\t\t\t\t\t<\/div>\n\t\t\t\t<\/div>\n\t\t\t\t\t<\/div>\n\t\t<\/div>\n\t\t\t\t<div class=\"elementor-column elementor-col-20 elementor-top-column elementor-element elementor-element-1dbbe68\" data-id=\"1dbbe68\" data-element_type=\"column\">\n\t\t\t<div class=\"elementor-widget-wrap elementor-element-populated\">\n\t\t\t\t\t\t<div class=\"elementor-element elementor-element-7a1c5af elementor-widget elementor-widget-text-editor\" data-id=\"7a1c5af\" data-element_type=\"widget\" data-widget_type=\"text-editor.default\">\n\t\t\t\t<div class=\"elementor-widget-container\">\n\t\t\t\t\t\t\t<p><strong>\u010eal\u0161ie zariadenia:<\/strong> Pri vysokom nap\u00e4t\u00ed sa \u010dasto kontroluj\u00fa aj komponenty ako kondenz\u00e1tory, poistky, k\u00e1blov\u00e9 koncovky, pr\u00edpojnice a s\u00favisiace elektrick\u00e9 prvky.<\/p>\t\t\t\t\t\t<\/div>\n\t\t\t\t<\/div>\n\t\t\t\t\t<\/div>\n\t\t<\/div>\n\t\t\t\t\t<\/div>\n\t\t<\/section>\n\t\t\t\t<section class=\"elementor-section elementor-top-section elementor-element elementor-element-f7c3738 elementor-section-boxed elementor-section-height-default elementor-section-height-default\" data-id=\"f7c3738\" data-element_type=\"section\">\n\t\t\t\t\t\t<div class=\"elementor-container elementor-column-gap-default\">\n\t\t\t\t\t<div class=\"elementor-column elementor-col-100 elementor-top-column elementor-element elementor-element-db490a1\" data-id=\"db490a1\" data-element_type=\"column\">\n\t\t\t<div class=\"elementor-widget-wrap elementor-element-populated\">\n\t\t\t\t\t\t<div class=\"elementor-element elementor-element-d016de5 elementor-widget-divider--view-line elementor-widget elementor-widget-divider\" data-id=\"d016de5\" data-element_type=\"widget\" data-widget_type=\"divider.default\">\n\t\t\t\t<div class=\"elementor-widget-container\">\n\t\t\t\t\t<div class=\"elementor-divider\">\n\t\t\t<span class=\"elementor-divider-separator\">\n\t\t\t\t\t\t<\/span>\n\t\t<\/div>\n\t\t\t\t<\/div>\n\t\t\t\t<\/div>\n\t\t\t\t\t<\/div>\n\t\t<\/div>\n\t\t\t\t\t<\/div>\n\t\t<\/section>\n\t\t\t\t<section class=\"elementor-section elementor-top-section elementor-element elementor-element-1aa8632 elementor-section-boxed elementor-section-height-default elementor-section-height-default\" data-id=\"1aa8632\" data-element_type=\"section\">\n\t\t\t\t\t\t<div class=\"elementor-container elementor-column-gap-default\">\n\t\t\t\t\t<div class=\"elementor-column elementor-col-100 elementor-top-column elementor-element elementor-element-\" data-id=\"\" data-element_type=\"column\">\n\t\t\t<div class=\"elementor-widget-wrap elementor-element-populated\">\n\t\t\t\t\t\t<div class=\"elementor-element elementor-element- elementor-widget elementor-widget-text-editor\" data-id=\"\" data-element_type=\"widget\" data-widget_type=\"text-editor.default\">\n\t\t\t\t<div class=\"elementor-widget-container\">\n\t\t\t\t\t\t\t<h2>S\u00favisiace slu\u017eby<\/h2><p>Pre lep\u0161ie nadviazanie slu\u017eieb si m\u00f4\u017eete pozrie\u0165 aj tieto s\u00favisiace oblasti:<\/p><ul><li><a href=\"\/en\/other-electricity-installations\/\">Service and maintenance of substations<\/a><\/li><li><a href=\"\/en\/local-transport-regulations\/\">Miestny prev\u00e1dzkov\u00fd predpis<\/a><\/li><li><a href=\"\/en\/thermal-imaging-measurement\/thermal-imaging-of-electrical-installation-of-air-conditioning-machines\/\">Termov\u00edzia elektroin\u0161tal\u00e1cie<\/a><\/li><\/ul>\t\t\t\t\t\t<\/div>\n\t\t\t\t<\/div>\n\t\t\t\t\t<\/div>\n\t\t<\/div>\n\t\t\t\t\t<\/div>\n\t\t<\/section>\n\t\t\t\t<\/div>","protected":false},"excerpt":{"rendered":"Rev\u00edzia vysok\u00e9ho nap\u00e4tiaTrafostanice, transform\u00e1tory, rozvodne a ostatn\u00e9 zariadenia nad 1 kV &#8211; profesion\u00e1lne, kvalitne a pod\u013ea platn\u00fdch noriem a predpisov.reeltech@reeltech.sk Rev\u00edzia vysok\u00e9ho nap\u00e4tia a zariaden\u00ed v prostred\u00ed s nebezpe\u010denstvom v\u00fdbuchu Disponujeme pracovn\u00edkmi vy\u0161kolen\u00fdmi na rev\u00edzie vysok\u00e9ho nap\u00e4tia a zariaden\u00ed v prostred\u00ed s nebezpe\u010denstvom v\u00fdbuchu (ATEX). Odborn\u00e1 prehliadka a odborn\u00e1 sk\u00fa\u0161ka VN pr\u00edpojok, trafostan\u00edc a VN&#8230;","protected":false},"author":1,"featured_media":1639,"parent":0,"menu_order":31,"comment_status":"closed","ping_status":"closed","template":"","meta":{"footnotes":""},"class_list":["post-1640","page","type-page","status-publish","has-post-thumbnail","hentry"],"_links":{"self":[{"href":"https:\/\/reeltech.sk\/en\/wp-json\/wp\/v2\/pages\/1640","targetHints":{"allow":["GET"]}}],"collection":[{"href":"https:\/\/reeltech.sk\/en\/wp-json\/wp\/v2\/pages"}],"about":[{"href":"https:\/\/reeltech.sk\/en\/wp-json\/wp\/v2\/types\/page"}],"author":[{"embeddable":true,"href":"https:\/\/reeltech.sk\/en\/wp-json\/wp\/v2\/users\/1"}],"replies":[{"embeddable":true,"href":"https:\/\/reeltech.sk\/en\/wp-json\/wp\/v2\/comments?post=1640"}],"version-history":[{"count":14,"href":"https:\/\/reeltech.sk\/en\/wp-json\/wp\/v2\/pages\/1640\/revisions"}],"predecessor-version":[{"id":3581,"href":"https:\/\/reeltech.sk\/en\/wp-json\/wp\/v2\/pages\/1640\/revisions\/3581"}],"wp:featuredmedia":[{"embeddable":true,"href":"https:\/\/reeltech.sk\/en\/wp-json\/wp\/v2\/media\/1639"}],"wp:attachment":[{"href":"https:\/\/reeltech.sk\/en\/wp-json\/wp\/v2\/media?parent=1640"}],"curies":[{"name":"wp","href":"https:\/\/api.w.org\/{rel}","templated":true}]}}