{"id":1638,"date":"2017-10-15T16:29:15","date_gmt":"2017-10-15T14:29:15","guid":{"rendered":"https:\/\/reeltech.sk\/meranie-antistatickych-podlah\/"},"modified":"2026-04-20T21:07:29","modified_gmt":"2026-04-20T19:07:29","slug":"measurement-of-antistatic-floors","status":"publish","type":"page","link":"https:\/\/reeltech.sk\/en\/measurement-of-antistatic-floors\/","title":{"rendered":"Insulation resistance of floors and walls , Antistatics"},"content":{"rendered":"<div data-elementor-type=\"wp-page\" data-elementor-id=\"1638\" class=\"elementor elementor-1638\">\n\t\t\t\t\t\t<section class=\"elementor-section elementor-top-section elementor-element elementor-element-1934f7a elementor-section-boxed elementor-section-height-default elementor-section-height-default\" data-id=\"1934f7a\" data-element_type=\"section\">\n\t\t\t\t\t\t<div class=\"elementor-container elementor-column-gap-default\">\n\t\t\t\t\t<div class=\"elementor-column elementor-col-100 elementor-top-column elementor-element elementor-element-9f59f8e\" data-id=\"9f59f8e\" data-element_type=\"column\">\n\t\t\t<div class=\"elementor-widget-wrap elementor-element-populated\">\n\t\t\t\t\t\t<div class=\"elementor-element elementor-element-3993f72 elementor-widget elementor-widget-vt-windfall_section_title\" data-id=\"3993f72\" data-element_type=\"widget\" data-widget_type=\"vt-windfall_section_title.default\">\n\t\t\t\t<div class=\"elementor-widget-container\">\n\t\t\t<div class=\"section-title-wrap  wndfal-sectTitleElementor\"><h2 class=\"section-title\">Measurement and revision of antistatic floors and walls<\/h2><p>Vykon\u00e1vame meranie, rev\u00edziu izola\u010dn\u00e9ho odporu podl\u00e1h a stien, ESD a antistatick\u00fdch podl\u00e1h s vystaven\u00edm protokolu a spr\u00e1vy z rev\u00edzie zariadenia.<\/p><\/div>\t\t<\/div>\n\t\t\t\t<\/div>\n\t\t\t\t\t<\/div>\n\t\t<\/div>\n\t\t\t\t\t<\/div>\n\t\t<\/section>\n\t\t\t\t<section class=\"elementor-section elementor-top-section elementor-element elementor-element-3b8865c elementor-section-boxed elementor-section-height-default elementor-section-height-default\" data-id=\"3b8865c\" data-element_type=\"section\">\n\t\t\t\t\t\t<div class=\"elementor-container elementor-column-gap-default\">\n\t\t\t\t\t<div class=\"elementor-column elementor-col-100 elementor-top-column elementor-element elementor-element-7d5b02f\" data-id=\"7d5b02f\" data-element_type=\"column\">\n\t\t\t<div class=\"elementor-widget-wrap elementor-element-populated\">\n\t\t\t\t\t\t<div class=\"elementor-element elementor-element-96af7c9 elementor-widget elementor-widget-text-editor\" data-id=\"96af7c9\" data-element_type=\"widget\" data-widget_type=\"text-editor.default\">\n\t\t\t\t<div class=\"elementor-widget-container\">\n\t\t\t\t\t\t\t<p>Anti-static and conductive floors are special floors that have a special electrical conductivity and are suitable for areas where electrostatic discharges must be prevented. These materials can be used where there is a need for conductive or antistatic flooring. Antistatic flooring cannot generate electrostatic voltages on a person moving on it even without the use of conductive or antistatic footwear. These floors must reduce electrostatic voltages regardless of the relative humidity in the room or production hall.<\/p>\t\t\t\t\t\t<\/div>\n\t\t\t\t<\/div>\n\t\t\t\t\t<\/div>\n\t\t<\/div>\n\t\t\t\t\t<\/div>\n\t\t<\/section>\n\t\t\t\t<section class=\"elementor-section elementor-top-section elementor-element elementor-element-63a9255 elementor-section-boxed elementor-section-height-default elementor-section-height-default\" data-id=\"63a9255\" data-element_type=\"section\">\n\t\t\t\t\t\t<div class=\"elementor-container elementor-column-gap-default\">\n\t\t\t\t\t<div class=\"elementor-column elementor-col-100 elementor-top-column elementor-element elementor-element-e2d9e59\" data-id=\"e2d9e59\" data-element_type=\"column\">\n\t\t\t<div class=\"elementor-widget-wrap elementor-element-populated\">\n\t\t\t\t\t\t<div class=\"elementor-element elementor-element-9349e5e elementor-widget elementor-widget-text-editor\" data-id=\"9349e5e\" data-element_type=\"widget\" data-widget_type=\"text-editor.default\">\n\t\t\t\t<div class=\"elementor-widget-container\">\n\t\t\t\t\t\t\t<h4 style=\"text-align: center;\">Meranie antistatick\u00fdch podl\u00e1h vykon\u00e1vame v zdravotn\u00edckych zariadeniach, lakovniach a na pracovisk\u00e1ch jemnej elektroniky. Disponujeme pr\u00edstrojmi na meranie izola\u010dn\u00e9ho odporu podl\u00e1h, stien a \u0161peci\u00e1lnych niveliza\u010dn\u00fdch povrchov.<\/h4>\t\t\t\t\t\t<\/div>\n\t\t\t\t<\/div>\n\t\t\t\t\t<\/div>\n\t\t<\/div>\n\t\t\t\t\t<\/div>\n\t\t<\/section>\n\t\t\t\t<section class=\"elementor-section elementor-top-section elementor-element elementor-element-07a0811 elementor-section-boxed elementor-section-height-default elementor-section-height-default\" data-id=\"07a0811\" data-element_type=\"section\">\n\t\t\t\t\t\t<div class=\"elementor-container elementor-column-gap-default\">\n\t\t\t\t\t<div class=\"elementor-column elementor-col-100 elementor-top-column elementor-element elementor-element-fabb5ee\" data-id=\"fabb5ee\" data-element_type=\"column\">\n\t\t\t<div class=\"elementor-widget-wrap\">\n\t\t\t\t\t\t\t<\/div>\n\t\t<\/div>\n\t\t\t\t\t<\/div>\n\t\t<\/section>\n\t\t\t\t<section class=\"elementor-section elementor-top-section elementor-element elementor-element-3a27bc6 elementor-section-boxed elementor-section-height-default elementor-section-height-default\" data-id=\"3a27bc6\" data-element_type=\"section\">\n\t\t\t\t\t\t<div class=\"elementor-container elementor-column-gap-default\">\n\t\t\t\t\t<div class=\"elementor-column elementor-col-100 elementor-top-column elementor-element elementor-element-a189e81\" data-id=\"a189e81\" data-element_type=\"column\">\n\t\t\t<div class=\"elementor-widget-wrap elementor-element-populated\">\n\t\t\t\t\t\t<div class=\"elementor-element elementor-element-2bd63f5 elementor-widget elementor-widget-text-editor\" data-id=\"2bd63f5\" data-element_type=\"widget\" data-widget_type=\"text-editor.default\">\n\t\t\t\t<div class=\"elementor-widget-container\">\n\t\t\t\t\t\t\t<p>We carry out measurements and revisions throughout the Slovak Republic:<br><\/p>\t\t\t\t\t\t<\/div>\n\t\t\t\t<\/div>\n\t\t\t\t<div class=\"elementor-element elementor-element-acf0fff elementor-widget elementor-widget-vt-windfall_list\" data-id=\"acf0fff\" data-element_type=\"widget\" data-widget_type=\"vt-windfall_list.default\">\n\t\t\t\t<div class=\"elementor-widget-container\">\n\t\t\t<ul class=\"bullet-list\"><li>Antistatic floors<\/li><li>Electrostatic floors<\/li><li>Izola\u010dn\u00fd odpor stien<\/li><li>Izola\u010dn\u00fd odpor podl\u00e1h<\/li><li>ESD podlahy a pracovisk\u00e1<\/li><\/ul>\t\t<\/div>\n\t\t\t\t<\/div>\n\t\t\t\t\t<\/div>\n\t\t<\/div>\n\t\t\t\t\t<\/div>\n\t\t<\/section>\n\t\t\t\t<section class=\"elementor-section elementor-top-section elementor-element elementor-element-1f90dd8 elementor-section-boxed elementor-section-height-default elementor-section-height-default\" data-id=\"1f90dd8\" data-element_type=\"section\">\n\t\t\t\t\t\t<div class=\"elementor-container elementor-column-gap-default\">\n\t\t\t\t\t<div class=\"elementor-column elementor-col-100 elementor-top-column elementor-element elementor-element-ae7c193\" data-id=\"ae7c193\" data-element_type=\"column\">\n\t\t\t<div class=\"elementor-widget-wrap\">\n\t\t\t\t\t\t\t<\/div>\n\t\t<\/div>\n\t\t\t\t\t<\/div>\n\t\t<\/section>\n\t\t\t\t<section class=\"elementor-section elementor-top-section elementor-element elementor-element-e43eeef elementor-section-boxed elementor-section-height-default elementor-section-height-default\" data-id=\"e43eeef\" data-element_type=\"section\">\n\t\t\t\t\t\t<div class=\"elementor-container elementor-column-gap-default\">\n\t\t\t\t\t<div class=\"elementor-column elementor-col-100 elementor-top-column elementor-element elementor-element-54f663a\" data-id=\"54f663a\" data-element_type=\"column\">\n\t\t\t<div class=\"elementor-widget-wrap elementor-element-populated\">\n\t\t\t\t\t\t<div class=\"elementor-element elementor-element-166bb49 elementor-widget elementor-widget-heading\" data-id=\"166bb49\" data-element_type=\"widget\" data-widget_type=\"heading.default\">\n\t\t\t\t<div class=\"elementor-widget-container\">\n\t\t\t<h2 class=\"elementor-heading-title elementor-size-default\">Values for the classification of floors according to EN 34 1382:<\/h2>\t\t<\/div>\n\t\t\t\t<\/div>\n\t\t\t\t\t<\/div>\n\t\t<\/div>\n\t\t\t\t\t<\/div>\n\t\t<\/section>\n\t\t\t\t<section class=\"elementor-section elementor-top-section elementor-element elementor-element-74f72dd elementor-section-boxed elementor-section-height-default elementor-section-height-default\" data-id=\"74f72dd\" data-element_type=\"section\">\n\t\t\t\t\t\t<div class=\"elementor-container elementor-column-gap-default\">\n\t\t\t\t\t<div class=\"elementor-column elementor-col-50 elementor-top-column elementor-element elementor-element-1cde9af\" data-id=\"1cde9af\" data-element_type=\"column\">\n\t\t\t<div class=\"elementor-widget-wrap elementor-element-populated\">\n\t\t\t\t\t\t<div class=\"elementor-element elementor-element-a31acb3 elementor-widget elementor-widget-image\" data-id=\"a31acb3\" data-element_type=\"widget\" data-widget_type=\"image.default\">\n\t\t\t\t<div class=\"elementor-widget-container\">\n\t\t\t\t\t\t\t\t\t\t\t\t\t<img fetchpriority=\"high\" decoding=\"async\" width=\"480\" height=\"853\" src=\"https:\/\/reeltech.sk\/wp-content\/uploads\/2017\/10\/images_antistaticka_podlaha.jpg\" class=\"attachment-large size-large wp-image-1637\" alt=\"ESD Floor\" srcset=\"https:\/\/reeltech.sk\/wp-content\/uploads\/2017\/10\/images_antistaticka_podlaha.jpg 480w, https:\/\/reeltech.sk\/wp-content\/uploads\/2017\/10\/images_antistaticka_podlaha-169x300.jpg 169w, https:\/\/reeltech.sk\/wp-content\/uploads\/2017\/10\/images_antistaticka_podlaha-300x533.jpg 300w\" sizes=\"(max-width: 480px) 100vw, 480px\" \/>\t\t\t\t\t\t\t\t\t\t\t\t\t<\/div>\n\t\t\t\t<\/div>\n\t\t\t\t\t<\/div>\n\t\t<\/div>\n\t\t\t\t<div class=\"elementor-column elementor-col-50 elementor-top-column elementor-element elementor-element-2cd0353\" data-id=\"2cd0353\" data-element_type=\"column\">\n\t\t\t<div class=\"elementor-widget-wrap elementor-element-populated\">\n\t\t\t\t\t\t<div class=\"elementor-element elementor-element-ae62ae0 elementor-widget elementor-widget-heading\" data-id=\"ae62ae0\" data-element_type=\"widget\" data-widget_type=\"heading.default\">\n\t\t\t\t<div class=\"elementor-widget-container\">\n\t\t\t<h3 class=\"elementor-heading-title elementor-size-default\">Electrically conductive material (up to 50k\u03a9)<\/h3>\t\t<\/div>\n\t\t\t\t<\/div>\n\t\t\t\t<div class=\"elementor-element elementor-element-d4e0d40 elementor-widget elementor-widget-text-editor\" data-id=\"d4e0d40\" data-element_type=\"widget\" data-widget_type=\"text-editor.default\">\n\t\t\t\t<div class=\"elementor-widget-container\">\n\t\t\t\t\t\t\t<p class=\"MsoNormal\" style=\"margin-bottom: 0.0001pt;\"><span style=\"color: #262626; font-size: 13.3333px;\">This material is not capable of accumulating electrostatic charge in large quantities if it is bonded to the earth. Its intrinsic resistivity is equal to or less than 10<\/span><span style=\"color: #262626; position: relative; font-size: 10px; line-height: 0; vertical-align: baseline; top: -0.5em;\">4\u00a0<\/span><span style=\"color: #262626; font-size: 13.3333px;\">\u03a9m.\u00a0<\/span><\/p>\t\t\t\t\t\t<\/div>\n\t\t\t\t<\/div>\n\t\t\t\t<div class=\"elementor-element elementor-element-6ea0e28 elementor-widget elementor-widget-heading\" data-id=\"6ea0e28\" data-element_type=\"widget\" data-widget_type=\"heading.default\">\n\t\t\t\t<div class=\"elementor-widget-container\">\n\t\t\t<h3 class=\"elementor-heading-title elementor-size-default\">Electrostatically conductive material (from 50 k\u03a9 to 1M\u03a9)<\/h3>\t\t<\/div>\n\t\t\t\t<\/div>\n\t\t\t\t<div class=\"elementor-element elementor-element-f1d6947 elementor-widget elementor-widget-text-editor\" data-id=\"f1d6947\" data-element_type=\"widget\" data-widget_type=\"text-editor.default\">\n\t\t\t\t<div class=\"elementor-widget-container\">\n\t\t\t\t\t\t\t<p class=\"MsoNormal\" style=\"margin-bottom: 0.0001pt;\"><span style=\"color: #262626; font-size: 13.3333px;\">This material has the ability to dissipate the electrostatic charge generated by traffic on its surface as long as it is connected to the ground. Its internal resistivity is 10<\/span><span style=\"color: #262626; position: relative; font-size: 10px; line-height: 0; vertical-align: baseline; top: -0.5em;\">4\u00a0<\/span><span style=\"color: #262626; font-size: 13.3333px;\">&lt; 10<\/span><span style=\"color: #262626; position: relative; font-size: 10px; line-height: 0; vertical-align: baseline; top: -0.5em;\">6\u00a0<\/span><span style=\"color: #262626; font-size: 13.3333px;\">\u03a9m.\u00a0<\/span><\/p>\t\t\t\t\t\t<\/div>\n\t\t\t\t<\/div>\n\t\t\t\t<div class=\"elementor-element elementor-element-421c8c2 elementor-widget elementor-widget-heading\" data-id=\"421c8c2\" data-element_type=\"widget\" data-widget_type=\"heading.default\">\n\t\t\t\t<div class=\"elementor-widget-container\">\n\t\t\t<h3 class=\"elementor-heading-title elementor-size-default\">Antistatic material ( from 50 k\u03a9 to 100M\u03a9)<\/h3>\t\t<\/div>\n\t\t\t\t<\/div>\n\t\t\t\t<div class=\"elementor-element elementor-element-c11bf0e elementor-widget elementor-widget-text-editor\" data-id=\"c11bf0e\" data-element_type=\"widget\" data-widget_type=\"text-editor.default\">\n\t\t\t\t<div class=\"elementor-widget-container\">\n\t\t\t\t\t\t\t<p class=\"MsoNormal\" style=\"margin-bottom: 0.0001pt;\"><span style=\"color: #262626; font-size: 13.3333px;\">This material is not capable of accumulating electrostatic charge in large quantities if it is bonded to the earth. Its internal resistivity is 10<\/span><span style=\"color: #262626; position: relative; font-size: 10px; line-height: 0; vertical-align: baseline; top: -0.5em;\">4\u00a0<\/span><span style=\"color: #262626; font-size: 13.3333px;\">&lt; 10<\/span><span style=\"color: #262626; position: relative; font-size: 10px; line-height: 0; vertical-align: baseline; top: -0.5em;\">9\u00a0<\/span><span style=\"color: #262626; font-size: 13.3333px;\">\u03a9m.\u00a0<\/span><\/p>\t\t\t\t\t\t<\/div>\n\t\t\t\t<\/div>\n\t\t\t\t<div class=\"elementor-element elementor-element-f611ed0 elementor-widget elementor-widget-heading\" data-id=\"f611ed0\" data-element_type=\"widget\" data-widget_type=\"heading.default\">\n\t\t\t\t<div class=\"elementor-widget-container\">\n\t\t\t<h3 class=\"elementor-heading-title elementor-size-default\">Non-conductive material ( above 1000M\u03a9)<\/h3>\t\t<\/div>\n\t\t\t\t<\/div>\n\t\t\t\t<div class=\"elementor-element elementor-element-c55e1c8 elementor-widget elementor-widget-text-editor\" data-id=\"c55e1c8\" data-element_type=\"widget\" data-widget_type=\"text-editor.default\">\n\t\t\t\t<div class=\"elementor-widget-container\">\n\t\t\t\t\t\t\t<p class=\"MsoNormal\" style=\"margin-bottom: 0.0001pt;\"><span style=\"font-size: 10pt; line-height: 15.3333px; color: #262626;\">A characteristic of this material is its internal resistivity measured at ambient temperature and 50% relative humidity, which is greater than 10<span style=\"position: relative; font-size: 10px; line-height: 0; vertical-align: baseline; top: -0.5em;\">9\u00a0<\/span>\u03a9m.\u00a0<\/span><\/p><p class=\"MsoNormal\" style=\"margin-bottom: 0.0001pt;\"><span style=\"font-size: 10pt; line-height: 15.3333px; color: #262626;\">Standards: STN 33 2000-4-41 Art 413.3 ; STN 33 2000-6-61 Art 612.5 , STN 34 1382<\/span><\/p>\t\t\t\t\t\t<\/div>\n\t\t\t\t<\/div>\n\t\t\t\t<div class=\"elementor-element elementor-element-6ebd458 elementor-widget elementor-widget-heading\" data-id=\"6ebd458\" data-element_type=\"widget\" data-widget_type=\"heading.default\">\n\t\t\t\t<div class=\"elementor-widget-container\">\n\t\t\t<h3 class=\"elementor-heading-title elementor-size-default\">The non-conductive surroundings shall not be less than:<\/h3>\t\t<\/div>\n\t\t\t\t<\/div>\n\t\t\t\t<div class=\"elementor-element elementor-element-6f30f3b elementor-widget elementor-widget-vt-windfall_list\" data-id=\"6f30f3b\" data-element_type=\"widget\" data-widget_type=\"vt-windfall_list.default\">\n\t\t\t\t<div class=\"elementor-widget-container\">\n\t\t\t<ul class=\"bullet-list\"><li>50 k\u03a9, rated U of installation does not exceed 500V<\/li><li>100 k\u03a9, rated U of installation exceeds 500V (1kVAC and 1.5kVDC)<\/li><\/ul>\t\t<\/div>\n\t\t\t\t<\/div>\n\t\t\t\t\t<\/div>\n\t\t<\/div>\n\t\t\t\t\t<\/div>\n\t\t<\/section>\n\t\t\t\t<section class=\"elementor-section elementor-top-section elementor-element elementor-element-7edc7c3 elementor-section-boxed elementor-section-height-default elementor-section-height-default\" data-id=\"7edc7c3\" data-element_type=\"section\">\n\t\t\t\t\t\t<div class=\"elementor-container elementor-column-gap-default\">\n\t\t\t\t\t<div class=\"elementor-column elementor-col-100 elementor-top-column elementor-element elementor-element-48ea03e\" data-id=\"48ea03e\" data-element_type=\"column\">\n\t\t\t<div class=\"elementor-widget-wrap elementor-element-populated\">\n\t\t\t\t\t\t<div class=\"elementor-element elementor-element-81cff7d elementor-widget elementor-widget-text-editor\" data-id=\"81cff7d\" data-element_type=\"widget\" data-widget_type=\"text-editor.default\">\n\t\t\t\t<div class=\"elementor-widget-container\">\n\t\t\t\t\t\t\t<p style=\"margin: 1rem 0px; white-space-collapse: preserve; word-break: break-word; color: #1f1f1f; font-family: 'Google Sans', 'Helvetica Neue', sans-serif;\" data-sourcepos=\"3:1-3:30\"><span style=\"font-weight: bold;\">\u00a0<\/span><\/p><p style=\"margin: 1rem 0px; white-space-collapse: preserve; word-break: break-word; color: #1f1f1f; font-family: 'Google Sans', 'Helvetica Neue', sans-serif;\" data-sourcepos=\"3:1-3:30\"><span style=\"font-weight: bold;\">Meranie povrchov\u00e9ho odporu:<\/span><\/p><p style=\"margin: 1rem 0px; white-space-collapse: preserve; word-break: break-word; color: #1f1f1f; font-family: 'Google Sans', 'Helvetica Neue', sans-serif;\" data-sourcepos=\"5:1-5:303\">Met\u00f3da meria elektrick\u00fd odpor povrchu podlahy. Meranie sa vykon\u00e1va pomocou testera, ktor\u00fd sa prilo\u017e\u00ed k povrchu podlahy dvoma elektr\u00f3dami. Odpor sa meria v megohmoch (M\u03a9). Pod\u013ea normy STN EN 100 015 by mal by\u0165 povrchov\u00fd odpor antistatickej podlahy v rozmedz\u00ed 10^4 a\u017e 10^9 \u03a9.<\/p><p style=\"margin: 1rem 0px; white-space-collapse: preserve; word-break: break-word; color: #1f1f1f; font-family: 'Google Sans', 'Helvetica Neue', sans-serif;\" data-sourcepos=\"7:1-7:27\"><span style=\"font-weight: bold;\">Meranie bodov\u00e9ho odporu:<\/span><\/p><p style=\"margin: 1rem 0px; white-space-collapse: preserve; word-break: break-word; color: #1f1f1f; font-family: 'Google Sans', 'Helvetica Neue', sans-serif;\" data-sourcepos=\"9:1-9:337\">T\u00e1to met\u00f3da meria elektrick\u00fd odpor medzi povrchom podlahy a zemou. Meranie sa vykon\u00e1va pomocou rev\u00edzneho pr\u00edstroja, ktor\u00fd sa prilo\u017e\u00ed k povrchu podlahy jednou elektr\u00f3dou a druh\u00e1 elektr\u00f3da sa pripoj\u00ed k uzemneniu. Odpor sa meria v ohmoch (\u03a9). Pod\u013ea normy STN EN 100 015 by mal by\u0165 bodov\u00fd odpor antistatickej podlahy men\u0161\u00ed ako 1 \u03a9.<\/p><p style=\"margin: 1rem 0px; white-space-collapse: preserve; word-break: break-word; color: #1f1f1f; font-family: 'Google Sans', 'Helvetica Neue', sans-serif;\" data-sourcepos=\"11:1-11:31\"><span style=\"font-weight: bold;\">Met\u00f3da relat\u00edvnej vlhkosti:<\/span><\/p><p style=\"margin: 1rem 0px; white-space-collapse: preserve; word-break: break-word; color: #1f1f1f; font-family: 'Google Sans', 'Helvetica Neue', sans-serif;\" data-sourcepos=\"13:1-13:310\">Vlhkos\u0165 vzduchu ovplyv\u0148uje vlastnosti a vodivos\u0165 aj antistatickej podlahy. Preto je d\u00f4le\u017eit\u00e9 pri meran\u00ed antistatickej podlahy zmera\u0165 aj relat\u00edvnu vlhkos\u0165 vzduchu. Na meranie sa pou\u017eije vlhkomer. Pod\u013ea normy STN EN 100 015 by mala by\u0165 relat\u00edvna vlhkos\u0165 vzduchu v priestore s antistatickou podlahou v rozmedz\u00ed 30 a\u017e 70 %.<\/p><p style=\"margin: 1rem 0px; white-space-collapse: preserve; word-break: break-word; color: #1f1f1f; font-family: 'Google Sans', 'Helvetica Neue', sans-serif;\" data-sourcepos=\"15:1-15:235\"><span style=\"font-weight: bold;\">Okrem merania odporu a vlhkosti je d\u00f4le\u017eit\u00e9 vizu\u00e1lne skontrolova\u0165 aj stav antistatickej podlahy.<\/span> Povrch podlahy by mal by\u0165 bez trhl\u00edn, dier a in\u00fdch po\u0161koden\u00ed. Ak\u00e9ko\u013evek po\u0161kodenie podlahy m\u00f4\u017ee ovplyvni\u0165 jej antistatick\u00e9 vlastnosti.<\/p><p style=\"margin: 1rem 0px; white-space-collapse: preserve; word-break: break-word; color: #1f1f1f; font-family: 'Google Sans', 'Helvetica Neue', sans-serif;\" data-sourcepos=\"17:1-17:126\"><span style=\"font-weight: bold;\">Na\u0161i kvalifikovan\u00ed rev\u00edzny technici s kvalitnou meraciou technikou a sk\u00fasenos\u0165ami v\u00e1m radi vykonaj\u00fa rev\u00edziu, meranie, sk\u00fa\u0161ku a vystavia rev\u00edznu spr\u00e1vu.<\/span><\/p><p style=\"margin: 1rem 0px; white-space-collapse: preserve; word-break: break-word; color: #1f1f1f; font-family: 'Google Sans', 'Helvetica Neue', sans-serif;\" data-sourcepos=\"19:1-19:70\">Tu je zoznam relevantn\u00fdch noriem a predpisov pre antistatick\u00e9 podlahy:<\/p><ul style=\"margin: 4px 0px; padding-inline-start: 1.125rem; color: #1f1f1f; font-family: 'Google Sans', 'Helvetica Neue', sans-serif;\" data-sourcepos=\"21:1-24:0\"><li style=\"margin-bottom: 0px;\" data-sourcepos=\"21:1-21:88\">STN EN 100 015: 2001 &#8211; Elektrick\u00e9 in\u0161tal\u00e1cie v budov\u00e1ch &#8211; \u010cas\u0165 1: V\u0161eobecn\u00e9 po\u017eiadavky<\/li><li style=\"margin-bottom: 0px;\" data-sourcepos=\"22:1-22:85\">Vyhl\u00e1\u0161ka \u010d. 508\/2009 Z. z. MPSVR SR o technickej bezpe\u010dnosti elektrick\u00fdch zariaden\u00ed<\/li><li style=\"margin-bottom: 0px;\" data-sourcepos=\"23:1-24:0\">Nariadenie vl\u00e1dy SR \u010d. 314\/2001 Z. z. o technickej bezpe\u010dnosti v\u00fdrobkov<\/li><\/ul>\t\t\t\t\t\t<\/div>\n\t\t\t\t<\/div>\n\t\t\t\t\t<\/div>\n\t\t<\/div>\n\t\t\t\t\t<\/div>\n\t\t<\/section>\n\t\t\t\t<\/div>","protected":false},"excerpt":{"rendered":"Meranie a rev\u00edzia antistatick\u00fdch podl\u00e1h a stien Vykon\u00e1vame meranie, rev\u00edziu izola\u010dn\u00e9ho odporu podl\u00e1h a stien, ESD a antistatick\u00fdch podl\u00e1h s vystaven\u00edm protokolu a spr\u00e1vy z rev\u00edzie zariadenia. Antistatick\u00e9 a vodiv\u00e9 podlahy s\u00fa \u0161peci\u00e1lne podlahy, ktor\u00e9 vynikaj\u00fa \u0161peci\u00e1lnou elektrickou vodivos\u0165ou a s\u00fa vhodn\u00e9 do priestorov, kde je nutn\u00e9 zabr\u00e1nit vzniku elektrostatick\u00fdch v\u00fdbojov. Tieto materi\u00e1ly sa daj\u00fa&#8230;","protected":false},"author":1,"featured_media":1637,"parent":0,"menu_order":32,"comment_status":"closed","ping_status":"closed","template":"","meta":{"footnotes":""},"class_list":["post-1638","page","type-page","status-publish","has-post-thumbnail","hentry"],"_links":{"self":[{"href":"https:\/\/reeltech.sk\/en\/wp-json\/wp\/v2\/pages\/1638","targetHints":{"allow":["GET"]}}],"collection":[{"href":"https:\/\/reeltech.sk\/en\/wp-json\/wp\/v2\/pages"}],"about":[{"href":"https:\/\/reeltech.sk\/en\/wp-json\/wp\/v2\/types\/page"}],"author":[{"embeddable":true,"href":"https:\/\/reeltech.sk\/en\/wp-json\/wp\/v2\/users\/1"}],"replies":[{"embeddable":true,"href":"https:\/\/reeltech.sk\/en\/wp-json\/wp\/v2\/comments?post=1638"}],"version-history":[{"count":18,"href":"https:\/\/reeltech.sk\/en\/wp-json\/wp\/v2\/pages\/1638\/revisions"}],"predecessor-version":[{"id":3161,"href":"https:\/\/reeltech.sk\/en\/wp-json\/wp\/v2\/pages\/1638\/revisions\/3161"}],"wp:featuredmedia":[{"embeddable":true,"href":"https:\/\/reeltech.sk\/en\/wp-json\/wp\/v2\/media\/1637"}],"wp:attachment":[{"href":"https:\/\/reeltech.sk\/en\/wp-json\/wp\/v2\/media?parent=1638"}],"curies":[{"name":"wp","href":"https:\/\/api.w.org\/{rel}","templated":true}]}}