{"id":1633,"date":"2017-10-15T16:27:44","date_gmt":"2017-10-15T14:27:44","guid":{"rendered":"https:\/\/reeltech.sk\/revizia-elektroinstalacie-zvolen-detva-a-banska-bystrica\/"},"modified":"2023-10-16T22:42:05","modified_gmt":"2023-10-16T20:42:05","slug":"revision-of-wiring-zvolen-detva-and-banska-bystrica","status":"publish","type":"page","link":"https:\/\/reeltech.sk\/en\/revision-of-wiring-zvolen-detva-and-banska-bystrica\/","title":{"rendered":"Revision of electrical wiring Zvolen, Detva and Bansk\u00e1 Bystrica"},"content":{"rendered":"<div data-elementor-type=\"wp-page\" data-elementor-id=\"1633\" class=\"elementor elementor-1633\">\n\t\t\t\t\t\t<section class=\"elementor-section elementor-top-section elementor-element elementor-element-3608d46 elementor-section-boxed elementor-section-height-default elementor-section-height-default\" data-id=\"3608d46\" data-element_type=\"section\">\n\t\t\t\t\t\t<div class=\"elementor-container elementor-column-gap-default\">\n\t\t\t\t\t<div class=\"elementor-column elementor-col-100 elementor-top-column elementor-element elementor-element-0835cb6\" data-id=\"0835cb6\" data-element_type=\"column\">\n\t\t\t<div class=\"elementor-widget-wrap elementor-element-populated\">\n\t\t\t\t\t\t<div class=\"elementor-element elementor-element-9d6c8a5 elementor-widget elementor-widget-text-editor\" data-id=\"9d6c8a5\" data-element_type=\"widget\" data-widget_type=\"text-editor.default\">\n\t\t\t\t<div class=\"elementor-widget-container\">\n\t\t\t\t\t\t\t<p>In cities <b>Zvolen<\/b>, <b>Detva<\/b> a <b>Bansk\u00e1 Bystrica <\/b>we provide our services without travel expenses !&nbsp;<br><\/p>\t\t\t\t\t\t<\/div>\n\t\t\t\t<\/div>\n\t\t\t\t<div class=\"elementor-element elementor-element-619b00a elementor-widget elementor-widget-text-editor\" data-id=\"619b00a\" data-element_type=\"widget\" data-widget_type=\"text-editor.default\">\n\t\t\t\t<div class=\"elementor-widget-container\">\n\t\t\t\t\t\t\t<p>We also perform in other cities under favorable conditions such as Krupina, Lu\u010denec, Brezno, \u017diar nad Hronom, \u017darnovica, Nov\u00e1 Ba\u0148a.&nbsp;<br><\/p>\t\t\t\t\t\t<\/div>\n\t\t\t\t<\/div>\n\t\t\t\t<div class=\"elementor-element elementor-element-bb362fb elementor-widget elementor-widget-spacer\" data-id=\"bb362fb\" data-element_type=\"widget\" data-widget_type=\"spacer.default\">\n\t\t\t\t<div class=\"elementor-widget-container\">\n\t\t\t\t\t<div class=\"elementor-spacer\">\n\t\t\t<div class=\"elementor-spacer-inner\"><\/div>\n\t\t<\/div>\n\t\t\t\t<\/div>\n\t\t\t\t<\/div>\n\t\t\t\t<div class=\"elementor-element elementor-element-4745534 elementor-widget elementor-widget-text-editor\" data-id=\"4745534\" data-element_type=\"widget\" data-widget_type=\"text-editor.default\">\n\t\t\t\t<div class=\"elementor-widget-container\">\n\t\t\t\t\t\t\t<p>We carry out revisions of all electrical equipment, such as:<\/p>\t\t\t\t\t\t<\/div>\n\t\t\t\t<\/div>\n\t\t\t\t<div class=\"elementor-element elementor-element-7903c79 elementor-widget elementor-widget-vt-windfall_list\" data-id=\"7903c79\" data-element_type=\"widget\" data-widget_type=\"vt-windfall_list.default\">\n\t\t\t\t<div class=\"elementor-widget-container\">\n\t\t\t<ul class=\"bullet-list\"><li>Revision of wiring<\/li><li>Revision of the lightning conductor<\/li><li>Revision of electrical appliances<\/li><li>Revision of machines<\/li><li>Revision of tools<\/li><li>Substation revisions<\/li><li>Inspections of equipment with explosion hazards<\/li><li>other Revision of electrical, and wiring<\/li><\/ul>\t\t<\/div>\n\t\t\t\t<\/div>\n\t\t\t\t<div class=\"elementor-element elementor-element-54eb569 elementor-widget elementor-widget-spacer\" data-id=\"54eb569\" data-element_type=\"widget\" data-widget_type=\"spacer.default\">\n\t\t\t\t<div class=\"elementor-widget-container\">\n\t\t\t\t\t<div class=\"elementor-spacer\">\n\t\t\t<div class=\"elementor-spacer-inner\"><\/div>\n\t\t<\/div>\n\t\t\t\t<\/div>\n\t\t\t\t<\/div>\n\t\t\t\t<div class=\"elementor-element elementor-element-f878917 elementor-widget elementor-widget-text-editor\" data-id=\"f878917\" data-element_type=\"widget\" data-widget_type=\"text-editor.default\">\n\t\t\t\t<div class=\"elementor-widget-container\">\n\t\t\t\t\t\t\t<p>We also carry out the design of equipment, we have our own designer.<\/p>\t\t\t\t\t\t<\/div>\n\t\t\t\t<\/div>\n\t\t\t\t<div class=\"elementor-element elementor-element-38927d9 elementor-widget elementor-widget-text-editor\" data-id=\"38927d9\" data-element_type=\"widget\" data-widget_type=\"text-editor.default\">\n\t\t\t\t<div class=\"elementor-widget-container\">\n\t\t\t\t\t\t\t<p>An electrical designer is a professional who has the responsibility of designing and planning electrical installations for buildings and other structures. Here are some of the activities that an electrical installation designer usually performs:<\/p><ol><li><p>Consultation with the client: the electrical installation designer meets with the customer and discusses their requirements, goals and needs regarding the electrical installation.<\/p><\/li><li><p>Installation planning: the electrical designer designs the plan for the installation and takes into account the customer's requirements, local regulations and national standards. This includes selecting the location of electrical wiring, conduits, outlets, lighting and other components.<\/p><\/li><li><p>Calculations:The electrical installation designer performs the calculations that are required to determine the capacity of the electrical installation, such as the power required, transient, impedance, power consumption, installation cost, etc.<\/p><\/li><li><p>Equipment selection: the electrical designer selects the appropriate equipment and components to be used for the installation, taking into account quality, efficiency and cost.<\/p><\/li><li><p>Drawing plans: the electrical designer draws plans and diagrams that describe the entire electrical installation and include component locations, interconnections, associated cable routes and connections.<\/p><\/li><li><p>Preparation of technical documentation: the electrical installation designer prepares the technical documentation, which includes details of the design, plans, calculations, equipment selection, etc.<\/p><\/li><li><p>Coordination of work with other professionals: The electrical designer works with other professionals such as structural engineers, architects and technicians to ensure that the electrical installation is integrated into the overall design of the building or structure.<\/p><\/li><li><p>Verification and testing: the designer of the electrical installation verifies.<\/p><\/li><\/ol>\t\t\t\t\t\t<\/div>\n\t\t\t\t<\/div>\n\t\t\t\t\t<\/div>\n\t\t<\/div>\n\t\t\t\t\t<\/div>\n\t\t<\/section>\n\t\t\t\t<\/div>","protected":false},"excerpt":{"rendered":"In the cities of Zvolen, Detva and Bansk\u00e1 Bystrica, we provide our services without travel expenses! We also perform the same in other cities under favorable conditions such as Krupina, Lu\u010denec, Brezno, \u017diar nad Hronom, \u017darnovica, Nov\u00e1 Ba\u0148a. We carry out revisions of all electrical equipment, such as: Revision of electrical installation Revision of lightning rod Revision of electrical appliances Revision of machines Revision of tools Revisions...","protected":false},"author":9,"featured_media":0,"parent":0,"menu_order":33,"comment_status":"closed","ping_status":"closed","template":"","meta":{"footnotes":""},"class_list":["post-1633","page","type-page","status-publish","hentry"],"_links":{"self":[{"href":"https:\/\/reeltech.sk\/en\/wp-json\/wp\/v2\/pages\/1633","targetHints":{"allow":["GET"]}}],"collection":[{"href":"https:\/\/reeltech.sk\/en\/wp-json\/wp\/v2\/pages"}],"about":[{"href":"https:\/\/reeltech.sk\/en\/wp-json\/wp\/v2\/types\/page"}],"author":[{"embeddable":true,"href":"https:\/\/reeltech.sk\/en\/wp-json\/wp\/v2\/users\/9"}],"replies":[{"embeddable":true,"href":"https:\/\/reeltech.sk\/en\/wp-json\/wp\/v2\/comments?post=1633"}],"version-history":[{"count":3,"href":"https:\/\/reeltech.sk\/en\/wp-json\/wp\/v2\/pages\/1633\/revisions"}],"predecessor-version":[{"id":2440,"href":"https:\/\/reeltech.sk\/en\/wp-json\/wp\/v2\/pages\/1633\/revisions\/2440"}],"wp:attachment":[{"href":"https:\/\/reeltech.sk\/en\/wp-json\/wp\/v2\/media?parent=1633"}],"curies":[{"name":"wp","href":"https:\/\/api.w.org\/{rel}","templated":true}]}}