{"id":2302,"date":"2023-07-01T20:11:23","date_gmt":"2023-07-01T18:11:23","guid":{"rendered":"https:\/\/reeltech.sk\/?page_id=2302"},"modified":"2023-07-01T20:35:43","modified_gmt":"2023-07-01T18:35:43","slug":"dopv","status":"publish","type":"page","link":"https:\/\/reeltech.sk\/de\/dopv\/","title":{"rendered":"Explosionsrisikobewertung und schriftliches Explosionsschutzdokument"},"content":{"rendered":"<div data-elementor-type=\"wp-page\" data-elementor-id=\"2302\" class=\"elementor elementor-2302\">\n\t\t\t\t\t\t<section class=\"elementor-section elementor-top-section elementor-element elementor-element-20e33d5 elementor-section-boxed elementor-section-height-default elementor-section-height-default\" data-id=\"20e33d5\" data-element_type=\"section\">\n\t\t\t\t\t\t<div class=\"elementor-container elementor-column-gap-default\">\n\t\t\t\t\t<div class=\"elementor-column elementor-col-100 elementor-top-column elementor-element elementor-element-9dd648d\" data-id=\"9dd648d\" data-element_type=\"column\">\n\t\t\t<div class=\"elementor-widget-wrap elementor-element-populated\">\n\t\t\t\t\t\t<div class=\"elementor-element elementor-element-af85c6e elementor-widget elementor-widget-vt-windfall_section_title\" data-id=\"af85c6e\" data-element_type=\"widget\" data-widget_type=\"vt-windfall_section_title.default\">\n\t\t\t\t<div class=\"elementor-widget-container\">\n\t\t\t<div class=\"section-title-wrap  wndfal-sectTitleElementor\"><h2 class=\"section-title\">Was ist das DOPV?<\/h2><p>DOPV steht f\u00fcr \"Explosionsschutzdokument\". Es ist ein Dokument, das Teil des Sicherheitssystems in explosionsgef\u00e4hrdeten Umgebungen ist. Das DOPV ist in allen Einrichtungen vorgeschrieben, in denen mit brennbaren oder explosiven Stoffen umgegangen wird, z. B. in Chemiewerken, Raffinerien, H\u00e4fen oder Industriefabriken.\n\nDas Hauptziel der DOPV besteht darin, die Explosionsgefahr zu minimieren und die Sicherheit der Arbeitnehmer und der Umwelt zu gew\u00e4hrleisten. Die DOPV enth\u00e4lt eine genaue Beschreibung der zu befolgenden Sicherheitsvorkehrungen, einschlie\u00dflich Anweisungen f\u00fcr die Arbeit mit gef\u00e4hrlichen Stoffen, die ordnungsgem\u00e4\u00dfe Handhabung, Lagerung und Abfallbewirtschaftung.\n\nDie DOPV basiert auf einer gr\u00fcndlichen Risikobewertung der Anlage und enth\u00e4lt Informationen \u00fcber m\u00f6gliche Explosionsquellen, deren Ursachen und Ma\u00dfnahmen zu deren Verhinderung. Das Dokument enth\u00e4lt auch einen Explosionsplan, in dem Verfahren f\u00fcr die Evakuierung, Rettung und Brandbek\u00e4mpfung im Falle einer Explosion festgelegt sind.\n\nDie Einhaltung der DOPV ist gesetzlich vorgeschrieben und unterliegt regelm\u00e4\u00dfigen Kontrollen. Die Betreiber m\u00fcssen sicherstellen, dass alle Mitarbeiter, die mit gef\u00e4hrlichen Stoffen oder Umgebungen in Ber\u00fchrung kommen, entsprechend geschult und mit dem Inhalt der DOPV vertraut sind.\n\nDie DOPV ist daher ein Schl\u00fcsseldokument f\u00fcr den Explosionsschutz und ein umfassender Plan mit Sicherheitsma\u00dfnahmen zur Minimierung von Risiken und zur Schaffung einer sicheren Umgebung f\u00fcr Arbeitnehmer und Betriebe.<\/p><\/div>\t\t<\/div>\n\t\t\t\t<\/div>\n\t\t\t\t\t<\/div>\n\t\t<\/div>\n\t\t\t\t\t<\/div>\n\t\t<\/section>\n\t\t\t\t<section class=\"elementor-section elementor-top-section elementor-element elementor-element-151baf7 elementor-section-boxed elementor-section-height-default elementor-section-height-default\" data-id=\"151baf7\" data-element_type=\"section\">\n\t\t\t\t\t\t<div class=\"elementor-container elementor-column-gap-default\">\n\t\t\t\t\t<div class=\"elementor-column elementor-col-100 elementor-top-column elementor-element elementor-element-5c4d13a\" data-id=\"5c4d13a\" data-element_type=\"column\">\n\t\t\t<div class=\"elementor-widget-wrap\">\n\t\t\t\t\t\t\t<\/div>\n\t\t<\/div>\n\t\t\t\t\t<\/div>\n\t\t<\/section>\n\t\t\t\t<section class=\"elementor-section elementor-top-section elementor-element elementor-element-c9ccb91 elementor-section-boxed elementor-section-height-default elementor-section-height-default\" data-id=\"c9ccb91\" data-element_type=\"section\">\n\t\t\t\t\t\t<div class=\"elementor-container elementor-column-gap-default\">\n\t\t\t\t\t<div class=\"elementor-column elementor-col-100 elementor-top-column elementor-element elementor-element-8a78233\" data-id=\"8a78233\" data-element_type=\"column\">\n\t\t\t<div class=\"elementor-widget-wrap elementor-element-populated\">\n\t\t\t\t\t\t<div class=\"elementor-element elementor-element-a9d6132 elementor-widget elementor-widget-vt-windfall_list\" data-id=\"a9d6132\" data-element_type=\"widget\" data-widget_type=\"vt-windfall_list.default\">\n\t\t\t\t<div class=\"elementor-widget-container\">\n\t\t\t<ul class=\"check-list\"><li>Ausarbeitung des Explosionsschutzdokuments gem\u00e4\u00df der Verordnung Nr. 393\/2006 Slg. der Slowakischen Republik. (Richtlinie 1999\/92\/EG - ATEX 137).\n\n<\/li><li><a href=\"https:\/\/www.epi.sk\/zz\/2006-393\" rel=\"nofollow noopener\" target=\"_blank\">Regierungsverordnung Nr. 393\/2006 Slg.\nVerordnung der Regierung der Slowakischen Republik \u00fcber Mindestanforderungen an den Arbeitsschutz in explosionsgef\u00e4hrdeten Bereichen<\/a><\/li><li>Richtlinie 1999\/92\/EG \u00fcber Mindestvorschriften zur Verbesserung des Gesundheitsschutzes und der Sicherheit der Arbeitnehmer in explosionsgef\u00e4hrdeten Bereichen (15. Einzelrichtlinie im Sinne des Artikels 16 Absatz 1 der Richtlinie 89\/391\/EWG).<\/li><\/ul>\t\t<\/div>\n\t\t\t\t<\/div>\n\t\t\t\t<div class=\"elementor-element elementor-element-dc31bcb elementor-widget elementor-widget-vt-windfall_parallax_content\" data-id=\"dc31bcb\" data-element_type=\"widget\" data-widget_type=\"vt-windfall_parallax_content.default\">\n\t\t\t\t<div class=\"elementor-widget-container\">\n\t\t\t<div class=\"wndfal-reliable wndfal-parallax wndfal-overlay\">\r\n\t\t\t\t\t\t\t\t  <div class=\"container\">\r\n\t\t\t\t\t\t\t\t    \r\n\t\t\t\t\t\t\t\t    <div class=\"wndfal-btns-group\"><span class=\"wndfal-btn btn-one\"><span class=\"btn-text-wrap\"><span class=\"btn-text\">Zur Ausarbeitung=<\/span><\/span><\/span><span class=\"wndfal-btn  wndfal-white-btn btn-two\"><span class=\"btn-text-wrap\"><span class=\"btn-text\">Kontakt<\/span><\/span><\/span><\/div>\r\n\t\t\t\t\t\t\t\t  <\/div>\r\n\t\t\t\t\t\t\t\t<\/div>\t\t<\/div>\n\t\t\t\t<\/div>\n\t\t\t\t<div class=\"elementor-element elementor-element-68f142b elementor-widget elementor-widget-heading\" data-id=\"68f142b\" data-element_type=\"widget\" data-widget_type=\"heading.default\">\n\t\t\t\t<div class=\"elementor-widget-container\">\n\t\t\t<h2 class=\"elementor-heading-title elementor-size-default\">Wo ist das Explosionsschutzdokument erforderlich? <\/h2>\t\t<\/div>\n\t\t\t\t<\/div>\n\t\t\t\t<div class=\"elementor-element elementor-element-c001984 elementor-widget elementor-widget-vt-windfall_list\" data-id=\"c001984\" data-element_type=\"widget\" data-widget_type=\"vt-windfall_list.default\">\n\t\t\t\t<div class=\"elementor-widget-container\">\n\t\t\t<ul class=\"check-list\"><li>Eine DOPV muss \u00fcberall dort erstellt werden, wo dies gesetzlich vorgeschrieben ist und wo als explosionsgef\u00e4hrlich eingestufte Ger\u00e4te vorhanden sind<\/li><\/ul>\t\t<\/div>\n\t\t\t\t<\/div>\n\t\t\t\t<div class=\"elementor-element elementor-element-fd5a0f3 elementor-widget elementor-widget-vt-windfall_intro\" data-id=\"fd5a0f3\" data-element_type=\"widget\" data-widget_type=\"vt-windfall_intro.default\">\n\t\t\t\t<div class=\"elementor-widget-container\">\n\t\t\t<div class=\"wndfal-intro\"><div class=\"container\"><div class=\"row align-items-center\"><div class=\"col-lg-4\"><div class=\"intro-item\"><span class=\"wndfal-icon\"><i class=\"icon-arrows-check\" aria-hidden=\"true\"><\/i><\/span><span class=\"intro-title\">F\u00f6rderer und F\u00f6rdermittel f\u00fcr Stoffe wie: Mehl, Malz, Staub und andere Stoffe<\/span><\/div><\/div><div class=\"col-lg-4\"><div class=\"intro-item\"><span class=\"wndfal-icon\"><i class=\"icon-arrows-check\" aria-hidden=\"true\"><\/i><\/span><span class=\"intro-title\">Pulverbeschichtungskabinen oder Kabinen mit organischen L\u00f6sungsmitteln <\/span><\/div><\/div><div class=\"col-lg-4\"><div class=\"intro-item\"><span class=\"wndfal-icon\"><i class=\"icon-arrows-check\" aria-hidden=\"true\"><\/i><\/span><span class=\"intro-title\">Extraktions- und Filtrationsger\u00e4te<\/span><\/div><\/div><div class=\"col-lg-4\"><div class=\"intro-item\"><span class=\"wndfal-icon\"><i class=\"icon-arrows-check\" aria-hidden=\"true\"><\/i><\/span><span class=\"intro-title\">Lagereinrichtungen f\u00fcr Sch\u00fcttgut (Silos, Bunker) <\/span><\/div><\/div><div class=\"col-lg-4\"><div class=\"intro-item\"><span class=\"wndfal-icon\"><i class=\"icon-arrows-check\" aria-hidden=\"true\"><\/i><\/span><span class=\"intro-title\">Trockenr\u00e4ume<\/span><\/div><\/div><div class=\"col-lg-4\"><div class=\"intro-item\"><span class=\"wndfal-icon\"><i class=\"icon-arrows-check\" aria-hidden=\"true\"><\/i><\/span><span class=\"intro-title\">M\u00fchlen f\u00fcr Getreide, organische Farbstoffe, Kohle usw.<\/span><\/div><\/div><div class=\"col-lg-4\"><div class=\"intro-item\"><span class=\"wndfal-icon\"><i class=\"icon-arrows-check\" aria-hidden=\"true\"><\/i><\/span><span class=\"intro-title\">chemische und pharmazeutische Industrie<\/span><\/div><\/div><div class=\"col-lg-4\"><div class=\"intro-item\"><span class=\"wndfal-icon\"><i class=\"icon-arrows-check\" aria-hidden=\"true\"><\/i><\/span><span class=\"intro-title\">Gasregulierungsstationen<\/span><\/div><\/div><div class=\"col-lg-4\"><div class=\"intro-item\"><span class=\"wndfal-icon\"><i class=\"icon-arrows-check\" aria-hidden=\"true\"><\/i><\/span><span class=\"intro-title\">Biogas-Kraftwerke und Gasregulierungsstationen<\/span><\/div><\/div><\/div><\/div><\/div>\t\t<\/div>\n\t\t\t\t<\/div>\n\t\t\t\t\t<\/div>\n\t\t<\/div>\n\t\t\t\t\t<\/div>\n\t\t<\/section>\n\t\t\t\t<section class=\"elementor-section elementor-top-section elementor-element elementor-element-57eb0f3 elementor-section-boxed elementor-section-height-default elementor-section-height-default\" data-id=\"57eb0f3\" data-element_type=\"section\">\n\t\t\t\t\t\t<div class=\"elementor-container elementor-column-gap-default\">\n\t\t\t\t\t<div class=\"elementor-column elementor-col-50 elementor-top-column elementor-element elementor-element-a35d95a\" data-id=\"a35d95a\" data-element_type=\"column\">\n\t\t\t<div class=\"elementor-widget-wrap elementor-element-populated\">\n\t\t\t\t\t\t<div class=\"elementor-element elementor-element-6ac9e89 elementor-widget elementor-widget-heading\" data-id=\"6ac9e89\" data-element_type=\"widget\" data-widget_type=\"heading.default\">\n\t\t\t\t<div class=\"elementor-widget-container\">\n\t\t\t<h2 class=\"elementor-heading-title elementor-size-default\">Was ist f\u00fcr die Erstellung eines DOPV erforderlich?<\/h2>\t\t<\/div>\n\t\t\t\t<\/div>\n\t\t\t\t<div class=\"elementor-element elementor-element-c10aab5 elementor-widget elementor-widget-text-editor\" data-id=\"c10aab5\" data-element_type=\"widget\" data-widget_type=\"text-editor.default\">\n\t\t\t\t<div class=\"elementor-widget-container\">\n\t\t\t\t\t\t\t<p>F\u00fcr die Erstellung eines DOPV, d. h. eines Explosionsschutzdokuments, sind mehrere wichtige Faktoren erforderlich. Hier sind einige grundlegende Elemente zu ber\u00fccksichtigen:<\/p><p>1. Risikobewertung: Alle m\u00f6glichen Risiken im Zusammenhang mit einer Explosion in der Anlage m\u00fcssen gr\u00fcndlich bewertet werden. Dazu geh\u00f6rt die Ermittlung der Explosionsquellen sowie ihrer Ursachen und m\u00f6glichen Folgen.<\/p><p>2. Liste der Gefahrenzonen: Auf der Grundlage der Risikobewertung m\u00fcssen alle Bereiche in der Anlage, in denen eine Explosionsgefahr besteht, ermittelt und gekennzeichnet werden. Diese Bereiche werden als Gefahrenzonen bezeichnet und nach dem Grad der Gef\u00e4hrdung eingeteilt.<\/p><p>3. Ma\u00dfnahmen und Verfahren: Die DOPV sollte genaue Ma\u00dfnahmen und Verfahren zur Minimierung des Explosionsrisikos in jedem Gefahrenbereich enthalten. Diese Ma\u00dfnahmen k\u00f6nnen die ordnungsgem\u00e4\u00dfe Lagerung und Handhabung gef\u00e4hrlicher Stoffe, die Verwendung von Sicherheitsausr\u00fcstungen und -vorrichtungen, regelm\u00e4\u00dfige Wartung und Inspektionen und \u00c4hnliches umfassen.<\/p><p>4. Explosionsplan: Der DOPV sollte auch einen Aktionsplan f\u00fcr den Fall einer Explosion enthalten. Dieser Plan sollte Verfahren f\u00fcr die Evakuierung aus gef\u00e4hrlichen Bereichen, die Rettung von Verletzten sowie Verfahren zum L\u00f6schen und Eind\u00e4mmen der Explosion enthalten.<\/p><p>5. Schulung und Sensibilisierung: Alle Arbeitnehmer, die mit gef\u00e4hrlichen Stoffen in Ber\u00fchrung kommen oder in gef\u00e4hrlichen Bereichen arbeiten, sollten angemessen geschult und \u00fcber den Inhalt des HACCP-Konzepts informiert sein. Sie sollten Kenntnisse \u00fcber sichere Verfahren, die Verwendung von Schutzausr\u00fcstung und das Verhalten im Falle einer Explosion haben.<\/p><p>Die DOPV ist erforderlich, um die Sicherheit der Arbeitnehmer und der Arbeitsabl\u00e4ufe in Umgebungen mit hohem Explosionsrisiko zu gew\u00e4hrleisten. Ihre Entwicklung und Einhaltung ist gesetzlich vorgeschrieben und unterliegt regelm\u00e4\u00dfigen Kontrollen, um die Explosionsgefahr zu minimieren und die Umwelt vor gef\u00e4hrlichen Situationen zu sch\u00fctzen.<\/p>\t\t\t\t\t\t<\/div>\n\t\t\t\t<\/div>\n\t\t\t\t\t<\/div>\n\t\t<\/div>\n\t\t\t\t<div class=\"elementor-column elementor-col-50 elementor-top-column elementor-element elementor-element-6a519ad\" data-id=\"6a519ad\" data-element_type=\"column\">\n\t\t\t<div class=\"elementor-widget-wrap elementor-element-populated\">\n\t\t\t\t\t\t<div class=\"elementor-element elementor-element-0633f9b elementor-widget elementor-widget-image\" data-id=\"0633f9b\" data-element_type=\"widget\" data-widget_type=\"image.default\">\n\t\t\t\t<div class=\"elementor-widget-container\">\n\t\t\t\t\t\t\t\t\t\t\t\t\t<img fetchpriority=\"high\" decoding=\"async\" width=\"1024\" height=\"896\" src=\"https:\/\/reeltech.sk\/wp-content\/uploads\/2023\/07\/ATEX-revizia-reeltech-1024x896.png\" class=\"attachment-large size-large wp-image-2305\" alt=\"ATEX revizia reeltech\" srcset=\"https:\/\/reeltech.sk\/wp-content\/uploads\/2023\/07\/ATEX-revizia-reeltech-1024x896.png 1024w, https:\/\/reeltech.sk\/wp-content\/uploads\/2023\/07\/ATEX-revizia-reeltech-300x263.png 300w, https:\/\/reeltech.sk\/wp-content\/uploads\/2023\/07\/ATEX-revizia-reeltech-768x672.png 768w, https:\/\/reeltech.sk\/wp-content\/uploads\/2023\/07\/ATEX-revizia-reeltech-600x525.png 600w, https:\/\/reeltech.sk\/wp-content\/uploads\/2023\/07\/ATEX-revizia-reeltech.png 1170w\" sizes=\"(max-width: 1024px) 100vw, 1024px\" title=\"\">\t\t\t\t\t\t\t\t\t\t\t\t\t<\/div>\n\t\t\t\t<\/div>\n\t\t\t\t<section class=\"elementor-section elementor-inner-section elementor-element elementor-element-162316e elementor-section-boxed elementor-section-height-default elementor-section-height-default\" data-id=\"162316e\" data-element_type=\"section\">\n\t\t\t\t\t\t<div class=\"elementor-container elementor-column-gap-default\">\n\t\t\t\t\t<div class=\"elementor-column elementor-col-50 elementor-inner-column elementor-element elementor-element-668ff39\" data-id=\"668ff39\" data-element_type=\"column\">\n\t\t\t<div class=\"elementor-widget-wrap\">\n\t\t\t\t\t\t\t<\/div>\n\t\t<\/div>\n\t\t\t\t<div class=\"elementor-column elementor-col-50 elementor-inner-column elementor-element elementor-element-a027d1a\" data-id=\"a027d1a\" data-element_type=\"column\">\n\t\t\t<div class=\"elementor-widget-wrap\">\n\t\t\t\t\t\t\t<\/div>\n\t\t<\/div>\n\t\t\t\t\t<\/div>\n\t\t<\/section>\n\t\t\t\t\t<\/div>\n\t\t<\/div>\n\t\t\t\t\t<\/div>\n\t\t<\/section>\n\t\t\t\t<section class=\"elementor-section elementor-top-section elementor-element elementor-element-f39d5ba elementor-section-boxed elementor-section-height-default elementor-section-height-default\" data-id=\"f39d5ba\" data-element_type=\"section\">\n\t\t\t\t\t\t<div class=\"elementor-container elementor-column-gap-default\">\n\t\t\t\t\t<div class=\"elementor-column elementor-col-100 elementor-top-column elementor-element elementor-element-8493b9c\" data-id=\"8493b9c\" data-element_type=\"column\">\n\t\t\t<div class=\"elementor-widget-wrap\">\n\t\t\t\t\t\t\t<\/div>\n\t\t<\/div>\n\t\t\t\t\t<\/div>\n\t\t<\/section>\n\t\t\t\t<section class=\"elementor-section elementor-top-section elementor-element elementor-element-5ffa43d elementor-section-boxed elementor-section-height-default elementor-section-height-default\" data-id=\"5ffa43d\" data-element_type=\"section\">\n\t\t\t\t\t\t<div class=\"elementor-container elementor-column-gap-default\">\n\t\t\t\t\t<div class=\"elementor-column elementor-col-100 elementor-top-column elementor-element elementor-element-57a94ed\" data-id=\"57a94ed\" data-element_type=\"column\">\n\t\t\t<div class=\"elementor-widget-wrap\">\n\t\t\t\t\t\t\t<\/div>\n\t\t<\/div>\n\t\t\t\t\t<\/div>\n\t\t<\/section>\n\t\t\t\t<section class=\"elementor-section elementor-top-section elementor-element elementor-element-6f078fe elementor-section-boxed elementor-section-height-default elementor-section-height-default\" data-id=\"6f078fe\" data-element_type=\"section\">\n\t\t\t\t\t\t<div class=\"elementor-container elementor-column-gap-default\">\n\t\t\t\t\t<div class=\"elementor-column elementor-col-100 elementor-top-column elementor-element elementor-element-424efda\" data-id=\"424efda\" data-element_type=\"column\">\n\t\t\t<div class=\"elementor-widget-wrap elementor-element-populated\">\n\t\t\t\t\t\t<div class=\"elementor-element elementor-element-09363c0 elementor-shape-circle elementor-grid-0 e-grid-align-center elementor-widget elementor-widget-social-icons\" data-id=\"09363c0\" data-element_type=\"widget\" data-widget_type=\"social-icons.default\">\n\t\t\t\t<div class=\"elementor-widget-container\">\n\t\t\t\t\t<div class=\"elementor-social-icons-wrapper elementor-grid\">\n\t\t\t\t\t\t\t<span class=\"elementor-grid-item\">\n\t\t\t\t\t<a class=\"elementor-icon elementor-social-icon elementor-social-icon-facebook elementor-repeater-item-88e492c\" target=\"_blank\">\n\t\t\t\t\t\t<span class=\"elementor-screen-only\">Facebook<\/span>\n\t\t\t\t\t\t<svg class=\"e-font-icon-svg e-fab-facebook\" viewbox=\"0 0 512 512\" xmlns=\"http:\/\/www.w3.org\/2000\/svg\"><path d=\"M504 256C504 119 393 8 256 8S8 119 8 256c0 123.78 90.69 226.38 209.25 245V327.69h-63V256h63v-54.64c0-62.15 37-96.48 93.67-96.48 27.14 0 55.52 4.84 55.52 4.84v61h-31.28c-30.8 0-40.41 19.12-40.41 38.73V256h68.78l-11 71.69h-57.78V501C413.31 482.38 504 379.78 504 256z\"><\/path><\/svg>\t\t\t\t\t<\/a>\n\t\t\t\t<\/span>\n\t\t\t\t\t\t\t<span class=\"elementor-grid-item\">\n\t\t\t\t\t<a class=\"elementor-icon elementor-social-icon elementor-social-icon-linkedin elementor-repeater-item-e064e52\" href=\"https:\/\/www.linkedin.com\/company\/reeltech-sk\/?miniCompanyUrn=urn%3Ali%3Afs_miniCompany%3A93283227&#038;lipi=urn%3Ali%3Apage%3Ad_flagship3_company_admin%3B5KM3uGpBR3CSqhQFxDD91w%3D%3D\" target=\"_blank\" rel=\"noopener\">\n\t\t\t\t\t\t<span class=\"elementor-screen-only\">Linkedin<\/span>\n\t\t\t\t\t\t<svg class=\"e-font-icon-svg e-fab-linkedin\" viewbox=\"0 0 448 512\" xmlns=\"http:\/\/www.w3.org\/2000\/svg\"><path d=\"M416 32H31.9C14.3 32 0 46.5 0 64.3v383.4C0 465.5 14.3 480 31.9 480H416c17.6 0 32-14.5 32-32.3V64.3c0-17.8-14.4-32.3-32-32.3zM135.4 416H69V202.2h66.5V416zm-33.2-243c-21.3 0-38.5-17.3-38.5-38.5S80.9 96 102.2 96c21.2 0 38.5 17.3 38.5 38.5 0 21.3-17.2 38.5-38.5 38.5zm282.1 243h-66.4V312c0-24.8-.5-56.7-34.5-56.7-34.6 0-39.9 27-39.9 54.9V416h-66.4V202.2h63.7v29.2h.9c8.9-16.8 30.6-34.5 62.9-34.5 67.2 0 79.7 44.3 79.7 101.9V416z\"><\/path><\/svg>\t\t\t\t\t<\/a>\n\t\t\t\t<\/span>\n\t\t\t\t\t\t\t<span class=\"elementor-grid-item\">\n\t\t\t\t\t<a class=\"elementor-icon elementor-social-icon elementor-social-icon-instagram elementor-repeater-item-664872d\" target=\"_blank\">\n\t\t\t\t\t\t<span class=\"elementor-screen-only\">Instagram<\/span>\n\t\t\t\t\t\t<svg class=\"e-font-icon-svg e-fab-instagram\" viewbox=\"0 0 448 512\" xmlns=\"http:\/\/www.w3.org\/2000\/svg\"><path d=\"M224.1 141c-63.6 0-114.9 51.3-114.9 114.9s51.3 114.9 114.9 114.9S339 319.5 339 255.9 287.7 141 224.1 141zm0 189.6c-41.1 0-74.7-33.5-74.7-74.7s33.5-74.7 74.7-74.7 74.7 33.5 74.7 74.7-33.6 74.7-74.7 74.7zm146.4-194.3c0 14.9-12 26.8-26.8 26.8-14.9 0-26.8-12-26.8-26.8s12-26.8 26.8-26.8 26.8 12 26.8 26.8zm76.1 27.2c-1.7-35.9-9.9-67.7-36.2-93.9-26.2-26.2-58-34.4-93.9-36.2-37-2.1-147.9-2.1-184.9 0-35.8 1.7-67.6 9.9-93.9 36.1s-34.4 58-36.2 93.9c-2.1 37-2.1 147.9 0 184.9 1.7 35.9 9.9 67.7 36.2 93.9s58 34.4 93.9 36.2c37 2.1 147.9 2.1 184.9 0 35.9-1.7 67.7-9.9 93.9-36.2 26.2-26.2 34.4-58 36.2-93.9 2.1-37 2.1-147.8 0-184.8zM398.8 388c-7.8 19.6-22.9 34.7-42.6 42.6-29.5 11.7-99.5 9-132.1 9s-102.7 2.6-132.1-9c-19.6-7.8-34.7-22.9-42.6-42.6-11.7-29.5-9-99.5-9-132.1s-2.6-102.7 9-132.1c7.8-19.6 22.9-34.7 42.6-42.6 29.5-11.7 99.5-9 132.1-9s102.7-2.6 132.1 9c19.6 7.8 34.7 22.9 42.6 42.6 11.7 29.5 9 99.5 9 132.1s2.7 102.7-9 132.1z\"><\/path><\/svg>\t\t\t\t\t<\/a>\n\t\t\t\t<\/span>\n\t\t\t\t\t<\/div>\n\t\t\t\t<\/div>\n\t\t\t\t<\/div>\n\t\t\t\t\t<\/div>\n\t\t<\/div>\n\t\t\t\t\t<\/div>\n\t\t<\/section>\n\t\t\t\t<\/div>","protected":false},"excerpt":{"rendered":"\u010co je DOPV? DOPV je skratka pre &#8222;Dokument o ochrane pred v\u00fdbuchom&#8220;. Ide o dokument, ktor\u00fd je s\u00fa\u010das\u0165ou bezpe\u010dnostn\u00e9ho syst\u00e9mu v prostrediach, kde hroz\u00ed nebezpe\u010denstvo v\u00fdbuchu. DOPV je povinn\u00fd vo v\u0161etk\u00fdch prev\u00e1dzkach, kde sa manipuluje s hor\u013eav\u00fdmi alebo v\u00fdbu\u0161n\u00fdmi l\u00e1tkami, ako napr\u00edklad chemick\u00e9 z\u00e1vody, rafin\u00e9rie, pr\u00edstavy alebo priemyseln\u00e9 tov\u00e1rne. Hlavn\u00fdm cie\u013eom DOPV je minimalizova\u0165 riziko&#8230;","protected":false},"author":1,"featured_media":1667,"parent":0,"menu_order":9,"comment_status":"closed","ping_status":"closed","template":"","meta":{"footnotes":""},"class_list":["post-2302","page","type-page","status-publish","has-post-thumbnail","hentry"],"_links":{"self":[{"href":"https:\/\/reeltech.sk\/de\/wp-json\/wp\/v2\/pages\/2302","targetHints":{"allow":["GET"]}}],"collection":[{"href":"https:\/\/reeltech.sk\/de\/wp-json\/wp\/v2\/pages"}],"about":[{"href":"https:\/\/reeltech.sk\/de\/wp-json\/wp\/v2\/types\/page"}],"author":[{"embeddable":true,"href":"https:\/\/reeltech.sk\/de\/wp-json\/wp\/v2\/users\/1"}],"replies":[{"embeddable":true,"href":"https:\/\/reeltech.sk\/de\/wp-json\/wp\/v2\/comments?post=2302"}],"version-history":[{"count":0,"href":"https:\/\/reeltech.sk\/de\/wp-json\/wp\/v2\/pages\/2302\/revisions"}],"wp:featuredmedia":[{"embeddable":true,"href":"https:\/\/reeltech.sk\/de\/wp-json\/wp\/v2\/media\/1667"}],"wp:attachment":[{"href":"https:\/\/reeltech.sk\/de\/wp-json\/wp\/v2\/media?parent=2302"}],"curies":[{"name":"wp","href":"https:\/\/api.w.org\/{rel}","templated":true}]}}