{"id":1775,"date":"2023-05-19T10:34:39","date_gmt":"2023-05-19T08:34:39","guid":{"rendered":"https:\/\/reeltech.sk\/projekcia-fotovoltickych-elektrarni-2\/"},"modified":"2026-04-30T06:17:20","modified_gmt":"2026-04-30T04:17:20","slug":"projektion-von-fotovoltaik-kraftwerken-2-2","status":"publish","type":"page","link":"https:\/\/reeltech.sk\/de\/projektion-von-fotovoltaik-kraftwerken-2-2\/","title":{"rendered":"Projektion von Fotovoltaik-Kraftwerken"},"content":{"rendered":"<div data-elementor-type=\"wp-page\" data-elementor-id=\"1775\" class=\"elementor elementor-1775\">\n\t\t\t\t\t\t<section class=\"elementor-section elementor-top-section elementor-element elementor-element-d0b5a32 elementor-section-boxed elementor-section-height-default elementor-section-height-default\" data-id=\"d0b5a32\" data-element_type=\"section\">\n\t\t\t\t\t\t<div class=\"elementor-container elementor-column-gap-default\">\n\t\t\t\t\t<div class=\"elementor-column elementor-col-100 elementor-top-column elementor-element elementor-element-\" data-id=\"\" data-element_type=\"column\">\n\t\t\t<div class=\"elementor-widget-wrap elementor-element-populated\">\n\t\t\t\t\t\t<div class=\"elementor-element elementor-element- elementor-widget elementor-widget-text-editor\" data-id=\"\" data-element_type=\"widget\" data-widget_type=\"text-editor.default\">\n\t\t\t\t<div class=\"elementor-widget-container\">\n\t\t\t\t\t\t\t<h2>Projektov\u00e1 dokument\u00e1cia pre fotovoltick\u00e9 elektr\u00e1rne<\/h2>\n<p><strong>Projekcia fotovoltick\u00fdch elektr\u00e1rn\u00ed<\/strong> je z\u00e1kladom bezpe\u010dnej, funk\u010dnej a dobre navrhnutej FVE. Spr\u00e1vny projekt rie\u0161i v\u00fdkon panelov, zapojenie meni\u010da, istenie, k\u00e1blov\u00e9 trasy, rozv\u00e1dza\u010de, ochranu pred prep\u00e4t\u00edm, napojenie na existuj\u00facu elektroin\u0161tal\u00e1ciu a podklady potrebn\u00e9 pre distribu\u010dn\u00fa spolo\u010dnos\u0165.<\/p>\n<p>V ReelTech pripravujeme projektov\u00fa dokument\u00e1ciu pre fotovoltiku na rodinn\u00fdch domoch, firemn\u00fdch budov\u00e1ch, v\u00fdrobn\u00fdch hal\u00e1ch, skladoch aj po\u013enohospod\u00e1rskych objektoch. Pri n\u00e1vrhu sledujeme re\u00e1lnu spotrebu elektriny, mo\u017enosti strechy alebo pozemku, technick\u00fd stav elektroin\u0161tal\u00e1cie a bezpe\u010dn\u00e9 za\u010dlenenie fotovoltickej elektr\u00e1rne do objektu.<\/p>\n<h2>\u010co obsahuje projekcia FVE<\/h2>\n<ul>\n<li>n\u00e1vrh v\u00fdkonu fotovoltickej elektr\u00e1rne pod\u013ea spotreby a mo\u017enost\u00ed objektu,<\/li>\n<li>rie\u0161enie zapojenia panelov, meni\u010da, rozv\u00e1dza\u010dov a ochrann\u00fdch prvkov,<\/li>\n<li>jednop\u00f3lov\u00e9 sch\u00e9my, technick\u00fa spr\u00e1vu a potrebn\u00e9 v\u00fdpo\u010dty,<\/li>\n<li>pos\u00fadenie napojenia na existuj\u00facu elektroin\u0161tal\u00e1ciu,<\/li>\n<li>podklady pre mont\u00e1\u017e, rev\u00edziu a uvedenie zariadenia do prev\u00e1dzky,<\/li>\n<li>odpor\u00fa\u010dania pre bezpe\u010dn\u00fa prev\u00e1dzku, servis a bud\u00facu roz\u0161\u00edrite\u013enos\u0165 syst\u00e9mu.<\/li>\n<\/ul>\n<h2>Fotovoltika pre domy, firmy a priemysel<\/h2>\n<p>Projekt FVE pripravujeme tak, aby rie\u0161enie d\u00e1valo technick\u00fd aj ekonomick\u00fd zmysel. Pri rodinn\u00fdch domoch sa zameriavame najm\u00e4 na vlastn\u00fa spotrebu, ohrev vody, bat\u00e9riov\u00e9 \u00falo\u017eisko a bud\u00face roz\u0161\u00edrenie. Pri firm\u00e1ch a priemyseln\u00fdch objektoch je d\u00f4le\u017eit\u00fd denn\u00fd odber, prev\u00e1dzkov\u00fd re\u017eim, mo\u017enosti stre\u0161nej kon\u0161trukcie a bezpe\u010dn\u00e9 za\u010dlenenie do vn\u00fatorn\u00fdch rozvodov.<\/p>\n<p>P\u00f4sob\u00edme najm\u00e4 v regi\u00f3noch <strong>Zvolen<\/strong>, <strong>Detva<\/strong>, <strong>Bansk\u00e1 Bystrica<\/strong> a v \u0161ir\u0161om okol\u00ed stredn\u00e9ho Slovenska. Pri v\u00e4\u010d\u0161\u00edch projektoch vieme spracova\u0165 dokument\u00e1ciu a s\u00favisiace elektro slu\u017eby aj pre \u010fal\u0161ie lokality.<\/p>\n<h2>Pre\u010do rie\u0161i\u0165 projekt pred mont\u00e1\u017eou<\/h2>\n<p>Kvalitn\u00e1 projektov\u00e1 dokument\u00e1cia pom\u00e1ha pred\u00eds\u0165 probl\u00e9mom pri mont\u00e1\u017ei, rev\u00edzii aj neskor\u0161ej prev\u00e1dzke. U\u017e v n\u00e1vrhu sa d\u00e1 odhali\u0165 poddimenzovan\u00e9 istenie, nevhodn\u00e9 vedenie k\u00e1blov, ch\u00fdbaj\u00face prep\u00e4\u0165ov\u00e9 ochrany alebo konflikt s bleskozvodom. Projekt z\u00e1rove\u0148 u\u013eah\u010duje komunik\u00e1ciu medzi investorom, mont\u00e1\u017enikom, rev\u00edznym technikom a distribu\u010dnou spolo\u010dnos\u0165ou.<\/p>\n<h2>Naj\u010dastej\u0161ie ot\u00e1zky k projekcii fotovoltiky<\/h2>\n<p><strong>Potrebujem projekt aj pri men\u0161ej fotovoltike na rodinnom dome?<\/strong><br>\u00c1no, technick\u00e9 podklady s\u00fa d\u00f4le\u017eit\u00e9 aj pri men\u0161\u00edch in\u0161tal\u00e1ci\u00e1ch. Pom\u00e1haj\u00fa spr\u00e1vne navrhn\u00fa\u0165 zapojenie, ochrany a dokument\u00e1ciu potrebn\u00fa pre bezpe\u010dn\u00e9 pripojenie.<\/p>\n<p><strong>Viete pripravi\u0165 projekt aj pre existuj\u00facu FVE?<\/strong><br>\u00c1no. Vieme pos\u00fadi\u0165 existuj\u00faci stav, doplni\u0165 ch\u00fdbaj\u00face podklady alebo pripravi\u0165 dokument\u00e1ciu pri \u00faprave, roz\u0161\u00edren\u00ed alebo kontrole fotovoltickej elektr\u00e1rne.<\/p>\n<p><strong>S\u00favis\u00ed projekt fotovoltiky s rev\u00edziou?<\/strong><br>\u00c1no. Dobr\u00fd projekt u\u013eah\u010duje n\u00e1sledn\u00fa rev\u00edziu, preto\u017ee rev\u00edzny technik m\u00e1 k dispoz\u00edcii sch\u00e9my, technick\u00fa spr\u00e1vu a jasne pop\u00edsan\u00e9 rie\u0161enie elektrickej \u010dasti FVE.<\/p>\t\t\t\t\t\t<\/div>\n\t\t\t\t<\/div>\n\t\t\t\t\t<\/div>\n\t\t<\/div>\n\t\t\t\t\t<\/div>\n\t\t<\/section>\n\t\t\t\t<\/div>","protected":false},"excerpt":{"rendered":"Projektov\u00e1 dokument\u00e1cia pre fotovoltick\u00e9 elektr\u00e1rne Projekcia fotovoltick\u00fdch elektr\u00e1rn\u00ed je z\u00e1kladom bezpe\u010dnej, funk\u010dnej a dobre navrhnutej FVE. Spr\u00e1vny projekt rie\u0161i v\u00fdkon panelov, zapojenie meni\u010da, istenie, k\u00e1blov\u00e9 trasy, rozv\u00e1dza\u010de, ochranu pred prep\u00e4t\u00edm, napojenie na existuj\u00facu elektroin\u0161tal\u00e1ciu a podklady potrebn\u00e9 pre distribu\u010dn\u00fa spolo\u010dnos\u0165. V ReelTech pripravujeme projektov\u00fa dokument\u00e1ciu pre fotovoltiku na rodinn\u00fdch domoch, firemn\u00fdch budov\u00e1ch, v\u00fdrobn\u00fdch hal\u00e1ch, skladoch&#8230;","protected":false},"author":9,"featured_media":0,"parent":0,"menu_order":2,"comment_status":"closed","ping_status":"closed","template":"","meta":{"footnotes":""},"class_list":["post-1775","page","type-page","status-publish","hentry"],"_links":{"self":[{"href":"https:\/\/reeltech.sk\/de\/wp-json\/wp\/v2\/pages\/1775","targetHints":{"allow":["GET"]}}],"collection":[{"href":"https:\/\/reeltech.sk\/de\/wp-json\/wp\/v2\/pages"}],"about":[{"href":"https:\/\/reeltech.sk\/de\/wp-json\/wp\/v2\/types\/page"}],"author":[{"embeddable":true,"href":"https:\/\/reeltech.sk\/de\/wp-json\/wp\/v2\/users\/9"}],"replies":[{"embeddable":true,"href":"https:\/\/reeltech.sk\/de\/wp-json\/wp\/v2\/comments?post=1775"}],"version-history":[{"count":6,"href":"https:\/\/reeltech.sk\/de\/wp-json\/wp\/v2\/pages\/1775\/revisions"}],"predecessor-version":[{"id":3310,"href":"https:\/\/reeltech.sk\/de\/wp-json\/wp\/v2\/pages\/1775\/revisions\/3310"}],"wp:attachment":[{"href":"https:\/\/reeltech.sk\/de\/wp-json\/wp\/v2\/media?parent=1775"}],"curies":[{"name":"wp","href":"https:\/\/api.w.org\/{rel}","templated":true}]}}