{"id":1770,"date":"2022-11-27T19:49:17","date_gmt":"2022-11-27T18:49:17","guid":{"rendered":"https:\/\/reeltech.sk\/co-ma-obsahovat-revizia-a-udrzba-trafostanice\/"},"modified":"2023-10-22T08:57:11","modified_gmt":"2023-10-22T06:57:11","slug":"was-bei-der-revision-und-wartung-des-umspannwerks-zu-berucksichtigen-ist-2","status":"publish","type":"page","link":"https:\/\/reeltech.sk\/de\/was-bei-der-revision-und-wartung-des-umspannwerks-zu-berucksichtigen-ist-2\/","title":{"rendered":"Was sollte die Inspektion und Wartung eines Umspannwerks umfassen?"},"content":{"rendered":"<div data-elementor-type=\"wp-page\" data-elementor-id=\"1770\" class=\"elementor elementor-1770\">\n\t\t\t\t\t\t<section class=\"elementor-section elementor-top-section elementor-element elementor-element-5366a39 elementor-section-boxed elementor-section-height-default elementor-section-height-default\" data-id=\"5366a39\" data-element_type=\"section\">\n\t\t\t\t\t\t<div class=\"elementor-container elementor-column-gap-default\">\n\t\t\t\t\t<div class=\"elementor-column elementor-col-100 elementor-top-column elementor-element elementor-element-7874eb9\" data-id=\"7874eb9\" data-element_type=\"column\">\n\t\t\t<div class=\"elementor-widget-wrap elementor-element-populated\">\n\t\t\t\t\t\t<div class=\"elementor-element elementor-element-d5c80b0 elementor-widget elementor-widget-vt-windfall_section_title\" data-id=\"d5c80b0\" data-element_type=\"widget\" data-widget_type=\"vt-windfall_section_title.default\">\n\t\t\t\t<div class=\"elementor-widget-container\">\n\t\t\t<div class=\"section-title-wrap  wndfal-sectTitleElementor\"><h2 class=\"section-title\">Revision und Wartung des Umspannwerks<\/h2><p>Was ist bei der Inspektion und Wartung einer Hochspannungsschaltanlage alles zu beachten?<\/p><\/div>\t\t<\/div>\n\t\t\t\t<\/div>\n\t\t\t\t\t<\/div>\n\t\t<\/div>\n\t\t\t\t\t<\/div>\n\t\t<\/section>\n\t\t\t\t<section class=\"elementor-section elementor-top-section elementor-element elementor-element-e64624b elementor-section-content-middle elementor-section-boxed elementor-section-height-default elementor-section-height-default\" data-id=\"e64624b\" data-element_type=\"section\">\n\t\t\t\t\t\t<div class=\"elementor-container elementor-column-gap-default\">\n\t\t\t\t\t<div class=\"elementor-column elementor-col-50 elementor-top-column elementor-element elementor-element-9ee48b6\" data-id=\"9ee48b6\" data-element_type=\"column\">\n\t\t\t<div class=\"elementor-widget-wrap elementor-element-populated\">\n\t\t\t\t\t\t<div class=\"elementor-element elementor-element-29bae8e elementor-widget elementor-widget-image\" data-id=\"29bae8e\" data-element_type=\"widget\" data-widget_type=\"image.default\">\n\t\t\t\t<div class=\"elementor-widget-container\">\n\t\t\t\t\t\t\t\t\t\t\t\t\t<img fetchpriority=\"high\" decoding=\"async\" width=\"572\" height=\"440\" src=\"https:\/\/reeltech.sk\/wp-content\/uploads\/2022\/11\/images_Transform\u00e1tor_VN-e1697393498453.jpg\" class=\"attachment-large size-large wp-image-1768\" alt=\"Transformator_VN.jpg\" srcset=\"https:\/\/reeltech.sk\/wp-content\/uploads\/2022\/11\/images_Transform\u00e1tor_VN-e1697393498453.jpg 572w, https:\/\/reeltech.sk\/wp-content\/uploads\/2022\/11\/images_Transform\u00e1tor_VN-e1697393498453-300x231.jpg 300w\" sizes=\"(max-width: 572px) 100vw, 572px\" \/>\t\t\t\t\t\t\t\t\t\t\t\t\t<\/div>\n\t\t\t\t<\/div>\n\t\t\t\t\t<\/div>\n\t\t<\/div>\n\t\t\t\t<div class=\"elementor-column elementor-col-50 elementor-top-column elementor-element elementor-element-0f45d6f\" data-id=\"0f45d6f\" data-element_type=\"column\">\n\t\t\t<div class=\"elementor-widget-wrap elementor-element-populated\">\n\t\t\t\t\t\t<div class=\"elementor-element elementor-element-d3e4df9 elementor-widget__width-initial elementor-widget elementor-widget-text-editor\" data-id=\"d3e4df9\" data-element_type=\"widget\" data-widget_type=\"text-editor.default\">\n\t\t\t\t<div class=\"elementor-widget-container\">\n\t\t\t\t\t\t\t<p><strong>Wenn Ihr Unternehmen oder Ihre Firma eine Umspannstation auf dem Grundst\u00fcck hat, ist es wichtig, dass diese gepflegt wird und dass alle notwendigen Inspektions- und Wartungsarbeiten durchgef\u00fchrt werden, damit sie ordnungsgem\u00e4\u00df funktioniert.<\/strong><\/p><p><strong>Unser Unternehmen legt gro\u00dfen Wert auf eine umfassende Wartung und Inspektion aller Ger\u00e4te, um den genauen Zustand zu ermitteln und Ausf\u00e4lle zu vermeiden.<\/strong><\/p><p><strong>Die Wartung von Umspannwerken ist wichtig f\u00fcr die Sicherheit und Zuverl\u00e4ssigkeit der Stromversorgung. Eine regelm\u00e4\u00dfige Wartung tr\u00e4gt dazu bei, Ausf\u00e4lle zu vermeiden und die Lebensdauer der Anlagen zu verl\u00e4ngern.<\/strong><\/p>\t\t\t\t\t\t<\/div>\n\t\t\t\t<\/div>\n\t\t\t\t\t<\/div>\n\t\t<\/div>\n\t\t\t\t\t<\/div>\n\t\t<\/section>\n\t\t\t\t<section class=\"elementor-section elementor-top-section elementor-element elementor-element-d5a2b3b elementor-section-boxed elementor-section-height-default elementor-section-height-default\" data-id=\"d5a2b3b\" data-element_type=\"section\">\n\t\t\t\t\t\t<div class=\"elementor-container elementor-column-gap-default\">\n\t\t\t\t\t<div class=\"elementor-column elementor-col-100 elementor-top-column elementor-element elementor-element-0943ed9\" data-id=\"0943ed9\" data-element_type=\"column\">\n\t\t\t<div class=\"elementor-widget-wrap elementor-element-populated\">\n\t\t\t\t\t\t<div class=\"elementor-element elementor-element-58d4bf1 elementor-widget-divider--view-line elementor-widget elementor-widget-divider\" data-id=\"58d4bf1\" data-element_type=\"widget\" data-widget_type=\"divider.default\">\n\t\t\t\t<div class=\"elementor-widget-container\">\n\t\t\t\t\t<div class=\"elementor-divider\">\n\t\t\t<span class=\"elementor-divider-separator\">\n\t\t\t\t\t\t<\/span>\n\t\t<\/div>\n\t\t\t\t<\/div>\n\t\t\t\t<\/div>\n\t\t\t\t\t<\/div>\n\t\t<\/div>\n\t\t\t\t\t<\/div>\n\t\t<\/section>\n\t\t\t\t<section class=\"elementor-section elementor-top-section elementor-element elementor-element-20adda1 elementor-section-boxed elementor-section-height-default elementor-section-height-default\" data-id=\"20adda1\" data-element_type=\"section\">\n\t\t\t\t\t\t<div class=\"elementor-container elementor-column-gap-default\">\n\t\t\t\t\t<div class=\"elementor-column elementor-col-100 elementor-top-column elementor-element elementor-element-9955eef\" data-id=\"9955eef\" data-element_type=\"column\">\n\t\t\t<div class=\"elementor-widget-wrap elementor-element-populated\">\n\t\t\t\t\t\t<div class=\"elementor-element elementor-element-236ffdb elementor-widget elementor-widget-heading\" data-id=\"236ffdb\" data-element_type=\"widget\" data-widget_type=\"heading.default\">\n\t\t\t\t<div class=\"elementor-widget-container\">\n\t\t\t<h2 class=\"elementor-heading-title elementor-size-default\"><span style=\"color: var( --e-global-color-primary )\">Zu den Hauptaktivit\u00e4ten geh\u00f6ren:<\/span><\/h2>\t\t<\/div>\n\t\t\t\t<\/div>\n\t\t\t\t\t<\/div>\n\t\t<\/div>\n\t\t\t\t\t<\/div>\n\t\t<\/section>\n\t\t\t\t<section class=\"elementor-section elementor-top-section elementor-element elementor-element-dad3f0a elementor-section-boxed elementor-section-height-default elementor-section-height-default\" data-id=\"dad3f0a\" data-element_type=\"section\">\n\t\t\t\t\t\t<div class=\"elementor-container elementor-column-gap-default\">\n\t\t\t\t\t<div class=\"elementor-column elementor-col-50 elementor-top-column elementor-element elementor-element-9eccca4\" data-id=\"9eccca4\" data-element_type=\"column\">\n\t\t\t<div class=\"elementor-widget-wrap elementor-element-populated\">\n\t\t\t\t\t\t<div class=\"elementor-element elementor-element-d33126e elementor-widget__width-initial elementor-widget elementor-widget-vt-windfall_list\" data-id=\"d33126e\" data-element_type=\"widget\" data-widget_type=\"vt-windfall_list.default\">\n\t\t\t\t<div class=\"elementor-widget-container\">\n\t\t\t<ul class=\"bullet-list\"><li>\u00dcberpr\u00fcfung des Transformators - \u00dcberpr\u00fcfung auf Lecks, Isolatoren, Temperatur und korrekte Einstellung der Sicherungswerte;<\/li><li>Inspektion von HV-Verteilungssystemen - Inspektion von HV-Schalttafeln, Zubeh\u00f6r, Sicherungen, Trennschaltern und anderen Komponenten;<\/li><li>\u00dcberpr\u00fcfung der Niederspannungsverteilung - \u00dcberpr\u00fcfung der Niederspannungsschaltanlagen, Sicherungen, Temperatur der Anschl\u00fcsse;<\/li><li>\u00dcberpr\u00fcfung der Erdung;<\/li><li>\u00dcberpr\u00fcfung von Sicherheitshinweisen und Warnhinweisen;<\/li><li>Kontrolle der Dokumentation;<\/li><li>die Kontrolle der \u00f6rtlichen Betriebsordnung;<\/li><li>Pr\u00fcfung des Zustands von Kabeln und Leitungen, einschlie\u00dflich der Pr\u00fcfung auf Isolierung und mechanische Besch\u00e4digung.<\/li><li>Schmierung der Ger\u00e4te, um die Lebensdauer zu verl\u00e4ngern.<\/li><li>viele andere Aktivit\u00e4ten zur \u00dcberpr\u00fcfung des Zustands des Umspannwerks.<\/li><li>Austausch von Verschlei\u00dfteilen.<\/li><\/ul>\t\t<\/div>\n\t\t\t\t<\/div>\n\t\t\t\t\t<\/div>\n\t\t<\/div>\n\t\t\t\t<div class=\"elementor-column elementor-col-50 elementor-top-column elementor-element elementor-element-268d095\" data-id=\"268d095\" data-element_type=\"column\">\n\t\t\t<div class=\"elementor-widget-wrap elementor-element-populated\">\n\t\t\t\t\t\t<div class=\"elementor-element elementor-element-22c3a6a elementor-widget elementor-widget-image\" data-id=\"22c3a6a\" data-element_type=\"widget\" data-widget_type=\"image.default\">\n\t\t\t\t<div class=\"elementor-widget-container\">\n\t\t\t\t\t\t\t\t\t\t\t\t\t<img decoding=\"async\" width=\"573\" height=\"573\" src=\"https:\/\/reeltech.sk\/wp-content\/uploads\/2022\/11\/images_Trafostanica_VN.jpg\" class=\"attachment-large size-large wp-image-1769\" alt=\"Umspannwerk_VN.jpg\" srcset=\"https:\/\/reeltech.sk\/wp-content\/uploads\/2022\/11\/images_Trafostanica_VN.jpg 573w, https:\/\/reeltech.sk\/wp-content\/uploads\/2022\/11\/images_Trafostanica_VN-300x300.jpg 300w, https:\/\/reeltech.sk\/wp-content\/uploads\/2022\/11\/images_Trafostanica_VN-150x150.jpg 150w, https:\/\/reeltech.sk\/wp-content\/uploads\/2022\/11\/images_Trafostanica_VN-100x100.jpg 100w\" sizes=\"(max-width: 573px) 100vw, 573px\" \/>\t\t\t\t\t\t\t\t\t\t\t\t\t<\/div>\n\t\t\t\t<\/div>\n\t\t\t\t\t<\/div>\n\t\t<\/div>\n\t\t\t\t\t<\/div>\n\t\t<\/section>\n\t\t\t\t<section class=\"elementor-section elementor-top-section elementor-element elementor-element-5dce8da elementor-section-boxed elementor-section-height-default elementor-section-height-default\" data-id=\"5dce8da\" data-element_type=\"section\">\n\t\t\t\t\t\t<div class=\"elementor-container elementor-column-gap-default\">\n\t\t\t\t\t<div class=\"elementor-column elementor-col-100 elementor-top-column elementor-element elementor-element-28457bc\" data-id=\"28457bc\" data-element_type=\"column\">\n\t\t\t<div class=\"elementor-widget-wrap elementor-element-populated\">\n\t\t\t\t\t\t<div class=\"elementor-element elementor-element-ad7cbf9 elementor-widget elementor-widget-heading\" data-id=\"ad7cbf9\" data-element_type=\"widget\" data-widget_type=\"heading.default\">\n\t\t\t\t<div class=\"elementor-widget-container\">\n\t\t\t<h2 class=\"elementor-heading-title elementor-size-default\"><span style=\"color: var( --e-global-color-primary )\">Verteilung der Wartung von Umspannwerken<\/span><\/h2>\t\t<\/div>\n\t\t\t\t<\/div>\n\t\t\t\t<div class=\"elementor-element elementor-element-e1cb72e elementor-widget__width-initial elementor-widget elementor-widget-vt-windfall_list\" data-id=\"e1cb72e\" data-element_type=\"widget\" data-widget_type=\"vt-windfall_list.default\">\n\t\t\t\t<div class=\"elementor-widget-container\">\n\t\t\t<ul class=\"bullet-list\"><li>Regelm\u00e4\u00dfige Wartung, die in regelm\u00e4\u00dfigen Abst\u00e4nden durchgef\u00fchrt wird, in der Regel einmal pro Jahr oder alle zwei Jahre.<\/li><li>Vorbeugende Instandhaltung, die auf der Grundlage von vorhergesagten Ausf\u00e4llen oder nach Bedarf durchgef\u00fchrt wird.<\/li><li>Reparative Wartung, die im Falle einer Panne durchgef\u00fchrt wird.<\/li><li>Revision von Hoch- und Niederspannungsschalttafeln.<\/li><li>Wiederaufbau des Umspannwerks.<\/li><\/ul>\t\t<\/div>\n\t\t\t\t<\/div>\n\t\t\t\t<div class=\"elementor-element elementor-element-c70db75 elementor-widget elementor-widget-text-editor\" data-id=\"c70db75\" data-element_type=\"widget\" data-widget_type=\"text-editor.default\">\n\t\t\t\t<div class=\"elementor-widget-container\">\n\t\t\t\t\t\t\t<p>Lesen Sie mehr in unserem Artikel:\u00a0<a href=\"https:\/\/reeltech.sk\/co-ma-obsahovat-revizia-a-udrzba-trafostanice\/index.php?option=com_content&amp;view=article&amp;id=87&amp;catid=93&amp;lang=sk-SK\" hreflang=\"sk\">\u00dcberarbeitung von HV und B<\/a><\/p>\t\t\t\t\t\t<\/div>\n\t\t\t\t<\/div>\n\t\t\t\t\t<\/div>\n\t\t<\/div>\n\t\t\t\t\t<\/div>\n\t\t<\/section>\n\t\t\t\t<section class=\"elementor-section elementor-top-section elementor-element elementor-element-be03f1a elementor-section-boxed elementor-section-height-default elementor-section-height-default\" data-id=\"be03f1a\" data-element_type=\"section\">\n\t\t\t\t\t\t<div class=\"elementor-container elementor-column-gap-default\">\n\t\t\t\t\t<div class=\"elementor-column elementor-col-33 elementor-top-column elementor-element elementor-element-83f68d3\" data-id=\"83f68d3\" data-element_type=\"column\">\n\t\t\t<div class=\"elementor-widget-wrap elementor-element-populated\">\n\t\t\t\t\t\t<div class=\"elementor-element elementor-element-d29dfd5 elementor-widget elementor-widget-heading\" data-id=\"d29dfd5\" data-element_type=\"widget\" data-widget_type=\"heading.default\">\n\t\t\t\t<div class=\"elementor-widget-container\">\n\t\t\t<h3 class=\"elementor-heading-title elementor-size-default\">Gesetz Nr. 251\/2012 Slg. \u00fcber Energieeffizienz<\/h3>\t\t<\/div>\n\t\t\t\t<\/div>\n\t\t\t\t\t<\/div>\n\t\t<\/div>\n\t\t\t\t<div class=\"elementor-column elementor-col-33 elementor-top-column elementor-element elementor-element-15e1c9e\" data-id=\"15e1c9e\" data-element_type=\"column\">\n\t\t\t<div class=\"elementor-widget-wrap elementor-element-populated\">\n\t\t\t\t\t\t<div class=\"elementor-element elementor-element-76adb4d elementor-widget elementor-widget-heading\" data-id=\"76adb4d\" data-element_type=\"widget\" data-widget_type=\"heading.default\">\n\t\t\t\t<div class=\"elementor-widget-container\">\n\t\t\t<h3 class=\"elementor-heading-title elementor-size-default\">Dekret Nr. 254\/2012 Slg. \u00fcber technische Anforderungen an elektrische Ger\u00e4te<\/h3>\t\t<\/div>\n\t\t\t\t<\/div>\n\t\t\t\t\t<\/div>\n\t\t<\/div>\n\t\t\t\t<div class=\"elementor-column elementor-col-33 elementor-top-column elementor-element elementor-element-0920aa1\" data-id=\"0920aa1\" data-element_type=\"column\">\n\t\t\t<div class=\"elementor-widget-wrap elementor-element-populated\">\n\t\t\t\t\t\t<div class=\"elementor-element elementor-element-a75eb81 elementor-widget elementor-widget-heading\" data-id=\"a75eb81\" data-element_type=\"widget\" data-widget_type=\"heading.default\">\n\t\t\t\t<div class=\"elementor-widget-container\">\n\t\t\t<h3 class=\"elementor-heading-title elementor-size-default\">Dekret Nr. 255\/2012 Slg. \u00fcber die technischen Anforderungen an in Betrieb befindliche elektrische Anlagen<\/h3>\t\t<\/div>\n\t\t\t\t<\/div>\n\t\t\t\t\t<\/div>\n\t\t<\/div>\n\t\t\t\t\t<\/div>\n\t\t<\/section>\n\t\t\t\t<section class=\"elementor-section elementor-top-section elementor-element elementor-element-8581127 elementor-section-boxed elementor-section-height-default elementor-section-height-default\" data-id=\"8581127\" data-element_type=\"section\">\n\t\t\t\t\t\t<div class=\"elementor-container elementor-column-gap-default\">\n\t\t\t\t\t<div class=\"elementor-column elementor-col-100 elementor-top-column elementor-element elementor-element-8eda789\" data-id=\"8eda789\" data-element_type=\"column\">\n\t\t\t<div class=\"elementor-widget-wrap elementor-element-populated\">\n\t\t\t\t\t\t<div class=\"elementor-element elementor-element-6230a6e elementor--h-position-center elementor--v-position-middle elementor-arrows-position-inside elementor-pagination-position-inside elementor-widget elementor-widget-slides\" data-id=\"6230a6e\" data-element_type=\"widget\" data-settings=\"{&quot;navigation&quot;:&quot;both&quot;,&quot;autoplay&quot;:&quot;yes&quot;,&quot;pause_on_hover&quot;:&quot;yes&quot;,&quot;pause_on_interaction&quot;:&quot;yes&quot;,&quot;autoplay_speed&quot;:5000,&quot;infinite&quot;:&quot;yes&quot;,&quot;transition&quot;:&quot;slide&quot;,&quot;transition_speed&quot;:500}\" data-widget_type=\"slides.default\">\n\t\t\t\t<div class=\"elementor-widget-container\">\n\t\t\t\t\t<div class=\"elementor-swiper\">\n\t\t\t<div class=\"elementor-slides-wrapper elementor-main-swiper swiper\" dir=\"ltr\" data-animation=\"fadeInUp\">\n\t\t\t\t<div class=\"swiper-wrapper elementor-slides\">\n\t\t\t\t\t\t\t\t\t\t<div class=\"elementor-repeater-item-eb0700e swiper-slide\"><div class=\"swiper-slide-bg\" role=\"img\"><\/div><a class=\"swiper-slide-inner\" href=\"https:\/\/reeltech.sk\/de\/uberarbeitung-vn-a-b-2\/\"><div class=\"swiper-slide-contents\"><div class=\"elementor-slide-heading\">Revision und Wartung<\/div><div class=\"elementor-slide-description\">Lesen Sie mehr in unserem Artikel<\/div><div  class=\"elementor-button elementor-slide-button elementor-size-sm\">Revision und Wartung<\/div><\/div><\/a><\/div><div class=\"elementor-repeater-item-15271b3 swiper-slide\"><div class=\"swiper-slide-bg\" role=\"img\"><\/div><a class=\"swiper-slide-inner\" href=\"https:\/\/reeltech.sk\/de\/lokale-transportvorschriften\/\"><div class=\"swiper-slide-contents\"><div class=\"elementor-slide-heading\">MPP - Lokale Betriebsregelung<\/div><div class=\"elementor-slide-description\">F\u00fcr das MPP k\u00f6nnen Sie den Dienst hier bestellen<\/div><div  class=\"elementor-button elementor-slide-button elementor-size-sm\">Ich m\u00f6chte MPP<\/div><\/div><\/a><\/div>\t\t\t\t<\/div>\n\t\t\t\t\t\t\t\t\t\t\t\t\t\t\t<div class=\"swiper-pagination\"><\/div>\n\t\t\t\t\t\t\t\t\t\t\t\t\t\t\t\t<div class=\"elementor-swiper-button elementor-swiper-button-prev\" role=\"button\" tabindex=\"0\">\n\t\t\t\t\t\t\t<i aria-hidden=\"true\" class=\"eicon-chevron-left\"><\/i>\t\t\t\t\t\t\t<span class=\"elementor-screen-only\">Previous slide<\/span>\n\t\t\t\t\t\t<\/div>\n\t\t\t\t\t\t<div class=\"elementor-swiper-button elementor-swiper-button-next\" role=\"button\" tabindex=\"0\">\n\t\t\t\t\t\t\t<i aria-hidden=\"true\" class=\"eicon-chevron-right\"><\/i>\t\t\t\t\t\t\t<span class=\"elementor-screen-only\">Next slide<\/span>\n\t\t\t\t\t\t<\/div>\n\t\t\t\t\t\t\t\t\t\t\t\t<\/div>\n\t\t<\/div>\n\t\t\t\t<\/div>\n\t\t\t\t<\/div>\n\t\t\t\t\t<\/div>\n\t\t<\/div>\n\t\t\t\t\t<\/div>\n\t\t<\/section>\n\t\t\t\t<\/div>","protected":false},"excerpt":{"rendered":"<p><img decoding=\"async\" class=\"size-full wp-image-1768\" src=\"https:\/\/reeltech.sk\/wp-content\/uploads\/2022\/11\/images_Transform%C3%A1tor_VN.jpg\" alt=\"Transformator_VN.jpg\" width=\"770\" height=\"440\" \/><\/p> <p>Revision und Wartung des Umspannwerks<\/p> <p>- was ist bei der Inspektion und Wartung einer Hochspannungsschaltanlage zu beachten?<\/p>","protected":false},"author":9,"featured_media":1768,"parent":0,"menu_order":0,"comment_status":"closed","ping_status":"closed","template":"","meta":{"footnotes":""},"class_list":["post-1770","page","type-page","status-publish","has-post-thumbnail","hentry"],"_links":{"self":[{"href":"https:\/\/reeltech.sk\/de\/wp-json\/wp\/v2\/pages\/1770","targetHints":{"allow":["GET"]}}],"collection":[{"href":"https:\/\/reeltech.sk\/de\/wp-json\/wp\/v2\/pages"}],"about":[{"href":"https:\/\/reeltech.sk\/de\/wp-json\/wp\/v2\/types\/page"}],"author":[{"embeddable":true,"href":"https:\/\/reeltech.sk\/de\/wp-json\/wp\/v2\/users\/9"}],"replies":[{"embeddable":true,"href":"https:\/\/reeltech.sk\/de\/wp-json\/wp\/v2\/comments?post=1770"}],"version-history":[{"count":12,"href":"https:\/\/reeltech.sk\/de\/wp-json\/wp\/v2\/pages\/1770\/revisions"}],"predecessor-version":[{"id":2521,"href":"https:\/\/reeltech.sk\/de\/wp-json\/wp\/v2\/pages\/1770\/revisions\/2521"}],"wp:featuredmedia":[{"embeddable":true,"href":"https:\/\/reeltech.sk\/de\/wp-json\/wp\/v2\/media\/1768"}],"wp:attachment":[{"href":"https:\/\/reeltech.sk\/de\/wp-json\/wp\/v2\/media?parent=1770"}],"curies":[{"name":"wp","href":"https:\/\/api.w.org\/{rel}","templated":true}]}}