{"id":1761,"date":"2022-11-24T19:11:33","date_gmt":"2022-11-24T18:11:33","guid":{"rendered":"https:\/\/reeltech.sk\/revizie\/"},"modified":"2022-11-24T19:11:33","modified_gmt":"2022-11-24T18:11:33","slug":"uberarbeitungen","status":"publish","type":"page","link":"https:\/\/reeltech.sk\/de\/uberarbeitungen\/","title":{"rendered":"\u00dcberarbeitungen"},"content":{"rendered":"<p><img fetchpriority=\"high\" decoding=\"async\" class=\"size-full wp-image-1760\" src=\"https:\/\/reeltech.sk\/wp-content\/uploads\/2022\/11\/images_blog_blog-revizia.jpg\" alt=\"blog 011 medium\" width=\"770\" height=\"400\" title=\"\" srcset=\"https:\/\/reeltech.sk\/wp-content\/uploads\/2022\/11\/images_blog_blog-revizia.jpg 770w, https:\/\/reeltech.sk\/wp-content\/uploads\/2022\/11\/images_blog_blog-revizia-300x156.jpg 300w, https:\/\/reeltech.sk\/wp-content\/uploads\/2022\/11\/images_blog_blog-revizia-768x399.jpg 768w, https:\/\/reeltech.sk\/wp-content\/uploads\/2022\/11\/images_blog_blog-revizia-600x312.jpg 600w\" sizes=\"(max-width: 770px) 100vw, 770px\" \/><\/p>\n<p style=\"text-align: justify;\">Wir f\u00fchren professionelle Inspektionen und Pr\u00fcfungen von elektrischen Anlagen \/ Revisionen von elektrischen Installationen und Blitzableitern in der gesamten Slowakei durch.<\/p>\n<p style=\"text-align: justify;\">Die korrekte Beurteilung des Zustands der gepr\u00fcften Anlagen ist f\u00fcr die Ausstellung des Berichts \u00fcber die professionelle Inspektion und die professionelle Pr\u00fcfung (OP und OS) von gro\u00dfer Bedeutung. Dabei verwenden wir modernste Messger\u00e4te, um M\u00e4ngel an den gepr\u00fcften Anlagen korrekt zu erkennen.<\/p>\n<p style=\"text-align: justify;\">Anhand der Aufzeichnungen sind wir in der Lage, den Kunden rechtzeitig \u00fcber die Notwendigkeit einer periodischen professionellen Inspektion und professionellen Pr\u00fcfung der elektrischen Leitungen und des Blitzschutzes zu informieren.<\/p>\n<p>Weitere Informationen finden Sie auch auf unserer Website:&nbsp;<a href=\"sk\/revizie\">https:\/\/www.reeltech.sk\/sk\/revizie<\/a><\/p>","protected":false},"excerpt":{"rendered":"<p><img decoding=\"async\" class=\"size-full wp-image-1760\" src=\"https:\/\/reeltech.sk\/wp-content\/uploads\/2022\/11\/images_blog_blog-revizia.jpg\" alt=\"blog 011 medium\" width=\"770\" height=\"400\" srcset=\"https:\/\/reeltech.sk\/wp-content\/uploads\/2022\/11\/images_blog_blog-revizia.jpg 770w, https:\/\/reeltech.sk\/wp-content\/uploads\/2022\/11\/images_blog_blog-revizia-300x156.jpg 300w, https:\/\/reeltech.sk\/wp-content\/uploads\/2022\/11\/images_blog_blog-revizia-768x399.jpg 768w, https:\/\/reeltech.sk\/wp-content\/uploads\/2022\/11\/images_blog_blog-revizia-600x312.jpg 600w\" sizes=\"(max-width: 770px) 100vw, 770px\" \/><\/p> <p style=\"text-align: justify;\">Wir f\u00fchren professionelle Inspektionen und Pr\u00fcfungen von elektrischen Anlagen \/ Revisionen von elektrischen Installationen und Blitzableitern in der gesamten Slowakei durch.<\/p>","protected":false},"author":9,"featured_media":1759,"parent":0,"menu_order":1,"comment_status":"closed","ping_status":"closed","template":"","meta":{"footnotes":""},"class_list":["post-1761","page","type-page","status-publish","has-post-thumbnail","hentry"],"_links":{"self":[{"href":"https:\/\/reeltech.sk\/de\/wp-json\/wp\/v2\/pages\/1761","targetHints":{"allow":["GET"]}}],"collection":[{"href":"https:\/\/reeltech.sk\/de\/wp-json\/wp\/v2\/pages"}],"about":[{"href":"https:\/\/reeltech.sk\/de\/wp-json\/wp\/v2\/types\/page"}],"author":[{"embeddable":true,"href":"https:\/\/reeltech.sk\/de\/wp-json\/wp\/v2\/users\/9"}],"replies":[{"embeddable":true,"href":"https:\/\/reeltech.sk\/de\/wp-json\/wp\/v2\/comments?post=1761"}],"version-history":[{"count":0,"href":"https:\/\/reeltech.sk\/de\/wp-json\/wp\/v2\/pages\/1761\/revisions"}],"wp:featuredmedia":[{"embeddable":true,"href":"https:\/\/reeltech.sk\/de\/wp-json\/wp\/v2\/media\/1759"}],"wp:attachment":[{"href":"https:\/\/reeltech.sk\/de\/wp-json\/wp\/v2\/media?parent=1761"}],"curies":[{"name":"wp","href":"https:\/\/api.w.org\/{rel}","templated":true}]}}