{"id":1742,"date":"2018-01-27T20:06:53","date_gmt":"2018-01-27T19:06:53","guid":{"rendered":"https:\/\/reeltech.sk\/priemysel-a-vyrobne-skladovacie-haly\/"},"modified":"2026-04-29T20:03:49","modified_gmt":"2026-04-29T18:03:49","slug":"lagerhallen-fur-industrie-und-fertigung","status":"publish","type":"page","link":"https:\/\/reeltech.sk\/de\/lagerhallen-fur-industrie-und-fertigung\/","title":{"rendered":"Industrie-, Produktions- und Lagerhallen"},"content":{"rendered":"<div data-elementor-type=\"wp-page\" data-elementor-id=\"1742\" class=\"elementor elementor-1742\">\n\t\t\t\t\t\t<section class=\"elementor-section elementor-top-section elementor-element elementor-element-b42cb52 elementor-section-boxed elementor-section-height-default elementor-section-height-default\" data-id=\"b42cb52\" data-element_type=\"section\">\n\t\t\t\t\t\t<div class=\"elementor-container elementor-column-gap-default\">\n\t\t\t\t\t<div class=\"elementor-column elementor-col-100 elementor-top-column elementor-element elementor-element-ae4795c\" data-id=\"ae4795c\" data-element_type=\"column\">\n\t\t\t<div class=\"elementor-widget-wrap elementor-element-populated\">\n\t\t\t\t\t\t<div class=\"elementor-element elementor-element-825232e elementor-widget elementor-widget-vt-windfall_section_title\" data-id=\"825232e\" data-element_type=\"widget\" data-widget_type=\"vt-windfall_section_title.default\">\n\t\t\t\t<div class=\"elementor-widget-container\">\n\t\t\t<div class=\"section-title-wrap  wndfal-sectTitleElementor\"><h2 class=\"section-title\">Elektro slu\u017eby pre v\u00fdrobn\u00e9, skladovacie a priemyseln\u00e9 haly<\/h2><\/div>\t\t<\/div>\n\t\t\t\t<\/div>\n\t\t\t\t\t<\/div>\n\t\t<\/div>\n\t\t\t\t\t<\/div>\n\t\t<\/section>\n\t\t\t\t<section class=\"elementor-section elementor-top-section elementor-element elementor-element-dc9545c elementor-section-boxed elementor-section-height-default elementor-section-height-default\" data-id=\"dc9545c\" data-element_type=\"section\">\n\t\t\t\t\t\t<div class=\"elementor-container elementor-column-gap-default\">\n\t\t\t\t\t<div class=\"elementor-column elementor-col-100 elementor-top-column elementor-element elementor-element-4efbc62\" data-id=\"4efbc62\" data-element_type=\"column\">\n\t\t\t<div class=\"elementor-widget-wrap elementor-element-populated\">\n\t\t\t\t\t\t<div class=\"elementor-element elementor-element-8f1058d elementor-widget elementor-widget-text-editor\" data-id=\"8f1058d\" data-element_type=\"widget\" data-widget_type=\"text-editor.default\">\n\t\t\t\t<div class=\"elementor-widget-container\">\n\t\t\t\t\t\t\t<p><em>Zameriavame sa na v\u00fdrobn\u00e9 podniky, priemyseln\u00e9 haly, skladov\u00e9 priestory a technick\u00e9 prev\u00e1dzky, pre ktor\u00e9 zabezpe\u010dujeme odborn\u00e9 rev\u00edzie, merania, kontroly a technick\u00fa dokument\u00e1ciu.<\/em><\/p>\t\t\t\t\t\t<\/div>\n\t\t\t\t<\/div>\n\t\t\t\t<div class=\"elementor-element elementor-element-8571894 elementor-widget elementor-widget-vt-windfall_list\" data-id=\"8571894\" data-element_type=\"widget\" data-widget_type=\"vt-windfall_list.default\">\n\t\t\t\t<div class=\"elementor-widget-container\">\n\t\t\t<ul class=\"bullet-list\"><li>Rev\u00edzie elektrick\u00fdch in\u0161tal\u00e1ci\u00ed<\/li><li>Rev\u00edzie bleskozvodov vr\u00e1tane akt\u00edvnych bleskozvodov<\/li><li>Revisionen von Elektroger\u00e4ten und Elektrohandwerkzeugen<\/li><li>Rev\u00edzie pracovn\u00fdch strojov a strojov\u00fdch zariaden\u00ed<\/li><li>Rev\u00edzie trafostan\u00edc a distribu\u010dn\u00fdch zariaden\u00ed<\/li><li>Termov\u00edzne merania potrebn\u00e9 pre audit a prevent\u00edvnu \u00fadr\u017ebu<\/li><li>Rev\u00edzie priestorov s nebezpe\u010denstvom v\u00fdbuchu - lakovne a striekacie boxy<\/li><li>Revisionen von Akkumulatoren<\/li><li>\u00dcberarbeitung von Robotern und Roboteranlagen<\/li><li>Kontroly a rev\u00edzie technol\u00f3gi\u00ed plynov\u00fdch kotoln\u00ed<\/li><li>Rev\u00edzie a kontroly vonkaj\u0161ieho osvetlenia<\/li><\/ul>\t\t<\/div>\n\t\t\t\t<\/div>\n\t\t\t\t<div class=\"elementor-element elementor-element-f590db9 elementor-widget elementor-widget-spacer\" data-id=\"f590db9\" data-element_type=\"widget\" data-widget_type=\"spacer.default\">\n\t\t\t\t<div class=\"elementor-widget-container\">\n\t\t\t\t\t<div class=\"elementor-spacer\">\n\t\t\t<div class=\"elementor-spacer-inner\"><\/div>\n\t\t<\/div>\n\t\t\t\t<\/div>\n\t\t\t\t<\/div>\n\t\t\t\t<div class=\"elementor-element elementor-element-606b59d elementor-widget elementor-widget-text-editor\" data-id=\"606b59d\" data-element_type=\"widget\" data-widget_type=\"text-editor.default\">\n\t\t\t\t<div class=\"elementor-widget-container\">\n\t\t\t\t\t\t\t<p><em>Vieme, \u017ee vo v\u00fdrobe je prvorad\u00e1 plynulos\u0165 prev\u00e1dzky, preto v\u00fdkon na\u0161ich slu\u017eieb prisp\u00f4sobujeme po\u017eiadavk\u00e1m z\u00e1kazn\u00edka tak, aby bol v\u00fdrobn\u00fd proces ovplyvnen\u00fd \u010do najmenej. Dok\u00e1\u017eeme sa podie\u013ea\u0165 na \u00faradn\u00fdch sk\u00fa\u0161kach, periodick\u00fdch kontrol\u00e1ch a odborn\u00fdch prehliadkach technologick\u00fdch zariaden\u00ed. Pr\u00e1ce v hal\u00e1ch pl\u00e1nujeme s oh\u013eadom na bezpe\u010dnos\u0165 pr\u00e1ce, intern\u00e9 pravidl\u00e1 prev\u00e1dzky a dostupnos\u0165 zariaden\u00ed.<\/em><\/p>\n<p><em>N\u00e1\u0161 rev\u00edzny technik pre vysok\u00e9 nap\u00e4tie dok\u00e1\u017ee zrevidova\u0165 trafostanicu a jej s\u00fa\u010dasti, skontrolova\u0165 s\u00favisiace distribu\u010dn\u00e9 zariadenia a pripravi\u0165 miestny prev\u00e1dzkov\u00fd predpis. Zabezpe\u010dujeme aj rev\u00edzie antistatick\u00fdch podl\u00e1h ESD, meranie izola\u010dn\u00e9ho odporu podl\u00e1h a stien a rev\u00edzie elektrick\u00fdch in\u0161tal\u00e1ci\u00ed v zdravotn\u00edckych priestoroch.<\/em><\/p>\n<p><em>Pri rev\u00edzii pracovn\u00e9ho stroja kontrolujeme aj kompletnos\u0165 projektovej dokument\u00e1cie a spr\u00e1vnos\u0165 manu\u00e1lu stroja. V pr\u00edpade potreby vieme ch\u00fdbaj\u00facu alebo neaktu\u00e1lnu dokument\u00e1ciu dopracova\u0165.<\/em><\/p>\n<p><em>Vykon\u00e1vame aj rev\u00edzie fotovoltick\u00fdch elektr\u00e1rn\u00ed, kogenera\u010dn\u00fdch jednotiek, zariaden\u00ed v priestoroch s nebezpe\u010denstvom v\u00fdbuchu a zariaden\u00ed vysok\u00e9ho nap\u00e4tia na celom \u00fazem\u00ed Slovenska.<\/em><\/p>\n<p><em>Na\u0161e slu\u017eby pravidelne poskytujeme v mest\u00e1ch Bratislava, Nitra, Trnava, \u017diar nad Hronom, Zvolen, Krupina, Bansk\u00e1 Bystrica, Brezno, Detva, Rimavsk\u00e1 Sobota, Ve\u013ek\u00fd Krt\u00ed\u0161, Liptovsk\u00fd Mikul\u00e1\u0161, \u017dilina, Ru\u017eomberok, Levo\u010da, Levice, Kom\u00e1rno a Lu\u010denec.<\/em><\/p>\t\t\t\t\t\t<\/div>\n\t\t\t\t<\/div>\n\t\t\t\t\t<\/div>\n\t\t<\/div>\n\t\t\t\t\t<\/div>\n\t\t<\/section>\n\t\t\t\t<\/div>","protected":false},"excerpt":{"rendered":"Elektro slu\u017eby pre v\u00fdrobn\u00e9, skladovacie a priemyseln\u00e9 haly Zameriavame sa na v\u00fdrobn\u00e9 podniky, priemyseln\u00e9 haly, skladov\u00e9 priestory a technick\u00e9 prev\u00e1dzky, pre ktor\u00e9 zabezpe\u010dujeme odborn\u00e9 rev\u00edzie, merania, kontroly a technick\u00fa dokument\u00e1ciu. Rev\u00edzie elektrick\u00fdch in\u0161tal\u00e1ci\u00ed Rev\u00edzie bleskozvodov vr\u00e1tane akt\u00edvnych bleskozvodov Rev\u00edzie elektrick\u00fdch spotrebi\u010dov a elektrick\u00e9ho ru\u010dn\u00e9ho n\u00e1radia Rev\u00edzie pracovn\u00fdch strojov a strojov\u00fdch zariaden\u00ed Rev\u00edzie trafostan\u00edc a distribu\u010dn\u00fdch&#8230;","protected":false},"author":9,"featured_media":0,"parent":0,"menu_order":4,"comment_status":"closed","ping_status":"closed","template":"","meta":{"footnotes":""},"class_list":["post-1742","page","type-page","status-publish","hentry"],"_links":{"self":[{"href":"https:\/\/reeltech.sk\/de\/wp-json\/wp\/v2\/pages\/1742","targetHints":{"allow":["GET"]}}],"collection":[{"href":"https:\/\/reeltech.sk\/de\/wp-json\/wp\/v2\/pages"}],"about":[{"href":"https:\/\/reeltech.sk\/de\/wp-json\/wp\/v2\/types\/page"}],"author":[{"embeddable":true,"href":"https:\/\/reeltech.sk\/de\/wp-json\/wp\/v2\/users\/9"}],"replies":[{"embeddable":true,"href":"https:\/\/reeltech.sk\/de\/wp-json\/wp\/v2\/comments?post=1742"}],"version-history":[{"count":6,"href":"https:\/\/reeltech.sk\/de\/wp-json\/wp\/v2\/pages\/1742\/revisions"}],"predecessor-version":[{"id":3231,"href":"https:\/\/reeltech.sk\/de\/wp-json\/wp\/v2\/pages\/1742\/revisions\/3231"}],"wp:attachment":[{"href":"https:\/\/reeltech.sk\/de\/wp-json\/wp\/v2\/media?parent=1742"}],"curies":[{"name":"wp","href":"https:\/\/api.w.org\/{rel}","templated":true}]}}