{"id":1741,"date":"2018-01-27T19:12:01","date_gmt":"2018-01-27T18:12:01","guid":{"rendered":"https:\/\/reeltech.sk\/revision-von-maschinen\/"},"modified":"2018-01-27T19:12:01","modified_gmt":"2018-01-27T18:12:01","slug":"uberarbeitung-des-maschinenparks","status":"publish","type":"page","link":"https:\/\/reeltech.sk\/de\/uberarbeitung-des-maschinenparks\/","title":{"rendered":"Revision des Maschinenparks"},"content":{"rendered":"<p>Revision der Arbeitsmaschinen im gesamten Gebiet der Slowakischen Republik<\/p>\n<p>Fachinspektion Verkabelung einer Arbeitsmaschine<\/p>\n<p>Unsere Maschinen- und Maschineninspektionstechniken befassen sich mit der Sicherheit von Industriemaschinen in der Industrie und sind bestrebt, die Sicherheit bei der Produktion und dem Betrieb von Maschinen und Anlagen zu gew\u00e4hrleisten. Unser Unternehmen pr\u00fcft und f\u00fchrt gegebenenfalls die Dokumentation sowie das Handbuch der Arbeitsmaschine und die Betriebsanleitung der Arbeitsmaschine durch. Dar\u00fcber hinaus bitte ich um eine \u00dcberarbeitung der Maschinen. Das Ergebnis unserer Arbeit ist das Protokoll \u00fcber die Lenkung der Arbeitsmaschine, der Pr\u00fcfbericht und, bei Interesse, auch die Thermodynamik. Wir k\u00f6nnen auch bei den offiziellen Pr\u00fcfungen behilflich sein oder sie vervollst\u00e4ndigen, und wenn wir daran interesiert sind, folgen wir den Revisionsterminen. Wir f\u00fchren unsere Aktivit\u00e4ten in der ganzen Slowakei durch die ganze Slowakie<\/p>\n<p>&nbsp;<\/p>\n<p>Fachinspektion und professionelle Pr\u00fcfung von elektrischen Teilen von Arbeitsmaschinen Die in der Slowakei als \"Arbeitsmaschineninspektion\" bezeichnete Maschine unterliegt der Norm STN EN 60 204-1 \/ IEC 60 204.<\/p>\n<p>Feststehende Arbeitsmaschinen bestehen aus verschiedenen Teilen und verschiedenen Elementen, so dass es notwendig ist, sich der Inspektion mit einem breiten Wissen \u00fcber das Gebiet zu n\u00e4hern.<\/p>\n<p>Die elektrische Maschine muss in \u00dcbereinstimmung mit den Anweisungen des Herstellers installiert und betrieben werden. Eine unsachgem\u00e4\u00dfe Verwendung oder auf den ersten Blick unsichtbare Sch\u00e4den an der elektrischen Maschine k\u00f6nnen schwerwiegende Funktionsst\u00f6rungen, gesundheitliche Gefahren f\u00fcr die Arbeitnehmer und Produktionsverz\u00f6gerungen verursachen.<\/p>\n<p>Die \u00dcberarbeitung der Arbeitsmaschinen erfolgt mit modernen Messger\u00e4ten, die mit einer erh\u00f6hten Spannung von bis zu 2500V und einem Strom von 10A gemessen werden k\u00f6nnen, was eine genaue Messung bei geringer Messabweichung garantiert. IEC 60204 \/ STN EN 60204-1 ist f\u00fcr den Einsatz von elektrischen, elektronischen und programmierbaren elektronischen Ger\u00e4ten und Systemen an Maschinen bestimmt, die w\u00e4hrend des Betriebs fest und nicht tragbar sind. Die Norm gilt f\u00fcr elektrische Betriebsmittel oder Teile eines elektrischen Betriebsmittels, die mit einer Bemessungsversorgungsspannung von h\u00f6chstens 1000 V AC oder 1500 V DC und einer Nennfrequenz von h\u00f6chstens 200 Hz betrieben werden. Die von dieser Norm erfassten Ger\u00e4te beginnen an dem Punkt, an dem die Stromquelle an die elektrische Ausr\u00fcstung der Maschine angeschlossen ist.<\/p>\n<p>Revisionen \/ Fachpr\u00fcfungen und Versuche an elektrischen Maschinenteilen:<\/p>\n<p>in Industriegeb\u00e4uden ohne Explosionsgefahr<br \/>in Industriegeb\u00e4uden mit Explosionsgefahr<\/p>\n<p>Der Schwerpunkt liegt auf der Vollst\u00e4ndigkeit und Aktualit\u00e4t der technischen Dokumentation der Maschinen und auf der richtigen Bewertung der Risiken, die sich aus ihrer Funktionsweise ergeben.<br \/>Grundlegende Informationen zur Berufspr\u00fcfung In den folgenden Tabellen wird die fachliche Pr\u00fcfung der elektrischen Teile der Arbeit beschrieben.<\/p>\n<p>Verfahren und Dokumente erforderliche \u00dcberarbeitung erw\u00e4hnt zB auszuf\u00fchren: In STN 33 1500 STN 33 2000-6, STN 33 1600 STN 33 1610, STN ES 59009 (33 1620), EN 60204-1 (33 2200) STN EN 62305 (34 1390) und andere.<\/p>\n<p>&nbsp;<\/p>\n<p>&nbsp;<\/p>\n<p>Bei Interesse bieten wir auch Informationen \u00fcber Maschinen an: Schaltpl\u00e4ne, Maschinendokumentation und technische Informationen in der jeweiligen Landessprache.<\/p>\n<p>&nbsp;<\/p>\n<p>Revision von elektrischen Teilen von Arbeitsmaschinen besteht aus:<\/p>\n<p>Konformit\u00e4ts\u00fcberpr\u00fcfung von elektrischen Teilen mit technischer Dokumentation<\/p>\n<p>&nbsp;<br \/>&nbsp;<br \/>\u00dcberpr\u00fcfen des automatischen Aus-Schutzes<\/p>\n<p>&nbsp;<br \/>Isolations- und Isolationswiderstandstest<\/p>\n<p>&nbsp;<br \/>Pr\u00fcfspannung<\/p>\n<p>&nbsp;<br \/>Schutz gegen Restspannung<\/p>\n<p>&nbsp;<br \/>Funktionstests<\/p>\n<p>&nbsp;<br \/>&nbsp;<\/p>\n<p>Insbesondere m\u00fcssen folgende Arten von Maschinen \u00fcberarbeitet werden:<\/p>\n<p>&nbsp;<br \/>&nbsp;<br \/>Maschinen f\u00fcr die Bearbeitung von Kunststoffen und Gummi<\/p>\n<p>&nbsp;<br \/>Werkzeugmaschinen f\u00fcr die Metallbearbeitung<\/p>\n<p>&nbsp;<br \/>Holzbearbeitungsmaschinen<\/p>\n<p>&nbsp;<br \/>Industrielle Ressourcen<\/p>\n<p>&nbsp;<br \/>Montagemaschinen<\/p>\n<p>&nbsp;<br \/>Mobile Maschinen<\/p>\n<p>&nbsp;<br \/>Hebemaschinen<\/p>\n<p>&nbsp;<br \/>Materialumschlagmaschinen<\/p>\n<p>&nbsp;<br \/>Textilmaschinen<\/p>\n<p>&nbsp;<br \/>Maschinen f\u00fcr die K\u00e4lte- und Klimatechnik<\/p>\n<p>&nbsp;<br \/>Nahrungsmittelmaschinen<\/p>\n<p>&nbsp;<br \/>Papiermaschinen<\/p>\n<p>&nbsp;<br \/>Pumpen<\/p>\n<p>&nbsp;<br \/>Verpackungsmaschinen<\/p>\n<p>&nbsp;<br \/>Maschinenarbeit<\/p>\n<p>&nbsp;<br \/>Trockner und Klimaanlage<\/p>\n<p>&nbsp;<br \/>Maschinen f\u00fcr die Bef\u00f6rderung von Personen<\/p>\n<p>&nbsp;<br \/>T\u00fcren f\u00fcr Elektroantrieb<\/p>\n<p>&nbsp;<br \/>Andere Arbeitsmaschinen<\/p>\n<p>&nbsp;<br \/>&nbsp;<\/p>\n<p>Auf diese Weise:<\/p>\n<p>- Expert Inspection Expert Test auf einer neu hergestellten Maschine<\/p>\n<p>- Experten-Review und Expertise \u00fcber die Maschine in Betrieb<\/p>\n<p>- Fachkundige \u00dcberpr\u00fcfung und fachm\u00e4nnische \u00dcberpr\u00fcfung der Maschine nach Reparatur oder Umbau<\/p>\n<p>&nbsp;<\/p>\n<p>&nbsp;<\/p>\n<p>Wenn Sie Fragen haben, kontaktieren Sie uns bitte per E-Mail oder Telefon +421 901 703 235<\/p>\n<p>ReelTech auf Google+<\/p>","protected":false},"excerpt":{"rendered":"Revision der Arbeitsmaschinen im gesamten Gebiet der Slowakischen Republik Fachinspektion Verkabelung einer Arbeitsmaschine Unsere Maschinen- und Maschineninspektionstechniken befassen sich mit der Sicherheit von Industriemaschinen in der Industrie und sind bestrebt, die Sicherheit bei der Produktion und dem Betrieb von Maschinen und Anlagen zu gew\u00e4hrleisten. Unser Unternehmen pr\u00fcft und f\u00fchrt gegebenenfalls die Dokumentation sowie das Handbuch&#8230;","protected":false},"author":9,"featured_media":0,"parent":0,"menu_order":5,"comment_status":"closed","ping_status":"closed","template":"","meta":{"footnotes":""},"class_list":["post-1741","page","type-page","status-publish","hentry"],"_links":{"self":[{"href":"https:\/\/reeltech.sk\/de\/wp-json\/wp\/v2\/pages\/1741","targetHints":{"allow":["GET"]}}],"collection":[{"href":"https:\/\/reeltech.sk\/de\/wp-json\/wp\/v2\/pages"}],"about":[{"href":"https:\/\/reeltech.sk\/de\/wp-json\/wp\/v2\/types\/page"}],"author":[{"embeddable":true,"href":"https:\/\/reeltech.sk\/de\/wp-json\/wp\/v2\/users\/9"}],"replies":[{"embeddable":true,"href":"https:\/\/reeltech.sk\/de\/wp-json\/wp\/v2\/comments?post=1741"}],"version-history":[{"count":0,"href":"https:\/\/reeltech.sk\/de\/wp-json\/wp\/v2\/pages\/1741\/revisions"}],"wp:attachment":[{"href":"https:\/\/reeltech.sk\/de\/wp-json\/wp\/v2\/media?parent=1741"}],"curies":[{"name":"wp","href":"https:\/\/api.w.org\/{rel}","templated":true}]}}