{"id":1740,"date":"2018-01-27T19:10:39","date_gmt":"2018-01-27T18:10:39","guid":{"rendered":"https:\/\/reeltech.sk\/industry-work-machine\/"},"modified":"2018-01-27T19:10:39","modified_gmt":"2018-01-27T18:10:39","slug":"industriearbeitsmaschine","status":"publish","type":"page","link":"https:\/\/reeltech.sk\/de\/industriearbeitsmaschine\/","title":{"rendered":"Industriearbeitsmaschine"},"content":{"rendered":"<p>Revision von Arbeitsmaschinen im gesamten Gebiet der Slowakischen Republik<\/p>\n<p>fachm\u00e4nnische Inspektion der Verdrahtung einer Arbeitsmaschine<\/p>\n<p>Unsere Maschinen- und Anlageninspektionstechniken befassen sich mit der Sicherheit von Industriemaschinen in der Industrie und sind bestrebt, die Sicherheit bei der Produktion und dem Betrieb von Maschinen und Anlagen zu erhalten. Unser Unternehmen pr\u00fcft und f\u00fchrt ggf. die Dokumentation sowie das Handbuch der Arbeitsmaschine und die Betriebsanleitung der Arbeitsmaschine durch. Indem wir versuchen, die Revisionen der Arbeitsmaschinen zu beobachten. Das Ergebnis unserer Arbeit ist das Protokoll \u00fcber die Kontrolle der Arbeitsmaschine, der Revisionsbericht, und auch die Thermodynamik im Falle von Interesse. Wir k\u00f6nnen auch bei den offiziellen Pr\u00fcfungen assistieren oder sie vervollst\u00e4ndigen und, falls wir daran interessiert sind, verfolgen wir die Revisionsfristen. Wir \u00fcben unsere T\u00e4tigkeit in der ganzen Slowakei aus<\/p>\n<p>&nbsp;<\/p>\n<p>Die fachm\u00e4nnische Inspektion und professionelle Pr\u00fcfung elektrischer Teile von Arbeitsmaschinen, in der Slowakei Arbeitsmaschineninspektion genannt, wird durch die Norm STN EN 60 204-1 \/ IEC 60 204 geregelt.<\/p>\n<p>Ortsfeste Arbeitsmaschinen bestehen aus verschiedenen Teilen und Elementen, so dass es notwendig ist, die Inspektion mit einem breiten Wissen \u00fcber das Gebiet anzugehen.<\/p>\n<p>Die elektrische Maschine muss gem\u00e4\u00df den Anweisungen des Herstellers installiert und betrieben werden. Unsachgem\u00e4\u00dfer Gebrauch oder auf den ersten Blick nicht sichtbare Sch\u00e4den an der elektrischen Maschine k\u00f6nnen zu schwerwiegenden Funktionsst\u00f6rungen, zur Gef\u00e4hrdung der Gesundheit der Arbeitnehmer und zu Produktionsverz\u00f6gerungen f\u00fchren.<\/p>\n<p>Die \u00dcberpr\u00fcfung der Arbeitsmaschinen erfolgt mit modernen Messger\u00e4ten, die mit einer erh\u00f6hten Spannung bis 2500 V und einem Strom von 10 A gemessen werden k\u00f6nnen, was eine genaue Messung mit geringer Messabweichung gew\u00e4hrleistet. IEC 60204\/STN EN 60204-1 ist f\u00fcr die Verwendung elektrischer, elektronischer und programmierbarer elektronischer Ger\u00e4te und Systeme an Maschinen, die w\u00e4hrend des Betriebs fest installiert und nicht transportabel sind. Die Norm gilt f\u00fcr elektrische Betriebsmittel oder Teile elektrischer Betriebsmittel, die mit einer Nennversorgungsspannung von h\u00f6chstens 1000 V AC oder 1500 V DC und einer Nennfrequenz von h\u00f6chstens 200 Hz betrieben werden. Die von dieser Norm erfassten Betriebsmittel beginnen an dem Punkt, an dem die Stromquelle an die elektrische Ausr\u00fcstung der Maschine angeschlossen wird.<\/p>\n<p>Revisionen \/ Berufliche Pr\u00fcfungen und Experimente an elektrischen Maschinenteilen:<\/p>\n<p>in Industriegeb\u00e4uden ohne die Gefahr einer Explosion<br \/>in Industriegeb\u00e4uden mit Explosionsgefahr<\/p>\n<p>Der Schwerpunkt liegt auf der Vollst\u00e4ndigkeit und Aktualit\u00e4t der technischen Dokumentation der Maschine und der ordnungsgem\u00e4\u00dfen Bewertung der mit dem Betrieb der Maschine verbundenen Risiken.<br \/>Grundlegende Informationen zur Berufspr\u00fcfung Die Berufspr\u00fcfung f\u00fcr den elektrischen Teil der Arbeit ist in den folgenden Tabellen beschrieben.<\/p>\n<p>Die Verfahren und die erforderlichen Unterlagen f\u00fcr die Revision sind z. B. in STN 33 1500, STN 33 2000-6, STN 33 1600, STN 33 1610, STN ES 59009 (33 1620), STN EN 60204-1 (33 2200) STN EN 62305 (34 1390) und anderen enthalten.<\/p>\n<p>&nbsp;<\/p>\n<p>&nbsp;<\/p>\n<p>Bei Interesse liefern wir auch f\u00fcr die Maschinenausr\u00fcstung: Elektropl\u00e4ne, Maschinendokumentation, Bedienungsanleitungen, die in der Landessprache sein m\u00fcssen.<\/p>\n<p>&nbsp;<\/p>\n<p>Die Revision elektrischer Teile von Arbeitsmaschinen besteht aus:<\/p>\n<p>\u00dcberpr\u00fcfung der Konformit\u00e4t von elektrischen Teilen mit der technischen Dokumentation<\/p>\n<p>&nbsp;<br \/>&nbsp;<br \/>\u00dcberpr\u00fcfung des automatischen Abschaltschutzes<\/p>\n<p>&nbsp;<br \/>Pr\u00fcfung der Isolierung und des Isolationswiderstands<\/p>\n<p>&nbsp;<br \/>Pr\u00fcfspannung<\/p>\n<p>&nbsp;<br \/>Schutz gegen Restspannung<\/p>\n<p>&nbsp;<br \/>Funktionelle Tests<\/p>\n<p>&nbsp;<br \/>&nbsp;<\/p>\n<p>Insbesondere die folgenden Maschinentypen m\u00fcssen \u00fcberarbeitet werden:<\/p>\n<p>&nbsp;<br \/>&nbsp;<br \/>Maschinen zur Bearbeitung von Kunststoffen und Gummi<\/p>\n<p>&nbsp;<br \/>Werkzeugmaschinen f\u00fcr die Metallbearbeitung<\/p>\n<p>&nbsp;<br \/>Holzbearbeitungsmaschinen<\/p>\n<p>&nbsp;<br \/>Industrielle Ressourcen<\/p>\n<p>&nbsp;<br \/>Montagemaschinen<\/p>\n<p>&nbsp;<br \/>Mobile Maschinen<\/p>\n<p>&nbsp;<br \/>Hebemaschinen<\/p>\n<p>&nbsp;<br \/>Maschinen f\u00fcr den Materialtransport<\/p>\n<p>&nbsp;<br \/>Textilmaschinen<\/p>\n<p>&nbsp;<br \/>Maschinen f\u00fcr die K\u00e4lte- und Klimatechnik<\/p>\n<p>&nbsp;<br \/>Maschinen zur Lebensmittelverarbeitung<\/p>\n<p>&nbsp;<br \/>Maschinen f\u00fcr die Papierherstellung<\/p>\n<p>&nbsp;<br \/>Pumpen<\/p>\n<p>&nbsp;<br \/>Verpackungsmaschinen<\/p>\n<p>&nbsp;<br \/>Maschinenarbeit<\/p>\n<p>&nbsp;<br \/>Trocknungsmaschinen und Klimaanlagen<\/p>\n<p>&nbsp;<br \/>Maschinen f\u00fcr den Transport von Personen<\/p>\n<p>&nbsp;<br \/>T\u00fcren f\u00fcr elektrischen Antrieb<\/p>\n<p>&nbsp;<br \/>Andere Arbeitsmaschinen<\/p>\n<p>&nbsp;<br \/>&nbsp;<\/p>\n<p>Auf diese Weise:<\/p>\n<p>- Experteninspektion Expertenpr\u00fcfung an einer neu hergestellten Maschine<\/p>\n<p>- Sachverst\u00e4ndigengutachten und Expertise zur Maschine im Betrieb<\/p>\n<p>- Sachverst\u00e4ndigeninspektion und Sachverst\u00e4ndigenpr\u00fcfung der Maschine nach Reparatur oder Umbau<\/p>\n<p>&nbsp;<\/p>\n<p>&nbsp;<\/p>\n<p>Wenn Sie Fragen haben, kontaktieren Sie uns bitte per E-Mail oder telefonisch unter +421 901 703 235<\/p>\n<p>ReelTech auf Google+<\/p>","protected":false},"excerpt":{"rendered":"Revision of working machines throughout the territory of the Slovak Republic expert inspection wiring of a working machine Our Machine and Machinery Inspection Techniques are concerned with the safety of industrial machinery in the industry and seek to maintain safety in the production and operation of machinery and equipment. Our company checks and performs, as&#8230;","protected":false},"author":9,"featured_media":0,"parent":0,"menu_order":6,"comment_status":"closed","ping_status":"closed","template":"","meta":{"footnotes":""},"class_list":["post-1740","page","type-page","status-publish","hentry"],"_links":{"self":[{"href":"https:\/\/reeltech.sk\/de\/wp-json\/wp\/v2\/pages\/1740","targetHints":{"allow":["GET"]}}],"collection":[{"href":"https:\/\/reeltech.sk\/de\/wp-json\/wp\/v2\/pages"}],"about":[{"href":"https:\/\/reeltech.sk\/de\/wp-json\/wp\/v2\/types\/page"}],"author":[{"embeddable":true,"href":"https:\/\/reeltech.sk\/de\/wp-json\/wp\/v2\/users\/9"}],"replies":[{"embeddable":true,"href":"https:\/\/reeltech.sk\/de\/wp-json\/wp\/v2\/comments?post=1740"}],"version-history":[{"count":0,"href":"https:\/\/reeltech.sk\/de\/wp-json\/wp\/v2\/pages\/1740\/revisions"}],"wp:attachment":[{"href":"https:\/\/reeltech.sk\/de\/wp-json\/wp\/v2\/media?parent=1740"}],"curies":[{"name":"wp","href":"https:\/\/api.w.org\/{rel}","templated":true}]}}