{"id":1739,"date":"2018-01-15T21:18:37","date_gmt":"2018-01-15T20:18:37","guid":{"rendered":"https:\/\/reeltech.sk\/revizia-verejneho-osvetlenia\/"},"modified":"2023-10-19T17:37:45","modified_gmt":"2023-10-19T15:37:45","slug":"revision-der-offentlichen-beleuchtung-2","status":"publish","type":"page","link":"https:\/\/reeltech.sk\/de\/revision-der-offentlichen-beleuchtung-2\/","title":{"rendered":"Revision der \u00f6ffentlichen Beleuchtung"},"content":{"rendered":"<div data-elementor-type=\"wp-page\" data-elementor-id=\"1739\" class=\"elementor elementor-1739\">\n\t\t\t\t\t\t<section class=\"elementor-section elementor-top-section elementor-element elementor-element-6f4a340 elementor-section-boxed elementor-section-height-default elementor-section-height-default\" data-id=\"6f4a340\" data-element_type=\"section\">\n\t\t\t\t\t\t<div class=\"elementor-container elementor-column-gap-default\">\n\t\t\t\t\t<div class=\"elementor-column elementor-col-100 elementor-top-column elementor-element elementor-element-7b3c2c5\" data-id=\"7b3c2c5\" data-element_type=\"column\">\n\t\t\t<div class=\"elementor-widget-wrap elementor-element-populated\">\n\t\t\t\t\t\t<div class=\"elementor-element elementor-element-d7c13e6 elementor-widget elementor-widget-vt-windfall_section_title\" data-id=\"d7c13e6\" data-element_type=\"widget\" data-widget_type=\"vt-windfall_section_title.default\">\n\t\t\t\t<div class=\"elementor-widget-container\">\n\t\t\t<div class=\"section-title-wrap  wndfal-sectTitleElementor\"><h2 class=\"section-title\">\u00dcberpr\u00fcfung der \u00f6ffentlichen Beleuchtung<\/h2><\/div>\t\t<\/div>\n\t\t\t\t<\/div>\n\t\t\t\t<section class=\"elementor-section elementor-inner-section elementor-element elementor-element-1bac209 elementor-section-boxed elementor-section-height-default elementor-section-height-default\" data-id=\"1bac209\" data-element_type=\"section\">\n\t\t\t\t\t\t<div class=\"elementor-container elementor-column-gap-default\">\n\t\t\t\t\t<div class=\"elementor-column elementor-col-50 elementor-inner-column elementor-element elementor-element-b1c32da\" data-id=\"b1c32da\" data-element_type=\"column\">\n\t\t\t<div class=\"elementor-widget-wrap elementor-element-populated\">\n\t\t\t\t\t\t<div class=\"elementor-element elementor-element-52700d5 elementor-widget elementor-widget-image\" data-id=\"52700d5\" data-element_type=\"widget\" data-widget_type=\"image.default\">\n\t\t\t\t<div class=\"elementor-widget-container\">\n\t\t\t\t\t\t\t\t\t\t\t\t\t<img fetchpriority=\"high\" decoding=\"async\" width=\"640\" height=\"480\" src=\"https:\/\/reeltech.sk\/wp-content\/uploads\/2023\/10\/lamp-930196_640.jpg\" class=\"attachment-large size-large wp-image-2486\" alt=\"Lampen\" srcset=\"https:\/\/reeltech.sk\/wp-content\/uploads\/2023\/10\/lamp-930196_640.jpg 640w, https:\/\/reeltech.sk\/wp-content\/uploads\/2023\/10\/lamp-930196_640-300x225.jpg 300w, https:\/\/reeltech.sk\/wp-content\/uploads\/2023\/10\/lamp-930196_640-600x450.jpg 600w\" sizes=\"(max-width: 640px) 100vw, 640px\" title=\"\">\t\t\t\t\t\t\t\t\t\t\t\t\t<\/div>\n\t\t\t\t<\/div>\n\t\t\t\t\t<\/div>\n\t\t<\/div>\n\t\t\t\t<div class=\"elementor-column elementor-col-50 elementor-inner-column elementor-element elementor-element-0b98acf\" data-id=\"0b98acf\" data-element_type=\"column\">\n\t\t\t<div class=\"elementor-widget-wrap elementor-element-populated\">\n\t\t\t\t\t\t<div class=\"elementor-element elementor-element-94aa143 elementor-widget elementor-widget-text-editor\" data-id=\"94aa143\" data-element_type=\"widget\" data-widget_type=\"text-editor.default\">\n\t\t\t\t<div class=\"elementor-widget-container\">\n\t\t\t\t\t\t\t<p>Die \u00f6ffentliche Beleuchtung ist ein Schl\u00fcsselelement jeder Stadt und Gemeinde. Sie sorgt f\u00fcr Sicherheit, Komfort und Atmosph\u00e4re f\u00fcr B\u00fcrger und Besucher. Wenn sie jedoch nicht ordnungsgem\u00e4\u00df gewartet und \u00fcberpr\u00fcft wird, kann sie zu Problemen wie erh\u00f6htem Energieverbrauch, h\u00f6heren Wartungskosten und geringerer Sicherheit im \u00f6ffentlichen Raum f\u00fchren.<\/p><p>Unser Unternehmen bietet Ihnen einen zuverl\u00e4ssigen und professionellen Beleuchtungsinspektionsdienst. Wir sorgen daf\u00fcr, dass Ihre \u00f6ffentliche Beleuchtung in bestem Zustand und voll funktionsf\u00e4hig ist.<\/p>\t\t\t\t\t\t<\/div>\n\t\t\t\t<\/div>\n\t\t\t\t\t<\/div>\n\t\t<\/div>\n\t\t\t\t\t<\/div>\n\t\t<\/section>\n\t\t\t\t<div class=\"elementor-element elementor-element-37b54cd elementor-widget elementor-widget-spacer\" data-id=\"37b54cd\" data-element_type=\"widget\" data-widget_type=\"spacer.default\">\n\t\t\t\t<div class=\"elementor-widget-container\">\n\t\t\t\t\t<div class=\"elementor-spacer\">\n\t\t\t<div class=\"elementor-spacer-inner\"><\/div>\n\t\t<\/div>\n\t\t\t\t<\/div>\n\t\t\t\t<\/div>\n\t\t\t\t\t<\/div>\n\t\t<\/div>\n\t\t\t\t\t<\/div>\n\t\t<\/section>\n\t\t\t\t<section class=\"elementor-section elementor-top-section elementor-element elementor-element-d6708a0 elementor-section-boxed elementor-section-height-default elementor-section-height-default\" data-id=\"d6708a0\" data-element_type=\"section\">\n\t\t\t\t\t\t<div class=\"elementor-container elementor-column-gap-default\">\n\t\t\t\t\t<div class=\"elementor-column elementor-col-100 elementor-top-column elementor-element elementor-element-cda44d1\" data-id=\"cda44d1\" data-element_type=\"column\">\n\t\t\t<div class=\"elementor-widget-wrap elementor-element-populated\">\n\t\t\t\t\t\t<div class=\"elementor-element elementor-element-0a6a714 elementor-widget elementor-widget-heading\" data-id=\"0a6a714\" data-element_type=\"widget\" data-widget_type=\"heading.default\">\n\t\t\t\t<div class=\"elementor-widget-container\">\n\t\t\t<h2 class=\"elementor-heading-title elementor-size-default\">Unsere Dienstleistungen:<\/h2>\t\t<\/div>\n\t\t\t\t<\/div>\n\t\t\t\t\t<\/div>\n\t\t<\/div>\n\t\t\t\t\t<\/div>\n\t\t<\/section>\n\t\t\t\t<section class=\"elementor-section elementor-top-section elementor-element elementor-element-ab5ca12 elementor-section-boxed elementor-section-height-default elementor-section-height-default\" data-id=\"ab5ca12\" data-element_type=\"section\">\n\t\t\t\t\t\t<div class=\"elementor-container elementor-column-gap-default\">\n\t\t\t\t\t<div class=\"elementor-column elementor-col-50 elementor-top-column elementor-element elementor-element-ea078ad\" data-id=\"ea078ad\" data-element_type=\"column\">\n\t\t\t<div class=\"elementor-widget-wrap elementor-element-populated\">\n\t\t\t\t\t\t<div class=\"elementor-element elementor-element-9e8c7ad elementor-widget elementor-widget-heading\" data-id=\"9e8c7ad\" data-element_type=\"widget\" data-widget_type=\"heading.default\">\n\t\t\t\t<div class=\"elementor-widget-container\">\n\t\t\t<h3 class=\"elementor-heading-title elementor-size-default\">1. die Revision A Diagnostik<\/h3>\t\t<\/div>\n\t\t\t\t<\/div>\n\t\t\t\t<div class=\"elementor-element elementor-element-ca5afdb elementor-widget elementor-widget-vt-windfall_list\" data-id=\"ca5afdb\" data-element_type=\"widget\" data-widget_type=\"vt-windfall_list.default\">\n\t\t\t\t<div class=\"elementor-widget-container\">\n\t\t\t<ul class=\"bullet-list\"><li>Professionelle \u00dcberpr\u00fcfung der \u00f6ffentlichen Beleuchtung<\/li><li>Fehlererkennung und Fehlerbehebung<\/li><li>Ersatzpl\u00e4ne f\u00fcr Leuchtstofflampen und LED-Leuchten<\/li><\/ul>\t\t<\/div>\n\t\t\t\t<\/div>\n\t\t\t\t<div class=\"elementor-element elementor-element-6e20958 elementor-widget elementor-widget-heading\" data-id=\"6e20958\" data-element_type=\"widget\" data-widget_type=\"heading.default\">\n\t\t\t\t<div class=\"elementor-widget-container\">\n\t\t\t<h3 class=\"elementor-heading-title elementor-size-default\">2 Wartung und Reparaturen<\/h3>\t\t<\/div>\n\t\t\t\t<\/div>\n\t\t\t\t<div class=\"elementor-element elementor-element-3f185a6 elementor-widget elementor-widget-vt-windfall_list\" data-id=\"3f185a6\" data-element_type=\"widget\" data-widget_type=\"vt-windfall_list.default\">\n\t\t\t\t<div class=\"elementor-widget-container\">\n\t\t\t<ul class=\"bullet-list\"><li>Regelm\u00e4\u00dfige Wartung und Instandhaltung<\/li><li>Schnelle und effiziente Reparaturen<\/li><li>Ersatzteile und Leuchten<\/li><\/ul>\t\t<\/div>\n\t\t\t\t<\/div>\n\t\t\t\t\t<\/div>\n\t\t<\/div>\n\t\t\t\t<div class=\"elementor-column elementor-col-50 elementor-top-column elementor-element elementor-element-3ffe363\" data-id=\"3ffe363\" data-element_type=\"column\">\n\t\t\t<div class=\"elementor-widget-wrap elementor-element-populated\">\n\t\t\t\t\t\t<div class=\"elementor-element elementor-element-6bb7a44 elementor-widget elementor-widget-heading\" data-id=\"6bb7a44\" data-element_type=\"widget\" data-widget_type=\"heading.default\">\n\t\t\t\t<div class=\"elementor-widget-container\">\n\t\t\t<h3 class=\"elementor-heading-title elementor-size-default\">3. Upgrade auf LED-Beleuchtung<\/h3>\t\t<\/div>\n\t\t\t\t<\/div>\n\t\t\t\t<div class=\"elementor-element elementor-element-17755bf elementor-widget elementor-widget-vt-windfall_list\" data-id=\"17755bf\" data-element_type=\"widget\" data-widget_type=\"vt-windfall_list.default\">\n\t\t\t\t<div class=\"elementor-widget-container\">\n\t\t\t<ul class=\"bullet-list\"><li>Umr\u00fcstung auf energieeffizientere LED-Leuchten<\/li><li>Hilfe bei der Auswahl optimaler Beleuchtungsl\u00f6sungen<\/li><li>Rentabilit\u00e4t der Investition in LED-Beleuchtung<\/li><\/ul>\t\t<\/div>\n\t\t\t\t<\/div>\n\t\t\t\t<div class=\"elementor-element elementor-element-2ea8cea elementor-widget elementor-widget-heading\" data-id=\"2ea8cea\" data-element_type=\"widget\" data-widget_type=\"heading.default\">\n\t\t\t\t<div class=\"elementor-widget-container\">\n\t\t\t<h3 class=\"elementor-heading-title elementor-size-default\">4. energieeffizienz<\/h3>\t\t<\/div>\n\t\t\t\t<\/div>\n\t\t\t\t<div class=\"elementor-element elementor-element-eb52a93 elementor-widget elementor-widget-vt-windfall_list\" data-id=\"eb52a93\" data-element_type=\"widget\" data-widget_type=\"vt-windfall_list.default\">\n\t\t\t\t<div class=\"elementor-widget-container\">\n\t\t\t<ul class=\"bullet-list\"><li>Bewertung und Optimierung der Energienutzung<\/li><li>Senkung der Stromkosten<\/li><li>Umweltfreundliche Beleuchtung<\/li><\/ul>\t\t<\/div>\n\t\t\t\t<\/div>\n\t\t\t\t\t<\/div>\n\t\t<\/div>\n\t\t\t\t\t<\/div>\n\t\t<\/section>\n\t\t\t\t<section class=\"elementor-section elementor-top-section elementor-element elementor-element-3166c0d elementor-section-boxed elementor-section-height-default elementor-section-height-default\" data-id=\"3166c0d\" data-element_type=\"section\">\n\t\t\t\t\t\t<div class=\"elementor-container elementor-column-gap-default\">\n\t\t\t\t\t<div class=\"elementor-column elementor-col-100 elementor-top-column elementor-element elementor-element-77a6c52\" data-id=\"77a6c52\" data-element_type=\"column\">\n\t\t\t<div class=\"elementor-widget-wrap elementor-element-populated\">\n\t\t\t\t\t\t<div class=\"elementor-element elementor-element-5def694 elementor-widget elementor-widget-spacer\" data-id=\"5def694\" data-element_type=\"widget\" data-widget_type=\"spacer.default\">\n\t\t\t\t<div class=\"elementor-widget-container\">\n\t\t\t\t\t<div class=\"elementor-spacer\">\n\t\t\t<div class=\"elementor-spacer-inner\"><\/div>\n\t\t<\/div>\n\t\t\t\t<\/div>\n\t\t\t\t<\/div>\n\t\t\t\t<div class=\"elementor-element elementor-element-b4cc3f8 elementor-widget elementor-widget-heading\" data-id=\"b4cc3f8\" data-element_type=\"widget\" data-widget_type=\"heading.default\">\n\t\t\t\t<div class=\"elementor-widget-container\">\n\t\t\t<h2 class=\"elementor-heading-title elementor-size-default\"><span>Warum uns w\u00e4hlen?<\/span><\/h2>\t\t<\/div>\n\t\t\t\t<\/div>\n\t\t\t\t<div class=\"elementor-element elementor-element-d5ecc73 elementor-widget elementor-widget-text-editor\" data-id=\"d5ecc73\" data-element_type=\"widget\" data-widget_type=\"text-editor.default\">\n\t\t\t\t<div class=\"elementor-widget-container\">\n\t\t\t\t\t\t\t<ol><li><p><strong>Professionelle Experten<\/strong>A: Unsere Techniker sind erfahren und auf die Inspektion von Beleuchtungen spezialisiert.<\/p><\/li><li><p><strong>Moderne Technologie<\/strong>A: F\u00fcr die Diagnose und Reparatur der Beleuchtung verwenden wir die neuesten Technologien und Werkzeuge.<\/p><\/li><li><p><strong>Kundenorientierung<\/strong>A: Ihre Bed\u00fcrfnisse stehen f\u00fcr uns an erster Stelle. Wir sind hier, um Ihnen genau das zu bieten, was Sie brauchen.<\/p><\/li><li><p><strong>Energieeinsparung<\/strong>A: Unsere LED-Beleuchtungsumr\u00fcstung kann Ihnen helfen, Stromkosten zu sparen.<\/p><\/li><\/ol>\t\t\t\t\t\t<\/div>\n\t\t\t\t<\/div>\n\t\t\t\t<div class=\"elementor-element elementor-element-e003338 elementor-widget elementor-widget-spacer\" data-id=\"e003338\" data-element_type=\"widget\" data-widget_type=\"spacer.default\">\n\t\t\t\t<div class=\"elementor-widget-container\">\n\t\t\t\t\t<div class=\"elementor-spacer\">\n\t\t\t<div class=\"elementor-spacer-inner\"><\/div>\n\t\t<\/div>\n\t\t\t\t<\/div>\n\t\t\t\t<\/div>\n\t\t\t\t\t<\/div>\n\t\t<\/div>\n\t\t\t\t\t<\/div>\n\t\t<\/section>\n\t\t\t\t<section class=\"elementor-section elementor-top-section elementor-element elementor-element-3a65a30 elementor-section-boxed elementor-section-height-default elementor-section-height-default\" data-id=\"3a65a30\" data-element_type=\"section\">\n\t\t\t\t\t\t<div class=\"elementor-container elementor-column-gap-default\">\n\t\t\t\t\t<div class=\"elementor-column elementor-col-100 elementor-top-column elementor-element elementor-element-e3de96f\" data-id=\"e3de96f\" data-element_type=\"column\">\n\t\t\t<div class=\"elementor-widget-wrap elementor-element-populated\">\n\t\t\t\t\t\t<div class=\"elementor-element elementor-element-3887838 elementor-widget elementor-widget-text-editor\" data-id=\"3887838\" data-element_type=\"widget\" data-widget_type=\"text-editor.default\">\n\t\t\t\t<div class=\"elementor-widget-container\">\n\t\t\t\t\t\t\t<div class=\"elementor-element elementor-element-4c09c6a elementor-widget elementor-widget-text-editor\" data-id=\"4c09c6a\" data-element_type=\"widget\" data-widget_type=\"text-editor.default\"><div class=\"elementor-widget-container\"><p>Wenn Sie Fragen haben, k\u00f6nnen Sie uns kontaktieren \u00fcber\u00a0<a href=\"mailto:lukas.cief@gmail.com\">E-Mail<\/a>\u00a0oder unter der Nummer 0901 703 235<\/p><\/div><\/div><div class=\"elementor-element elementor-element-63a2f72 elementor-widget elementor-widget-text-editor\" data-id=\"63a2f72\" data-element_type=\"widget\" data-widget_type=\"text-editor.default\"><div class=\"elementor-widget-container\"><p><a href=\"https:\/\/plus.google.com\/+ReeltechSk\" target=\"_blank\" rel=\"noopener\">ReelTech auf Google+<\/a><\/p><\/div><\/div>\t\t\t\t\t\t<\/div>\n\t\t\t\t<\/div>\n\t\t\t\t\t<\/div>\n\t\t<\/div>\n\t\t\t\t\t<\/div>\n\t\t<\/section>\n\t\t\t\t<\/div>","protected":false},"excerpt":{"rendered":"Rev\u00edzia Verejn\u00e9ho Osvetlenia Verejn\u00e9 osvetlenie je k\u013e\u00fa\u010dov\u00fdm prvkom ka\u017ed\u00e9ho mesta a komunity. Poskytuje bezpe\u010dnos\u0165, komfort a atmosf\u00e9ru pre ob\u010danov a n\u00e1v\u0161tevn\u00edkov. Av\u0161ak, ak nie je spr\u00e1vne udr\u017eiavan\u00e9 a rev\u00edzovan\u00e9, m\u00f4\u017ee doch\u00e1dza\u0165 k probl\u00e9mom, ako je zv\u00fd\u0161en\u00e1 spotreba energie, vy\u0161\u0161ie n\u00e1klady na \u00fadr\u017ebu a ni\u017e\u0161ia bezpe\u010dnos\u0165 verejn\u00fdch priestranstiev. Na\u0161a spolo\u010dnos\u0165 je tu, aby v\u00e1m poskytla spo\u013eahliv\u00e9&#8230;","protected":false},"author":9,"featured_media":0,"parent":0,"menu_order":7,"comment_status":"closed","ping_status":"closed","template":"","meta":{"footnotes":""},"class_list":["post-1739","page","type-page","status-publish","hentry"],"_links":{"self":[{"href":"https:\/\/reeltech.sk\/de\/wp-json\/wp\/v2\/pages\/1739","targetHints":{"allow":["GET"]}}],"collection":[{"href":"https:\/\/reeltech.sk\/de\/wp-json\/wp\/v2\/pages"}],"about":[{"href":"https:\/\/reeltech.sk\/de\/wp-json\/wp\/v2\/types\/page"}],"author":[{"embeddable":true,"href":"https:\/\/reeltech.sk\/de\/wp-json\/wp\/v2\/users\/9"}],"replies":[{"embeddable":true,"href":"https:\/\/reeltech.sk\/de\/wp-json\/wp\/v2\/comments?post=1739"}],"version-history":[{"count":0,"href":"https:\/\/reeltech.sk\/de\/wp-json\/wp\/v2\/pages\/1739\/revisions"}],"wp:attachment":[{"href":"https:\/\/reeltech.sk\/de\/wp-json\/wp\/v2\/media?parent=1739"}],"curies":[{"name":"wp","href":"https:\/\/api.w.org\/{rel}","templated":true}]}}