{"id":1737,"date":"2017-10-29T08:38:25","date_gmt":"2017-10-29T07:38:25","guid":{"rendered":"https:\/\/reeltech.sk\/elektroinstalacie-a-bleskozvody\/"},"modified":"2026-04-30T06:50:33","modified_gmt":"2026-04-30T04:50:33","slug":"verkabelung-und-blitzableiter","status":"publish","type":"page","link":"https:\/\/reeltech.sk\/de\/verkabelung-und-blitzableiter\/","title":{"rendered":"Verkabelung und Blitzableiter"},"content":{"rendered":"<div data-elementor-type=\"wp-page\" data-elementor-id=\"1737\" class=\"elementor elementor-1737\">\n\t\t\t\t\t\t<section class=\"elementor-section elementor-top-section elementor-element elementor-element-bf9a006 elementor-section-boxed elementor-section-height-default elementor-section-height-default\" data-id=\"bf9a006\" data-element_type=\"section\">\n\t\t\t\t\t\t<div class=\"elementor-container elementor-column-gap-default\">\n\t\t\t\t\t<div class=\"elementor-column elementor-col-100 elementor-top-column elementor-element elementor-element-ebb6a2e\" data-id=\"ebb6a2e\" data-element_type=\"column\">\n\t\t\t<div class=\"elementor-widget-wrap elementor-element-populated\">\n\t\t\t\t\t\t<div class=\"elementor-element elementor-element-ac50363 elementor-widget elementor-widget-heading\" data-id=\"ac50363\" data-element_type=\"widget\" data-widget_type=\"heading.default\">\n\t\t\t\t<div class=\"elementor-widget-container\">\n\t\t\t<h1 class=\"elementor-heading-title elementor-size-default\">Verkabelung und Blitzableiter<\/h1>\t\t<\/div>\n\t\t\t\t<\/div>\n\t\t\t\t<div class=\"elementor-element elementor-element-a057efb elementor-widget elementor-widget-vt-windfall_list\" data-id=\"a057efb\" data-element_type=\"widget\" data-widget_type=\"vt-windfall_list.default\">\n\t\t\t\t<div class=\"elementor-widget-container\">\n\t\t\t<ul class=\"check-list\"><li>kompletn\u00e9 elektroin\u0161tala\u010dn\u00e9 pr\u00e1ce pre domy, byty, firmy a prev\u00e1dzky<\/li><li>kontrola, oprava a rekon\u0161trukcia elektrickej in\u0161tal\u00e1cie<\/li><li>mont\u00e1\u017e, oprava a rev\u00edzia bleskozvodov<\/li><li>Fehlersuche in elektrischen Anlagen<\/li><li>rekon\u0161trukcie rozv\u00e1dza\u010dov, z\u00e1suvkov\u00fdch a sveteln\u00fdch okruhov<\/li><li>Installation von Beleuchtungsk\u00f6rpern, Steckdosen, Schaltern und Verteilerk\u00e4sten<\/li><li>pr\u00edprava nap\u00e1jania pre spotrebi\u010de, technol\u00f3gie a zariadenia<\/li><li>v\u00fdmena star\u00fdch veden\u00ed a in\u0161tal\u00e1cia nov\u00fdch k\u00e1blov\u00fdch tr\u00e1s<\/li><li>merania a pr\u00edprava podkladov pre rev\u00edznu spr\u00e1vu<\/li><\/ul>\t\t<\/div>\n\t\t\t\t<\/div>\n\t\t\t\t<div class=\"elementor-element elementor-element-f8c6bf2 elementor-widget elementor-widget-text-editor\" data-id=\"f8c6bf2\" data-element_type=\"widget\" data-widget_type=\"text-editor.default\">\n\t\t\t\t<div class=\"elementor-widget-container\">\n\t\t\t\t\t\t\t<h2>Elektroin\u0161tal\u00e1cia a ochrana pred bleskom v jednom rie\u0161en\u00ed<\/h2><p>Elektroin\u0161tal\u00e1cie a bleskozvody spolu \u00fazko s\u00favisia. Pri novostavbe, rekon\u0161trukcii alebo \u00faprave objektu je d\u00f4le\u017eit\u00e9 myslie\u0165 nielen na z\u00e1suvky, svetl\u00e1 a rozv\u00e1dza\u010de, ale aj na ochranu pred bleskom, prep\u00e4t\u00edm a bezpe\u010dn\u00e9 uzemnenie. V\u010faka sk\u00fasenostiam s mont\u00e1\u017eou, projektovan\u00edm a rev\u00edziami vieme navrhn\u00fa\u0165 rie\u0161enie, ktor\u00e9 je technicky preh\u013eadn\u00e9 a pripraven\u00e9 na bezpe\u010dn\u00fa prev\u00e1dzku.<\/p><p>Pom\u00e1hame majite\u013eom rodinn\u00fdch domov, spr\u00e1vcom bytov\u00fdch domov, firm\u00e1m aj priemyseln\u00fdm prev\u00e1dzkam. Rie\u0161ime men\u0161ie opravy, kompletn\u00e9 rekon\u0161trukcie, nov\u00e9 elektroin\u0161tal\u00e1cie, doplnenie bleskozvodu aj kontrolu existuj\u00faceho stavu.<\/p><h2>Kedy n\u00e1s oslovi\u0165<\/h2><p>Odborn\u00fa kontrolu odpor\u00fa\u010dame pri star\u0161ej elektroin\u0161tal\u00e1cii, po z\u00e1sahu do rozvodov, pred kolaud\u00e1ciou, po po\u0161koden\u00ed bleskozvodu, pri pl\u00e1novanej rekon\u0161trukcii alebo ak sa objavuj\u00fa v\u00fdpadky, prehrievanie, iskrenie \u010di in\u00e9 podozriv\u00e9 prejavy.<\/p><h2>Naj\u010dastej\u0161ie ot\u00e1zky<\/h2><p><strong>Viete urobi\u0165 elektroin\u0161tal\u00e1ciu aj bleskozvod naraz?<\/strong><br \/>\u00c1no. Pri nov\u00fdch objektoch a rekon\u0161trukci\u00e1ch vieme koordinova\u0165 elektroin\u0161tal\u00e1ciu, bleskozvod, uzemnenie a n\u00e1sledn\u00fa rev\u00edziu.<\/p><p><strong>Rob\u00edte aj rev\u00edznu spr\u00e1vu?<\/strong><br \/>\u00c1no. Po vykonan\u00ed pr\u00e1c alebo pri kontrole existuj\u00faceho zariadenia vieme zabezpe\u010di\u0165 potrebn\u00e9 merania a rev\u00edznu spr\u00e1vu pod\u013ea rozsahu z\u00e1kazky.<\/p><p><strong>Kde slu\u017eby poskytujete?<\/strong><br \/>P\u00f4sob\u00edme najm\u00e4 v regi\u00f3noch Zvolen, Detva, Bansk\u00e1 Bystrica a v \u0161ir\u0161om okol\u00ed stredn\u00e9ho Slovenska.<\/p>\t\t\t\t\t\t<\/div>\n\t\t\t\t<\/div>\n\t\t\t\t\t<\/div>\n\t\t<\/div>\n\t\t\t\t\t<\/div>\n\t\t<\/section>\n\t\t\t\t<\/div>","protected":false},"excerpt":{"rendered":"Elektroin\u0161tal\u00e1cie a bleskozvody kompletn\u00e9 elektroin\u0161tala\u010dn\u00e9 pr\u00e1ce pre domy, byty, firmy a prev\u00e1dzky kontrola, oprava a rekon\u0161trukcia elektrickej in\u0161tal\u00e1cie mont\u00e1\u017e, oprava a rev\u00edzia bleskozvodov odstra\u0148ovanie por\u00fach elektrickej in\u0161tal\u00e1cie rekon\u0161trukcie rozv\u00e1dza\u010dov, z\u00e1suvkov\u00fdch a sveteln\u00fdch okruhov mont\u00e1\u017e svietidiel, z\u00e1suviek, vyp\u00edna\u010dov a rozvodn\u00fdch krab\u00edc pr\u00edprava nap\u00e1jania pre spotrebi\u010de, technol\u00f3gie a zariadenia v\u00fdmena star\u00fdch veden\u00ed a in\u0161tal\u00e1cia nov\u00fdch k\u00e1blov\u00fdch tr\u00e1s&#8230;","protected":false},"author":9,"featured_media":0,"parent":0,"menu_order":9,"comment_status":"closed","ping_status":"closed","template":"","meta":{"footnotes":""},"class_list":["post-1737","page","type-page","status-publish","hentry"],"_links":{"self":[{"href":"https:\/\/reeltech.sk\/de\/wp-json\/wp\/v2\/pages\/1737","targetHints":{"allow":["GET"]}}],"collection":[{"href":"https:\/\/reeltech.sk\/de\/wp-json\/wp\/v2\/pages"}],"about":[{"href":"https:\/\/reeltech.sk\/de\/wp-json\/wp\/v2\/types\/page"}],"author":[{"embeddable":true,"href":"https:\/\/reeltech.sk\/de\/wp-json\/wp\/v2\/users\/9"}],"replies":[{"embeddable":true,"href":"https:\/\/reeltech.sk\/de\/wp-json\/wp\/v2\/comments?post=1737"}],"version-history":[{"count":7,"href":"https:\/\/reeltech.sk\/de\/wp-json\/wp\/v2\/pages\/1737\/revisions"}],"predecessor-version":[{"id":3354,"href":"https:\/\/reeltech.sk\/de\/wp-json\/wp\/v2\/pages\/1737\/revisions\/3354"}],"wp:attachment":[{"href":"https:\/\/reeltech.sk\/de\/wp-json\/wp\/v2\/media?parent=1737"}],"curies":[{"name":"wp","href":"https:\/\/api.w.org\/{rel}","templated":true}]}}