{"id":1736,"date":"2017-10-29T08:35:28","date_gmt":"2017-10-29T07:35:28","guid":{"rendered":"https:\/\/reeltech.sk\/datove-siete-optika-ezs-cctv\/"},"modified":"2023-10-16T12:33:59","modified_gmt":"2023-10-16T10:33:59","slug":"datennetze-optik-ezs-cctv","status":"publish","type":"page","link":"https:\/\/reeltech.sk\/de\/datennetze-optik-ezs-cctv\/","title":{"rendered":"Datennetze, Optik, EZS, CCTV"},"content":{"rendered":"<div data-elementor-type=\"wp-page\" data-elementor-id=\"1736\" class=\"elementor elementor-1736\">\n\t\t\t\t\t\t<section class=\"elementor-section elementor-top-section elementor-element elementor-element-8eb861c elementor-section-boxed elementor-section-height-default elementor-section-height-default\" data-id=\"8eb861c\" data-element_type=\"section\">\n\t\t\t\t\t\t<div class=\"elementor-container elementor-column-gap-default\">\n\t\t\t\t\t<div class=\"elementor-column elementor-col-100 elementor-top-column elementor-element elementor-element-98faad7\" data-id=\"98faad7\" data-element_type=\"column\">\n\t\t\t<div class=\"elementor-widget-wrap elementor-element-populated\">\n\t\t\t\t\t\t<div class=\"elementor-element elementor-element-7b258cb elementor-widget elementor-widget-text-editor\" data-id=\"7b258cb\" data-element_type=\"widget\" data-widget_type=\"text-editor.default\">\n\t\t\t\t<div class=\"elementor-widget-container\">\n\t\t\t\t\t\t\t<p>Wir bieten Ihnen umfassende Dienstleistungen im Bereich der&nbsp;<span style=\"font-weight: bolder; color: rgb(51, 51, 51); font-size: 17px;\">Kamera- und Sicherheitssysteme<\/span>. Wir entwerfen und installieren Systeme, die&nbsp;<span style=\"font-weight: bolder; color: rgb(51, 51, 51); font-size: 17px;\">nicht kontinuierlich sch\u00fctzen<\/span>&nbsp;und melden Informationen \u00fcber Sicherheitsverletzungen f\u00fcr Sie und Ihr Eigentum. Wir k\u00f6nnen Sie auch beraten und unterst\u00fctzen bei&nbsp;<span style=\"font-weight: bolder; color: rgb(51, 51, 51); font-size: 17px;\">IT-Bereiche<\/span>. Wir k\u00fcmmern uns um Ihre&nbsp;<span style=\"font-weight: bolder; color: rgb(51, 51, 51); font-size: 17px;\">Markennetzwerke<\/span>&nbsp;und die Wartung von IT-Ger\u00e4ten. Unsere Dienstleistungen umfassen auch&nbsp;<span style=\"font-weight: bolder; color: rgb(51, 51, 51); font-size: 17px;\">Installation von GPS-\u00dcberwachung in Autos.<\/span>&nbsp;<br><\/p>\t\t\t\t\t\t<\/div>\n\t\t\t\t<\/div>\n\t\t\t\t\t<\/div>\n\t\t<\/div>\n\t\t\t\t\t<\/div>\n\t\t<\/section>\n\t\t\t\t<section class=\"elementor-section elementor-top-section elementor-element elementor-element-7955932 elementor-section-boxed elementor-section-height-default elementor-section-height-default\" data-id=\"7955932\" data-element_type=\"section\">\n\t\t\t\t\t\t<div class=\"elementor-container elementor-column-gap-default\">\n\t\t\t\t\t<div class=\"elementor-column elementor-col-100 elementor-top-column elementor-element elementor-element-affe25e\" data-id=\"affe25e\" data-element_type=\"column\">\n\t\t\t<div class=\"elementor-widget-wrap elementor-element-populated\">\n\t\t\t\t\t\t<div class=\"elementor-element elementor-element-4c38cb3 elementor-widget elementor-widget-spacer\" data-id=\"4c38cb3\" data-element_type=\"widget\" data-widget_type=\"spacer.default\">\n\t\t\t\t<div class=\"elementor-widget-container\">\n\t\t\t\t\t<div class=\"elementor-spacer\">\n\t\t\t<div class=\"elementor-spacer-inner\"><\/div>\n\t\t<\/div>\n\t\t\t\t<\/div>\n\t\t\t\t<\/div>\n\t\t\t\t\t<\/div>\n\t\t<\/div>\n\t\t\t\t\t<\/div>\n\t\t<\/section>\n\t\t\t\t<section class=\"elementor-section elementor-top-section elementor-element elementor-element-362cfa8 elementor-section-boxed elementor-section-height-default elementor-section-height-default\" data-id=\"362cfa8\" data-element_type=\"section\">\n\t\t\t\t\t\t<div class=\"elementor-container elementor-column-gap-default\">\n\t\t\t\t\t<div class=\"elementor-column elementor-col-100 elementor-top-column elementor-element elementor-element-a90bc3c\" data-id=\"a90bc3c\" data-element_type=\"column\">\n\t\t\t<div class=\"elementor-widget-wrap elementor-element-populated\">\n\t\t\t\t\t\t<div class=\"elementor-element elementor-element-6bf7952 elementor-widget elementor-widget-heading\" data-id=\"6bf7952\" data-element_type=\"widget\" data-widget_type=\"heading.default\">\n\t\t\t\t<div class=\"elementor-widget-container\">\n\t\t\t<h2 class=\"elementor-heading-title elementor-size-default\">Wir bieten folgende Dienstleistungen an:<\/h2>\t\t<\/div>\n\t\t\t\t<\/div>\n\t\t\t\t<div class=\"elementor-element elementor-element-faf1c84 elementor-widget elementor-widget-heading\" data-id=\"faf1c84\" data-element_type=\"widget\" data-widget_type=\"heading.default\">\n\t\t\t\t<div class=\"elementor-widget-container\">\n\t\t\t<h3 class=\"elementor-heading-title elementor-size-default\">Strukturierte Verkabelung<\/h3>\t\t<\/div>\n\t\t\t\t<\/div>\n\t\t\t\t<div class=\"elementor-element elementor-element-3641f56 elementor-widget elementor-widget-text-editor\" data-id=\"3641f56\" data-element_type=\"widget\" data-widget_type=\"text-editor.default\">\n\t\t\t\t<div class=\"elementor-widget-container\">\n\t\t\t\t\t\t\t<p>Strukturiert<b> <\/b>Verkabelung<b> <\/b>Es ist eines der grundlegenden Elemente der Verkabelung in neu gebauten H\u00e4usern, Industriegeb\u00e4uden oder Einkaufszentren. Es ist unverzichtbar f\u00fcr das Funktionieren von Unternehmensnetzwerken, Kamera- und Sicherheitssystemen.<\/p>\t\t\t\t\t\t<\/div>\n\t\t\t\t<\/div>\n\t\t\t\t<div class=\"elementor-element elementor-element-2aa1395 elementor-widget elementor-widget-heading\" data-id=\"2aa1395\" data-element_type=\"widget\" data-widget_type=\"heading.default\">\n\t\t\t\t<div class=\"elementor-widget-container\">\n\t\t\t<h3 class=\"elementor-heading-title elementor-size-default\">Optische Netze<\/h3>\t\t<\/div>\n\t\t\t\t<\/div>\n\t\t\t\t<div class=\"elementor-element elementor-element-40de38a elementor-widget elementor-widget-text-editor\" data-id=\"40de38a\" data-element_type=\"widget\" data-widget_type=\"text-editor.default\">\n\t\t\t\t<div class=\"elementor-widget-container\">\n\t\t\t\t\t\t\t<p>Wir bieten optische Netzwerk-Installation zusammen mit Materialversorgung und Optical Fiber Welding Services zu erschwinglichen Preisen. Sie k\u00f6nnen mit uns jederzeit f\u00fcr Kabel-Installation oder Fiber Optic Network Welding erkundigen.<\/p>\t\t\t\t\t\t<\/div>\n\t\t\t\t<\/div>\n\t\t\t\t<div class=\"elementor-element elementor-element-d0d4de8 elementor-widget elementor-widget-heading\" data-id=\"d0d4de8\" data-element_type=\"widget\" data-widget_type=\"heading.default\">\n\t\t\t\t<div class=\"elementor-widget-container\">\n\t\t\t<h3 class=\"elementor-heading-title elementor-size-default\">Daten- und Unternehmensnetze und Service<\/h3>\t\t<\/div>\n\t\t\t\t<\/div>\n\t\t\t\t<div class=\"elementor-element elementor-element-2b6aa66 elementor-widget elementor-widget-text-editor\" data-id=\"2b6aa66\" data-element_type=\"widget\" data-widget_type=\"text-editor.default\">\n\t\t\t\t<div class=\"elementor-widget-container\">\n\t\t\t\t\t\t\t<p>Wir bieten Ihnen die Gestaltung und Verwaltung Ihres Unternehmensnetzes an. Wir stellen Ihnen ein zuverl\u00e4ssiges und st\u00f6rungsfreies IT-System zur Verf\u00fcgung. Wir sorgen daf\u00fcr, dass Ihre Computer, Drucker und andere IT-Hardware immer einwandfrei funktionieren.<\/p>\t\t\t\t\t\t<\/div>\n\t\t\t\t<\/div>\n\t\t\t\t<div class=\"elementor-element elementor-element-acea1c9 elementor-widget elementor-widget-heading\" data-id=\"acea1c9\" data-element_type=\"widget\" data-widget_type=\"heading.default\">\n\t\t\t\t<div class=\"elementor-widget-container\">\n\t\t\t<h3 class=\"elementor-heading-title elementor-size-default\">GPS-Auto\u00fcberwachung<\/h3>\t\t<\/div>\n\t\t\t\t<\/div>\n\t\t\t\t<div class=\"elementor-element elementor-element-735039d elementor-widget elementor-widget-text-editor\" data-id=\"735039d\" data-element_type=\"widget\" data-widget_type=\"text-editor.default\">\n\t\t\t\t<div class=\"elementor-widget-container\">\n\t\t\t\t\t\t\t<p>Verfolgen Sie Ihre Fahrzeuge online, \u00fcberwachen Sie den Verbrauch, erstellen Sie ein elektronisches Fahrtenbuch - alles \u00fcber eine \u00fcbersichtliche Weboberfl\u00e4che, die Sie jederzeit und \u00fcberall auf Ihrem PC oder Handy nutzen k\u00f6nnen.<\/p>\t\t\t\t\t\t<\/div>\n\t\t\t\t<\/div>\n\t\t\t\t<div class=\"elementor-element elementor-element-76516a8 elementor-widget elementor-widget-heading\" data-id=\"76516a8\" data-element_type=\"widget\" data-widget_type=\"heading.default\">\n\t\t\t\t<div class=\"elementor-widget-container\">\n\t\t\t<h3 class=\"elementor-heading-title elementor-size-default\">Kamera-Systeme<\/h3>\t\t<\/div>\n\t\t\t\t<\/div>\n\t\t\t\t<div class=\"elementor-element elementor-element-a3cc6e4 elementor-widget elementor-widget-text-editor\" data-id=\"a3cc6e4\" data-element_type=\"widget\" data-widget_type=\"text-editor.default\">\n\t\t\t\t<div class=\"elementor-widget-container\">\n\t\t\t\t\t\t\t<p>Wir entwerfen und installieren CCTV-Systeme, die allen Anforderungen an den Schutz Ihres Eigentums gerecht werden. Wir garantieren professionelle Dienstleistungen und Produkte. Dar\u00fcber hinaus haben wir eine Lizenz, um den technischen Dienst zu betreiben und f\u00fcr Ihre Sicherheit zu sorgen.<\/p>\t\t\t\t\t\t<\/div>\n\t\t\t\t<\/div>\n\t\t\t\t<div class=\"elementor-element elementor-element-dd9a55d elementor-widget elementor-widget-heading\" data-id=\"dd9a55d\" data-element_type=\"widget\" data-widget_type=\"heading.default\">\n\t\t\t\t<div class=\"elementor-widget-container\">\n\t\t\t<h3 class=\"elementor-heading-title elementor-size-default\">Sicherheit und Kamerasysteme<\/h3>\t\t<\/div>\n\t\t\t\t<\/div>\n\t\t\t\t<div class=\"elementor-element elementor-element-9bfc857 elementor-widget elementor-widget-text-editor\" data-id=\"9bfc857\" data-element_type=\"widget\" data-widget_type=\"text-editor.default\">\n\t\t\t\t<div class=\"elementor-widget-container\">\n\t\t\t\t\t\t\t<p>Elektronische Sicherheitssysteme geh\u00f6ren heute zur Standardausr\u00fcstung von Geb\u00e4uden und Industrieanlagen. Wir installieren ein komplettes System, das Sie im Falle eines Sicherheitsversto\u00dfes sofort informiert.<\/p>\t\t\t\t\t\t<\/div>\n\t\t\t\t<\/div>\n\t\t\t\t\t<\/div>\n\t\t<\/div>\n\t\t\t\t\t<\/div>\n\t\t<\/section>\n\t\t\t\t<\/div>","protected":false},"excerpt":{"rendered":"Pon\u00fakame V\u00e1m komplexn\u00e9 slu\u017eby v oblasti&nbsp;kamerov\u00fdch a zabezpe\u010dovac\u00edch syst\u00e9mov. Navrhujeme a in\u0161talujeme syst\u00e9my, ktor\u00e9 V\u00e1s&nbsp;nepetr\u017eite chr\u00e1nia&nbsp;a pod\u00e1vaj\u00fa inform\u00e1cie o naru\u0161en\u00ed bezpe\u010dnosti V\u00e1s a V\u00e1\u0161ho majetku. Porad\u00edme a pom\u00f4\u017eeme V\u00e1m aj v&nbsp;IT oblasti. Postar\u00e1me sa o Va\u0161e&nbsp;firmen\u00e9 siete&nbsp;a servis IT zariaden\u00ed. Medzi na\u0161e slu\u017eby patr\u00ed aj&nbsp;mont\u00e1\u017e GPS monitoringu do \u00e1ut.&nbsp; Slu\u017eby ktor\u00e9 poskytujeme: \u0160trukt\u00farovan\u00e1 Kabel\u00e1\u017e \u0160trukt\u00farovan\u00e1&#8230;","protected":false},"author":9,"featured_media":0,"parent":0,"menu_order":10,"comment_status":"closed","ping_status":"closed","template":"","meta":{"footnotes":""},"class_list":["post-1736","page","type-page","status-publish","hentry"],"_links":{"self":[{"href":"https:\/\/reeltech.sk\/de\/wp-json\/wp\/v2\/pages\/1736","targetHints":{"allow":["GET"]}}],"collection":[{"href":"https:\/\/reeltech.sk\/de\/wp-json\/wp\/v2\/pages"}],"about":[{"href":"https:\/\/reeltech.sk\/de\/wp-json\/wp\/v2\/types\/page"}],"author":[{"embeddable":true,"href":"https:\/\/reeltech.sk\/de\/wp-json\/wp\/v2\/users\/9"}],"replies":[{"embeddable":true,"href":"https:\/\/reeltech.sk\/de\/wp-json\/wp\/v2\/comments?post=1736"}],"version-history":[{"count":0,"href":"https:\/\/reeltech.sk\/de\/wp-json\/wp\/v2\/pages\/1736\/revisions"}],"wp:attachment":[{"href":"https:\/\/reeltech.sk\/de\/wp-json\/wp\/v2\/media?parent=1736"}],"curies":[{"name":"wp","href":"https:\/\/api.w.org\/{rel}","templated":true}]}}