{"id":1735,"date":"2017-10-20T12:04:37","date_gmt":"2017-10-20T10:04:37","guid":{"rendered":"https:\/\/reeltech.sk\/tvorba-navodov-pracovneho-stroja\/"},"modified":"2023-10-15T22:33:26","modified_gmt":"2023-10-15T20:33:26","slug":"erstellung-von-arbeitsanweisungen-fur-maschinen-2","status":"publish","type":"page","link":"https:\/\/reeltech.sk\/de\/erstellung-von-arbeitsanweisungen-fur-maschinen-2\/","title":{"rendered":"Betriebsanleitung f\u00fcr die Arbeitsmaschine"},"content":{"rendered":"<div data-elementor-type=\"wp-page\" data-elementor-id=\"1735\" class=\"elementor elementor-1735\">\n\t\t\t\t\t\t<section class=\"elementor-section elementor-top-section elementor-element elementor-element-ca962ab elementor-section-boxed elementor-section-height-default elementor-section-height-default\" data-id=\"ca962ab\" data-element_type=\"section\">\n\t\t\t\t\t\t<div class=\"elementor-container elementor-column-gap-default\">\n\t\t\t\t\t<div class=\"elementor-column elementor-col-100 elementor-top-column elementor-element elementor-element-0d73c1a\" data-id=\"0d73c1a\" data-element_type=\"column\">\n\t\t\t<div class=\"elementor-widget-wrap elementor-element-populated\">\n\t\t\t\t\t\t<div class=\"elementor-element elementor-element-9e0a602 elementor-widget elementor-widget-text-editor\" data-id=\"9e0a602\" data-element_type=\"widget\" data-widget_type=\"text-editor.default\">\n\t\t\t\t<div class=\"elementor-widget-container\">\n\t\t\t\t\t\t\t<p>F\u00fcr Arbeitsmaschinen, die auf dem Gebiet der Slowakischen Republik eingesetzt werden, ist eine technische Dokumentation zusammen mit der Betriebsanleitung der Arbeitsmaschine erforderlich, um die Sicherheit von Arbeitsmaschinen und Ger\u00e4ten zu gew\u00e4hrleisten. Die Betriebsanleitung muss bei jeder Inbetriebnahme des Ger\u00e4ts (der Maschine) vorhanden sein und ist eine der Grundvoraussetzungen f\u00fcr elektrische Maschinen.<\/p><p>Unser Unternehmen bietet die Erstellung, Pr\u00fcfung und \u00dcbersetzung von Betriebsanleitungen f\u00fcr Maschinen und Maschinenhandb\u00fcchern<\/p>\t\t\t\t\t\t<\/div>\n\t\t\t\t<\/div>\n\t\t\t\t\t<\/div>\n\t\t<\/div>\n\t\t\t\t\t<\/div>\n\t\t<\/section>\n\t\t\t\t<section class=\"elementor-section elementor-top-section elementor-element elementor-element-c8feea3 elementor-section-boxed elementor-section-height-default elementor-section-height-default\" data-id=\"c8feea3\" data-element_type=\"section\">\n\t\t\t\t\t\t<div class=\"elementor-container elementor-column-gap-default\">\n\t\t\t\t\t<div class=\"elementor-column elementor-col-100 elementor-top-column elementor-element elementor-element-e83f657\" data-id=\"e83f657\" data-element_type=\"column\">\n\t\t\t<div class=\"elementor-widget-wrap elementor-element-populated\">\n\t\t\t\t\t\t<div class=\"elementor-element elementor-element-7178fdd elementor-widget elementor-widget-text-editor\" data-id=\"7178fdd\" data-element_type=\"widget\" data-widget_type=\"text-editor.default\">\n\t\t\t\t<div class=\"elementor-widget-container\">\n\t\t\t\t\t\t\t<p><span style=\"font-weight: bold;\">Im Umfang der Dienstleistungen:<\/span><\/p>\t\t\t\t\t\t<\/div>\n\t\t\t\t<\/div>\n\t\t\t\t<div class=\"elementor-element elementor-element-813afb2 elementor-widget elementor-widget-vt-windfall_list\" data-id=\"813afb2\" data-element_type=\"widget\" data-widget_type=\"vt-windfall_list.default\">\n\t\t\t\t<div class=\"elementor-widget-container\">\n\t\t\t<ul class=\"bullet-list\"><li>Erstellung von vollst\u00e4ndigen Anleitungen gem\u00e4\u00df den geltenden Rechtsvorschriften<\/li><li>Pr\u00fcfung der urspr\u00fcnglichen Anweisungen<\/li><li>grafische Aufbereitung<\/li><li>technische \u00dcbersetzung von fremdsprachigen Handb\u00fcchern<\/li><li>Druck und Lieferung in gedruckter und elektronischer Form<\/li><li>Maschinenhandb\u00fccher und Bedienungsanleitungen<\/li><\/ul>\t\t<\/div>\n\t\t\t\t<\/div>\n\t\t\t\t\t<\/div>\n\t\t<\/div>\n\t\t\t\t\t<\/div>\n\t\t<\/section>\n\t\t\t\t<section class=\"elementor-section elementor-top-section elementor-element elementor-element-0cb24b2 elementor-section-boxed elementor-section-height-default elementor-section-height-default\" data-id=\"0cb24b2\" data-element_type=\"section\">\n\t\t\t\t\t\t<div class=\"elementor-container elementor-column-gap-default\">\n\t\t\t\t\t<div class=\"elementor-column elementor-col-100 elementor-top-column elementor-element elementor-element-b78f676\" data-id=\"b78f676\" data-element_type=\"column\">\n\t\t\t<div class=\"elementor-widget-wrap\">\n\t\t\t\t\t\t\t<\/div>\n\t\t<\/div>\n\t\t\t\t\t<\/div>\n\t\t<\/section>\n\t\t\t\t<section class=\"elementor-section elementor-top-section elementor-element elementor-element-3e316e0 elementor-section-boxed elementor-section-height-default elementor-section-height-default\" data-id=\"3e316e0\" data-element_type=\"section\">\n\t\t\t\t\t\t<div class=\"elementor-container elementor-column-gap-default\">\n\t\t\t\t\t<div class=\"elementor-column elementor-col-100 elementor-top-column elementor-element elementor-element-3571bb0\" data-id=\"3571bb0\" data-element_type=\"column\">\n\t\t\t<div class=\"elementor-widget-wrap elementor-element-populated\">\n\t\t\t\t\t\t<div class=\"elementor-element elementor-element-7773cdf elementor-widget elementor-widget-text-editor\" data-id=\"7773cdf\" data-element_type=\"widget\" data-widget_type=\"text-editor.default\">\n\t\t\t\t<div class=\"elementor-widget-container\">\n\t\t\t\t\t\t\t<p><span style=\"font-weight: bolder; color: #333333; font-size: 17px;\">Die Betriebsanleitung der Maschine ist ein wichtiges Dokument, das Informationen \u00fcber die sichere und korrekte Verwendung der Maschine enth\u00e4lt. Hier sind einige Dinge, die ein Maschinenhandbuch enthalten sollte:<\/span><\/p><ol><li><p><i>Informationen zur Sicherheit<\/i>A: Die Bedienungsanleitung sollte Anweisungen und Warnungen zu den mit der Verwendung der Maschine verbundenen Risiken und deren Vermeidung enthalten.<\/p><\/li><li><p><i>Beschreibung der Maschine<\/i>A: Die Betriebsanleitung sollte Informationen \u00fcber alle Teile und Komponenten der Maschine und deren Funktionen enthalten.<\/p><\/li><li><p><i>Installation und Nutzung<\/i>A: Die Gebrauchsanweisung sollte Anweisungen zur Installation und zum Gebrauch des Ger\u00e4ts enthalten. Die Anweisungen sollten auch die Einrichtung und Verwendung der verschiedenen Funktionen des Ger\u00e4ts umfassen.<\/p><\/li><li><p><i>Wartung und Reparatur<\/i>A: Die Bedienungsanleitung sollte Anweisungen zur Wartung und Reparatur der Maschine enthalten. Dazu geh\u00f6rt auch, wie man die Maschine richtig reinigt und wartet und wie man sie repariert, wenn etwas schief geht.<\/p><\/li><li><p><i>Technische Daten<\/i>A: Die Bedienungsanleitung sollte die technischen Daten der Maschine enthalten, wie Leistung, Kapazit\u00e4t, Gewicht, Gr\u00f6\u00dfe, Stromverbrauch und so weiter.<\/p><\/li><li><p><i>Sicherheit und Schutzausr\u00fcstung<\/i>A: Die Bedienungsanleitung sollte Informationen \u00fcber die zur Maschine geh\u00f6renden Sicherheits- und Schutzvorrichtungen und deren korrekte Verwendung enthalten.<\/p><\/li><li><p><i>Fehlersuche<\/i>A: Die Bedienungsanleitung sollte Informationen dar\u00fcber enthalten, wie h\u00e4ufige Probleme und Fehler bei der Verwendung der Maschine behoben werden k\u00f6nnen.<\/p><\/li><\/ol><p>Es ist wichtig, dass die Benutzer der Maschine mit der Bedienungsanleitung vertraut sind und alle darin enthaltenen Anweisungen und Warnhinweise befolgen. Dies kann dazu beitragen, die Risiken zu minimieren und die Sicherheit und das ordnungsgem\u00e4\u00dfe Funktionieren der Maschine zu gew\u00e4hrleisten.<\/p>\t\t\t\t\t\t<\/div>\n\t\t\t\t<\/div>\n\t\t\t\t\t<\/div>\n\t\t<\/div>\n\t\t\t\t\t<\/div>\n\t\t<\/section>\n\t\t\t\t<section class=\"elementor-section elementor-top-section elementor-element elementor-element-ea3fba4 elementor-section-boxed elementor-section-height-default elementor-section-height-default\" data-id=\"ea3fba4\" data-element_type=\"section\">\n\t\t\t\t\t\t<div class=\"elementor-container elementor-column-gap-default\">\n\t\t\t\t\t<div class=\"elementor-column elementor-col-100 elementor-top-column elementor-element elementor-element-0f7359d\" data-id=\"0f7359d\" data-element_type=\"column\">\n\t\t\t<div class=\"elementor-widget-wrap\">\n\t\t\t\t\t\t\t<\/div>\n\t\t<\/div>\n\t\t\t\t\t<\/div>\n\t\t<\/section>\n\t\t\t\t<section class=\"elementor-section elementor-top-section elementor-element elementor-element-2861bee elementor-section-boxed elementor-section-height-default elementor-section-height-default\" data-id=\"2861bee\" data-element_type=\"section\">\n\t\t\t\t\t\t<div class=\"elementor-container elementor-column-gap-default\">\n\t\t\t\t\t<div class=\"elementor-column elementor-col-100 elementor-top-column elementor-element elementor-element-7d371c3\" data-id=\"7d371c3\" data-element_type=\"column\">\n\t\t\t<div class=\"elementor-widget-wrap elementor-element-populated\">\n\t\t\t\t\t\t<div class=\"elementor-element elementor-element-4eb4c54 elementor-widget elementor-widget-text-editor\" data-id=\"4eb4c54\" data-element_type=\"widget\" data-widget_type=\"text-editor.default\">\n\t\t\t\t<div class=\"elementor-widget-container\">\n\t\t\t\t\t\t\t<p><span style=\"color: #333333; font-size: 17px; font-weight: bolder;\">Wir k\u00f6nnen Handb\u00fccher und Verfahren in allen Bereichen erstellen, wie z. B.:<\/span><\/p>\t\t\t\t\t\t<\/div>\n\t\t\t\t<\/div>\n\t\t\t\t<div class=\"elementor-element elementor-element-ea41e96 elementor-widget elementor-widget-vt-windfall_list\" data-id=\"ea41e96\" data-element_type=\"widget\" data-widget_type=\"vt-windfall_list.default\">\n\t\t\t\t<div class=\"elementor-widget-container\">\n\t\t\t<ul class=\"bullet-list\"><li>Automobilbranche<\/li><li>elektrotechnische Industrie<\/li><li>Lebensmittelindustrie<\/li><li>Maschinenbauindustrie<\/li><li>Agrarindustrie<\/li><li>chemische Industrie<\/li><li>Raumfahrtindustrie<\/li><li>Bergbauindustrie<\/li><li>Holzindustrie<\/li><li>Baugewerbe<\/li><li>Umformmaschine<\/li><\/ul>\t\t<\/div>\n\t\t\t\t<\/div>\n\t\t\t\t\t<\/div>\n\t\t<\/div>\n\t\t\t\t\t<\/div>\n\t\t<\/section>\n\t\t\t\t<\/div>","protected":false},"excerpt":{"rendered":"Pre pracovn\u00e9 stroje pou\u017e\u00edvan\u00e9 na \u00fazem\u00ed SR je nutn\u00e9 ma\u0165 technick\u00fa dokument\u00e1ciu spolo\u010dne aj s n\u00e1vodom pracovn\u00e9ho stroja tak aby sa zaistila bezpe\u010dnos\u0165 pracovn\u00e9ho strojov a zariaden\u00ed. N\u00e1vod mus\u00ed by\u0165 v\u017edy ke\u010f sa vykon\u00e1 uvedie zariadenia ( Stroja) do prev\u00e1dzky a patr\u00ed medzi z\u00e1kladne po\u017eiadavky na elektrick\u00e9 stroje. Na\u0161a firma zabezpe\u010duje tvorbu, audit a preklad\u00a0&#8230;","protected":false},"author":9,"featured_media":0,"parent":0,"menu_order":11,"comment_status":"closed","ping_status":"closed","template":"","meta":{"footnotes":""},"class_list":["post-1735","page","type-page","status-publish","hentry"],"_links":{"self":[{"href":"https:\/\/reeltech.sk\/de\/wp-json\/wp\/v2\/pages\/1735","targetHints":{"allow":["GET"]}}],"collection":[{"href":"https:\/\/reeltech.sk\/de\/wp-json\/wp\/v2\/pages"}],"about":[{"href":"https:\/\/reeltech.sk\/de\/wp-json\/wp\/v2\/types\/page"}],"author":[{"embeddable":true,"href":"https:\/\/reeltech.sk\/de\/wp-json\/wp\/v2\/users\/9"}],"replies":[{"embeddable":true,"href":"https:\/\/reeltech.sk\/de\/wp-json\/wp\/v2\/comments?post=1735"}],"version-history":[{"count":0,"href":"https:\/\/reeltech.sk\/de\/wp-json\/wp\/v2\/pages\/1735\/revisions"}],"wp:attachment":[{"href":"https:\/\/reeltech.sk\/de\/wp-json\/wp\/v2\/media?parent=1735"}],"curies":[{"name":"wp","href":"https:\/\/api.w.org\/{rel}","templated":true}]}}