{"id":1734,"date":"2017-10-19T05:17:57","date_gmt":"2017-10-19T03:17:57","guid":{"rendered":"https:\/\/reeltech.sk\/miestny-prevadzkovy-predpis\/"},"modified":"2023-10-15T23:11:28","modified_gmt":"2023-10-15T21:11:28","slug":"lokale-transportvorschriften","status":"publish","type":"page","link":"https:\/\/reeltech.sk\/de\/lokale-transportvorschriften\/","title":{"rendered":"\u00d6rtliche Betriebsvorschriften"},"content":{"rendered":"<div data-elementor-type=\"wp-page\" data-elementor-id=\"1734\" class=\"elementor elementor-1734\">\n\t\t\t\t\t\t<section class=\"elementor-section elementor-top-section elementor-element elementor-element-701a367 elementor-section-boxed elementor-section-height-default elementor-section-height-default\" data-id=\"701a367\" data-element_type=\"section\">\n\t\t\t\t\t\t<div class=\"elementor-container elementor-column-gap-default\">\n\t\t\t\t\t<div class=\"elementor-column elementor-col-100 elementor-top-column elementor-element elementor-element-475790f\" data-id=\"475790f\" data-element_type=\"column\">\n\t\t\t<div class=\"elementor-widget-wrap elementor-element-populated\">\n\t\t\t\t\t\t<div class=\"elementor-element elementor-element-e427341 elementor-widget elementor-widget-vt-windfall_section_title\" data-id=\"e427341\" data-element_type=\"widget\" data-widget_type=\"vt-windfall_section_title.default\">\n\t\t\t\t<div class=\"elementor-widget-container\">\n\t\t\t<div class=\"section-title-wrap  wndfal-sectTitleElementor\"><h2 class=\"section-title\">Unser Unternehmen entwickelt und aktualisiert: Lokale Betriebsvorschriften (LOR) f\u00fcr Hochspannungsanlagen, wie Umspannwerke, Photovoltaikanlagen, explosionsgef\u00e4hrdete Bereiche und andere elektrische Anlagen.<\/h2><p>Gleichzeitig erstellen wir eine Explosionsgef\u00e4hrdungsbeurteilung und ein schriftliches Explosionsschutzdokument ( DOPV) entsprechend den Kunden- und Sicherheitsanforderungen.<\/p><\/div>\t\t<\/div>\n\t\t\t\t<\/div>\n\t\t\t\t\t<\/div>\n\t\t<\/div>\n\t\t\t\t\t<\/div>\n\t\t<\/section>\n\t\t\t\t<section class=\"elementor-section elementor-top-section elementor-element elementor-element-f6b34e5 elementor-section-boxed elementor-section-height-default elementor-section-height-default\" data-id=\"f6b34e5\" data-element_type=\"section\">\n\t\t\t\t\t\t<div class=\"elementor-container elementor-column-gap-default\">\n\t\t\t\t\t<div class=\"elementor-column elementor-col-100 elementor-top-column elementor-element elementor-element-393f9e5\" data-id=\"393f9e5\" data-element_type=\"column\">\n\t\t\t<div class=\"elementor-widget-wrap elementor-element-populated\">\n\t\t\t\t\t\t<div class=\"elementor-element elementor-element-a5bad59 elementor-widget elementor-widget-text-editor\" data-id=\"a5bad59\" data-element_type=\"widget\" data-widget_type=\"text-editor.default\">\n\t\t\t\t<div class=\"elementor-widget-container\">\n\t\t\t\t\t\t\t<p>Zu den am h\u00e4ufigsten angefragten lokalen Betriebsvorschriften\/Regelungen (im Folgenden MPP genannt) geh\u00f6ren:<\/p>\t\t\t\t\t\t<\/div>\n\t\t\t\t<\/div>\n\t\t\t\t<div class=\"elementor-element elementor-element-7288240 elementor-widget elementor-widget-vt-windfall_list\" data-id=\"7288240\" data-element_type=\"widget\" data-widget_type=\"vt-windfall_list.default\">\n\t\t\t\t<div class=\"elementor-widget-container\">\n\t\t\t<ul class=\"bullet-list\"><li>MPP-Hochspannungsschaltanlagen<\/li><li>MPP \u00f6ffentliche Beleuchtung<\/li><li>MPP-Photovoltaik-Kraftwerk (PV-Kraftwerk) und andere Generatoren.<\/li><li>MPP f\u00fcr explosionsgef\u00e4hrdete Bereiche ( B , B1 )<\/li><\/ul>\t\t<\/div>\n\t\t\t\t<\/div>\n\t\t\t\t<div class=\"elementor-element elementor-element-b2e00ae elementor-widget elementor-widget-text-editor\" data-id=\"b2e00ae\" data-element_type=\"widget\" data-widget_type=\"text-editor.default\">\n\t\t\t\t<div class=\"elementor-widget-container\">\n\t\t\t\t\t\t\t<p>Um einen sicheren und zuverl\u00e4ssigen Betrieb der vorbehaltenen technischen Anlagen zu gew\u00e4hrleisten, ist es notwendig, die so genannte \u00f6rtliche Betriebsordnung (oder \u00f6rtliche Betriebsvorschriften) zu erstellen. Es ist die Pflicht des Arbeitgebers (Betreibers) der Anlage, daf\u00fcr zu sorgen, dass lokale Betriebsvorschriften erstellt werden; diese Pflicht ergibt sich vor allem aus dem Gesetz Nr. 124\/2006 Slg., der Verordnung Nr. 508\/2009 und auch aus Artikel 10 der STN 34 3104:1967 STN Elektrotechnische Vorschriften.<\/p><p>In jeder elektrischen Hoch- und H\u00f6chstspannungsanlage m\u00fcssen Sicherheitsvorschriften f\u00fcr den Betrieb und die Arbeit in elektrischen Anlagen (sonstige Vorschriften) sowie pr\u00e4gnante \u00f6rtliche Sicherheits- und Arbeitsvorschriften vorhanden sein, die auf den Umfang und die Ausf\u00fchrung der Anlage abgestimmt sind. Dar\u00fcber hinaus m\u00fcssen im Betrieb Erste-Hilfe-Vorschriften mit einer Liste und Telefonnummern von Rettungsstationen, medizinischen Einrichtungen und Feuerwachen vorhanden sein.<\/p>\t\t\t\t\t\t<\/div>\n\t\t\t\t<\/div>\n\t\t\t\t\t<\/div>\n\t\t<\/div>\n\t\t\t\t\t<\/div>\n\t\t<\/section>\n\t\t\t\t<section class=\"elementor-section elementor-top-section elementor-element elementor-element-42167b6 elementor-section-boxed elementor-section-height-default elementor-section-height-default\" data-id=\"42167b6\" data-element_type=\"section\">\n\t\t\t\t\t\t<div class=\"elementor-container elementor-column-gap-default\">\n\t\t\t\t\t<div class=\"elementor-column elementor-col-100 elementor-top-column elementor-element elementor-element-7b52353\" data-id=\"7b52353\" data-element_type=\"column\">\n\t\t\t<div class=\"elementor-widget-wrap\">\n\t\t\t\t\t\t\t<\/div>\n\t\t<\/div>\n\t\t\t\t\t<\/div>\n\t\t<\/section>\n\t\t\t\t<section class=\"elementor-section elementor-top-section elementor-element elementor-element-f28d88f elementor-section-boxed elementor-section-height-default elementor-section-height-default\" data-id=\"f28d88f\" data-element_type=\"section\">\n\t\t\t\t\t\t<div class=\"elementor-container elementor-column-gap-default\">\n\t\t\t\t\t<div class=\"elementor-column elementor-col-100 elementor-top-column elementor-element elementor-element-febd444\" data-id=\"febd444\" data-element_type=\"column\">\n\t\t\t<div class=\"elementor-widget-wrap elementor-element-populated\">\n\t\t\t\t\t\t<div class=\"elementor-element elementor-element-5d3afe3 elementor-widget elementor-widget-text-editor\" data-id=\"5d3afe3\" data-element_type=\"widget\" data-widget_type=\"text-editor.default\">\n\t\t\t\t<div class=\"elementor-widget-container\">\n\t\t\t\t\t\t\t<p>\u00a0<\/p><p>Gem\u00e4\u00df dem Dekret 508\/2009 geh\u00f6ren dazu auch Ger\u00e4te:<\/p><p><span style=\"font-weight: bolder; color: #333333; font-size: 17px;\">A. Technische Betriebsmittel der elektrischen Gruppe A nach Typ sind:<\/span><\/p><p>(a) technische Einrichtungen f\u00fcr die Erzeugung von Elektrizit\u00e4t mit einer Nennleistung von 3 MW oder mehr, einschlie\u00dflich des Schutzes gegen die Auswirkungen von atmosph\u00e4rischer Elektrizit\u00e4t,<\/p><p>(b) technische Einrichtungen zur Umwandlung elektrischer Energie mit einer Eingangsleistung von 250 kVA und mehr, einschlie\u00dflich des Schutzes gegen die Auswirkungen atmosph\u00e4rischer Elektrizit\u00e4t,<\/p><p>(c) ein elektrisches Netz mit einer Wechselspannung von mehr als 1 000 V oder einer Gleichspannung von mehr als 1 500 V, einschlie\u00dflich des Schutzes gegen die Auswirkungen der atmosph\u00e4rischen Elektrizit\u00e4t,<\/p><p>(d) Elektroinstallation in einer Umgebung mit Brandgefahr durch brennbare Materialien, Fl\u00fcssigkeiten, Gase oder Staub (\u00e4u\u00dferer Einfluss BE2), einschlie\u00dflich Schutz gegen die Auswirkungen atmosph\u00e4rischer und statischer Elektrizit\u00e4t,<\/p><p>(e) Elektroinstallation in einem explosionsgef\u00e4hrdeten Bereich (\u00e4u\u00dferer Einfluss BE3), einschlie\u00dflich Schutz gegen die Auswirkungen atmosph\u00e4rischer und statischer Elektrizit\u00e4t,<\/p><p>(f) elektrische Anlagen in Bereichen, die dem Freien ausgesetzt sind und in denen st\u00e4ndig \u00e4tzende oder umweltsch\u00e4dliche Stoffe vorhanden sind, einschlie\u00dflich des Schutzes gegen die Auswirkungen der atmosph\u00e4rischen Elektrizit\u00e4t,<\/p><p>(g) Elektroinstallation in einem Gebiet mit \u00e4u\u00dferer Einwirkung von Wasser aus einer anderen Quelle als Regen AD3 bis AD8 oder mit Kontakt zu leitf\u00e4higen Teilen mit Erdpotential mit \u00e4u\u00dferer Einwirkung BC3 und BC4, einschlie\u00dflich Schutz vor den Auswirkungen der atmosph\u00e4rischen Elektrizit\u00e4t,<\/p><p>(h) Elektroinstallation in einem Raum f\u00fcr medizinische Zwecke, einschlie\u00dflich des Schutzes gegen die Auswirkungen atmosph\u00e4rischer und statischer Elektrizit\u00e4t, au\u00dfer in einem allgemeinen Untersuchungsraum und einem Bereich mit P0-, P1- und P2-Anforderungen, die in besonderen Vorschriften f\u00fcr eine medizinische Einrichtung festgelegt sind,<\/p><p>(i) elektrische Anlagen in einem Geb\u00e4ude, das f\u00fcr die Versammlung von mehr als 250 Personen in einem Raum bestimmt ist, einschlie\u00dflich des Schutzes gegen die Auswirkungen der atmosph\u00e4rischen Elektrizit\u00e4t.<\/p><p><span style=\"font-weight: bolder; color: #333333; font-size: 17px;\">B. Technische Betriebsmittel der elektrischen Gruppe B sind:<\/span><\/p><p>Elektrische technische Betriebsmittel, die nicht in Gruppe A eingestuft sind und deren Stromst\u00e4rke oder Spannung unsicher ist.<\/p><p><span style=\"font-weight: bolder; color: #333333; font-size: 17px;\">C. Technische Betriebsmittel der elektrischen Gruppe C sind:<\/span><\/p><p>Elektrische technische Ausr\u00fcstungen, die nicht in Gruppe A und Gruppe B eingestuft sind<\/p>\t\t\t\t\t\t<\/div>\n\t\t\t\t<\/div>\n\t\t\t\t\t<\/div>\n\t\t<\/div>\n\t\t\t\t\t<\/div>\n\t\t<\/section>\n\t\t\t\t<section class=\"elementor-section elementor-top-section elementor-element elementor-element-9e08a76 elementor-section-boxed elementor-section-height-default elementor-section-height-default\" data-id=\"9e08a76\" data-element_type=\"section\">\n\t\t\t\t\t\t<div class=\"elementor-container elementor-column-gap-default\">\n\t\t\t\t\t<div class=\"elementor-column elementor-col-100 elementor-top-column elementor-element elementor-element-764be96\" data-id=\"764be96\" data-element_type=\"column\">\n\t\t\t<div class=\"elementor-widget-wrap\">\n\t\t\t\t\t\t\t<\/div>\n\t\t<\/div>\n\t\t\t\t\t<\/div>\n\t\t<\/section>\n\t\t\t\t<section class=\"elementor-section elementor-top-section elementor-element elementor-element-106072a elementor-section-boxed elementor-section-height-default elementor-section-height-default\" data-id=\"106072a\" data-element_type=\"section\">\n\t\t\t\t\t\t<div class=\"elementor-container elementor-column-gap-default\">\n\t\t\t\t\t<div class=\"elementor-column elementor-col-100 elementor-top-column elementor-element elementor-element-1682166\" data-id=\"1682166\" data-element_type=\"column\">\n\t\t\t<div class=\"elementor-widget-wrap elementor-element-populated\">\n\t\t\t\t\t\t<div class=\"elementor-element elementor-element-c080f4f elementor-widget elementor-widget-heading\" data-id=\"c080f4f\" data-element_type=\"widget\" data-widget_type=\"heading.default\">\n\t\t\t\t<div class=\"elementor-widget-container\">\n\t\t\t<h2 class=\"elementor-heading-title elementor-size-default\">Explosionsschutzdokumentation ( DOPV) - F\u00fcr Anlagen, in denen explosionsf\u00e4hige Atmosph\u00e4ren, Stoffe und Atmosph\u00e4ren vorhanden sind<\/h2>\t\t<\/div>\n\t\t\t\t<\/div>\n\t\t\t\t<div class=\"elementor-element elementor-element-8a553c9 elementor-widget elementor-widget-text-editor\" data-id=\"8a553c9\" data-element_type=\"widget\" data-widget_type=\"text-editor.default\">\n\t\t\t\t<div class=\"elementor-widget-container\">\n\t\t\t\t\t\t\t<p>Die DOPV ist ein obligatorisches Dokument, das von Arbeitgebern erstellt werden muss, deren Mitarbeiter Zugang zu gef\u00e4hrlichen R\u00e4umen und Bereichen haben, in denen Explosionen oder Br\u00e4nde auftreten k\u00f6nnen. Die Vorschriften und Verpflichtungen beruhen auf der Regierungsverordnung (NV) Nr. 393\/2006 Slg.<br><\/p>\t\t\t\t\t\t<\/div>\n\t\t\t\t<\/div>\n\t\t\t\t<div class=\"elementor-element elementor-element-98dad3c elementor-widget elementor-widget-text-editor\" data-id=\"98dad3c\" data-element_type=\"widget\" data-widget_type=\"text-editor.default\">\n\t\t\t\t<div class=\"elementor-widget-container\">\n\t\t\t\t\t\t\t<p>Wichtige Aspekte:<br><\/p>\t\t\t\t\t\t<\/div>\n\t\t\t\t<\/div>\n\t\t\t\t<div class=\"elementor-element elementor-element-c5347fd elementor-widget elementor-widget-vt-windfall_list\" data-id=\"c5347fd\" data-element_type=\"widget\" data-widget_type=\"vt-windfall_list.default\">\n\t\t\t\t<div class=\"elementor-widget-container\">\n\t\t\t<ul class=\"check-list\"><li>der Arbeitgeber und der Betreiber des Betriebes sind verpflichtet, ein DOPV zu erstellen<\/li><li>Die DOPV muss in schriftlicher Form gem\u00e4\u00df den geltenden Vorschriften und Normen erfolgen<\/li><li>das Vorhandensein eines DOPV, das der Kontrolle der zust\u00e4ndigen Aufsichtsbeh\u00f6rden unterliegt<\/li><\/ul>\t\t<\/div>\n\t\t\t\t<\/div>\n\t\t\t\t\t<\/div>\n\t\t<\/div>\n\t\t\t\t\t<\/div>\n\t\t<\/section>\n\t\t\t\t<section class=\"elementor-section elementor-top-section elementor-element elementor-element-ee0bbd8 elementor-section-boxed elementor-section-height-default elementor-section-height-default\" data-id=\"ee0bbd8\" data-element_type=\"section\">\n\t\t\t\t\t\t<div class=\"elementor-container elementor-column-gap-default\">\n\t\t\t\t\t<div class=\"elementor-column elementor-col-100 elementor-top-column elementor-element elementor-element-55e3e3ae\" data-id=\"55e3e3ae\" data-element_type=\"column\">\n\t\t\t<div class=\"elementor-widget-wrap elementor-element-populated\">\n\t\t\t\t\t\t<div class=\"elementor-element elementor-element-16ecb62e elementor-widget elementor-widget-text-editor\" data-id=\"16ecb62e\" data-element_type=\"widget\" data-widget_type=\"text-editor.default\">\n\t\t\t\t<div class=\"elementor-widget-container\">\n\t\t\t\t\t\t\t<h1 style=\"text-align: center;\">\u00a0<\/h1><p><b>Unser Unternehmen bietet:<\/b><\/p><ol><li>Bestimmung der explosionsgef\u00e4hrdeten Bereiche .<\/li><li>Risikobewertung und Quellen f\u00fcr die Ausl\u00f6sung.<\/li><li>\u00dcberpr\u00fcfung des Protokolls zur Bestimmung der \u00e4u\u00dferen Einfl\u00fcsse<\/li><li>Bearbeitung der Dokumentation nach den Normen der Erlasse\u00a0<\/li><\/ol>\t\t\t\t\t\t<\/div>\n\t\t\t\t<\/div>\n\t\t\t\t\t<\/div>\n\t\t<\/div>\n\t\t\t\t\t<\/div>\n\t\t<\/section>\n\t\t\t\t<section class=\"elementor-section elementor-top-section elementor-element elementor-element-a3c9298 elementor-section-boxed elementor-section-height-default elementor-section-height-default\" data-id=\"a3c9298\" data-element_type=\"section\">\n\t\t\t\t\t\t<div class=\"elementor-container elementor-column-gap-default\">\n\t\t\t\t\t<div class=\"elementor-column elementor-col-100 elementor-top-column elementor-element elementor-element-75dd7eb\" data-id=\"75dd7eb\" data-element_type=\"column\">\n\t\t\t<div class=\"elementor-widget-wrap\">\n\t\t\t\t\t\t\t<\/div>\n\t\t<\/div>\n\t\t\t\t\t<\/div>\n\t\t<\/section>\n\t\t\t\t<section class=\"elementor-section elementor-top-section elementor-element elementor-element-26326b7 elementor-section-boxed elementor-section-height-default elementor-section-height-default\" data-id=\"26326b7\" data-element_type=\"section\">\n\t\t\t\t\t\t<div class=\"elementor-container elementor-column-gap-default\">\n\t\t\t\t\t<div class=\"elementor-column elementor-col-100 elementor-top-column elementor-element elementor-element-806b72e\" data-id=\"806b72e\" data-element_type=\"column\">\n\t\t\t<div class=\"elementor-widget-wrap elementor-element-populated\">\n\t\t\t\t\t\t<div class=\"elementor-element elementor-element-b129cd5 elementor-widget__width-initial elementor-widget elementor-widget-text-editor\" data-id=\"b129cd5\" data-element_type=\"widget\" data-widget_type=\"text-editor.default\">\n\t\t\t\t<div class=\"elementor-widget-container\">\n\t\t\t\t\t\t\t<h5 style=\"line-height: 1.42857; color: #292929; text-align: center;\">Bei der Ausarbeitung und Erstellung der \u00f6rtlichen Betriebsvorschriften beraten wir uns st\u00e4ndig mit dem Betreiber der Anlage und dem Verteilernetzbetreiber.\u00a0<\/h5><h5 style=\"line-height: 1.42857; color: #292929; text-align: center;\">Bei Interesse k\u00f6nnen Sie uns jederzeit kontaktieren!\u00a0<\/h5>\t\t\t\t\t\t<\/div>\n\t\t\t\t<\/div>\n\t\t\t\t\t<\/div>\n\t\t<\/div>\n\t\t\t\t\t<\/div>\n\t\t<\/section>\n\t\t\t\t<\/div>","protected":false},"excerpt":{"rendered":"Na\u0161a Firma Vyprac\u00fava A Aktualizuje: Miestny Prev\u00e1dzkov\u00fd Poriadok A Predpis (MPP) Pre Zariadenia Vysok\u00e9ho Nap\u00e4tia, Ako Napr\u00edklad Trafostanice, Fotovoltaick\u00e9 Elektr\u00e1rne, Priestor S Nebezpe\u010denstvom V\u00fdbuchu A In\u00e9 Elektrick\u00e9 Zariadenia. Z\u00e1rove\u0148 aj vypracuv\u00e1vame Pos\u00fadenie rizika v\u00fdbuchu a p\u00edsomn\u00fd dokument o ochrane pred v\u00fdbuchom ( DOPV) pod\u013ea po\u017eiadaviek klienta a bezpe\u010dnosti. Medzi naj\u010dastej\u0161ie \u017eiadan\u00fd Miestny Prev\u00e1dzkov\u00fd Predpis\/ Poriadok&#8230;","protected":false},"author":9,"featured_media":0,"parent":0,"menu_order":12,"comment_status":"closed","ping_status":"closed","template":"","meta":{"footnotes":""},"class_list":["post-1734","page","type-page","status-publish","hentry"],"_links":{"self":[{"href":"https:\/\/reeltech.sk\/de\/wp-json\/wp\/v2\/pages\/1734","targetHints":{"allow":["GET"]}}],"collection":[{"href":"https:\/\/reeltech.sk\/de\/wp-json\/wp\/v2\/pages"}],"about":[{"href":"https:\/\/reeltech.sk\/de\/wp-json\/wp\/v2\/types\/page"}],"author":[{"embeddable":true,"href":"https:\/\/reeltech.sk\/de\/wp-json\/wp\/v2\/users\/9"}],"replies":[{"embeddable":true,"href":"https:\/\/reeltech.sk\/de\/wp-json\/wp\/v2\/comments?post=1734"}],"version-history":[{"count":0,"href":"https:\/\/reeltech.sk\/de\/wp-json\/wp\/v2\/pages\/1734\/revisions"}],"wp:attachment":[{"href":"https:\/\/reeltech.sk\/de\/wp-json\/wp\/v2\/media?parent=1734"}],"curies":[{"name":"wp","href":"https:\/\/api.w.org\/{rel}","templated":true}]}}