{"id":1733,"date":"2017-10-19T05:02:00","date_gmt":"2017-10-19T03:02:00","guid":{"rendered":"https:\/\/reeltech.sk\/optimalizacia-isticov-vramci-mrk\/"},"modified":"2026-04-29T12:39:29","modified_gmt":"2026-04-29T10:39:29","slug":"optimierung-von-leistungsschaltern-im-rahmen-der-sonnenfinsternis","status":"publish","type":"page","link":"https:\/\/reeltech.sk\/de\/optimierung-von-leistungsschaltern-im-rahmen-der-sonnenfinsternis\/","title":{"rendered":"Optimaliz\u00e1cia isti\u010dov v r\u00e1mci MRK"},"content":{"rendered":"<div data-elementor-type=\"wp-page\" data-elementor-id=\"1733\" class=\"elementor elementor-1733\">\n\t\t\t\t\t\t<section class=\"elementor-section elementor-top-section elementor-element elementor-element-e8c6ea5 elementor-section-boxed elementor-section-height-default elementor-section-height-default\" data-id=\"e8c6ea5\" data-element_type=\"section\">\n\t\t\t\t\t\t<div class=\"elementor-container elementor-column-gap-default\">\n\t\t\t\t\t<div class=\"elementor-column elementor-col-100 elementor-top-column elementor-element elementor-element-d4d40cf\" data-id=\"d4d40cf\" data-element_type=\"column\">\n\t\t\t<div class=\"elementor-widget-wrap elementor-element-populated\">\n\t\t\t\t\t\t<div class=\"elementor-element elementor-element-18ed0fd elementor-widget elementor-widget-vt-windfall_section_title\" data-id=\"18ed0fd\" data-element_type=\"widget\" data-widget_type=\"vt-windfall_section_title.default\">\n\t\t\t\t<div class=\"elementor-widget-container\">\n\t\t\t<div class=\"section-title-wrap  wndfal-sectTitleElementor\"><h2 class=\"section-title\">Die Optimierung von Leistungsschaltern kann auch als Austausch von Hauptleistungsschaltern f\u00fcr einen Haushalt oder eine Gemeindeverwaltung bezeichnet werden. Dieses Problem wurde nach der \u00c4nderung der Verordnung am deutlichsten, da die Energieversorgungsunternehmen hohe Betr\u00e4ge f\u00fcr den Verbrauch in Abh\u00e4ngigkeit von der Gr\u00f6\u00dfe des Leistungsschalters in Rechnung stellen. <\/h2><\/div>\t\t<\/div>\n\t\t\t\t<\/div>\n\t\t\t\t\t<\/div>\n\t\t<\/div>\n\t\t\t\t\t<\/div>\n\t\t<\/section>\n\t\t\t\t<section class=\"elementor-section elementor-top-section elementor-element elementor-element-57ce40e7 elementor-section-boxed elementor-section-height-default elementor-section-height-default\" data-id=\"57ce40e7\" data-element_type=\"section\">\n\t\t\t\t\t\t<div class=\"elementor-container elementor-column-gap-default\">\n\t\t\t\t\t<div class=\"elementor-column elementor-col-100 elementor-top-column elementor-element elementor-element-1e5e57f9\" data-id=\"1e5e57f9\" data-element_type=\"column\">\n\t\t\t<div class=\"elementor-widget-wrap elementor-element-populated\">\n\t\t\t\t\t\t<div class=\"elementor-element elementor-element-5b6063a5 elementor-widget elementor-widget-text-editor\" data-id=\"5b6063a5\" data-element_type=\"widget\" data-widget_type=\"text-editor.default\">\n\t\t\t\t<div class=\"elementor-widget-container\">\n\t\t\t\t\t\t\t<p>Die Gr\u00f6\u00dfe eines Leistungsschalters wird in der Energiewirtschaft h\u00e4ufig mit dem Begriff Maximum Reserved Capacity (MRC) bezeichnet. Jeder Haushalt und jedes Gewerbeobjekt zahlt an das Versorgungsunternehmen einen Preis f\u00fcr die Gr\u00f6\u00dfe des Leistungsschalters und die Anzahl der Phasen. In der Praxis bedeutet dies, dass ein Haushalt einen Preis zahlt, der so hoch ist wie die Gr\u00f6\u00dfe des in seinem Besitz befindlichen Schutzschalters.\u00a0<\/p><p>Die Gr\u00f6\u00dfe des Leistungsschalters muss \u00fcberdimensioniert und richtig bemessen sein, um unerw\u00fcnschte Ausf\u00e4lle zu vermeiden.<\/p><p>Aus unserer Erfahrung in Gemeinden und \u00e4lteren Geb\u00e4uden k\u00f6nnen wir sagen, dass dort in der Regel Schutzschalter mit unn\u00f6tig hohen Werten verwendet werden und die Gemeinden unn\u00f6tig viel f\u00fcr Strom bezahlen.<\/p>\t\t\t\t\t\t<\/div>\n\t\t\t\t<\/div>\n\t\t\t\t\t<\/div>\n\t\t<\/div>\n\t\t\t\t\t<\/div>\n\t\t<\/section>\n\t\t\t\t<section class=\"elementor-section elementor-top-section elementor-element elementor-element-a2268c8 elementor-section-boxed elementor-section-height-default elementor-section-height-default\" data-id=\"a2268c8\" data-element_type=\"section\">\n\t\t\t\t\t\t<div class=\"elementor-container elementor-column-gap-default\">\n\t\t\t\t\t<div class=\"elementor-column elementor-col-100 elementor-top-column elementor-element elementor-element-0c189d6\" data-id=\"0c189d6\" data-element_type=\"column\">\n\t\t\t<div class=\"elementor-widget-wrap elementor-element-populated\">\n\t\t\t\t\t\t<div class=\"elementor-element elementor-element-dc417cf elementor-widget elementor-widget-text-editor\" data-id=\"dc417cf\" data-element_type=\"widget\" data-widget_type=\"text-editor.default\">\n\t\t\t\t<div class=\"elementor-widget-container\">\n\t\t\t\t\t\t\t<p><span style=\"text-align: center;\">Unser Unternehmen bietet Beratung, Messung und Bestimmung des korrekten Wertes des erforderlichen Leistungsschalters oder MRK.<\/span><br><\/p>\t\t\t\t\t\t<\/div>\n\t\t\t\t<\/div>\n\t\t\t\t\t<\/div>\n\t\t<\/div>\n\t\t\t\t\t<\/div>\n\t\t<\/section>\n\t\t\t\t<\/div>","protected":false},"excerpt":{"rendered":"Optimaliz\u00e1cia Isti\u010dov Sa D\u00e1 Ozna\u010di\u0165 Aj Ako V\u00fdmena Hlavn\u00e9ho Isti\u010da Pre Dom\u00e1cnos\u0165 Alebo Samospr\u00e1vu. Tento Probl\u00e9m Sa Najviac Uk\u00e1zal Po Zmene Vyhl\u00e1\u0161ky, Ke\u010f\u017ee Energetiky Fakturuj\u00fa Vysok\u00e9 Sumy Za Odber Na Z\u00e1klade Ve\u013ekosti Isti\u010da. Ve\u013ekos\u0165 isti\u010da energetiky \u010dasto ozna\u010duj\u00fa aj pojmom Maxim\u00e1lna rezervovan\u00e1 kapacita (MRK). Ka\u017ed\u00e1 dom\u00e1cnos\u0165 a priemyseln\u00fd objekt plat\u00ed energetike cenu za ve\u013ekos\u0165 isti\u010da&#8230;","protected":false},"author":9,"featured_media":0,"parent":0,"menu_order":13,"comment_status":"closed","ping_status":"closed","template":"","meta":{"footnotes":""},"class_list":["post-1733","page","type-page","status-publish","hentry"],"_links":{"self":[{"href":"https:\/\/reeltech.sk\/de\/wp-json\/wp\/v2\/pages\/1733","targetHints":{"allow":["GET"]}}],"collection":[{"href":"https:\/\/reeltech.sk\/de\/wp-json\/wp\/v2\/pages"}],"about":[{"href":"https:\/\/reeltech.sk\/de\/wp-json\/wp\/v2\/types\/page"}],"author":[{"embeddable":true,"href":"https:\/\/reeltech.sk\/de\/wp-json\/wp\/v2\/users\/9"}],"replies":[{"embeddable":true,"href":"https:\/\/reeltech.sk\/de\/wp-json\/wp\/v2\/comments?post=1733"}],"version-history":[{"count":1,"href":"https:\/\/reeltech.sk\/de\/wp-json\/wp\/v2\/pages\/1733\/revisions"}],"predecessor-version":[{"id":3187,"href":"https:\/\/reeltech.sk\/de\/wp-json\/wp\/v2\/pages\/1733\/revisions\/3187"}],"wp:attachment":[{"href":"https:\/\/reeltech.sk\/de\/wp-json\/wp\/v2\/media?parent=1733"}],"curies":[{"name":"wp","href":"https:\/\/api.w.org\/{rel}","templated":true}]}}