{"id":1729,"date":"2017-10-15T16:45:51","date_gmt":"2017-10-15T14:45:51","guid":{"rendered":"https:\/\/reeltech.sk\/termovizne-meranie\/"},"modified":"2017-10-15T16:45:51","modified_gmt":"2017-10-15T14:45:51","slug":"warmebildmessung","status":"publish","type":"page","link":"https:\/\/reeltech.sk\/de\/warmebildmessung\/","title":{"rendered":"W\u00e4rmebildmessung"},"content":{"rendered":"<p><img decoding=\"async\" class=\"alignleft size-full wp-image-1727\" src=\"https:\/\/reeltech.sk\/wp-content\/uploads\/2017\/10\/images_thermal-imaging-camera-flir-ebx-use.jpg\" alt=\"W\u00e4rmebildmessung\" width=\"171\" height=\"171\" style=\"float: left; margin: 10px;\" srcset=\"https:\/\/reeltech.sk\/wp-content\/uploads\/2017\/10\/images_thermal-imaging-camera-flir-ebx-use.jpg 250w, https:\/\/reeltech.sk\/wp-content\/uploads\/2017\/10\/images_thermal-imaging-camera-flir-ebx-use-150x150.jpg 150w, https:\/\/reeltech.sk\/wp-content\/uploads\/2017\/10\/images_thermal-imaging-camera-flir-ebx-use-100x100.jpg 100w\" sizes=\"(max-width: 171px) 100vw, 171px\" \/><\/p>\n<h1 class=\"MsoNormal\" style=\"margin-bottom: .0001pt; line-height: normal; mso-layout-grid-align: none; text-autospace: none;\"><span style=\"font-size: 10.0pt; mso-bidi-font-family: TimesNewRomanPSMT; color: #404040; mso-themecolor: text1; mso-themetint: 191;\">Die W\u00e4rmebildtechnik f\u00fcr technische Anlagen ist eine zuverl\u00e4ssige Methode zur Erkennung von Fehlern in Anlagen. Die W\u00e4rmebildtechnik kann bei fast allen Arten von technischen Anlagen w\u00e4hrend des Betriebs eingesetzt werden, z. B. bei elektrischen Anlagen, Schaltanlagen, rotierenden und nicht rotierenden Maschinen, Induktionsanlagen, L\u00fcftungs-, Heiz- und K\u00fchlanlagen.<\/span><\/h1>\n<p>Mit Hilfe der W\u00e4rmebildtechnik und der W\u00e4rmebildkameras konnten wir eine Reihe von schwerwiegenden M\u00e4ngeln aufdecken, die den gesamten Betrieb von Industrieanlagen und den Betrieb des \u00f6ffentlichen Raums gef\u00e4hrdet h\u00e4tten. Die Kontrolle von unerw\u00fcnschter \u00dcberhitzung und unerw\u00fcnschten Leckagen ist f\u00fcr alle technischen Anlagen wichtig, nicht nur im Hinblick auf die Sicherheit, sondern auch auf den technischen Gesamtzustand der Anlagen und ihren Betrieb.<\/p>\n<h6>&nbsp;<\/h6>\n<p>&nbsp;<\/p>\n<h2><strong>Erbrachte Dienstleistungen<\/strong> :<\/h2>\n<ul>\n<li>W\u00e4rmebildaufnahmen von Verkabelungen und Schaltanlagen in industriellen und h\u00e4uslichen Umgebungen<\/li>\n<li>W\u00e4rmebildtechnik f\u00fcr Maschinen, Motoren und Ger\u00e4te<\/li>\n<li>W\u00e4rmebildaufnahmen von Geb\u00e4uden, Wohnungen, Mehrfamilienh\u00e4usern und Einfamilienh\u00e4usern<\/li>\n<li>Andere Dienstleistungen nach Bedarf<\/li>\n<\/ul>\n<h4><span style=\"font-size: 10.0pt; mso-bidi-font-family: TimesNewRomanPSMT; color: #404040; mso-themecolor: text1; mso-themetint: 191;\"> <\/span><strong>Warum ist die W\u00e4rmebildtechnik so wichtig?<\/strong><\/h4>\n<ul>\n<li class=\"MsoNormal\" style=\"margin-bottom: .0001pt; text-indent: 35.4pt; line-height: normal; mso-layout-grid-align: none; text-autospace: none;\"><span style=\"font-size: 10.0pt; mso-bidi-font-family: TimesNewRomanPSMT; color: #404040; mso-themecolor: text1; mso-themetint: 191;\">Deckt versteckte W\u00e4rmelecks und unerw\u00fcnschte \u00dcberhitzung auf<\/span><\/li>\n<li class=\"MsoNormal\" style=\"margin-bottom: .0001pt; text-indent: 35.4pt; line-height: normal; mso-layout-grid-align: none; text-autospace: none;\"><span style=\"font-size: 10.0pt; mso-bidi-font-family: TimesNewRomanPSMT; color: #404040; mso-themecolor: text1; mso-themetint: 191;\">Motoren und rotierende Maschinen k\u00f6nnen w\u00e4hrend des Betriebs \u00fcberpr\u00fcft werden<\/span><\/li>\n<li class=\"MsoNormal\" style=\"margin-bottom: .0001pt; text-indent: 35.4pt; line-height: normal; mso-layout-grid-align: none; text-autospace: none;\"><span style=\"font-size: 10.0pt; mso-bidi-font-family: TimesNewRomanPSMT; color: #404040; mso-themecolor: text1; mso-themetint: 191;\">Inspektion von technischen F\u00f6rderanlagen und deren Komponenten.<\/span><\/li>\n<li class=\"MsoNormal\" style=\"margin-bottom: .0001pt; text-indent: 35.4pt; line-height: normal; mso-layout-grid-align: none; text-autospace: none;\"><span style=\"font-size: 10.0pt; mso-bidi-font-family: TimesNewRomanPSMT; color: #404040; mso-themecolor: text1; mso-themetint: 191;\">Und mehr.<\/span><\/li>\n<\/ul>\n<p class=\"MsoNormal\" style=\"margin-bottom: .0001pt; line-height: normal; mso-layout-grid-align: none; text-autospace: none;\"><span style=\"font-size: 10.0pt; mso-bidi-font-family: TimesNewRomanPSMT; color: #404040; mso-themecolor: text1; mso-themetint: 191;\"> <\/span> Mit der W\u00e4rmebildtechnik f\u00fcr Schaltanlagen und Verkabelungen k\u00f6nnen schwerwiegende Fehler, die mit blo\u00dfem Auge nicht zu erkennen sind, rechtzeitig erkannt und schwere Ausf\u00e4lle und Br\u00e4nde verhindert werden.<\/p>\n<p class=\"MsoNormal\" style=\"margin-bottom: .0001pt; line-height: normal; mso-layout-grid-align: none; text-autospace: none;\">&nbsp;<\/p>\n<p class=\"MsoNormal\" style=\"margin-bottom: .0001pt; line-height: normal; mso-layout-grid-align: none; text-autospace: none;\">&nbsp;<\/p>\n<p class=\"MsoNormal\" style=\"margin-bottom: .0001pt; line-height: normal; mso-layout-grid-align: none; text-autospace: none;\">&nbsp;<\/p>\n<p class=\"MsoNormal\" style=\"text-align: center;\" align=\"center\"><img decoding=\"async\" class=\"alignleft size-full wp-image-1728\" src=\"https:\/\/reeltech.sk\/wp-content\/uploads\/2017\/10\/images_thermo.jpg\" alt=\"Thermovision von Strom und Geb\u00e4uden\" width=\"175\" height=\"137\" align=\"left\" hspace=\"12\" \/><\/p>\n<h1 class=\"MsoNormal\">W\u00e4rmebildmessung in der Praxis<\/h1>\n<p class=\"MsoNormal\">Der Einsatz von W\u00e4rmebildkameras ist in der Slowakei relativ selten. Es wird viel \u00fcber sie gesprochen, aber nur wenige Unternehmen und Menschen nutzen ihr Potenzial. Die verf\u00fcgbaren W\u00e4rmebildkameras (Thermovision) werden in vielen Bereichen eingesetzt, vom Bau \u00fcber die Industrie bis hin zu Installationen. Wir setzen W\u00e4rmebildkameras in der Verkabelung, in Schaltanlagen, im Bauwesen und bei Inspektionen und Revisionen elektrischer Anlagen ein, wo sie Fehler aufsp\u00fcren k\u00f6nnen, die mit dem blo\u00dfen Auge nicht zu erkennen sind und sonst unentdeckt bleiben w\u00fcrden. Die W\u00e4rmebildtechnik verhindert somit wirksam einen gr\u00f6\u00dferen Fehler. <a href=\"\/de\/termovizne-meranie-v-praxi\/\">Mehr \u00fcber W\u00e4rmebildtechnik in der Praxis &gt;&gt;&gt;&gt;<\/a><\/p>\n<p class=\"MsoNormal\">&nbsp;<\/p>\n<p>&nbsp;<\/p>\n<p>&nbsp;<\/p>\n<h6 class=\"MsoNormal\" style=\"margin-bottom: .0001pt; line-height: normal; mso-layout-grid-align: none; text-autospace: none;\">Unsere Kunden suchen am h\u00e4ufigsten nach : <span style=\"line-height: normal;\">W\u00e4rmebildaufnahmen von Schaltanlagen , <\/span>thermovision electro , thermovision Bansk\u00e1 Bystrica , thermovision Zvolen , thermovision Detva , thermovision , thermovision camera , thermovision house , thermovision electro , thermovision Zvolen , thermovision Detva , thermovision Bansk\u00e1 Bystrica , thermovision Bratislava , thermovision Slovak Republic<\/h6>\n<p><a href=\"https:\/\/plus.google.com\/+ReeltechSk\" rel=\"publisher noopener\" target=\"_blank\">ReelTech auf Google+<\/a><\/p>","protected":false},"excerpt":{"rendered":"Termov\u00edzne meranie technick\u00fdch zariaden\u00ed je spo\u013eahliv\u00fd sp\u00f4sob na zistenie por\u00fach na zariadeniach. Termov\u00edziu je mo\u017en\u00e9 pou\u017ei\u0165 takmer na v\u0161etky druhy technick\u00fdch zariaden\u00ed po\u010das ich prev\u00e1dzky, ako napr\u00edklad elektroin\u0161tal\u00e1cie, rozv\u00e1dza\u010de, to\u010div\u00e9 a neto\u010div\u00e9 stroje, induk\u010dn\u00e9 zariadenia, vzduchotechniku, ohrievaciu a chladiacu techniku. Pomocou termov\u00edznej kamery a termov\u00edzneho sn\u00edmkovania sa n\u00e1m podarilo odhali\u0165 viacero v\u00e1\u017enych nedostatkov, ktor\u00e9 by&#8230;","protected":false},"author":1,"featured_media":1727,"parent":0,"menu_order":6,"comment_status":"closed","ping_status":"closed","template":"","meta":{"footnotes":""},"class_list":["post-1729","page","type-page","status-publish","has-post-thumbnail","hentry"],"_links":{"self":[{"href":"https:\/\/reeltech.sk\/de\/wp-json\/wp\/v2\/pages\/1729","targetHints":{"allow":["GET"]}}],"collection":[{"href":"https:\/\/reeltech.sk\/de\/wp-json\/wp\/v2\/pages"}],"about":[{"href":"https:\/\/reeltech.sk\/de\/wp-json\/wp\/v2\/types\/page"}],"author":[{"embeddable":true,"href":"https:\/\/reeltech.sk\/de\/wp-json\/wp\/v2\/users\/1"}],"replies":[{"embeddable":true,"href":"https:\/\/reeltech.sk\/de\/wp-json\/wp\/v2\/comments?post=1729"}],"version-history":[{"count":0,"href":"https:\/\/reeltech.sk\/de\/wp-json\/wp\/v2\/pages\/1729\/revisions"}],"wp:featuredmedia":[{"embeddable":true,"href":"https:\/\/reeltech.sk\/de\/wp-json\/wp\/v2\/media\/1727"}],"wp:attachment":[{"href":"https:\/\/reeltech.sk\/de\/wp-json\/wp\/v2\/media?parent=1729"}],"curies":[{"name":"wp","href":"https:\/\/api.w.org\/{rel}","templated":true}]}}