{"id":1726,"date":"2017-10-15T16:45:28","date_gmt":"2017-10-15T14:45:28","guid":{"rendered":"https:\/\/reeltech.sk\/elektroinstalacne-prace\/"},"modified":"2017-10-15T16:45:28","modified_gmt":"2017-10-15T14:45:28","slug":"elektroinstallationsarbeiten","status":"publish","type":"page","link":"https:\/\/reeltech.sk\/de\/elektroinstallationsarbeiten\/","title":{"rendered":"Elektrische Installationsarbeiten"},"content":{"rendered":"<p><img decoding=\"async\" class=\"alignleft size-full wp-image-1722\" src=\"https:\/\/reeltech.sk\/wp-content\/uploads\/2017\/10\/images_elektroinstalace.jpg\" alt=\"Verkabelung\" width=\"205\" height=\"133\" style=\"margin: 10px; float: left;\" title=\"\" srcset=\"https:\/\/reeltech.sk\/wp-content\/uploads\/2017\/10\/images_elektroinstalace.jpg 339w, https:\/\/reeltech.sk\/wp-content\/uploads\/2017\/10\/images_elektroinstalace-300x195.jpg 300w\" sizes=\"(max-width: 205px) 100vw, 205px\" \/><\/p>\n<h1>Die meisten von uns k\u00f6nnen sich ein Leben ohne Strom nicht mehr vorstellen.<\/h1>\n<p>Wenn also ein Unfall passiert, m\u00fcssen Sie sofort einen f\u00e4higen Elektriker finden, der Ihnen hilft, das Problem zu beheben. Wenden Sie sich an unser Unternehmen! Wir bieten professionelle Dienstleistungen zu niedrigen Preisen. Wir sind ein Team von erfahrenen Fachleuten und wollen uns auf unserem Gebiet auszeichnen. Wir wissen aber auch, dass es immer Raum f\u00fcr Verbesserungen gibt - deshalb bem\u00fchen wir uns, der Konkurrenz immer einen Schritt voraus zu sein. Wir haben keine Angst vor Innovationen und lernen in unserem Bereich st\u00e4ndig dazu. Wir sch\u00e4tzen unsere Kunden sehr, und die gr\u00f6\u00dfte Belohnung f\u00fcr uns ist, wenn sie immer wieder gerne zu uns zur\u00fcckkommen. Nutzen Sie unsere Dienstleistungen und \u00fcberzeugen Sie sich von unserer Qualit\u00e4t!&nbsp;<\/p>\n<p>Wir bieten verschiedene Arten von Elektroinstallationen an, wie z. B. den Anschluss von Ger\u00e4ten, Herden, Dunstabzugshauben, \u00c4nderungen an der Verkabelung von Wohngeb\u00e4uden und auch Neuinstallationen in Wohnungen oder Industriegeb\u00e4uden, Lager- und Produktionshallen. Wir f\u00fchren auch Inspektionen und andere Arbeiten in unserem Bereich durch. Wir bieten eine breite Palette von Elektroarbeiten unter Verwendung von Komponenten und Materialien h\u00f6chster Qualit\u00e4t von f\u00fchrenden Herstellern. Das Hauptziel des Unternehmens ist die verantwortungsvolle, professionelle und zuverl\u00e4ssige Ausf\u00fchrung aller Dienstleistungen.<\/p>\n<h2>Wir f\u00fchren Elektroinstallationsarbeiten in allen Bereichen durch, unter anderem:<\/h2>\n<p>- Herstellung von Schalttafeln<\/p>\n<p>- Verdrahtung<\/p>\n<p>- Hausinstallationen<\/p>\n<p><span style=\"line-height: 15.8079996109009px;\"> - intelligente Anlagen<\/span><\/p>\n<p>- Blitzstromableiter LPS<\/p>\n<p>- Datennetze (Netzwerk)<\/p>\n<p>- Beleuchtungsst\u00e4rke<\/p>\n<p>- Beschallungsanlage<\/p>\n<p>- Installation von Ger\u00e4ten<\/p>\n<p><span style=\"line-height: 15.8079996109009px;\"> - Installation von Leuchten<\/span><\/p>\n<p>Unsere Priorit\u00e4t ist es, eine qualitativ hochwertige und sichere Installation f\u00fcr alle unsere Kunden durchzuf\u00fchren. Dank unseres professionell ausgebildeten Personals sind wir in der Lage, Installationen in allen Bereichen durchzuf\u00fchren. <span style=\"text-align: center; line-height: 1.3em;\"> <br \/><\/span><\/p>\n<p>&nbsp;<\/p>\n<p class=\"MsoNormal\" style=\"text-align: center;\" align=\"center\"><img decoding=\"async\" class=\"alignleft size-full wp-image-1723\" src=\"https:\/\/reeltech.sk\/wp-content\/uploads\/2017\/10\/images_standby.jpg\" alt=\"\" width=\"175\" height=\"137\" align=\"left\" hspace=\"12\" title=\"\" srcset=\"https:\/\/reeltech.sk\/wp-content\/uploads\/2017\/10\/images_standby.jpg 312w, https:\/\/reeltech.sk\/wp-content\/uploads\/2017\/10\/images_standby-300x235.jpg 300w\" sizes=\"(max-width: 175px) 100vw, 175px\" \/><\/p>\n<h1 class=\"MsoNormal\">Gr\u00fcn \/ Sicherheitsschaltung<\/h1>\n<p class=\"MsoNormal\">Ger\u00e4te, die in Ihrer Wohnung an das Stromnetz angeschlossen sind, ziehen Ihnen eine Menge Geld aus der Tasche, ohne dass Sie es \u00fcberhaupt merken. <span lang=\"SK\">Verschiedenen Umfragen zufolge \u00fcbersteigt dieser Betrag oft 100 \u20ac. Warum? Die meisten modernen Ger\u00e4te arbeiten zwar nicht die ganze Zeit, bleiben aber im so genannten Stand-by-Modus und schalten sich erst nach unserer Aktivierung ein. Den wenigsten Menschen ist jedoch bewusst, dass dieser Modus weiterhin Strom aus dem Netz und damit Geld aus unserer Tasche entnimmt. Die nachstehende Tabelle gibt einen \u00dcberblick \u00fcber die einzelnen Ger\u00e4te und ihren Verbrauch. <a href=\"index.php\/sk\/zeleny-okruh-setrenie-elektrickej-energie.html\">Mehr \u00fcber den Gr\u00fcn-\/Sicherheitskreis &gt;&gt;&gt;<\/a><\/span><\/p>\n<p class=\"MsoNormal\">&nbsp;<\/p>\n<p class=\"MsoNormal\">&nbsp;<\/p>\n<p class=\"MsoNormal\" style=\"text-align: center;\" align=\"center\"><img decoding=\"async\" class=\"alignleft size-full wp-image-1724\" src=\"https:\/\/reeltech.sk\/wp-content\/uploads\/2017\/10\/images_elektricka-pripojka.jpg\" alt=\"Elektrischer Anschluss\" width=\"175\" height=\"137\" align=\"left\" hspace=\"12\" title=\"\"><\/p>\n<h1 class=\"MsoNormal\">Elektrischer Anschluss<\/h1>\n<p class=\"MsoNormal\">Wie stellt man einen elektrischen Anschluss her? Bei jedem Neubau oder jeder gr\u00f6\u00dferen Renovierung kommt man nicht um das Problem des elektrischen Anschlusses herum. <span style=\"color: #444455; font-family: Arial, Helvetica, sans-serif; line-height: 18px; text-align: justify;\">Nach den neuen Normen (STN 33 3320:2002) muss der Stromanschluss \u00f6ffentlich zug\u00e4nglich sein und sich an der Grundst\u00fccksgrenze befinden, damit Energiearbeiter den Z\u00e4hler jederzeit ablesen k\u00f6nnen.<\/span><span style=\"line-height: 1.3em;\">.<\/span><a href=\"index.php\/sk\/elektricka-pripojka.html\">Mehr \u00fcber den elektrischen Anschluss &gt;&gt;&gt;&gt;<\/a><\/p>\n<p class=\"MsoNormal\">&nbsp;<\/p>\n<p class=\"MsoNormal\">&nbsp;<\/p>\n<p class=\"MsoNormal\" style=\"text-align: center;\" align=\"center\"><img loading=\"lazy\" decoding=\"async\" class=\"alignleft size-full wp-image-1725\" src=\"https:\/\/reeltech.sk\/wp-content\/uploads\/2017\/10\/images_fve-meteol-zima-scaled.jpg\" alt=\"Service Fotovoltaik-Kraftwerke\" width=\"175\" height=\"137\" align=\"left\" hspace=\"12\" title=\"\"><\/p>\n<h2 style=\"margin: 9px 0px; line-height: 24px; color: #222233; text-rendering: optimizelegibility; font-size: 18px;\">Wartung von Photovoltaik-Kraftwerken<\/h2>\n<h1 class=\"MsoNormal\">&nbsp;<\/h1>\n<p class=\"MsoNormal\"><span style=\"line-height: 1.3em;\"><span style=\"color: #444455; font-family: Arial, Helvetica, sans-serif; line-height: 18px; text-align: justify;\">Die Arbeit an Photovoltaikanlagen, ob kleine Aufdachanlagen oder gro\u00dfe Flachkraftwerke, besteht nicht nur aus routinem\u00e4\u00dfigen Elektroarbeiten, sondern oft auch aus vorbeugenden Inspektionen und spezifischen Aufgaben an ganzen Anlagen unter Einsatz spezieller Messger\u00e4te, die besch\u00e4digte Paneele identifizieren k\u00f6nnen<\/span>.<\/span><a href=\"\/de\/odborne-clanky\/wartung-von-fotovoltaik-kraftwerken-2\/\">Mehr \u00fcber den Service f\u00fcr Fotovoltaikanlagen &gt;&gt;&gt;&gt;<\/a><\/p>\n<p class=\"MsoNormal\">&nbsp;<\/p>","protected":false},"excerpt":{"rendered":"V\u00e4\u010d\u0161ina z n\u00e1s si u\u017e v\u00f4bec nedok\u00e1\u017ee predstavi\u0165 svoj \u017eivot bez elektriny. Preto, ke\u010f sa stane nejak\u00e1 nehoda, okam\u017eite mus\u00edte n\u00e1js\u0165 schopn\u00e9ho elektrik\u00e1ra, ktor\u00fd V\u00e1m pom\u00f4\u017ee probl\u00e9m vyrie\u0161i\u0165. Obr\u00e1\u0165te sa na na\u0161u firmu! Pon\u00fakame profesion\u00e1lne slu\u017eby za n\u00edzke ceny. Sme t\u00edm sk\u00fasen\u00fdch odborn\u00edkov a vo svojom odbore chceme jednozna\u010dne vynika\u0165. Vieme v\u0161ak aj to, \u017ee&#8230;","protected":false},"author":1,"featured_media":1722,"parent":0,"menu_order":7,"comment_status":"closed","ping_status":"closed","template":"","meta":{"footnotes":""},"class_list":["post-1726","page","type-page","status-publish","has-post-thumbnail","hentry"],"_links":{"self":[{"href":"https:\/\/reeltech.sk\/de\/wp-json\/wp\/v2\/pages\/1726","targetHints":{"allow":["GET"]}}],"collection":[{"href":"https:\/\/reeltech.sk\/de\/wp-json\/wp\/v2\/pages"}],"about":[{"href":"https:\/\/reeltech.sk\/de\/wp-json\/wp\/v2\/types\/page"}],"author":[{"embeddable":true,"href":"https:\/\/reeltech.sk\/de\/wp-json\/wp\/v2\/users\/1"}],"replies":[{"embeddable":true,"href":"https:\/\/reeltech.sk\/de\/wp-json\/wp\/v2\/comments?post=1726"}],"version-history":[{"count":0,"href":"https:\/\/reeltech.sk\/de\/wp-json\/wp\/v2\/pages\/1726\/revisions"}],"wp:featuredmedia":[{"embeddable":true,"href":"https:\/\/reeltech.sk\/de\/wp-json\/wp\/v2\/media\/1722"}],"wp:attachment":[{"href":"https:\/\/reeltech.sk\/de\/wp-json\/wp\/v2\/media?parent=1726"}],"curies":[{"name":"wp","href":"https:\/\/api.w.org\/{rel}","templated":true}]}}