{"id":1669,"date":"2017-10-15T16:35:53","date_gmt":"2017-10-15T14:35:53","guid":{"rendered":"https:\/\/reeltech.sk\/revizia-a-revizna-sprava-do-24-hodin\/"},"modified":"2023-10-16T22:35:08","modified_gmt":"2023-10-16T20:35:08","slug":"revision-und-revisionsreparatur-innerhalb-von-24-stunden","status":"publish","type":"page","link":"https:\/\/reeltech.sk\/de\/revision-und-revisionsreparatur-innerhalb-von-24-stunden\/","title":{"rendered":"Revision und Revisionsbericht innerhalb von 24 Stunden"},"content":{"rendered":"<div data-elementor-type=\"wp-page\" data-elementor-id=\"1669\" class=\"elementor elementor-1669\">\n\t\t\t\t\t\t<section class=\"elementor-section elementor-top-section elementor-element elementor-element-13284a0 elementor-section-boxed elementor-section-height-default elementor-section-height-default\" data-id=\"13284a0\" data-element_type=\"section\">\n\t\t\t\t\t\t<div class=\"elementor-container elementor-column-gap-default\">\n\t\t\t\t\t<div class=\"elementor-column elementor-col-100 elementor-top-column elementor-element elementor-element-bf6cc17\" data-id=\"bf6cc17\" data-element_type=\"column\">\n\t\t\t<div class=\"elementor-widget-wrap elementor-element-populated\">\n\t\t\t\t\t\t<div class=\"elementor-element elementor-element-89b43c1 elementor-widget elementor-widget-vt-windfall_section_title\" data-id=\"89b43c1\" data-element_type=\"widget\" data-widget_type=\"vt-windfall_section_title.default\">\n\t\t\t\t<div class=\"elementor-widget-container\">\n\t\t\t<div class=\"section-title-wrap  wndfal-sectTitleElementor\"><h2 class=\"section-title\">Wir bem\u00fchen uns, unseren Kunden den bestm\u00f6glichen Service zu bieten<\/h2><p>Deshalb bieten wir auch Dienstleistungen f\u00fcr die Durchf\u00fchrung von professionellen Inspektionen und professionellen Pr\u00fcfungen \/ Inspektionen von elektrischen Anlagen und Blitzableitern in k\u00fcrzester Zeit. Unser Service Inspektion innerhalb von 24 Stunden umfasst einen hervorragenden Service und die Lieferung des Inspektionsberichts innerhalb von 24 Stunden, und wir sind in der Lage, diesen Service auf dem gesamten Gebiet der Slowakei anzubieten.<\/p><\/div>\t\t<\/div>\n\t\t\t\t<\/div>\n\t\t\t\t\t<\/div>\n\t\t<\/div>\n\t\t\t\t\t<\/div>\n\t\t<\/section>\n\t\t\t\t<section class=\"elementor-section elementor-top-section elementor-element elementor-element-e319f2d elementor-section-boxed elementor-section-height-default elementor-section-height-default\" data-id=\"e319f2d\" data-element_type=\"section\">\n\t\t\t\t\t\t<div class=\"elementor-container elementor-column-gap-default\">\n\t\t\t\t\t<div class=\"elementor-column elementor-col-100 elementor-top-column elementor-element elementor-element-e7e3671\" data-id=\"e7e3671\" data-element_type=\"column\">\n\t\t\t<div class=\"elementor-widget-wrap elementor-element-populated\">\n\t\t\t\t\t\t<div class=\"elementor-element elementor-element-c099a77 elementor-widget elementor-widget-text-editor\" data-id=\"c099a77\" data-element_type=\"widget\" data-widget_type=\"text-editor.default\">\n\t\t\t\t<div class=\"elementor-widget-container\">\n\t\t\t\t\t\t\t<p><strong>Der Dienst wird standardm\u00e4\u00dfig in den folgenden Situationen verwendet:<\/strong><\/p>\t\t\t\t\t\t<\/div>\n\t\t\t\t<\/div>\n\t\t\t\t<div class=\"elementor-element elementor-element-7ce81ad elementor-widget elementor-widget-vt-windfall_list\" data-id=\"7ce81ad\" data-element_type=\"widget\" data-widget_type=\"vt-windfall_list.default\">\n\t\t\t\t<div class=\"elementor-widget-container\">\n\t\t\t<ul class=\"bullet-list\"><li>Blitzableiterrevisionen Bansk\u00e1 Bystrica<\/li><li>Revision von Blitzableitern Detva<\/li><li>Revision von Blitzableitern Zvolen<\/li><li>Revision von elektrischen Ausr\u00fcstungen Bansk\u00e1 Bystrica<\/li><li>Revision der elektrischen Ausr\u00fcstung Detva<\/li><li>Revision der elektrischen Ausr\u00fcstung Zvolen<\/li><li>electrorevision Slowakische Republik<\/li><li>Revision von Elektroger\u00e4ten<\/li><li>Revision von Elektrowerkzeugen<\/li><li>Revisionen von Arbeitsmaschinen<\/li><\/ul>\t\t<\/div>\n\t\t\t\t<\/div>\n\t\t\t\t<div class=\"elementor-element elementor-element-e430875 elementor-widget elementor-widget-text-editor\" data-id=\"e430875\" data-element_type=\"widget\" data-widget_type=\"text-editor.default\">\n\t\t\t\t<div class=\"elementor-widget-container\">\n\t\t\t\t\t\t\t<p>In weiter entfernten St\u00e4dten wie Bratislava oder Ko\u0161ice sind wir in der Lage, die Inspektion und Messung nach Absprache mit dem Betreiber und nach Vorlage der erforderlichen Unterlagen in kurzer Zeit durchzuf\u00fchren. Den fertigen Inspektionsbericht k\u00f6nnen wir bereits am n\u00e4chsten Tag zustellen.<\/p>\t\t\t\t\t\t<\/div>\n\t\t\t\t<\/div>\n\t\t\t\t<div class=\"elementor-element elementor-element-18efcb0 elementor-widget elementor-widget-spacer\" data-id=\"18efcb0\" data-element_type=\"widget\" data-widget_type=\"spacer.default\">\n\t\t\t\t<div class=\"elementor-widget-container\">\n\t\t\t\t\t<div class=\"elementor-spacer\">\n\t\t\t<div class=\"elementor-spacer-inner\"><\/div>\n\t\t<\/div>\n\t\t\t\t<\/div>\n\t\t\t\t<\/div>\n\t\t\t\t\t<\/div>\n\t\t<\/div>\n\t\t\t\t\t<\/div>\n\t\t<\/section>\n\t\t\t\t<section class=\"elementor-section elementor-top-section elementor-element elementor-element-0d4353c elementor-section-boxed elementor-section-height-default elementor-section-height-default\" data-id=\"0d4353c\" data-element_type=\"section\">\n\t\t\t\t\t\t<div class=\"elementor-container elementor-column-gap-default\">\n\t\t\t\t\t<div class=\"elementor-column elementor-col-100 elementor-top-column elementor-element elementor-element-ff3767b\" data-id=\"ff3767b\" data-element_type=\"column\">\n\t\t\t<div class=\"elementor-widget-wrap elementor-element-populated\">\n\t\t\t\t\t\t<div class=\"elementor-element elementor-element-7cd4b24 elementor-widget elementor-widget-heading\" data-id=\"7cd4b24\" data-element_type=\"widget\" data-widget_type=\"heading.default\">\n\t\t\t\t<div class=\"elementor-widget-container\">\n\t\t\t<h2 class=\"elementor-heading-title elementor-size-default\">Was wird f\u00fcr diesen Dienst ben\u00f6tigt?<\/h2>\t\t<\/div>\n\t\t\t\t<\/div>\n\t\t\t\t<div class=\"elementor-element elementor-element-affe320 elementor-widget elementor-widget-text-editor\" data-id=\"affe320\" data-element_type=\"widget\" data-widget_type=\"text-editor.default\">\n\t\t\t\t<div class=\"elementor-widget-container\">\n\t\t\t\t\t\t\t<p>F\u00fcr die professionelle Inspektion und die professionelle Pr\u00fcfung der Elektroinstallation ist es notwendig, :<\/p><ol><li>Zugang zum Gel\u00e4nde \/ zu den R\u00e4umlichkeiten auch au\u00dferhalb der Arbeitszeiten<\/li><li>Elektronische und gedruckte Dokumentation<\/li><li>Protokoll zur Ermittlung der externen Effekte<\/li><li>Der Techniker, der an der Anlage arbeitet, ist mit allen Komponenten der zu pr\u00fcfenden Anlage vertraut und wird unseren Pr\u00fcftechniker w\u00e4hrend der gesamten Messung begleiten.<\/li><\/ol><p>Wenn Sie Fragen haben, z\u00f6gern Sie bitte nicht, uns zu kontaktieren!\u00a0<\/p>\t\t\t\t\t\t<\/div>\n\t\t\t\t<\/div>\n\t\t\t\t\t<\/div>\n\t\t<\/div>\n\t\t\t\t\t<\/div>\n\t\t<\/section>\n\t\t\t\t<\/div>","protected":false},"excerpt":{"rendered":"Na\u0161im Klientom Sa Sna\u017e\u00edme Poskytnu\u0165 \u010co Najlep\u0161ie Slu\u017eby Preto pon\u00fakame aj slu\u017eby vykonania Odbornej prehliadky a Odbornej sk\u00fa\u0161ky \/ rev\u00edziu elektrick\u00fdch zariaden\u00ed a bleskozvodov v \u010do najr\u00fdchlej\u0161om \u010dase. Na\u0161a slu\u017eba Rev\u00edzia do 24 hod\u00edn obsahuje nad\u0161tandardn\u00e9 slu\u017eby a dodanie rev\u00edznej spr\u00e1vy do 24 hod\u00edn, pri\u010dom slu\u017ebu sme schopn\u00ed zrealizova\u0165 na celom \u00fazem\u00ed Slovenska. Slu\u017eba sa&#8230;","protected":false},"author":1,"featured_media":0,"parent":0,"menu_order":21,"comment_status":"closed","ping_status":"closed","template":"","meta":{"footnotes":""},"class_list":["post-1669","page","type-page","status-publish","hentry"],"_links":{"self":[{"href":"https:\/\/reeltech.sk\/de\/wp-json\/wp\/v2\/pages\/1669","targetHints":{"allow":["GET"]}}],"collection":[{"href":"https:\/\/reeltech.sk\/de\/wp-json\/wp\/v2\/pages"}],"about":[{"href":"https:\/\/reeltech.sk\/de\/wp-json\/wp\/v2\/types\/page"}],"author":[{"embeddable":true,"href":"https:\/\/reeltech.sk\/de\/wp-json\/wp\/v2\/users\/1"}],"replies":[{"embeddable":true,"href":"https:\/\/reeltech.sk\/de\/wp-json\/wp\/v2\/comments?post=1669"}],"version-history":[{"count":0,"href":"https:\/\/reeltech.sk\/de\/wp-json\/wp\/v2\/pages\/1669\/revisions"}],"wp:attachment":[{"href":"https:\/\/reeltech.sk\/de\/wp-json\/wp\/v2\/media?parent=1669"}],"curies":[{"name":"wp","href":"https:\/\/api.w.org\/{rel}","templated":true}]}}