{"id":1652,"date":"2017-10-15T16:31:03","date_gmt":"2017-10-15T14:31:03","guid":{"rendered":"https:\/\/reeltech.sk\/meranie-poruchy-elektroinstalacie\/"},"modified":"2023-10-16T11:14:13","modified_gmt":"2023-10-16T09:14:13","slug":"messung-von-verdrahtungsfehlern-2","status":"publish","type":"page","link":"https:\/\/reeltech.sk\/de\/messung-von-verdrahtungsfehlern-2\/","title":{"rendered":"Messung von Verdrahtungsfehlern"},"content":{"rendered":"<div data-elementor-type=\"wp-page\" data-elementor-id=\"1652\" class=\"elementor elementor-1652\">\n\t\t\t\t\t\t<section class=\"elementor-section elementor-top-section elementor-element elementor-element-bc2b908 elementor-section-boxed elementor-section-height-default elementor-section-height-default\" data-id=\"bc2b908\" data-element_type=\"section\">\n\t\t\t\t\t\t<div class=\"elementor-container elementor-column-gap-default\">\n\t\t\t\t\t<div class=\"elementor-column elementor-col-100 elementor-top-column elementor-element elementor-element-07a6cc2\" data-id=\"07a6cc2\" data-element_type=\"column\">\n\t\t\t<div class=\"elementor-widget-wrap elementor-element-populated\">\n\t\t\t\t\t\t<div class=\"elementor-element elementor-element-19e79e6 elementor-widget elementor-widget-vt-windfall_section_title\" data-id=\"19e79e6\" data-element_type=\"widget\" data-widget_type=\"vt-windfall_section_title.default\">\n\t\t\t\t<div class=\"elementor-widget-container\">\n\t\t\t<div class=\"section-title-wrap  wndfal-sectTitleElementor\"><h2 class=\"section-title\">Wir f\u00fchren Fehlermessungen an elektrischen Anlagen durch.<\/h2><p>Wenn Sie ein Problem mit der Elektroinstallation haben, k\u00f6nnen wir Ihnen helfen!\n\n<\/p><\/div>\t\t<\/div>\n\t\t\t\t<\/div>\n\t\t\t\t<div class=\"elementor-element elementor-element-cd330a8 elementor-widget__width-initial elementor-widget elementor-widget-text-editor\" data-id=\"cd330a8\" data-element_type=\"widget\" data-widget_type=\"text-editor.default\">\n\t\t\t\t<div class=\"elementor-widget-container\">\n\t\t\t\t\t\t\t<p>Zu den h\u00e4ufigsten Defekten, die f\u00fcr den Laien sichtbar sind, geh\u00f6ren das Flackern des Lichts oder seine verminderte Intensit\u00e4t, wenn ein anderes Ger\u00e4t eingeschaltet wird, was auf einen schwerwiegenden Defekt des<\/p>\t\t\t\t\t\t<\/div>\n\t\t\t\t<\/div>\n\t\t\t\t\t<\/div>\n\t\t<\/div>\n\t\t\t\t\t<\/div>\n\t\t<\/section>\n\t\t\t\t<section class=\"elementor-section elementor-top-section elementor-element elementor-element-6bd10b9 elementor-section-boxed elementor-section-height-default elementor-section-height-default\" data-id=\"6bd10b9\" data-element_type=\"section\">\n\t\t\t\t\t\t<div class=\"elementor-container elementor-column-gap-default\">\n\t\t\t\t\t<div class=\"elementor-column elementor-col-100 elementor-top-column elementor-element elementor-element-ad37f47\" data-id=\"ad37f47\" data-element_type=\"column\">\n\t\t\t<div class=\"elementor-widget-wrap\">\n\t\t\t\t\t\t\t<\/div>\n\t\t<\/div>\n\t\t\t\t\t<\/div>\n\t\t<\/section>\n\t\t\t\t<section class=\"elementor-section elementor-top-section elementor-element elementor-element-575e8a8 elementor-section-boxed elementor-section-height-default elementor-section-height-default\" data-id=\"575e8a8\" data-element_type=\"section\">\n\t\t\t\t\t\t<div class=\"elementor-container elementor-column-gap-default\">\n\t\t\t\t\t<div class=\"elementor-column elementor-col-100 elementor-top-column elementor-element elementor-element-e8a42ee\" data-id=\"e8a42ee\" data-element_type=\"column\">\n\t\t\t<div class=\"elementor-widget-wrap elementor-element-populated\">\n\t\t\t\t\t\t<div class=\"elementor-element elementor-element-9271480 elementor-widget elementor-widget-heading\" data-id=\"9271480\" data-element_type=\"widget\" data-widget_type=\"heading.default\">\n\t\t\t\t<div class=\"elementor-widget-container\">\n\t\t\t<h3 class=\"elementor-heading-title elementor-size-default\">Wir f\u00fchren alle Messungen durch, die in der Verkabelung durchgef\u00fchrt werden k\u00f6nnen, wie z. B.:<\/h3>\t\t<\/div>\n\t\t\t\t<\/div>\n\t\t\t\t\t<\/div>\n\t\t<\/div>\n\t\t\t\t\t<\/div>\n\t\t<\/section>\n\t\t\t\t<section class=\"elementor-section elementor-top-section elementor-element elementor-element-2726124 elementor-section-boxed elementor-section-height-default elementor-section-height-default\" data-id=\"2726124\" data-element_type=\"section\">\n\t\t\t\t\t\t<div class=\"elementor-container elementor-column-gap-default\">\n\t\t\t\t\t<div class=\"elementor-column elementor-col-50 elementor-top-column elementor-element elementor-element-e43f4aa\" data-id=\"e43f4aa\" data-element_type=\"column\">\n\t\t\t<div class=\"elementor-widget-wrap elementor-element-populated\">\n\t\t\t\t\t\t<div class=\"elementor-element elementor-element-1e52358 elementor-widget elementor-widget-vt-windfall_list\" data-id=\"1e52358\" data-element_type=\"widget\" data-widget_type=\"vt-windfall_list.default\">\n\t\t\t\t<div class=\"elementor-widget-container\">\n\t\t\t<ul class=\"check-list\"><li>Spannungs- und Strommessung - Spannungsasymmetrien<\/li><li>Kabelisolierung und Installationsmessung<\/li><li>Messung von Kontinuit\u00e4t und Kopplung<\/li><li>Messung von Schaltungsimpedanz und -widerstand<\/li><li>Messung von Stromsch\u00fctzern<\/li><li>Messung des Erdungswiderstands der Kupplung<\/li><\/ul>\t\t<\/div>\n\t\t\t\t<\/div>\n\t\t\t\t\t<\/div>\n\t\t<\/div>\n\t\t\t\t<div class=\"elementor-column elementor-col-50 elementor-top-column elementor-element elementor-element-928c810\" data-id=\"928c810\" data-element_type=\"column\">\n\t\t\t<div class=\"elementor-widget-wrap elementor-element-populated\">\n\t\t\t\t\t\t<div class=\"elementor-element elementor-element-dcb7d60 elementor-widget elementor-widget-image\" data-id=\"dcb7d60\" data-element_type=\"widget\" data-widget_type=\"image.default\">\n\t\t\t\t<div class=\"elementor-widget-container\">\n\t\t\t\t\t\t\t\t\t\t\t\t\t<img fetchpriority=\"high\" decoding=\"async\" width=\"501\" height=\"387\" src=\"https:\/\/reeltech.sk\/wp-content\/uploads\/2017\/10\/images_ElektroObrazky_kontrolaIsticov.jpg\" class=\"attachment-large size-large wp-image-1651\" alt=\"Images ElektroObrazky kontrolaIsticov\" srcset=\"https:\/\/reeltech.sk\/wp-content\/uploads\/2017\/10\/images_ElektroObrazky_kontrolaIsticov.jpg 501w, https:\/\/reeltech.sk\/wp-content\/uploads\/2017\/10\/images_ElektroObrazky_kontrolaIsticov-300x232.jpg 300w\" sizes=\"(max-width: 501px) 100vw, 501px\" title=\"\">\t\t\t\t\t\t\t\t\t\t\t\t\t<\/div>\n\t\t\t\t<\/div>\n\t\t\t\t\t<\/div>\n\t\t<\/div>\n\t\t\t\t\t<\/div>\n\t\t<\/section>\n\t\t\t\t<\/div>","protected":false},"excerpt":{"rendered":"Vykon\u00e1vame Meranie Por\u00fach Elektrickej In\u0161tal\u00e1cie. Ak m\u00e1te probl\u00e9m s elektrickou in\u0161tal\u00e1ciou, vieme v\u00e1m pom\u00f4c\u0165! Medzi naj\u010dastej\u0161ie laikom vidite\u013en\u00e9 chyby patr\u00ed blikanie svetla, pr\u00edpadne jeho zn\u00ed\u017een\u00e1 intenzita pri zapnut\u00ed in\u00e9ho spotrebi\u010da, \u010do znamen\u00e1 v\u00e1\u017enu chybu v in\u0161tal\u00e1cii! Vykon\u00e1vame V\u0161etky Merania, Ktor\u00e9 Sa Daj\u00fa Pri Elektroin\u0161tal\u00e1ci\u00ed Vykona\u0165, Ako Napr\u00edklad: Meranie nap\u00e4tia a pr\u00fadu \u2013 nesymetrie nap\u00e4tia Meranie&#8230;","protected":false},"author":1,"featured_media":1651,"parent":0,"menu_order":28,"comment_status":"closed","ping_status":"closed","template":"","meta":{"footnotes":""},"class_list":["post-1652","page","type-page","status-publish","has-post-thumbnail","hentry"],"_links":{"self":[{"href":"https:\/\/reeltech.sk\/de\/wp-json\/wp\/v2\/pages\/1652","targetHints":{"allow":["GET"]}}],"collection":[{"href":"https:\/\/reeltech.sk\/de\/wp-json\/wp\/v2\/pages"}],"about":[{"href":"https:\/\/reeltech.sk\/de\/wp-json\/wp\/v2\/types\/page"}],"author":[{"embeddable":true,"href":"https:\/\/reeltech.sk\/de\/wp-json\/wp\/v2\/users\/1"}],"replies":[{"embeddable":true,"href":"https:\/\/reeltech.sk\/de\/wp-json\/wp\/v2\/comments?post=1652"}],"version-history":[{"count":0,"href":"https:\/\/reeltech.sk\/de\/wp-json\/wp\/v2\/pages\/1652\/revisions"}],"wp:featuredmedia":[{"embeddable":true,"href":"https:\/\/reeltech.sk\/de\/wp-json\/wp\/v2\/media\/1651"}],"wp:attachment":[{"href":"https:\/\/reeltech.sk\/de\/wp-json\/wp\/v2\/media?parent=1652"}],"curies":[{"name":"wp","href":"https:\/\/api.w.org\/{rel}","templated":true}]}}