{"id":1642,"date":"2017-10-15T16:30:08","date_gmt":"2017-10-15T14:30:08","guid":{"rendered":"https:\/\/reeltech.sk\/revizia-bioplynovych-a-kogeneracnych-jednotiek\/"},"modified":"2026-04-30T06:40:30","modified_gmt":"2026-04-30T04:40:30","slug":"uberarbeitung-von-biogasanlagen-und-blockheizkraftwerken","status":"publish","type":"page","link":"https:\/\/reeltech.sk\/de\/uberarbeitung-von-biogasanlagen-und-blockheizkraftwerken\/","title":{"rendered":"Revision von Biogas- und KWK-Anlagen 1"},"content":{"rendered":"<div data-elementor-type=\"wp-page\" data-elementor-id=\"1642\" class=\"elementor elementor-1642\">\n\t\t\t\t\t\t<section class=\"elementor-section elementor-top-section elementor-element elementor-element-b5e770e elementor-section-boxed elementor-section-height-default elementor-section-height-default\" data-id=\"b5e770e\" data-element_type=\"section\">\n\t\t\t\t\t\t<div class=\"elementor-container elementor-column-gap-default\">\n\t\t\t\t\t<div class=\"elementor-column elementor-col-100 elementor-top-column elementor-element elementor-element-774ca0b\" data-id=\"774ca0b\" data-element_type=\"column\">\n\t\t\t<div class=\"elementor-widget-wrap elementor-element-populated\">\n\t\t\t\t\t\t<div class=\"elementor-element elementor-element-53862c9 elementor-widget elementor-widget-vt-windfall_section_title\" data-id=\"53862c9\" data-element_type=\"widget\" data-widget_type=\"vt-windfall_section_title.default\">\n\t\t\t\t<div class=\"elementor-widget-container\">\n\t\t\t<div class=\"section-title-wrap  wndfal-sectTitleElementor\"><h2 class=\"section-title\">Rev\u00edzia bioplynov\u00fdch stan\u00edc a kogenera\u010dn\u00fdch jednotiek<\/h2><p>Na\u0161i pracovn\u00edci maj\u00fa dlhoro\u010dn\u00fa prax s odborn\u00fdmi prehliadkami a odborn\u00fdmi sk\u00fa\u0161kami bioplynov\u00fdch elektr\u00e1rn\u00ed, kogenera\u010dn\u00fdch jednotiek a s\u00favisiacich elektro zariaden\u00ed. Tieto obnovite\u013en\u00e9 zdroje energie pracuj\u00fa v n\u00e1ro\u010dn\u00fdch prev\u00e1dzkov\u00fdch podmienkach, preto si vy\u017eaduj\u00fa d\u00f4sledn\u00e9 kontroly, odborn\u00fd pr\u00edstup a pravideln\u00e9 vyhodnocovanie bezpe\u010dnosti. N\u00e1\u0161 rev\u00edzny technik pre prostredie s nebezpe\u010denstvom v\u00fdbuchu m\u00e1 sk\u00fasenosti s rev\u00edziami technol\u00f3gi\u00ed, kde sa kombinuje elektrick\u00e1 \u010das\u0165, strojn\u00e9 zariadenia, plyn a riadiace syst\u00e9my.<\/p><\/div>\t\t<\/div>\n\t\t\t\t<\/div>\n\t\t\t\t<div class=\"elementor-element elementor-element-9db639d elementor-widget elementor-widget-heading\" data-id=\"9db639d\" data-element_type=\"widget\" data-widget_type=\"heading.default\">\n\t\t\t\t<div class=\"elementor-widget-container\">\n\t\t\t<h2 class=\"elementor-heading-title elementor-size-default\">Bioplynov\u00e9 elektr\u00e1rne - rev\u00edzia<\/h2>\t\t<\/div>\n\t\t\t\t<\/div>\n\t\t\t\t<div class=\"elementor-element elementor-element-cf17269 elementor-widget elementor-widget-text-editor\" data-id=\"cf17269\" data-element_type=\"widget\" data-widget_type=\"text-editor.default\">\n\t\t\t\t<div class=\"elementor-widget-container\">\n\t\t\t\t\t\t\t<p>Bioplynov\u00e9 elektr\u00e1rne a bioplynov\u00e9 stanice sa reviduj\u00fa pravidelne najm\u00e4 z d\u00f4vodu zv\u00fd\u0161en\u00fdch bezpe\u010dnostn\u00fdch po\u017eiadaviek, nepretr\u017eitej prev\u00e1dzky a mo\u017en\u00e9ho nebezpe\u010denstva v\u00fdbuchu. Medzi citliv\u00e9 \u010dasti t\u00fdchto zariaden\u00ed patria motorick\u00e9 \u010dasti, elektroin\u0161tal\u00e1cia, rozv\u00e1dza\u010de, ochrann\u00e9 prvky, uzemnenie, bleskozvod, sn\u00edma\u010de, ovl\u00e1dacie obvody a technologick\u00e9 napojenia.<\/p>\n<p>Pri rev\u00edzii sa zameriavame na technick\u00fd stav elektrickej \u010dasti zariadenia, ochranu pred \u00farazom elektrick\u00fdm pr\u00fadom, stav ochrann\u00fdch prvkov, dokument\u00e1ciu a praktick\u00e9 podmienky prev\u00e1dzky. V pr\u00edpade potreby vieme nadviaza\u0165 aj na rev\u00edziu zariaden\u00ed v prostred\u00ed s nebezpe\u010denstvom v\u00fdbuchu alebo na kontrolu bleskozvodu.<\/p>\n<p>V pr\u00edpade z\u00e1ujmu o rev\u00edziu bioplynovej elektr\u00e1rne n\u00e1s nev\u00e1hajte kontaktova\u0165. Priprav\u00edme rozsah kontroly pod\u013ea typu zariadenia, prev\u00e1dzkov\u00fdch podmienok, dostupnej dokument\u00e1cie a po\u017eiadaviek z\u00e1kazn\u00edka.<\/p>\t\t\t\t\t\t<\/div>\n\t\t\t\t<\/div>\n\t\t\t\t\t<\/div>\n\t\t<\/div>\n\t\t\t\t\t<\/div>\n\t\t<\/section>\n\t\t\t\t<section class=\"elementor-section elementor-top-section elementor-element elementor-element-cd81f43 elementor-section-boxed elementor-section-height-default elementor-section-height-default\" data-id=\"cd81f43\" data-element_type=\"section\">\n\t\t\t\t\t\t<div class=\"elementor-container elementor-column-gap-default\">\n\t\t\t\t\t<div class=\"elementor-column elementor-col-100 elementor-top-column elementor-element elementor-element-e244bfc\" data-id=\"e244bfc\" data-element_type=\"column\">\n\t\t\t<div class=\"elementor-widget-wrap elementor-element-populated\">\n\t\t\t\t\t\t<div class=\"elementor-element elementor-element-a1a8149 elementor-widget elementor-widget-spacer\" data-id=\"a1a8149\" data-element_type=\"widget\" data-widget_type=\"spacer.default\">\n\t\t\t\t<div class=\"elementor-widget-container\">\n\t\t\t\t\t<div class=\"elementor-spacer\">\n\t\t\t<div class=\"elementor-spacer-inner\"><\/div>\n\t\t<\/div>\n\t\t\t\t<\/div>\n\t\t\t\t<\/div>\n\t\t\t\t<div class=\"elementor-element elementor-element-9d54919 elementor-widget elementor-widget-heading\" data-id=\"9d54919\" data-element_type=\"widget\" data-widget_type=\"heading.default\">\n\t\t\t\t<div class=\"elementor-widget-container\">\n\t\t\t<h3 class=\"elementor-heading-title elementor-size-default\">Kogenera\u010dn\u00e1 jednotka a kogenera\u010dn\u00e1 elektr\u00e1re\u0148 - rev\u00edzia<\/h3>\t\t<\/div>\n\t\t\t\t<\/div>\n\t\t\t\t<div class=\"elementor-element elementor-element-88ca402 elementor-widget elementor-widget-text-editor\" data-id=\"88ca402\" data-element_type=\"widget\" data-widget_type=\"text-editor.default\">\n\t\t\t\t<div class=\"elementor-widget-container\">\n\t\t\t\t\t\t\t<p>Podobne ako pri ostatn\u00fdch obnovite\u013en\u00fdch zdrojoch energie dok\u00e1\u017eeme odborne zrevidova\u0165 elektrick\u00e9 \u010dasti kogenera\u010dn\u00fdch jednotiek a s\u00favisiacich technologick\u00fdch zariaden\u00ed. Kontrolujeme technick\u00fd stav, bezpe\u010dnos\u0165 prev\u00e1dzky, elektrick\u00e9 \u010dasti zariadenia, ochrany, rozv\u00e1dza\u010de, nap\u00e1janie pomocn\u00fdch technol\u00f3gi\u00ed a potrebn\u00e9 podklady pre rev\u00edznu spr\u00e1vu.<\/p>\n<h2>\u010co pri rev\u00edzii kontrolujeme<\/h2>\n<ul>\n<li>elektroin\u0161tal\u00e1ciu technologickej \u010dasti a nap\u00e1jac\u00edch okruhov,<\/li>\n<li>rozv\u00e1dza\u010de, istenie, pr\u00fadov\u00e9 chr\u00e1ni\u010de a ochrann\u00e9 prvky,<\/li>\n<li>uzemnenie, posp\u00e1janie a ochranu pred \u00farazom elektrick\u00fdm pr\u00fadom,<\/li>\n<li>bleskozvod a prep\u00e4\u0165ov\u00e9 ochrany pod\u013ea rozsahu z\u00e1kazky,<\/li>\n<li>stav dokument\u00e1cie, ozna\u010denie okruhov a dostupnos\u0165 podkladov,<\/li>\n<li>\u0161pecifik\u00e1 prostredia s nebezpe\u010denstvom v\u00fdbuchu, ak sa na zariadenie vz\u0165ahuj\u00fa.<\/li>\n<\/ul>\n<h2>Pre koho je slu\u017eba ur\u010den\u00e1<\/h2>\n<p>Rev\u00edzie vykon\u00e1vame pre prev\u00e1dzkovate\u013eov bioplynov\u00fdch stan\u00edc, kogenera\u010dn\u00fdch jednotiek, po\u013enohospod\u00e1rskych are\u00e1lov, v\u00fdrobn\u00fdch prev\u00e1dzok a energetick\u00fdch zariaden\u00ed. P\u00f4sob\u00edme najm\u00e4 v regi\u00f3noch Zvolen, Detva, Bansk\u00e1 Bystrica a v \u0161ir\u0161om okol\u00ed stredn\u00e9ho Slovenska, pri v\u00e4\u010d\u0161\u00edch technol\u00f3gi\u00e1ch aj v \u010fal\u0161\u00edch lokalit\u00e1ch.<\/p>\n<h2>Naj\u010dastej\u0161ie ot\u00e1zky<\/h2>\n<p><strong>Pre\u010do je rev\u00edzia bioplynovej stanice d\u00f4le\u017eit\u00e1?<\/strong><br>Bioplynov\u00e9 stanice sp\u00e1jaj\u00fa elektrick\u00e9 zariadenia, technol\u00f3giu, plyn a nepretr\u017eit\u00fa prev\u00e1dzku. Pravideln\u00e1 rev\u00edzia pom\u00e1ha odhali\u0165 nedostatky, ktor\u00e9 m\u00f4\u017eu ohrozi\u0165 bezpe\u010dnos\u0165, spo\u013eahlivos\u0165 alebo poistn\u00e9 krytie.<\/p>\n<p><strong>Viete rie\u0161i\u0165 aj prostredie s nebezpe\u010denstvom v\u00fdbuchu?<\/strong><br>\u00c1no. Pri zariadeniach, kde sa vyskytuje prostredie s nebezpe\u010denstvom v\u00fdbuchu, vieme pos\u00fadi\u0165 \u0161pecifick\u00e9 po\u017eiadavky a nadviaza\u0165 na rev\u00edzie EX zariaden\u00ed.<\/p>\n<p><strong>\u010co potrebujete pred rev\u00edziou?<\/strong><br>Ide\u00e1lne je ma\u0165 k dispoz\u00edcii projektov\u00fa dokument\u00e1ciu, sch\u00e9my zapojenia, predch\u00e1dzaj\u00face rev\u00edzne spr\u00e1vy a inform\u00e1cie o prev\u00e1dzkovom re\u017eime zariadenia.<\/p>\t\t\t\t\t\t<\/div>\n\t\t\t\t<\/div>\n\t\t\t\t<div class=\"elementor-element elementor-element-7acd98b elementor-widget elementor-widget-image\" data-id=\"7acd98b\" data-element_type=\"widget\" data-widget_type=\"image.default\">\n\t\t\t\t<div class=\"elementor-widget-container\">\n\t\t\t\t\t\t\t\t\t\t\t\t\t<img fetchpriority=\"high\" decoding=\"async\" width=\"800\" height=\"611\" src=\"https:\/\/reeltech.sk\/wp-content\/uploads\/2017\/10\/i01.i.aliimg.com_photo_v3_510430111_commercial_biogas_plant_for_farms_to_generate.jpg\" class=\"attachment-large size-large wp-image-1641\" alt=\"Kraftwerk\" srcset=\"https:\/\/reeltech.sk\/wp-content\/uploads\/2017\/10\/i01.i.aliimg.com_photo_v3_510430111_commercial_biogas_plant_for_farms_to_generate.jpg 800w, https:\/\/reeltech.sk\/wp-content\/uploads\/2017\/10\/i01.i.aliimg.com_photo_v3_510430111_commercial_biogas_plant_for_farms_to_generate-300x229.jpg 300w, https:\/\/reeltech.sk\/wp-content\/uploads\/2017\/10\/i01.i.aliimg.com_photo_v3_510430111_commercial_biogas_plant_for_farms_to_generate-768x587.jpg 768w, https:\/\/reeltech.sk\/wp-content\/uploads\/2017\/10\/i01.i.aliimg.com_photo_v3_510430111_commercial_biogas_plant_for_farms_to_generate-600x458.jpg 600w\" sizes=\"(max-width: 800px) 100vw, 800px\" title=\"\">\t\t\t\t\t\t\t\t\t\t\t\t\t<\/div>\n\t\t\t\t<\/div>\n\t\t\t\t\t<\/div>\n\t\t<\/div>\n\t\t\t\t\t<\/div>\n\t\t<\/section>\n\t\t\t\t<\/div>","protected":false},"excerpt":{"rendered":"Rev\u00edzia bioplynov\u00fdch stan\u00edc a kogenera\u010dn\u00fdch jednotiek Na\u0161i pracovn\u00edci maj\u00fa dlhoro\u010dn\u00fa prax s odborn\u00fdmi prehliadkami a odborn\u00fdmi sk\u00fa\u0161kami bioplynov\u00fdch elektr\u00e1rn\u00ed, kogenera\u010dn\u00fdch jednotiek a s\u00favisiacich elektro zariaden\u00ed. Tieto obnovite\u013en\u00e9 zdroje energie pracuj\u00fa v n\u00e1ro\u010dn\u00fdch prev\u00e1dzkov\u00fdch podmienkach, preto si vy\u017eaduj\u00fa d\u00f4sledn\u00e9 kontroly, odborn\u00fd pr\u00edstup a pravideln\u00e9 vyhodnocovanie bezpe\u010dnosti. N\u00e1\u0161 rev\u00edzny technik pre prostredie s nebezpe\u010denstvom v\u00fdbuchu m\u00e1 sk\u00fasenosti&#8230;","protected":false},"author":1,"featured_media":1641,"parent":0,"menu_order":30,"comment_status":"closed","ping_status":"closed","template":"","meta":{"footnotes":""},"class_list":["post-1642","page","type-page","status-publish","has-post-thumbnail","hentry"],"_links":{"self":[{"href":"https:\/\/reeltech.sk\/de\/wp-json\/wp\/v2\/pages\/1642","targetHints":{"allow":["GET"]}}],"collection":[{"href":"https:\/\/reeltech.sk\/de\/wp-json\/wp\/v2\/pages"}],"about":[{"href":"https:\/\/reeltech.sk\/de\/wp-json\/wp\/v2\/types\/page"}],"author":[{"embeddable":true,"href":"https:\/\/reeltech.sk\/de\/wp-json\/wp\/v2\/users\/1"}],"replies":[{"embeddable":true,"href":"https:\/\/reeltech.sk\/de\/wp-json\/wp\/v2\/comments?post=1642"}],"version-history":[{"count":8,"href":"https:\/\/reeltech.sk\/de\/wp-json\/wp\/v2\/pages\/1642\/revisions"}],"predecessor-version":[{"id":3330,"href":"https:\/\/reeltech.sk\/de\/wp-json\/wp\/v2\/pages\/1642\/revisions\/3330"}],"wp:featuredmedia":[{"embeddable":true,"href":"https:\/\/reeltech.sk\/de\/wp-json\/wp\/v2\/media\/1641"}],"wp:attachment":[{"href":"https:\/\/reeltech.sk\/de\/wp-json\/wp\/v2\/media?parent=1642"}],"curies":[{"name":"wp","href":"https:\/\/api.w.org\/{rel}","templated":true}]}}