{"id":1640,"date":"2017-10-15T16:29:42","date_gmt":"2017-10-15T14:29:42","guid":{"rendered":"https:\/\/reeltech.sk\/revizia-vn-a-b\/"},"modified":"2023-12-30T22:28:57","modified_gmt":"2023-12-30T21:28:57","slug":"uberarbeitung-vn-a-b-2","status":"publish","type":"page","link":"https:\/\/reeltech.sk\/de\/uberarbeitung-vn-a-b-2\/","title":{"rendered":"Revision von HV-, Hochspannungs- und Umspannwerken"},"content":{"rendered":"<div data-elementor-type=\"wp-page\" data-elementor-id=\"1640\" class=\"elementor elementor-1640\">\n\t\t\t\t\t\t<section class=\"elementor-section elementor-top-section elementor-element elementor-element-3771463 elementor-section-boxed elementor-section-height-default elementor-section-height-default\" data-id=\"3771463\" data-element_type=\"section\">\n\t\t\t\t\t\t<div class=\"elementor-container elementor-column-gap-default\">\n\t\t\t\t\t<div class=\"elementor-column elementor-col-100 elementor-top-column elementor-element elementor-element-a037194\" data-id=\"a037194\" data-element_type=\"column\">\n\t\t\t<div class=\"elementor-widget-wrap elementor-element-populated\">\n\t\t\t\t\t\t<div class=\"elementor-element elementor-element-c1f9fa2 elementor--h-position-center elementor--v-position-middle elementor-arrows-position-inside elementor-pagination-position-inside elementor-widget elementor-widget-slides\" data-id=\"c1f9fa2\" data-element_type=\"widget\" data-settings=\"{&quot;navigation&quot;:&quot;both&quot;,&quot;autoplay&quot;:&quot;yes&quot;,&quot;pause_on_hover&quot;:&quot;yes&quot;,&quot;pause_on_interaction&quot;:&quot;yes&quot;,&quot;autoplay_speed&quot;:5000,&quot;infinite&quot;:&quot;yes&quot;,&quot;transition&quot;:&quot;slide&quot;,&quot;transition_speed&quot;:500}\" data-widget_type=\"slides.default\">\n\t\t\t\t<div class=\"elementor-widget-container\">\n\t\t\t\t\t<div class=\"elementor-swiper\">\n\t\t\t<div class=\"elementor-slides-wrapper elementor-main-swiper swiper\" dir=\"ltr\" data-animation=\"fadeInUp\">\n\t\t\t\t<div class=\"swiper-wrapper elementor-slides\">\n\t\t\t\t\t\t\t\t\t\t<div class=\"elementor-repeater-item-ed90e48 swiper-slide\"><div class=\"swiper-slide-bg elementor-ken-burns elementor-ken-burns--in\" role=\"img\"><\/div><div class=\"elementor-background-overlay\"><\/div><div class=\"swiper-slide-inner\" ><div class=\"swiper-slide-contents\"><div class=\"elementor-slide-heading\">Hochspannungsrevision <\/div><div class=\"elementor-slide-description\">Transformatoren, Umspannwerke und andere Anlagen \u00fcber 1 kV - professionell, qualitativ und gem\u00e4\u00df den geltenden Normen und Vorschriften<\/div><div  class=\"elementor-button elementor-slide-button elementor-size-sm\">reeltech@reeltech.sk<\/div><\/div><\/div><\/div>\t\t\t\t<\/div>\n\t\t\t\t\t\t\t<\/div>\n\t\t<\/div>\n\t\t\t\t<\/div>\n\t\t\t\t<\/div>\n\t\t\t\t<div class=\"elementor-element elementor-element-12aa706 elementor-widget elementor-widget-vt-windfall_section_title\" data-id=\"12aa706\" data-element_type=\"widget\" data-widget_type=\"vt-windfall_section_title.default\">\n\t\t\t\t<div class=\"elementor-widget-container\">\n\t\t\t<div class=\"section-title-wrap  wndfal-sectTitleElementor\"><h2 class=\"section-title\">Revision f\u00fcr Hochspannung und explosive Umgebung<\/h2><p>Wir verf\u00fcgen \u00fcber Personal, das f\u00fcr Hochspannungs- und Explosionsschutzinspektionen (ATEX) geschult ist.\n\n<\/p><\/div>\t\t<\/div>\n\t\t\t\t<\/div>\n\t\t\t\t\t<\/div>\n\t\t<\/div>\n\t\t\t\t\t<\/div>\n\t\t<\/section>\n\t\t\t\t<section class=\"elementor-section elementor-top-section elementor-element elementor-element-1f355b5 elementor-section-boxed elementor-section-height-default elementor-section-height-default\" data-id=\"1f355b5\" data-element_type=\"section\">\n\t\t\t\t\t\t<div class=\"elementor-container elementor-column-gap-default\">\n\t\t\t\t\t<div class=\"elementor-column elementor-col-50 elementor-top-column elementor-element elementor-element-c5dcfe6\" data-id=\"c5dcfe6\" data-element_type=\"column\">\n\t\t\t<div class=\"elementor-widget-wrap elementor-element-populated\">\n\t\t\t\t\t\t<div class=\"elementor-element elementor-element-ea8e4fa elementor-widget elementor-widget-text-editor\" data-id=\"ea8e4fa\" data-element_type=\"widget\" data-widget_type=\"text-editor.default\">\n\t\t\t\t<div class=\"elementor-widget-container\">\n\t\t\t\t\t\t\t<p>Professionelle Inspektion und fachgerechte Pr\u00fcfung von HV-Anschl\u00fcssen, Umspannwerken und HV-Leitungen sind f\u00fcr uns kein Problem. Unsere Mitarbeiter haben langj\u00e4hrige Erfahrung mit diesen Anlagen.<\/p><p>Zu unseren Routinet\u00e4tigkeiten geh\u00f6ren professionelle Inspektion und professionelle Pr\u00fcfung - Revision von Hochspannungsanschl\u00fcssen, Revision von 22-kV-Umspannwerken und Revision von Hochspannungsleitungen.<\/p><p>Wir f\u00fchren auch komplexe Wartungen von Umspannwerken, Trafomessungen und Messungen von Hochspannungsverbindungen durch. Auch Mast- und Kiosk-Umspannwerke stellen f\u00fcr uns kein Problem dar.<\/p><p>Die Wartung von Umspannwerken ist f\u00fcr Ihr Unternehmen sehr wichtig, da sie alle Bereiche des Unternehmens mit Strom versorgen. Sie \u00e4ndert die Standardspannung von 22 kV auf 400 V und umfasst eine Hochspannungsunterstation, einen Transformator und einen Netzschutz.<\/p><p>Die Inspektion und Wartung von Hochspannungsanlagen ist f\u00fcr die Sicherheit, die Zuverl\u00e4ssigkeit und den effizienten Betrieb des Stromnetzes unerl\u00e4sslich. Im Folgenden werden einige Gr\u00fcnde genannt, warum eine regelm\u00e4\u00dfige Inspektion und Wartung von Hochspannungsanlagen wichtig ist:<\/p>\t\t\t\t\t\t<\/div>\n\t\t\t\t<\/div>\n\t\t\t\t\t<\/div>\n\t\t<\/div>\n\t\t\t\t<div class=\"elementor-column elementor-col-50 elementor-top-column elementor-element elementor-element-b8d6efd\" data-id=\"b8d6efd\" data-element_type=\"column\">\n\t\t\t<div class=\"elementor-widget-wrap elementor-element-populated\">\n\t\t\t\t\t\t<div class=\"elementor-element elementor-element-34c34b0 elementor-widget__width-initial elementor-widget elementor-widget-image\" data-id=\"34c34b0\" data-element_type=\"widget\" data-widget_type=\"image.default\">\n\t\t\t\t<div class=\"elementor-widget-container\">\n\t\t\t\t\t\t\t\t\t\t\t\t\t<img fetchpriority=\"high\" decoding=\"async\" width=\"1024\" height=\"1022\" src=\"https:\/\/reeltech.sk\/wp-content\/uploads\/2023\/06\/Trafostanice_reeltech_servis.png\" class=\"attachment-large size-large wp-image-2030\" alt=\"Wartung und Revision von Transformatorenstationen, Umspannwerken\" srcset=\"https:\/\/reeltech.sk\/wp-content\/uploads\/2023\/06\/Trafostanice_reeltech_servis.png 1024w, https:\/\/reeltech.sk\/wp-content\/uploads\/2023\/06\/Trafostanice_reeltech_servis-300x299.png 300w, https:\/\/reeltech.sk\/wp-content\/uploads\/2023\/06\/Trafostanice_reeltech_servis-150x150.png 150w, https:\/\/reeltech.sk\/wp-content\/uploads\/2023\/06\/Trafostanice_reeltech_servis-768x767.png 768w, https:\/\/reeltech.sk\/wp-content\/uploads\/2023\/06\/Trafostanice_reeltech_servis-600x599.png 600w, https:\/\/reeltech.sk\/wp-content\/uploads\/2023\/06\/Trafostanice_reeltech_servis-100x100.png 100w\" sizes=\"(max-width: 1024px) 100vw, 1024px\" \/>\t\t\t\t\t\t\t\t\t\t\t\t\t<\/div>\n\t\t\t\t<\/div>\n\t\t\t\t\t<\/div>\n\t\t<\/div>\n\t\t\t\t\t<\/div>\n\t\t<\/section>\n\t\t\t\t<section class=\"elementor-section elementor-top-section elementor-element elementor-element-d2e401b elementor-section-boxed elementor-section-height-default elementor-section-height-default\" data-id=\"d2e401b\" data-element_type=\"section\">\n\t\t\t\t\t\t<div class=\"elementor-container elementor-column-gap-default\">\n\t\t\t\t\t<div class=\"elementor-column elementor-col-100 elementor-top-column elementor-element elementor-element-4bdac8e\" data-id=\"4bdac8e\" data-element_type=\"column\">\n\t\t\t<div class=\"elementor-widget-wrap elementor-element-populated\">\n\t\t\t\t\t\t<div class=\"elementor-element elementor-element-59bd326 elementor-widget elementor-widget-text-editor\" data-id=\"59bd326\" data-element_type=\"widget\" data-widget_type=\"text-editor.default\">\n\t\t\t\t<div class=\"elementor-widget-container\">\n\t\t\t\t\t\t\t<ol><li>Sicherheit: Die Sicherheit hat bei der Arbeit mit Hochspannungsanlagen Priorit\u00e4t. Inspektion und Wartung erm\u00f6glichen die Erkennung und Beseitigung potenzieller Sicherheitsgefahren wie Fehlerzust\u00e4nde, unzureichende Isolierung, unsachgem\u00e4\u00dfe Erdung und andere Gefahren. Dadurch wird das Risiko von Stromschl\u00e4gen, Explosionen oder Br\u00e4nden minimiert.<\/li><li>Zuverl\u00e4ssigkeit: Inspektion und Wartung garantieren einen zuverl\u00e4ssigen Betrieb der Hochspannungsanlagen. Durch regelm\u00e4\u00dfige Inspektion und Pr\u00fcfung der Ger\u00e4te k\u00f6nnen m\u00f6gliche Fehler erkannt und behoben werden, wodurch das Risiko von Stromausf\u00e4llen minimiert wird. Dies ist besonders wichtig f\u00fcr den Betrieb von wichtigen Ger\u00e4ten und Infrastrukturen wie Krankenh\u00e4usern, Industrieanlagen oder \u00f6ffentlichen Netzen.<\/li><li>Verl\u00e4ngerung der Lebensdauer der Ausr\u00fcstung: Die regelm\u00e4\u00dfige Wartung der Hochspannungsausr\u00fcstung tr\u00e4gt zu ihrer l\u00e4ngeren Lebensdauer bei. Durch die Wartung werden Verschlei\u00df, Korrosion und Umwelteinfl\u00fcsse auf die Ausr\u00fcstung minimiert. Die ordnungsgem\u00e4\u00dfe Einstellung, Reinigung und der Austausch verschlissener Teile gew\u00e4hrleisten eine optimale Funktionalit\u00e4t der Ger\u00e4te und verhindern einen fr\u00fchzeitigen Ausfall.<\/li><li>Effizienz: Die \u00dcberpr\u00fcfung und Wartung von Hochspannungsanlagen tr\u00e4gt ebenfalls zu einer h\u00f6heren Energieeffizienz bei. Die \u00dcberpr\u00fcfung und Optimierung von Anlagenparametern wie Spannung, Stromst\u00e4rke und Energieverlust erm\u00f6glicht Energie- und Kosteneinsparungen. Eine regelm\u00e4\u00dfige Wartung minimiert auch den Bedarf an kostspieligen Reparaturen und Ersatzteilen.<\/li><li>Einhaltung von Vorschriften und Normen: Inspektion und Wartung von Hochspannungsanlagen sind notwendig, um die elektrischen Sicherheitsvorschriften und -normen zu erf\u00fcllen. Verteilerunternehmen und SR Rules haben genaue Richtlinien und Vorschriften, die eine regelm\u00e4\u00dfige Inspektion und Wartung von Hochspannungsanlagen vorschreiben. Die Einhaltung dieser Vorschriften ist wichtig f\u00fcr die Einhaltung von Gesetzen und Sicherheitsvorschriften.<\/li><\/ol>\t\t\t\t\t\t<\/div>\n\t\t\t\t<\/div>\n\t\t\t\t\t<\/div>\n\t\t<\/div>\n\t\t\t\t\t<\/div>\n\t\t<\/section>\n\t\t\t\t<section class=\"elementor-section elementor-top-section elementor-element elementor-element-bfed7fe elementor-section-boxed elementor-section-height-default elementor-section-height-default\" data-id=\"bfed7fe\" data-element_type=\"section\">\n\t\t\t\t\t\t<div class=\"elementor-container elementor-column-gap-default\">\n\t\t\t\t\t<div class=\"elementor-column elementor-col-100 elementor-top-column elementor-element elementor-element-f7a2f84\" data-id=\"f7a2f84\" data-element_type=\"column\">\n\t\t\t<div class=\"elementor-widget-wrap elementor-element-populated\">\n\t\t\t\t\t\t<div class=\"elementor-element elementor-element-7056c89 elementor-widget elementor-widget-text-editor\" data-id=\"7056c89\" data-element_type=\"widget\" data-widget_type=\"text-editor.default\">\n\t\t\t\t<div class=\"elementor-widget-container\">\n\t\t\t\t\t\t\t<p>Zusammenfassend l\u00e4sst sich sagen, dass die Inspektion und Wartung von Hochspannungsanlagen der Schl\u00fcssel zum sicheren und zuverl\u00e4ssigen Betrieb des Stromnetzes ist. Sie gew\u00e4hrleisten die Sicherheit der Mitarbeiter, minimieren Ausf\u00e4lle, verl\u00e4ngern die Lebensdauer der Anlagen, erh\u00f6hen die Effizienz und entsprechen den Vorschriften und Normen.<\/p><p>Wir bieten die folgenden Dienstleistungen an:<\/p>\t\t\t\t\t\t<\/div>\n\t\t\t\t<\/div>\n\t\t\t\t\t<\/div>\n\t\t<\/div>\n\t\t\t\t\t<\/div>\n\t\t<\/section>\n\t\t\t\t<section class=\"elementor-section elementor-top-section elementor-element elementor-element-968f6ba elementor-section-boxed elementor-section-height-default elementor-section-height-default\" data-id=\"968f6ba\" data-element_type=\"section\">\n\t\t\t\t\t\t<div class=\"elementor-container elementor-column-gap-default\">\n\t\t\t\t\t<div class=\"elementor-column elementor-col-100 elementor-top-column elementor-element elementor-element-d361146\" data-id=\"d361146\" data-element_type=\"column\">\n\t\t\t<div class=\"elementor-widget-wrap elementor-element-populated\">\n\t\t\t\t\t\t<div class=\"elementor-element elementor-element-74e5255 elementor-widget elementor-widget-vt-windfall_list\" data-id=\"74e5255\" data-element_type=\"widget\" data-widget_type=\"vt-windfall_list.default\">\n\t\t\t\t<div class=\"elementor-widget-container\">\n\t\t\t<ul class=\"bullet-list\"><li>Messung von HV-Transformatoren<\/li><li>Inspektion und Wartung von HV-Ausr\u00fcstung \/ Schaltanlagen, Sammelschienen<\/li><li>Inspektion und Wartung von Niederspannungsanlagen<\/li><li>\u00dcberarbeitung von Erdung und Blitzableiter<\/li><li>Hochspannungsschutzpr\u00fcfung<\/li><li>Pr\u00fcfung der Isolationseigenschaften von Transformatoren\u00f6l<\/li><li>Inspektion der Ausr\u00fcstung und der Integrit\u00e4t des Umspannwerks<\/li><li>Wartung der Trafostation, Verliese, Kiosk, Kiosk Trafostation<\/li><li>W\u00e4rmebildtechnik<\/li><li>Inspektion und Revision von Hochspannungsverbindungen<\/li><\/ul>\t\t<\/div>\n\t\t\t\t<\/div>\n\t\t\t\t\t<\/div>\n\t\t<\/div>\n\t\t\t\t\t<\/div>\n\t\t<\/section>\n\t\t\t\t<section class=\"elementor-section elementor-top-section elementor-element elementor-element-b2684e6 elementor-section-boxed elementor-section-height-default elementor-section-height-default\" data-id=\"b2684e6\" data-element_type=\"section\">\n\t\t\t\t\t\t<div class=\"elementor-container elementor-column-gap-default\">\n\t\t\t\t\t<div class=\"elementor-column elementor-col-100 elementor-top-column elementor-element elementor-element-1b24d98\" data-id=\"1b24d98\" data-element_type=\"column\">\n\t\t\t<div class=\"elementor-widget-wrap elementor-element-populated\">\n\t\t\t\t\t\t<div class=\"elementor-element elementor-element-b4affeb elementor-widget elementor-widget-heading\" data-id=\"b4affeb\" data-element_type=\"widget\" data-widget_type=\"heading.default\">\n\t\t\t\t<div class=\"elementor-widget-container\">\n\t\t\t<h2 class=\"elementor-heading-title elementor-size-default\">Alle elektrischen Ger\u00e4te und Systeme, die mit Spannungen \u00fcber 1 kV arbeiten, unterliegen der Hochspannungspr\u00fcfung. Zu den h\u00e4ufigsten Ger\u00e4ten, die einer Hochspannungspr\u00fcfung unterliegen, geh\u00f6ren<\/h2>\t\t<\/div>\n\t\t\t\t<\/div>\n\t\t\t\t<div class=\"elementor-element elementor-element-05f2ab4 elementor-widget-divider--view-line elementor-widget elementor-widget-divider\" data-id=\"05f2ab4\" data-element_type=\"widget\" data-widget_type=\"divider.default\">\n\t\t\t\t<div class=\"elementor-widget-container\">\n\t\t\t\t\t<div class=\"elementor-divider\">\n\t\t\t<span class=\"elementor-divider-separator\">\n\t\t\t\t\t\t<\/span>\n\t\t<\/div>\n\t\t\t\t<\/div>\n\t\t\t\t<\/div>\n\t\t\t\t\t<\/div>\n\t\t<\/div>\n\t\t\t\t\t<\/div>\n\t\t<\/section>\n\t\t\t\t<section class=\"elementor-section elementor-top-section elementor-element elementor-element-54813e2 elementor-section-boxed elementor-section-height-default elementor-section-height-default\" data-id=\"54813e2\" data-element_type=\"section\">\n\t\t\t\t\t\t<div class=\"elementor-container elementor-column-gap-default\">\n\t\t\t\t\t<div class=\"elementor-column elementor-col-20 elementor-top-column elementor-element elementor-element-4b835f5\" data-id=\"4b835f5\" data-element_type=\"column\">\n\t\t\t<div class=\"elementor-widget-wrap elementor-element-populated\">\n\t\t\t\t\t\t<div class=\"elementor-element elementor-element-4d24827 elementor-widget elementor-widget-text-editor\" data-id=\"4d24827\" data-element_type=\"widget\" data-widget_type=\"text-editor.default\">\n\t\t\t\t<div class=\"elementor-widget-container\">\n\t\t\t\t\t\t\t<p><strong>Transformatoren<\/strong> sind Ger\u00e4te, die die elektrische Spannung von einem Niveau auf ein anderes \u00e4ndern, meist von 22kV auf 0,4kV<\/p>\t\t\t\t\t\t<\/div>\n\t\t\t\t<\/div>\n\t\t\t\t\t<\/div>\n\t\t<\/div>\n\t\t\t\t<div class=\"elementor-column elementor-col-20 elementor-top-column elementor-element elementor-element-c0d84ef\" data-id=\"c0d84ef\" data-element_type=\"column\">\n\t\t\t<div class=\"elementor-widget-wrap elementor-element-populated\">\n\t\t\t\t\t\t<div class=\"elementor-element elementor-element-bd030d9 elementor-widget elementor-widget-text-editor\" data-id=\"bd030d9\" data-element_type=\"widget\" data-widget_type=\"text-editor.default\">\n\t\t\t\t<div class=\"elementor-widget-container\">\n\t\t\t\t\t\t\t<p><strong>Hochspannungsleitungen:<\/strong> Hochspannungsleitungen f\u00fcr die \u00dcbertragung von Elektrizit\u00e4t mit hoher Spannung.<\/p>\t\t\t\t\t\t<\/div>\n\t\t\t\t<\/div>\n\t\t\t\t\t<\/div>\n\t\t<\/div>\n\t\t\t\t<div class=\"elementor-column elementor-col-20 elementor-top-column elementor-element elementor-element-a1bac5f\" data-id=\"a1bac5f\" data-element_type=\"column\">\n\t\t\t<div class=\"elementor-widget-wrap elementor-element-populated\">\n\t\t\t\t\t\t<div class=\"elementor-element elementor-element-0f6ac50 elementor-widget elementor-widget-text-editor\" data-id=\"0f6ac50\" data-element_type=\"widget\" data-widget_type=\"text-editor.default\">\n\t\t\t\t<div class=\"elementor-widget-container\">\n\t\t\t\t\t\t\t<p><strong>Hochspannungsschalter:<\/strong> Hochspannungsschalter , die zum Ein- und Ausschalten von Strom verwendet werden.<\/p>\t\t\t\t\t\t<\/div>\n\t\t\t\t<\/div>\n\t\t\t\t\t<\/div>\n\t\t<\/div>\n\t\t\t\t<div class=\"elementor-column elementor-col-20 elementor-top-column elementor-element elementor-element-02f3401\" data-id=\"02f3401\" data-element_type=\"column\">\n\t\t\t<div class=\"elementor-widget-wrap elementor-element-populated\">\n\t\t\t\t\t\t<div class=\"elementor-element elementor-element-3e0ede3 elementor-widget elementor-widget-text-editor\" data-id=\"3e0ede3\" data-element_type=\"widget\" data-widget_type=\"text-editor.default\">\n\t\t\t\t<div class=\"elementor-widget-container\">\n\t\t\t\t\t\t\t<p><strong>Schutzvorrichtungen:<\/strong> Schutzvorrichtungen sollen elektrische Ger\u00e4te und Anlagen vor allen Arten von Sch\u00e4den sch\u00fctzen.<\/p>\t\t\t\t\t\t<\/div>\n\t\t\t\t<\/div>\n\t\t\t\t\t<\/div>\n\t\t<\/div>\n\t\t\t\t<div class=\"elementor-column elementor-col-20 elementor-top-column elementor-element elementor-element-1dbbe68\" data-id=\"1dbbe68\" data-element_type=\"column\">\n\t\t\t<div class=\"elementor-widget-wrap elementor-element-populated\">\n\t\t\t\t\t\t<div class=\"elementor-element elementor-element-7a1c5af elementor-widget elementor-widget-text-editor\" data-id=\"7a1c5af\" data-element_type=\"widget\" data-widget_type=\"text-editor.default\">\n\t\t\t\t<div class=\"elementor-widget-container\">\n\t\t\t\t\t\t\t<p><strong>Neben anderen Einrichtungen,<\/strong> die h\u00e4ufig unter Hochspannung gepr\u00fcft werden, umfassen auch Bauteile wie Kondensatoren, Sicherungen und Steckdosen.<\/p>\t\t\t\t\t\t<\/div>\n\t\t\t\t<\/div>\n\t\t\t\t\t<\/div>\n\t\t<\/div>\n\t\t\t\t\t<\/div>\n\t\t<\/section>\n\t\t\t\t<section class=\"elementor-section elementor-top-section elementor-element elementor-element-f7c3738 elementor-section-boxed elementor-section-height-default elementor-section-height-default\" data-id=\"f7c3738\" data-element_type=\"section\">\n\t\t\t\t\t\t<div class=\"elementor-container elementor-column-gap-default\">\n\t\t\t\t\t<div class=\"elementor-column elementor-col-100 elementor-top-column elementor-element elementor-element-db490a1\" data-id=\"db490a1\" data-element_type=\"column\">\n\t\t\t<div class=\"elementor-widget-wrap elementor-element-populated\">\n\t\t\t\t\t\t<div class=\"elementor-element elementor-element-d016de5 elementor-widget-divider--view-line elementor-widget elementor-widget-divider\" data-id=\"d016de5\" data-element_type=\"widget\" data-widget_type=\"divider.default\">\n\t\t\t\t<div class=\"elementor-widget-container\">\n\t\t\t\t\t<div class=\"elementor-divider\">\n\t\t\t<span class=\"elementor-divider-separator\">\n\t\t\t\t\t\t<\/span>\n\t\t<\/div>\n\t\t\t\t<\/div>\n\t\t\t\t<\/div>\n\t\t\t\t\t<\/div>\n\t\t<\/div>\n\t\t\t\t\t<\/div>\n\t\t<\/section>\n\t\t\t\t<\/div>","protected":false},"excerpt":{"rendered":"Rev\u00edzia vysok\u00e9ho nap\u00e4tia Trafostanice, transform\u00e1tory, rozvodne a ostatn\u00e9 zariadenia nad 1kV- profesion\u00e1lne, kvalitne a pod\u013ea platn\u00fdch noriem a predpisovreeltech@reeltech.sk Rev\u00edzia vysok\u00e9ho nap\u00e4tia a v\u00fdbu\u0161n\u00e9ho prostredia Disponujeme pracovn\u00edkmi vy\u0161kolen\u00fdmi na rev\u00edzie vysok\u00e9ho nap\u00e4tia a v\u00fdbu\u0161n\u00e9ho prostredia ATEX). Odborn\u00e1 prehliadka a Odborn\u00e1 sk\u00fa\u0161ka VN pr\u00edpojok, trafostan\u00edc a VN veden\u00ed nie je pre n\u00e1s \u017eiadny probl\u00e9m. Na\u0161i pracovn\u00edci&#8230;","protected":false},"author":1,"featured_media":1639,"parent":0,"menu_order":31,"comment_status":"closed","ping_status":"closed","template":"","meta":{"footnotes":""},"class_list":["post-1640","page","type-page","status-publish","has-post-thumbnail","hentry"],"_links":{"self":[{"href":"https:\/\/reeltech.sk\/de\/wp-json\/wp\/v2\/pages\/1640","targetHints":{"allow":["GET"]}}],"collection":[{"href":"https:\/\/reeltech.sk\/de\/wp-json\/wp\/v2\/pages"}],"about":[{"href":"https:\/\/reeltech.sk\/de\/wp-json\/wp\/v2\/types\/page"}],"author":[{"embeddable":true,"href":"https:\/\/reeltech.sk\/de\/wp-json\/wp\/v2\/users\/1"}],"replies":[{"embeddable":true,"href":"https:\/\/reeltech.sk\/de\/wp-json\/wp\/v2\/comments?post=1640"}],"version-history":[{"count":27,"href":"https:\/\/reeltech.sk\/de\/wp-json\/wp\/v2\/pages\/1640\/revisions"}],"predecessor-version":[{"id":2670,"href":"https:\/\/reeltech.sk\/de\/wp-json\/wp\/v2\/pages\/1640\/revisions\/2670"}],"wp:featuredmedia":[{"embeddable":true,"href":"https:\/\/reeltech.sk\/de\/wp-json\/wp\/v2\/media\/1639"}],"wp:attachment":[{"href":"https:\/\/reeltech.sk\/de\/wp-json\/wp\/v2\/media?parent=1640"}],"curies":[{"name":"wp","href":"https:\/\/api.w.org\/{rel}","templated":true}]}}