{"id":1633,"date":"2017-10-15T16:27:44","date_gmt":"2017-10-15T14:27:44","guid":{"rendered":"https:\/\/reeltech.sk\/revizia-elektroinstalacie-zvolen-detva-a-banska-bystrica\/"},"modified":"2026-04-30T16:08:30","modified_gmt":"2026-04-30T14:08:30","slug":"uberarbeitung-der-verkabelung-von-zvolen-detva-und-banska-bystrica-2","status":"publish","type":"page","link":"https:\/\/reeltech.sk\/de\/uberarbeitung-der-verkabelung-von-zvolen-detva-und-banska-bystrica-2\/","title":{"rendered":"Revision der Elektroinstallation Zvolen, Detva und Bansk\u00e1 Bystrica"},"content":{"rendered":"<div data-elementor-type=\"wp-page\" data-elementor-id=\"1633\" class=\"elementor elementor-1633\">\n\t\t\t\t\t\t<section class=\"elementor-section elementor-top-section elementor-element elementor-element-3608d46 elementor-section-boxed elementor-section-height-default elementor-section-height-default\" data-id=\"3608d46\" data-element_type=\"section\">\n\t\t\t\t\t\t<div class=\"elementor-container elementor-column-gap-default\">\n\t\t\t\t\t<div class=\"elementor-column elementor-col-100 elementor-top-column elementor-element elementor-element-0835cb6\" data-id=\"0835cb6\" data-element_type=\"column\">\n\t\t\t<div class=\"elementor-widget-wrap elementor-element-populated\">\n\t\t\t\t\t\t<div class=\"elementor-element elementor-element-9d6c8a5 elementor-widget elementor-widget-text-editor\" data-id=\"9d6c8a5\" data-element_type=\"widget\" data-widget_type=\"text-editor.default\">\n\t\t\t\t<div class=\"elementor-widget-container\">\n\t\t\t\t\t\t\t<p>In St\u00e4dten <strong>Zvolen<\/strong>, <strong>Detva<\/strong> a <strong>Bansk\u00e1 Bystrica<\/strong> poskytujeme odborn\u00e9 <strong>rev\u00edzie elektroin\u0161tal\u00e1ci\u00ed<\/strong>, rev\u00edzie elektrick\u00fdch zariaden\u00ed a s\u00favisiace elektro slu\u017eby bez \u00fa\u010dtovania cestovn\u00fdch n\u00e1kladov. Pom\u00e1hame majite\u013eom rodinn\u00fdch domov, bytov\u00fdch domov, firiem, prev\u00e1dzok aj v\u00fdrobn\u00fdch objektov overi\u0165, \u010di je elektroin\u0161tal\u00e1cia bezpe\u010dn\u00e1, funk\u010dn\u00e1 a pripraven\u00e1 na be\u017en\u00fa prev\u00e1dzku.<\/p>\n<p>Rev\u00edzny technik skontroluje stav rozv\u00e1dza\u010dov, istenia, z\u00e1suvkov\u00fdch a sveteln\u00fdch okruhov, ochrann\u00fdch prvkov, uzemnenia a \u010fal\u0161\u00edch \u010dast\u00ed elektrickej in\u0161tal\u00e1cie. V\u00fdsledkom je zrozumite\u013en\u00e1 rev\u00edzna spr\u00e1va, ktor\u00fa m\u00f4\u017eete pou\u017ei\u0165 pri kolaud\u00e1cii, poistnej udalosti, odovzdan\u00ed priestoru, kontrole bezpe\u010dnosti alebo pri pravidelnej prev\u00e1dzkovej rev\u00edzii.<\/p>\t\t\t\t\t\t<\/div>\n\t\t\t\t<\/div>\n\t\t\t\t<div class=\"elementor-element elementor-element-619b00a elementor-widget elementor-widget-text-editor\" data-id=\"619b00a\" data-element_type=\"widget\" data-widget_type=\"text-editor.default\">\n\t\t\t\t<div class=\"elementor-widget-container\">\n\t\t\t\t\t\t\t<p>Slu\u017eby za zv\u00fdhodnen\u00fdch podmienok vykon\u00e1vame aj v \u010fal\u0161\u00edch mest\u00e1ch a regi\u00f3noch, napr\u00edklad <strong>Krupina<\/strong>, <strong>Lu\u010denec<\/strong>, <strong>Brezno<\/strong>, <strong>\u017diar nad Hronom<\/strong>, <strong>\u017darnovica<\/strong> a <strong>Nov\u00e1 Ba\u0148a<\/strong>. Ak h\u013ead\u00e1te rev\u00edziu elektroin\u0161tal\u00e1cie v okol\u00ed Zvolena, Detvy alebo Banskej Bystrice, vieme pr\u00eds\u0165 priamo na miesto, pos\u00fadi\u0165 rozsah pr\u00e1c a navrhn\u00fa\u0165 najvhodnej\u0161\u00ed postup.<\/p>\n<p>Naj\u010dastej\u0161ie rie\u0161ime pravideln\u00e9 rev\u00edzie elektroin\u0161tal\u00e1ci\u00ed, v\u00fdchodiskov\u00e9 rev\u00edzie po mont\u00e1\u017ei, rev\u00edzie po \u00faprav\u00e1ch rozvodov, kontroly pred pren\u00e1jmom alebo predajom objektu a rev\u00edzie pre firmy, ktor\u00e9 potrebuj\u00fa ma\u0165 dokument\u00e1ciu v poriadku pre BOZP, pois\u0165ov\u0148u alebo intern\u00e9 audity.<\/p>\t\t\t\t\t\t<\/div>\n\t\t\t\t<\/div>\n\t\t\t\t<div class=\"elementor-element elementor-element-bb362fb elementor-widget elementor-widget-spacer\" data-id=\"bb362fb\" data-element_type=\"widget\" data-widget_type=\"spacer.default\">\n\t\t\t\t<div class=\"elementor-widget-container\">\n\t\t\t\t\t<div class=\"elementor-spacer\">\n\t\t\t<div class=\"elementor-spacer-inner\"><\/div>\n\t\t<\/div>\n\t\t\t\t<\/div>\n\t\t\t\t<\/div>\n\t\t\t\t<div class=\"elementor-element elementor-element-4745534 elementor-widget elementor-widget-text-editor\" data-id=\"4745534\" data-element_type=\"widget\" data-widget_type=\"text-editor.default\">\n\t\t\t\t<div class=\"elementor-widget-container\">\n\t\t\t\t\t\t\t<p><strong>\u010co zah\u0155\u0148a rev\u00edzia elektroin\u0161tal\u00e1cie?<\/strong> Pri kontrole sa zameriavame na technick\u00fd stav elektrick\u00fdch rozvodov, bezpe\u010dnos\u0165 pou\u017e\u00edvania, spr\u00e1vne istenie, ochranu pred \u00farazom elektrick\u00fdm pr\u00fadom a s\u00falad s po\u017eiadavkami platn\u00fdch noriem. Cie\u013eom je odhali\u0165 skryt\u00e9 poruchy, prehrievanie, nevyhovuj\u00face zapojenie alebo ch\u00fdbaj\u00face ochrann\u00e9 prvky sk\u00f4r, ako sp\u00f4sobia v\u00fdpadok, \u0161kodu alebo nebezpe\u010dn\u00fa situ\u00e1ciu.<\/p>\n<p>Vykon\u00e1vame rev\u00edzie elektrick\u00fdch zariaden\u00ed v t\u00fdchto oblastiach:<\/p>\t\t\t\t\t\t<\/div>\n\t\t\t\t<\/div>\n\t\t\t\t<div class=\"elementor-element elementor-element-7903c79 elementor-widget elementor-widget-vt-windfall_list\" data-id=\"7903c79\" data-element_type=\"widget\" data-widget_type=\"vt-windfall_list.default\">\n\t\t\t\t<div class=\"elementor-widget-container\">\n\t\t\t<ul class=\"bullet-list\"><li>Revision der Verkabelung<\/li><li>\u00dcberarbeitung des Blitzableiters<\/li><li>Revision von Elektroger\u00e4ten<\/li><li>Revision von Arbeitsmaschinen<\/li><li>Rev\u00edzia elektrick\u00e9ho n\u00e1radia<\/li><li>\u00dcberarbeitung des Umspannwerks<\/li><li>Rev\u00edzia zariaden\u00ed v prostred\u00ed s nebezpe\u010denstvom v\u00fdbuchu<\/li><li>Ostatn\u00e9 rev\u00edzie elektro zariaden\u00ed a elektroin\u0161tal\u00e1ci\u00ed<\/li><\/ul>\t\t<\/div>\n\t\t\t\t<\/div>\n\t\t\t\t<div class=\"elementor-element elementor-element-54eb569 elementor-widget elementor-widget-spacer\" data-id=\"54eb569\" data-element_type=\"widget\" data-widget_type=\"spacer.default\">\n\t\t\t\t<div class=\"elementor-widget-container\">\n\t\t\t\t\t<div class=\"elementor-spacer\">\n\t\t\t<div class=\"elementor-spacer-inner\"><\/div>\n\t\t<\/div>\n\t\t\t\t<\/div>\n\t\t\t\t<\/div>\n\t\t\t\t<div class=\"elementor-element elementor-element-f878917 elementor-widget elementor-widget-text-editor\" data-id=\"f878917\" data-element_type=\"widget\" data-widget_type=\"text-editor.default\">\n\t\t\t\t<div class=\"elementor-widget-container\">\n\t\t\t\t\t\t\t<p>Zabezpe\u010dujeme aj <strong>projektovanie elektrick\u00fdch zariaden\u00ed a elektroin\u0161tal\u00e1ci\u00ed<\/strong>. Disponujeme vlastn\u00fdm projektantom, v\u010faka \u010domu vieme rie\u0161i\u0165 rev\u00edzie, n\u00e1vrhy a dokument\u00e1ciu v jednom procese. Toto je v\u00fdhodn\u00e9 najm\u00e4 pri rekon\u0161trukci\u00e1ch, nov\u00fdch pr\u00edpojk\u00e1ch, \u00faprav\u00e1ch rozv\u00e1dza\u010dov, roz\u0161\u00edren\u00ed v\u00fdrobn\u00fdch priestorov alebo pri pr\u00edprave podkladov pre kolaud\u00e1ciu.<\/p>\n<p>Ak rev\u00edzia odhal\u00ed nedostatky, vieme ich pomenova\u0165 prakticky a zrozumite\u013ene. Z\u00e1kazn\u00edk tak dostane nielen rev\u00edznu spr\u00e1vu, ale aj jasn\u00fa inform\u00e1ciu, ktor\u00e9 \u00fapravy s\u00fa d\u00f4le\u017eit\u00e9 z poh\u013eadu bezpe\u010dnosti a \u010fal\u0161ej prev\u00e1dzky elektroin\u0161tal\u00e1cie.<\/p>\t\t\t\t\t\t<\/div>\n\t\t\t\t<\/div>\n\t\t\t\t<div class=\"elementor-element elementor-element-38927d9 elementor-widget elementor-widget-text-editor\" data-id=\"38927d9\" data-element_type=\"widget\" data-widget_type=\"text-editor.default\">\n\t\t\t\t<div class=\"elementor-widget-container\">\n\t\t\t\t\t\t\t<p>Projektant elektrickej in\u0161tal\u00e1cie je odborn\u00edk zodpovedn\u00fd za n\u00e1vrh a pl\u00e1novanie elektroin\u0161tal\u00e1cie pre budovy, prev\u00e1dzky a in\u00e9 stavby. Medzi jeho \u010dinnosti patria najm\u00e4:<\/p>\n<ol>\n<li><p><strong>Konzult\u00e1cia s klientom:<\/strong> Projektant preberie po\u017eiadavky, ciele a potreby z\u00e1kazn\u00edka vo vz\u0165ahu k elektrickej in\u0161tal\u00e1cii.<\/p><\/li>\n<li><p><strong>N\u00e1vrh elektroin\u0161tal\u00e1cie:<\/strong> Navrhne rie\u0161enie rozvodov, veden\u00ed, z\u00e1suviek, osvetlenia a \u010fal\u0161\u00edch komponentov pod\u013ea po\u017eiadaviek z\u00e1kazn\u00edka, miestnych podmienok a platn\u00fdch noriem.<\/p><\/li>\n<li><p><strong>V\u00fdpo\u010dty:<\/strong> Vykon\u00e1 potrebn\u00e9 v\u00fdpo\u010dty, napr\u00edklad ur\u010denie v\u00fdkonu, za\u0165a\u017eenia, impedancie, spotreby energie a \u010fal\u0161\u00edch technick\u00fdch parametrov.<\/p><\/li>\n<li><p><strong>V\u00fdber vybavenia:<\/strong> Navrhne vhodn\u00e9 komponenty a zariadenia s oh\u013eadom na kvalitu, \u00fa\u010dinnos\u0165, bezpe\u010dnos\u0165 a cenu rie\u0161enia.<\/p><\/li>\n<li><p><strong>V\u00fdkresy a sch\u00e9my:<\/strong> Priprav\u00ed pl\u00e1ny, sch\u00e9my a k\u00e1blov\u00e9 trasy, ktor\u00e9 popisuj\u00fa cel\u00fa elektrick\u00fa in\u0161tal\u00e1ciu.<\/p><\/li>\n<li><p><strong>Technick\u00e1 dokument\u00e1cia:<\/strong> Spracuje dokument\u00e1ciu k n\u00e1vrhu, v\u00fdpo\u010dtom, pou\u017eit\u00fdm zariadeniam a sp\u00f4sobu realiz\u00e1cie.<\/p><\/li>\n<li><p><strong>Koordin\u00e1cia s ostatn\u00fdmi profesiami:<\/strong> Spolupracuje so stavebn\u00fdmi in\u017einiermi, architektmi a \u010fal\u0161\u00edmi odborn\u00edkmi, aby bola elektroin\u0161tal\u00e1cia spr\u00e1vne za\u010dlenen\u00e1 do celkov\u00e9ho rie\u0161enia stavby.<\/p><\/li>\n<li><p><strong>Kontrola a podpora pri realiz\u00e1cii:<\/strong> Pom\u00e1ha pri overovan\u00ed spr\u00e1vnosti rie\u0161enia, zapracovan\u00ed zmien a pr\u00edprave podkladov potrebn\u00fdch pre n\u00e1sledn\u00fa rev\u00edziu.<\/p><\/li>\n<\/ol>\n<h2>Naj\u010dastej\u0161ie ot\u00e1zky k rev\u00edzii elektroin\u0161tal\u00e1cie<\/h2>\n<p><strong>Kedy je potrebn\u00e1 rev\u00edzia elektroin\u0161tal\u00e1cie?<\/strong><br>Rev\u00edzia je potrebn\u00e1 pri novej elektroin\u0161tal\u00e1cii, po rekon\u0161trukcii, pri zmene vyu\u017eitia objektu, po z\u00e1sahu do rozvodov a pravidelne po\u010das prev\u00e1dzky. \u010casto ju vy\u017eaduje aj pois\u0165ov\u0148a, spr\u00e1vca objektu, zamestn\u00e1vate\u013e alebo kontroln\u00fd org\u00e1n.<\/p>\n<p><strong>Ako dlho trv\u00e1 rev\u00edzia?<\/strong><br>D\u013a\u017eka kontroly z\u00e1vis\u00ed od ve\u013ekosti a stavu objektu. Men\u0161\u00ed byt, dom alebo prev\u00e1dzka sa d\u00e1 skontrolova\u0165 r\u00fdchlej\u0161ie, v\u00e4\u010d\u0161ie firemn\u00e9 priestory, v\u00fdrobn\u00e9 haly alebo objekty s viacer\u00fdmi rozv\u00e1dza\u010dmi si vy\u017eaduj\u00fa podrobnej\u0161ie merania a kontrolu dokument\u00e1cie.<\/p>\n<p><strong>\u010co obsahuje rev\u00edzna spr\u00e1va?<\/strong><br>Rev\u00edzna spr\u00e1va obsahuje identifik\u00e1ciu objektu, rozsah kontroly, pou\u017eit\u00e9 merania, zisten\u00e9 nedostatky, vyhodnotenie bezpe\u010dnosti a odpor\u00fa\u010dania pre odstr\u00e1nenie z\u00e1vad. Je to d\u00f4le\u017eit\u00fd doklad o stave elektroin\u0161tal\u00e1cie.<\/p>\n<p><strong>Vykon\u00e1vate rev\u00edzie vo Zvolene, Detve a Banskej Bystrici bez cestovn\u00fdch n\u00e1kladov?<\/strong><br>\u00c1no. Pre lokality Zvolen, Detva a Bansk\u00e1 Bystrica poskytujeme rev\u00edzie elektroin\u0161tal\u00e1ci\u00ed a s\u00favisiace elektro slu\u017eby bez \u00fa\u010dtovania cestovn\u00fdch n\u00e1kladov.<\/p>\n<p><strong>Rob\u00edte aj rev\u00edzie bleskozvodov, spotrebi\u010dov a pracovn\u00fdch strojov?<\/strong><br>\u00c1no. Okrem elektroin\u0161tal\u00e1ci\u00ed vykon\u00e1vame aj rev\u00edzie bleskozvodov, elektrick\u00fdch spotrebi\u010dov, elektrick\u00e9ho n\u00e1radia, pracovn\u00fdch strojov, trafostan\u00edc a \u010fal\u0161\u00edch elektrick\u00fdch zariaden\u00ed pod\u013ea potrieb z\u00e1kazn\u00edka.<\/p>\t\t\t\t\t\t<\/div>\n\t\t\t\t<\/div>\n\t\t\t\t\t<\/div>\n\t\t<\/div>\n\t\t\t\t\t<\/div>\n\t\t<\/section>\n\t\t\t\t<section class=\"elementor-section elementor-top-section elementor-element elementor-element-0f960b9 elementor-section-boxed elementor-section-height-default elementor-section-height-default\" data-id=\"0f960b9\" data-element_type=\"section\">\n\t\t\t\t\t\t<div class=\"elementor-container elementor-column-gap-default\">\n\t\t\t\t\t<div class=\"elementor-column elementor-col-100 elementor-top-column elementor-element elementor-element-\" data-id=\"\" data-element_type=\"column\">\n\t\t\t<div class=\"elementor-widget-wrap elementor-element-populated\">\n\t\t\t\t\t\t<div class=\"elementor-element elementor-element- elementor-widget elementor-widget-text-editor\" data-id=\"\" data-element_type=\"widget\" data-widget_type=\"text-editor.default\">\n\t\t\t\t<div class=\"elementor-widget-container\">\n\t\t\t\t\t\t\t<h2>S\u00favisiace slu\u017eby<\/h2><p>Pre lep\u0161ie nadviazanie slu\u017eieb si m\u00f4\u017eete pozrie\u0165 aj tieto s\u00favisiace oblasti:<\/p><ul><li><a href=\"\/de\/uberarbeitung-der-elektroinstallation-2\/\">Revision der Elektroinstallation<\/a><\/li><li><a href=\"\/de\/blitzableiterrevision-2\/\">\u00dcberarbeitung des Blitzableiters<\/a><\/li><li><a href=\"\/de\/revision-von-elektrischen-geraten-und-werkzeugen\/\">Revision von Ger\u00e4ten und Werkzeugen<\/a><\/li><\/ul>\t\t\t\t\t\t<\/div>\n\t\t\t\t<\/div>\n\t\t\t\t\t<\/div>\n\t\t<\/div>\n\t\t\t\t\t<\/div>\n\t\t<\/section>\n\t\t\t\t<\/div>","protected":false},"excerpt":{"rendered":"V mest\u00e1ch Zvolen, Detva a Bansk\u00e1 Bystrica poskytujeme odborn\u00e9 rev\u00edzie elektroin\u0161tal\u00e1ci\u00ed, rev\u00edzie elektrick\u00fdch zariaden\u00ed a s\u00favisiace elektro slu\u017eby bez \u00fa\u010dtovania cestovn\u00fdch n\u00e1kladov. Pom\u00e1hame majite\u013eom rodinn\u00fdch domov, bytov\u00fdch domov, firiem, prev\u00e1dzok aj v\u00fdrobn\u00fdch objektov overi\u0165, \u010di je elektroin\u0161tal\u00e1cia bezpe\u010dn\u00e1, funk\u010dn\u00e1 a pripraven\u00e1 na be\u017en\u00fa prev\u00e1dzku. Rev\u00edzny technik skontroluje stav rozv\u00e1dza\u010dov, istenia, z\u00e1suvkov\u00fdch a sveteln\u00fdch okruhov, ochrann\u00fdch&#8230;","protected":false},"author":9,"featured_media":0,"parent":0,"menu_order":33,"comment_status":"closed","ping_status":"closed","template":"","meta":{"footnotes":""},"class_list":["post-1633","page","type-page","status-publish","hentry"],"_links":{"self":[{"href":"https:\/\/reeltech.sk\/de\/wp-json\/wp\/v2\/pages\/1633","targetHints":{"allow":["GET"]}}],"collection":[{"href":"https:\/\/reeltech.sk\/de\/wp-json\/wp\/v2\/pages"}],"about":[{"href":"https:\/\/reeltech.sk\/de\/wp-json\/wp\/v2\/types\/page"}],"author":[{"embeddable":true,"href":"https:\/\/reeltech.sk\/de\/wp-json\/wp\/v2\/users\/9"}],"replies":[{"embeddable":true,"href":"https:\/\/reeltech.sk\/de\/wp-json\/wp\/v2\/comments?post=1633"}],"version-history":[{"count":19,"href":"https:\/\/reeltech.sk\/de\/wp-json\/wp\/v2\/pages\/1633\/revisions"}],"predecessor-version":[{"id":3419,"href":"https:\/\/reeltech.sk\/de\/wp-json\/wp\/v2\/pages\/1633\/revisions\/3419"}],"wp:attachment":[{"href":"https:\/\/reeltech.sk\/de\/wp-json\/wp\/v2\/media?parent=1633"}],"curies":[{"name":"wp","href":"https:\/\/api.w.org\/{rel}","templated":true}]}}